{"id":5942,"date":"2023-11-01T21:35:33","date_gmt":"2023-11-01T21:35:33","guid":{"rendered":"https:\/\/amicamiashop.com\/?post_type=product&#038;p=5942"},"modified":"2026-04-16T10:43:50","modified_gmt":"2026-04-16T10:43:50","slug":"elasztikus-brazil-gyanta-canapa","status":"publish","type":"product","link":"https:\/\/amicamiashop.com\/hu\/termek\/elasztikus-brazil-gyanta-canapa\/","title":{"rendered":"Elasztikus Brazil gyanta Canapa"},"content":{"rendered":"<h3><strong>Elasztikus gyantagy\u00f6ngy Canapa 800 gr<\/strong><\/h3>\n<p>Elasztikus Brazil gyanta Canapa<\/p>\n<p>Spatul\u00e1s intim gyanta, gyantapap\u00edr haszn\u00e1lat n\u00e9lk\u00fcl.<\/p>\n<p>Alacsony h\u0151fokon olvad\u00f3\u00a0 Brazil tipus\u00fa elasztikus gyanta gy\u00f6ngy, term\u00e9szetes Canapa n\u00f6v\u00e9nyi kivonattal spatul\u00e1s gyant\u00e1z\u00e1shoz. Leh\u00faz\u00f3cs\u00edk n\u00e9lk\u00fcli haszn\u00e1lat.<\/p>\n<p><em>Aj\u00e1nlott gyantameleg\u00edt\u0151 g\u00e9pben felmeleg\u00edteni a gy\u00f6ngy\u00f6ket.<\/em><\/p>\n<p>Kimondottan \u00e9rz\u00e9keny vagy probl\u00e9m\u00e1s b\u0151rre \u00e9s intim ter\u00fcletek gyant\u00e1z\u00e1s\u00e1ra. Kr\u00e9mes \u00e1llag\u00fa tejes k\u00e1v\u00e9 sz\u00edn\u0171 gyanta kellemes egzotikus illattal, amellyel egyszer\u0171 tiszta \u00e9s gyors gyant\u00e1z\u00e1st tesz lehet\u0151v\u00e9. A Brazil tipus\u00fa gyant\u00e1k alacsony olvad\u00e1spont\u00faak \u00e9s b\u0151rre kenve kellemes meleg \u00e9rzet\u00fc \u00e9s soha sem k\u00e1ros\u00edtja a fels\u0151 h\u00e1mr\u00e9teget, mert csak a sz\u0151rh\u00f6z tapad a b\u0151rh\u00f6z kim\u00e9letes. Gyors \u00e9s tiszta gyant\u00e1z\u00e1st tesz lehet\u0151v\u00e9\u00a0 szakmai haszn\u00e1latra kiv\u00e1l\u00f3 gyorsan dermed\u0151 gyanta t\u00edpus.<\/p>\n<p><em><strong>A vend\u00e9gek \u00e9s a kozmetikusok szeretni fogj\u00e1k mert:<\/strong><\/em><\/p>\n<ul>\n<li>K\u00edm\u00e9letes \u00e9s szinte f\u00e1jdalommentes a sz\u0151rtelen\u00edt\u00e9s m\u00e9g a leg\u00e9rz\u00e9kenyebb ter\u00fcleteken is.<\/li>\n<li>Sohasem t\u00f6rik, b\u00e1rmeddig marad a b\u0151rfel\u00fcleten minden leh\u00faz\u00e1sn\u00e1l elasztikus marad a felkent gyanta<\/li>\n<li>Nem a b\u0151rh\u00f6z tapad hanem csakis a sz\u0151rsz\u00e1lakhoz ez\u00e1ltal sincs b\u0151rs\u00e9r\u00fcl\u00e9s \u00e9s kev\u00e9s a gyantamaradv\u00e1ny a b\u0151r\u00f6n.<\/li>\n<li>Alacsony h\u0151fokon olvad\u00f3 \u00e9s alacsony h\u0151fokon haszn\u00e1lhat\u00f3 gyanta ami sosem \u00e9geti a b\u0151rt ink\u00e1bb egy kellemes meleg \u00e9rz\u00e9s amikor felkenj\u00fck a gyant\u00e1zand\u00f3 ter\u00fcletre.<\/li>\n<li>Er\u0151s sz\u0151rsz\u00e1lakat marad\u00e9ktalanul elt\u00e1vol\u00edtja nem t\u00f6ri el a sz\u0151rsz\u00e1lat hanem kih\u00fazza puha tompa szak\u00edt\u00e1ssal ez\u00e9rt sokkal f\u00e1jdalom mentesebb mint a hagyom\u00e1nyos\u00a0<strong>gyant\u00e1k<\/strong>.<\/li>\n<li>A fels\u0151 h\u00e1mr\u00e9teget nem s\u00e9rti fel de a sz\u0151rsz\u00e1lakat \u00e9s pih\u00e9ket is elt\u00e1vol\u00edtja mert a gyanta csak a sz\u0151rh\u00f6z tapad nem a b\u0151rre.<\/li>\n<li>Gyors \u00e9s tiszta \u00e9s kisz\u00e1m\u00edthat\u00f3 gyant\u00e1z\u00e1st tesz lehet\u0151v\u00e9 mert gyorsan dermed \u00e9s szinte nem maradnak gyantamaradv\u00e1nyok a b\u0151r\u00f6n ez\u00e1ltal az ut\u00f3\u00e1pol\u00e1s sem hosszadalmas proced\u00fara.<\/li>\n<li>K\u00f6nny\u0171 kezelhet\u0151s\u00e9g \u00e9s a kozmetikai ter\u00fclet tiszt\u00e1n tart\u00e1sa is egyszer\u0171bb, mert nincs lecs\u00f6p\u00f6g\u00e9s .<\/li>\n<li>Gyant\u00e1z\u00e1s ut\u00e1n b\u0151r\u00f6n alig maradnak gyantamaradv\u00e1nyok \u00edgy nem kell sokat tiszt\u00edtani a b\u0151rt gyant\u00e1z\u00e1s ut\u00e1n.<\/li>\n<li>Gyant\u00e1z\u00e1s ut\u00e1n nem megviselt kipirosodott vagy kipattogzott a b\u0151r mert a Brazil gyanta canapa n\u00f6v\u00e9nyi tartalma b\u0151r\u00e1pol\u00f3 hat\u00e1s\u00fa,valamint elasztikuss\u00e1ga miatt kev\u00e9sb\u00e9 viseli meg a b\u0151rt a gyant\u00e1z\u00e1s.<\/li>\n<\/ul>\n<p><strong><u>Haszn\u00e1lata:<\/u><\/strong><\/p>\n<ul>\n<li>A k\u00edv\u00e1nt mennyis\u00e9get helyezz\u00fck a gyantameleg\u00edt\u0151 g\u00e9p ed\u00e9nybe.<\/li>\n<li>\u00c1ll\u00edtsuk a gyantameleg\u00edt\u0151 g\u00e9pet max. meleg\u00edt\u00e9sre kb. 20 perc majd ha felolvadt a gy\u00f6ngy \u00e1ll\u00edtsuk k\u00f6zepes meleg\u00edt\u00e9sre.<\/li>\n<li>Amikor kr\u00e9mes \u00a0\u00e1llag\u00fa a gyanta akkor kezdj\u00fck el a gyant\u00e1z\u00e1st.<\/li>\n<li>Spatul\u00e1val \/ f\u00e9m vagy fa \/ vigy\u00fck fel a gyant\u00e1zand\u00f3 ter\u00fcletre sz\u0151rn\u00f6veked\u00e9s ir\u00e1ny\u00e1nak megfelel\u0151en majd ellent\u00e9tes ir\u00e1nyba t\u00e9pj\u00fck le.<\/li>\n<li>Nem kell t\u00fal vastagon felkenni de ne is t\u00fal v\u00e9konyan mert hamar dermed\u00a0 ez\u00e9rt gyors gyant\u00e1z\u00e1st tesz lehet\u0151v\u00e9.<\/li>\n<\/ul>\n<p>Ingredients: Gliceril Rosinat, Triethylen Glykol Rosinat, Hidrogrenated Microcristallina Wax, Ethylene\/VA Copolimer, Paraffin, Titanium Dioxide, Cannabis Sativa Seedoil, Parfum,\u00a0 Argania Spinosa Kernel Oil, Paraffinum\u00a0 Liquidium, CI 47000 CI 77491,<\/p>\n<p>Pr\u00f3b\u00e1lja ki \u00e9s\u00a0 vend\u00e9gei\u00a0 h\u00e1l\u00e1sak lesznek\u00a0 mert a kor\u00e1bban kellemetlen \u00e9s f\u00e1jdalmas gyant\u00e1z\u00e1s mostant\u00f3l egy \u00faj kellemes gyant\u00e1z\u00e1si \u00e9lm\u00e9nny\u00e9 v\u00e1ltozik.<\/p>\n<p>SHOP INFORM\u00c1CI\u00d3:\u00a0 Intim gyant\u00e1k nagy v\u00e1laszt\u00e9kban professzion\u00e1lis haszn\u00e1latra kozmetikus v\u00e1s\u00e1rl\u00f3knak szakmai kedvezm\u00e9nnyel regisztr\u00e1ci\u00f3 eset\u00e9n.<\/p>\n<p><iframe title=\"Brazil Canapa \u00e9s brazil fekete gy\u00f6ngy haszn\u00e1lata\" width=\"1140\" height=\"641\" src=\"https:\/\/www.youtube.com\/embed\/-G26KAVjZEw?feature=oembed\" frameborder=\"0\" allow=\"accelerometer; autoplay; clipboard-write; encrypted-media; gyroscope; picture-in-picture; web-share\" referrerpolicy=\"strict-origin-when-cross-origin\" allowfullscreen><\/iframe><\/p>\n<p><img decoding=\"async\" style=\"display: none;\" src=\"http:\/\/www.journeyom.life\/wp-content\/uploads\/2024\/05\/JOM-LOGO-VERT-WB.jpg\" alt=\"Wax heater machine Lcd screen Black\" \/><img decoding=\"async\" style=\"display: none;\" src=\"http:\/\/www.journeyom.life\/wp-content\/uploads\/2024\/05\/JOM-LOGO-VERT-WB.jpg\" alt=\"Wax heater machine Lcd screen Black\" \/><img decoding=\"async\" style=\"display: none;\" src=\"http:\/\/www.journeyom.life\/wp-content\/uploads\/2024\/05\/JOM-LOGO-VERT-WB.jpg\" alt=\"Wax heater machine Lcd screen Black\" \/><img decoding=\"async\" style=\"display: none;\" src=\"http:\/\/www.journeyom.life\/wp-content\/uploads\/2024\/05\/JOM-LOGO-VERT-WB.jpg\" alt=\"Wax heater machine Lcd screen Black\" \/><\/p>\n<p>&nbsp;<\/p>\n","protected":false},"excerpt":{"rendered":"<p><strong>Elasztikus alacsony olvad\u00e1spont\u00fa gyantagy\u00f6ngy Canapa 800 gr<\/strong><\/p>\n","protected":false},"featured_media":13923,"comment_status":"open","ping_status":"closed","template":"","meta":[],"product_brand":[],"product_cat":[326,341],"product_tag":[429,401,593,428],"class_list":{"0":"post-5942","1":"product","2":"type-product","3":"status-publish","4":"has-post-thumbnail","6":"product_cat-gyanta","7":"product_cat-intim-gyantak","8":"product_tag-brazil-gyanta","9":"product_tag-brazil-wax-hu","10":"product_tag-gyantagyongy","11":"product_tag-intim-gyanta","13":"first","14":"instock","15":"purchasable","16":"product-type-simple"},"_links":{"self":[{"href":"https:\/\/amicamiashop.com\/hu\/wp-json\/wp\/v2\/product\/5942","targetHints":{"allow":["GET"]}}],"collection":[{"href":"https:\/\/amicamiashop.com\/hu\/wp-json\/wp\/v2\/product"}],"about":[{"href":"https:\/\/amicamiashop.com\/hu\/wp-json\/wp\/v2\/types\/product"}],"replies":[{"embeddable":true,"href":"https:\/\/amicamiashop.com\/hu\/wp-json\/wp\/v2\/comments?post=5942"}],"version-history":[{"count":0,"href":"https:\/\/amicamiashop.com\/hu\/wp-json\/wp\/v2\/product\/5942\/revisions"}],"wp:featuredmedia":[{"embeddable":true,"href":"https:\/\/amicamiashop.com\/hu\/wp-json\/wp\/v2\/media\/13923"}],"wp:attachment":[{"href":"https:\/\/amicamiashop.com\/hu\/wp-json\/wp\/v2\/media?parent=5942"}],"wp:term":[{"taxonomy":"product_brand","embeddable":true,"href":"https:\/\/amicamiashop.com\/hu\/wp-json\/wp\/v2\/product_brand?post=5942"},{"taxonomy":"product_cat","embeddable":true,"href":"https:\/\/amicamiashop.com\/hu\/wp-json\/wp\/v2\/product_cat?post=5942"},{"taxonomy":"product_tag","embeddable":true,"href":"https:\/\/amicamiashop.com\/hu\/wp-json\/wp\/v2\/product_tag?post=5942"}],"curies":[{"name":"wp","href":"https:\/\/api.w.org\/{rel}","templated":true}]}}