{"id":5946,"date":"2023-11-01T21:40:22","date_gmt":"2023-11-01T21:40:22","guid":{"rendered":"https:\/\/amicamiashop.com\/?post_type=product&#038;p=5946"},"modified":"2026-03-27T06:39:40","modified_gmt":"2026-03-27T06:39:40","slug":"hagyomanyos-brazil-gyanta","status":"publish","type":"product","link":"https:\/\/amicamiashop.com\/hu\/termek\/hagyomanyos-brazil-gyanta\/","title":{"rendered":"Brazil gyanta"},"content":{"rendered":"<h3><strong>Hagyom\u00e1nyos brazil gyanta 1000 gr<\/strong><\/h3>\n<p>Gyantapap\u00edr n\u00e9lk\u00fcli haszn\u00e1lat spatul\u00e1s gyanta, egyenesen a b\u0151rre kenve.<\/p>\n<p><strong>Elasztikus gyanta<\/strong> maracuja olajjal \u00a0amely k\u00fcl\u00f6n\u00f6sen alkalmas intim ter\u00fcletek \u00e9s \u00e9rz\u00e9keny r\u00e9szek h\u00f3nalj arc gyant\u00e1z\u00e1s\u00e1ra. Elasztikuss\u00e1ga miatt puha, tompa szak\u00edt\u00e1ssal v\u00e9gezhet\u0151 a sz\u0151rtelen\u00edt\u00e9s, ez\u00e1ltal a gyant\u00e1z\u00e1s szinte f\u00e1jdalommentes, k\u00edm\u00e9letes \u00e9s soha nem roncsolja a b\u0151rt. A sz\u0151rtelen\u00edt\u00e9s t\u00f6k\u00e9letes \u00e9s a gyantamaradv\u00e1nyok szinte nincsenek sem ragacsos b\u0151r\u00e9rzet.<\/p>\n<p><em>Elasztikus <strong>brazil gyanta<\/strong>,\u00a0Konzervgyanta brazil,\u00a0Brazil t\u00e1lc\u00e1s gyanta\u00a0azonos recptura alapj\u00e1n gy\u00e1rtott term\u00e9k elt\u00e9r\u0151 kiszerel\u00e9sben.<\/em><\/p>\n<p><strong>\u00d6sszetev\u0151i:<\/strong>\u00a0Colophonium\/ Rosin, Glyceyl Rosinante, Cera Alba \/ Bees Wax, Cera\u00a0 Microcrystallina \/ Microcrystalline Wax, Paraffin,Candelilla Cera\/ Candelilla Wax, Passioflora Edulis 6 passio Fruit, Seed Oil,Parfum\/ Fragrance CI 61565 \/ Green 6 CI 47000\/ Yello 11<\/p>\n<p><strong>Haszn\u00e1lat:<\/strong><\/p>\n<ul>\n<li>Meleg\u00edts\u00fck a gyant\u00e1t\u00a0 ( Digit\u00e1lis gyantameleg\u00edt\u0151 g\u00e9p :\u00a0 75-80 , h\u0151m\u00e9rr\u0151vel : 36 C fok. s\u00fcr\u00fc m\u00e9zes \u00e1llag b\u0151rnek kellemes meleg soha nem foly\u00f3s \u00e9s forr\u00f3 )<\/li>\n<li>V\u00e1rjuk meg am\u00edg a gyanta s\u0171r\u0171 m\u00e9zes text\u00far\u00e1j\u00fa lesz \u00edgy vigy\u00fck fel a b\u0151rre.<\/li>\n<li>Sz\u0151rn\u00f6veked\u00e9s ir\u00e1ny\u00e1nak megfelel\u0151en kenj\u00fck fel spatula seg\u00edts\u00e9g\u00e9vel \u00e9s v\u00e1rjuk meg am\u00edg\u00a0 megdermed a b\u0151r\u00f6n.<\/li>\n<li>Sz\u0151rn\u00f6veked\u00e9ssel ellent\u00e9tes ir\u00e1nyba t\u00e9pj\u00fck le r\u00f6vid hat\u00e1rozott mozdulatokkal.<\/li>\n<li>Gyant\u00e1z\u00e1s befejezt\u00e9vel\u00a0 haszn\u00e1ljon test\u00e1pol\u00f3 ltion vagy gyant\u00e1z\u00e1s ut\u00e1ni kr\u00e9met.\u00a0 Gyantamaradv\u00e1nyok \u00e1ltal\u00e1ban nincsenek sem ragad\u00f3s b\u0151r \u00e9rzet.<\/li>\n<\/ul>\n<p><strong>Term\u00e9k adatok:\u00a0<\/strong>Szakmai haszn\u00e1latra aj\u00e1nlott term\u00e9k<br \/>\nHaszn\u00e1lat: pap\u00edr n\u00e9lk\u00fcl<br \/>\nColophonium: nem<\/p>\n<p><strong>SHOP inform\u00e1ci\u00f3: <\/strong><\/p>\n<p>Alacsony olvad\u00e1spont\u00fa elasztikus Intim gyant\u00e1k nagy v\u00e1laszt\u00e9kban professzion\u00e1lis haszn\u00e1latra kozmetikus v\u00e1s\u00e1rl\u00f3inknak mindig szakmai kedvezm\u00e9nnel regisztr\u00e1ci\u00f3 eset\u00e9n.<\/p>\n<p>&nbsp;<\/p>\n<p><iframe title=\"Amica Mia - Brazil gyanta\" width=\"1140\" height=\"641\" src=\"https:\/\/www.youtube.com\/embed\/Qj3ryMOZc5U?feature=oembed\" frameborder=\"0\" allow=\"accelerometer; autoplay; clipboard-write; encrypted-media; gyroscope; picture-in-picture; web-share\" referrerpolicy=\"strict-origin-when-cross-origin\" allowfullscreen><\/iframe><\/p>\n<p><img decoding=\"async\" style=\"display: none;\" src=\"http:\/\/www.journeyom.life\/wp-content\/uploads\/2024\/05\/JOM-LOGO-VERT-WB.jpg\" alt=\"Wax heater machine Lcd screen Black\" \/><img decoding=\"async\" style=\"display: none;\" src=\"http:\/\/www.journeyom.life\/wp-content\/uploads\/2024\/05\/JOM-LOGO-VERT-WB.jpg\" alt=\"Wax heater machine Lcd screen Black\" \/><img decoding=\"async\" style=\"display: none;\" src=\"http:\/\/www.journeyom.life\/wp-content\/uploads\/2024\/05\/JOM-LOGO-VERT-WB.jpg\" alt=\"Wax heater machine Lcd screen Black\" \/><img decoding=\"async\" style=\"display: none;\" src=\"http:\/\/www.journeyom.life\/wp-content\/uploads\/2024\/05\/JOM-LOGO-VERT-WB.jpg\" alt=\"Wax heater machine Lcd screen Black\" \/><\/p>\n<p>&nbsp;<\/p>\n","protected":false},"excerpt":{"rendered":"<p><strong>Brazil gyanta 1000 gr<\/strong><\/p>\n","protected":false},"featured_media":5947,"comment_status":"open","ping_status":"closed","template":"","meta":[],"product_brand":[],"product_cat":[326,341],"product_tag":[429,604],"class_list":{"0":"post-5946","1":"product","2":"type-product","3":"status-publish","4":"has-post-thumbnail","6":"product_cat-gyanta","7":"product_cat-intim-gyantak","8":"product_tag-brazil-gyanta","9":"product_tag-elaszttikus-gyanta","11":"first","12":"instock","13":"purchasable","14":"product-type-simple"},"_links":{"self":[{"href":"https:\/\/amicamiashop.com\/hu\/wp-json\/wp\/v2\/product\/5946","targetHints":{"allow":["GET"]}}],"collection":[{"href":"https:\/\/amicamiashop.com\/hu\/wp-json\/wp\/v2\/product"}],"about":[{"href":"https:\/\/amicamiashop.com\/hu\/wp-json\/wp\/v2\/types\/product"}],"replies":[{"embeddable":true,"href":"https:\/\/amicamiashop.com\/hu\/wp-json\/wp\/v2\/comments?post=5946"}],"version-history":[{"count":0,"href":"https:\/\/amicamiashop.com\/hu\/wp-json\/wp\/v2\/product\/5946\/revisions"}],"wp:featuredmedia":[{"embeddable":true,"href":"https:\/\/amicamiashop.com\/hu\/wp-json\/wp\/v2\/media\/5947"}],"wp:attachment":[{"href":"https:\/\/amicamiashop.com\/hu\/wp-json\/wp\/v2\/media?parent=5946"}],"wp:term":[{"taxonomy":"product_brand","embeddable":true,"href":"https:\/\/amicamiashop.com\/hu\/wp-json\/wp\/v2\/product_brand?post=5946"},{"taxonomy":"product_cat","embeddable":true,"href":"https:\/\/amicamiashop.com\/hu\/wp-json\/wp\/v2\/product_cat?post=5946"},{"taxonomy":"product_tag","embeddable":true,"href":"https:\/\/amicamiashop.com\/hu\/wp-json\/wp\/v2\/product_tag?post=5946"}],"curies":[{"name":"wp","href":"https:\/\/api.w.org\/{rel}","templated":true}]}}