{"id":5961,"date":"2023-11-01T21:56:47","date_gmt":"2023-11-01T21:56:47","guid":{"rendered":"https:\/\/amicamiashop.com\/?post_type=product&#038;p=5961"},"modified":"2026-03-03T11:48:37","modified_gmt":"2026-03-03T11:48:37","slug":"argan-olaj-cink-oxid-gyantakonzerv","status":"publish","type":"product","link":"https:\/\/amicamiashop.com\/hu\/termek\/argan-olaj-cink-oxid-gyantakonzerv\/","title":{"rendered":"Arg\u00e1n olaj \u2013 Cink Oxid konzerv gyanta 800 ml"},"content":{"rendered":"<p><strong>Arg\u00e1n olaj-cink oxid gyantakonzerv 800 ml<\/strong><\/p>\n<p>Pr\u00e9mium min\u0151s\u00e9g\u0171 gyantakonzerv a k\u00edm\u00e9letes sz\u0151rtelen\u00edt\u00e9shez. Gyantapap\u00edrral val\u00f3 haszn\u00e1lat.<\/p>\n<p>Arg\u00e1n olaj- cink oxid\u00a0 hagyom\u00e1nyos\u00a0<strong>konzerv gyanta<\/strong> mely gyantameleg\u00edt\u0151 g\u00e9pben meleg\u00edthet\u0151 fel. A b\u0151rre t\u00f6rt\u00e9n\u0151 felvitel\u00e9hez spatula haszn\u00e1lata sz\u00fcks\u00e9ges, alkalmas intim ter\u00fcletek k\u00edm\u00e9letes gyant\u00e1z\u00e1s\u00e1ra is. Igaz\u00e1n k\u00edm\u00e9letes gyant\u00e1z\u00e1st tesz lehet\u0151v\u00e9\u00a0 \u00e9s er\u0151sebb sz\u0151rzetre is alkalmazhat\u00f3, leh\u00faz\u00f3 cs\u00edkkal haszn\u00e1lhat\u00f3 gyanta t\u00edpus.<\/p>\n<p><strong>A konzerv gyanta haszn\u00e1lata:<\/strong><\/p>\n<ol>\n<li>Helyezze a dobozt a gyantameleg\u00edt\u0151 g\u00e9pbe \u00e9s t\u00e9pje le a z\u00e1r\u00f3f\u00f3li\u00e1t a konzerv tetej\u00e9r\u0151l.<\/li>\n<li>Olvassza fel a gyant\u00e1t \u00e1lland\u00f3 h\u0151m\u00e9rs\u00e9kleten \/ kb. 20 percig 90 C fokon\/. V\u00e1rja meg am\u00edg b\u0151rnek toler\u00e1lhat\u00f3 h\u0151m\u00e9rs\u00e9klet\u00fcv\u00e9 v\u00e1lik a gyanta ( s\u0171r\u0171 kr\u00e9mes \u00e1llag\u00fa )\u00a0 \u00edgy a b\u0151rre felkenve nem okoz s\u00e9r\u00fcl\u00e9st.<\/li>\n<li>A gyant\u00e1t spatula seg\u00edts\u00e9g\u00e9vel, a sz\u0151r n\u00f6veked\u00e9s\u00e9nek ir\u00e1ny\u00e1ban v\u00e9kony r\u00e9tegben kenje fel a sz\u0151rtelen\u00edteni k\u00edv\u00e1nt ter\u00fcletre.<\/li>\n<li>A tenyer\u00e9vel sim\u00edtsa r\u00e1 a\u00a0<strong>gyanta<\/strong>\u00a0leh\u00faz\u00f3 cs\u00edkot, m\u00edg az teljesen r\u00e1 nem tapad a b\u0151rre, majd lentr\u0151l felfele gyors hat\u00e1rozott mozdulattal h\u00fazza le a b\u0151rr\u0151l. Ugyanazt a pap\u00edr cs\u00edkot t\u00f6bbsz\u00f6r is haszn\u00e1lhatja leh\u00faz\u00e1shoz.<\/li>\n<li>Gyant\u00e1z\u00e1si ut\u00e1ni tiszt\u00edt\u00f3 olaj seg\u00edts\u00e9g\u00e9vel t\u00e1vol\u00edtsa el a b\u0151rr\u0151l a gyantamaradv\u00e1nyokat.<\/li>\n<li>Sz\u0151rtelen\u00edt\u00e9s ut\u00e1n haszn\u00e1ljon hidrat\u00e1l\u00f3 \u00e9s nyugtat\u00f3 gyant\u00e1z\u00e1s ut\u00e1ni b\u0151r\u00e1pol\u00f3 term\u00e9keket.<\/li>\n<\/ol>\n<p><strong>Figyelmeztet\u00e9s:<\/strong><\/p>\n<ul>\n<li>Tiszta s\u00e9r\u00fcl\u00e9smentes b\u0151rfel\u00fcleten haszn\u00e1lja kiz\u00e1r\u00f3lag.<\/li>\n<li>H\u0171v\u00f6s, sz\u00e1raz helyen tartand\u00f3 gyermekekt\u0151l elz\u00e1rva.<\/li>\n<\/ul>\n<p>&nbsp;<\/p>\n<p><strong>SHOP inform\u00e1ci\u00f3:<\/strong><\/p>\n<p>Kiv\u00e1l\u00f3 olasz min\u0151s\u00e9g \u00e9s kedvez\u0151 \u00e1rak. K\u00edm\u00e9letes, t\u00f6k\u00e9letes gyant\u00e1z\u00e1shoz szakmai haszn\u00e1latra aj\u00e1nlott gyanta term\u00e9kek sz\u00e9les v\u00e1laszt\u00e9ka . Az Amica Mia web\u00e1ruh\u00e1zban minden b\u0151r \u00e9s sz\u0151r t\u00edpusnak megfelel\u0151 kozmetikai gyant\u00e1t megtal\u00e1l. Rendel\u00e9s\u00e9t leadhatja a webshopban emailen vagy telefonon is.<img decoding=\"async\" style=\"display: none;\" src=\"http:\/\/www.journeyom.life\/wp-content\/uploads\/2024\/05\/JOM-LOGO-VERT-WB.jpg\" alt=\"Wax heater machine Lcd screen Black\" \/><img decoding=\"async\" style=\"display: none;\" src=\"http:\/\/www.journeyom.life\/wp-content\/uploads\/2024\/05\/JOM-LOGO-VERT-WB.jpg\" alt=\"Wax heater machine Lcd screen Black\" \/><img decoding=\"async\" style=\"display: none;\" src=\"http:\/\/www.journeyom.life\/wp-content\/uploads\/2024\/05\/JOM-LOGO-VERT-WB.jpg\" alt=\"Wax heater machine Lcd screen Black\" \/><img decoding=\"async\" style=\"display: none;\" src=\"http:\/\/www.journeyom.life\/wp-content\/uploads\/2024\/05\/JOM-LOGO-VERT-WB.jpg\" alt=\"Wax heater machine Lcd screen Black\" \/><\/p>\n","protected":false},"excerpt":{"rendered":"<p>Arg\u00e1n olaj-cink oxid gyantakonzerv 800 ml Pr\u00e9mium min\u0151s\u00e9g\u0171 gyantakonzerv a k\u00edm\u00e9letes sz\u0151rtelen\u00edt\u00e9shez. Gyantapap\u00edrral val\u00f3 haszn\u00e1lat. Arg\u00e1n olaj- cink oxid\u00a0 hagyom\u00e1nyos\u00a0konzerv gyanta mely gyantameleg\u00edt\u0151 g\u00e9pben meleg\u00edthet\u0151 fel. A b\u0151rre t\u00f6rt\u00e9n\u0151 felvitel\u00e9hez spatula haszn\u00e1lata sz\u00fcks\u00e9ges, alkalmas intim ter\u00fcletek k\u00edm\u00e9letes gyant\u00e1z\u00e1s\u00e1ra is. Igaz\u00e1n k\u00edm\u00e9letes gyant\u00e1z\u00e1st tesz lehet\u0151v\u00e9\u00a0 \u00e9s er\u0151sebb sz\u0151rzetre is alkalmazhat\u00f3, leh\u00faz\u00f3 cs\u00edkkal haszn\u00e1lhat\u00f3 gyanta t\u00edpus. A [&hellip;]<\/p>\n","protected":false},"featured_media":5955,"comment_status":"open","ping_status":"closed","template":"","meta":[],"product_brand":[],"product_cat":[326,343],"product_tag":[601,602],"class_list":{"0":"post-5961","1":"product","2":"type-product","3":"status-publish","4":"has-post-thumbnail","6":"product_cat-gyanta","7":"product_cat-hagyomanyos-gyantak","8":"product_tag-hagyomanyos-gyanta","9":"product_tag-konzerv-gyanta","11":"first","12":"instock","13":"taxable","14":"shipping-taxable","15":"purchasable","16":"product-type-simple"},"_links":{"self":[{"href":"https:\/\/amicamiashop.com\/hu\/wp-json\/wp\/v2\/product\/5961","targetHints":{"allow":["GET"]}}],"collection":[{"href":"https:\/\/amicamiashop.com\/hu\/wp-json\/wp\/v2\/product"}],"about":[{"href":"https:\/\/amicamiashop.com\/hu\/wp-json\/wp\/v2\/types\/product"}],"replies":[{"embeddable":true,"href":"https:\/\/amicamiashop.com\/hu\/wp-json\/wp\/v2\/comments?post=5961"}],"version-history":[{"count":0,"href":"https:\/\/amicamiashop.com\/hu\/wp-json\/wp\/v2\/product\/5961\/revisions"}],"wp:featuredmedia":[{"embeddable":true,"href":"https:\/\/amicamiashop.com\/hu\/wp-json\/wp\/v2\/media\/5955"}],"wp:attachment":[{"href":"https:\/\/amicamiashop.com\/hu\/wp-json\/wp\/v2\/media?parent=5961"}],"wp:term":[{"taxonomy":"product_brand","embeddable":true,"href":"https:\/\/amicamiashop.com\/hu\/wp-json\/wp\/v2\/product_brand?post=5961"},{"taxonomy":"product_cat","embeddable":true,"href":"https:\/\/amicamiashop.com\/hu\/wp-json\/wp\/v2\/product_cat?post=5961"},{"taxonomy":"product_tag","embeddable":true,"href":"https:\/\/amicamiashop.com\/hu\/wp-json\/wp\/v2\/product_tag?post=5961"}],"curies":[{"name":"wp","href":"https:\/\/api.w.org\/{rel}","templated":true}]}}