{"id":5997,"date":"2023-11-01T23:12:02","date_gmt":"2023-11-01T23:12:02","guid":{"rendered":"https:\/\/amicamiashop.com\/?post_type=product&#038;p=5997"},"modified":"2026-04-18T18:18:32","modified_gmt":"2026-04-18T18:18:32","slug":"elasztikus-gyanta-gyongyok","status":"publish","type":"product","link":"https:\/\/amicamiashop.com\/hu\/termek\/elasztikus-gyanta-gyongyok\/","title":{"rendered":"Elasztikus gyanta gy\u00f6ngy\u00f6k"},"content":{"rendered":"<h3><strong>Wax gyanta gy\u00f6ngy\u00a0 Arcra \u00e9s Testre<\/strong><\/h3>\n<p><strong>Brazil \u2013\u00a0<\/strong>\u00a0<strong>Filmwax \u2013\u00a0 Szintetikus \u2013 gyantagy\u00f6ngy\u00f6k intim,<\/strong>\u00a0<strong>arc \u00e9s \u00e9rz\u00e9keny ter\u00fcletek gyant\u00e1z\u00e1s\u00e1hoz.<\/strong>\u00a0 Alacsony h\u0151fokon olvad\u00f3 \u00e9s haszn\u00e1lhat\u00f3 gy\u00f6ngy gyant\u00e1k amelyeket els\u0151sorban szakmai haszn\u00e1latra aj\u00e1nlunk. Minden gyanta elasztikus \u00e9s k\u00edm\u00e9letes gyant\u00e1z\u00e1st tesz lehet\u0151v\u00e9. Arcra intim ter\u00fcletekre h\u00f3nalj gyant\u00e1z\u00e1shoz.<\/p>\n<p>Tartalma:<\/p>\n<ul>\n<li><em>Brazil elasztikus Canapa\u00a0400 gramm<\/em><\/li>\n<li><em>Brazil elasztikus Tit\u00e1n Rosa\u00a0400 gramm<\/em><\/li>\n<li><em>California Summer Wax by Amica\u00a0 \u00a0400 gramm<\/em><\/li>\n<li><em>Film wax kobalt\u00a0400 gramm<\/em><\/li>\n<li><em>Film wax Ametiszt\u00a0400 gramm<\/em><\/li>\n<\/ul>\n<p>Pr\u00f3b\u00e1lja ki mind 5 vari\u00e1ci\u00f3j\u00e1t Pr\u00e9mium\u00a0 min\u0151s\u00e9g\u0171 elasztikus intim gyant\u00e1inknak \u00e9s\u00a0<b>v\u00e1lassza ki kedvenceit.<\/b><img decoding=\"async\" style=\"display: none;\" src=\"http:\/\/www.journeyom.life\/wp-content\/uploads\/2024\/05\/JOM-LOGO-VERT-WB.jpg\" alt=\"Wax heater machine Lcd screen Black\" \/><img decoding=\"async\" style=\"display: none;\" src=\"http:\/\/www.journeyom.life\/wp-content\/uploads\/2024\/05\/JOM-LOGO-VERT-WB.jpg\" alt=\"Wax heater machine Lcd screen Black\" \/><img decoding=\"async\" style=\"display: none;\" src=\"http:\/\/www.journeyom.life\/wp-content\/uploads\/2024\/05\/JOM-LOGO-VERT-WB.jpg\" alt=\"Wax heater machine Lcd screen Black\" \/><img decoding=\"async\" style=\"display: none;\" src=\"http:\/\/www.journeyom.life\/wp-content\/uploads\/2024\/05\/JOM-LOGO-VERT-WB.jpg\" alt=\"Wax heater machine Lcd screen Black\" \/><\/p>\n","protected":false},"excerpt":{"rendered":"<p>Elasztikus Wax gyanta gy\u00f6ngy\u00a0 Arcra \u00e9s Testre<\/p>\n","protected":false},"featured_media":5998,"comment_status":"open","ping_status":"closed","template":"","meta":[],"product_brand":[],"product_cat":[326,341],"product_tag":[593,428],"class_list":{"0":"post-5997","1":"product","2":"type-product","3":"status-publish","4":"has-post-thumbnail","6":"product_cat-gyanta","7":"product_cat-intim-gyantak","8":"product_tag-gyantagyongy","9":"product_tag-intim-gyanta","11":"first","12":"instock","13":"purchasable","14":"product-type-simple"},"_links":{"self":[{"href":"https:\/\/amicamiashop.com\/hu\/wp-json\/wp\/v2\/product\/5997","targetHints":{"allow":["GET"]}}],"collection":[{"href":"https:\/\/amicamiashop.com\/hu\/wp-json\/wp\/v2\/product"}],"about":[{"href":"https:\/\/amicamiashop.com\/hu\/wp-json\/wp\/v2\/types\/product"}],"replies":[{"embeddable":true,"href":"https:\/\/amicamiashop.com\/hu\/wp-json\/wp\/v2\/comments?post=5997"}],"version-history":[{"count":2,"href":"https:\/\/amicamiashop.com\/hu\/wp-json\/wp\/v2\/product\/5997\/revisions"}],"predecessor-version":[{"id":15571,"href":"https:\/\/amicamiashop.com\/hu\/wp-json\/wp\/v2\/product\/5997\/revisions\/15571"}],"wp:featuredmedia":[{"embeddable":true,"href":"https:\/\/amicamiashop.com\/hu\/wp-json\/wp\/v2\/media\/5998"}],"wp:attachment":[{"href":"https:\/\/amicamiashop.com\/hu\/wp-json\/wp\/v2\/media?parent=5997"}],"wp:term":[{"taxonomy":"product_brand","embeddable":true,"href":"https:\/\/amicamiashop.com\/hu\/wp-json\/wp\/v2\/product_brand?post=5997"},{"taxonomy":"product_cat","embeddable":true,"href":"https:\/\/amicamiashop.com\/hu\/wp-json\/wp\/v2\/product_cat?post=5997"},{"taxonomy":"product_tag","embeddable":true,"href":"https:\/\/amicamiashop.com\/hu\/wp-json\/wp\/v2\/product_tag?post=5997"}],"curies":[{"name":"wp","href":"https:\/\/api.w.org\/{rel}","templated":true}]}}