{"id":6047,"date":"2023-09-29T23:55:11","date_gmt":"2023-09-29T23:55:11","guid":{"rendered":"https:\/\/amicamiashop.com\/product\/triple-roll-on-wax-heater-amicamia-white\/"},"modified":"2024-07-08T14:04:41","modified_gmt":"2024-07-08T14:04:41","slug":"base-trio-gyantapatron-melegito-feher","status":"publish","type":"product","link":"https:\/\/amicamiashop.com\/hu\/termek\/base-trio-gyantapatron-melegito-feher\/","title":{"rendered":"Base Trio gyantapatron meleg\u00edt\u0151 feh\u00e9r"},"content":{"rendered":"<p>Base Trio gyantapatron meleg\u00edt\u0151 feh\u00e9r<\/p>\n<p>Szakmai haszn\u00e1latra aj\u00e1nlott 3 egys\u00e9ges asztali gyantapatron meleg\u00edt\u0151 g\u00e9p a k\u00e9zi gyantapatron meleg\u00edt\u0151k egyidej\u0171 haszn\u00e1lat\u00e1hoz.<\/p>\n<p>Haszn\u00e1lat:<\/p>\n<ul>\n<li>Helyezze a k\u00e9zi gyant\u00e1z\u00f3 k\u00e9sz\u00fcl\u00e9keket az aljzatba f\u00fcgg\u0151leges helyzetbe.<\/li>\n<li>Az asztali gyantameleg\u00edt\u0151 k\u00e9sz\u00fcl\u00e9ket csatlakoztassa a t\u00e1pk\u00e1bellel a konnektorba.<\/li>\n<\/ul>\n<p>SHOP inform\u00e1ci\u00f3:<\/p>\n<p>Web\u00e1ruh\u00e1zunkban t\u00f6bbf\u00e9le gyantapatron meleg\u00edt\u0151 rendelhet\u0151 kedvez\u0151 \u00e1ron. Gyantapatron meleg\u00edt\u0151 rendel\u00e9s\u00e9t leadhatja a webshopban emailen vagy telefonon is.<\/p>\n<p>220 V 90 Watt<img decoding=\"async\" style=\"display: none;\" src=\"http:\/\/www.journeyom.life\/wp-content\/uploads\/2024\/05\/JOM-LOGO-VERT-WB.jpg\" alt=\"Wax heater machine Lcd screen Black\" \/><img decoding=\"async\" style=\"display: none;\" src=\"http:\/\/www.journeyom.life\/wp-content\/uploads\/2024\/05\/JOM-LOGO-VERT-WB.jpg\" alt=\"Wax heater machine Lcd screen Black\" \/><img decoding=\"async\" style=\"display: none;\" src=\"http:\/\/www.journeyom.life\/wp-content\/uploads\/2024\/05\/JOM-LOGO-VERT-WB.jpg\" alt=\"Wax heater machine Lcd screen Black\" \/><img decoding=\"async\" style=\"display: none;\" src=\"http:\/\/www.journeyom.life\/wp-content\/uploads\/2024\/05\/JOM-LOGO-VERT-WB.jpg\" alt=\"Wax heater machine Lcd screen Black\" \/><\/p>\n","protected":false},"excerpt":{"rendered":"<p>Base Trio gyantapatron meleg\u00edt\u0151 feh\u00e9r Szakmai haszn\u00e1latra aj\u00e1nlott 3 egys\u00e9ges asztali gyantapatron meleg\u00edt\u0151 g\u00e9p a k\u00e9zi gyantapatron meleg\u00edt\u0151k egyidej\u0171 haszn\u00e1lat\u00e1hoz. Haszn\u00e1lat: Helyezze a k\u00e9zi gyant\u00e1z\u00f3 k\u00e9sz\u00fcl\u00e9keket az aljzatba f\u00fcgg\u0151leges helyzetbe. Az asztali gyantameleg\u00edt\u0151 k\u00e9sz\u00fcl\u00e9ket csatlakoztassa a t\u00e1pk\u00e1bellel a konnektorba. SHOP inform\u00e1ci\u00f3: Web\u00e1ruh\u00e1zunkban t\u00f6bbf\u00e9le gyantapatron meleg\u00edt\u0151 rendelhet\u0151 kedvez\u0151 \u00e1ron. Gyantapatron meleg\u00edt\u0151 rendel\u00e9s\u00e9t leadhatja a webshopban emailen [&hellip;]<\/p>\n","protected":false},"featured_media":7019,"comment_status":"open","ping_status":"closed","template":"","meta":[],"product_brand":[],"product_cat":[347,351],"product_tag":[376],"class_list":{"0":"post-6047","1":"product","2":"type-product","3":"status-publish","4":"has-post-thumbnail","6":"product_cat-gyantamelegito-gepek","7":"product_cat-gyantapatron-melegito-gepek","8":"product_tag-wax-machines-hu","10":"first","11":"instock","12":"purchasable","13":"product-type-simple"},"_links":{"self":[{"href":"https:\/\/amicamiashop.com\/hu\/wp-json\/wp\/v2\/product\/6047","targetHints":{"allow":["GET"]}}],"collection":[{"href":"https:\/\/amicamiashop.com\/hu\/wp-json\/wp\/v2\/product"}],"about":[{"href":"https:\/\/amicamiashop.com\/hu\/wp-json\/wp\/v2\/types\/product"}],"replies":[{"embeddable":true,"href":"https:\/\/amicamiashop.com\/hu\/wp-json\/wp\/v2\/comments?post=6047"}],"version-history":[{"count":0,"href":"https:\/\/amicamiashop.com\/hu\/wp-json\/wp\/v2\/product\/6047\/revisions"}],"wp:featuredmedia":[{"embeddable":true,"href":"https:\/\/amicamiashop.com\/hu\/wp-json\/wp\/v2\/media\/7019"}],"wp:attachment":[{"href":"https:\/\/amicamiashop.com\/hu\/wp-json\/wp\/v2\/media?parent=6047"}],"wp:term":[{"taxonomy":"product_brand","embeddable":true,"href":"https:\/\/amicamiashop.com\/hu\/wp-json\/wp\/v2\/product_brand?post=6047"},{"taxonomy":"product_cat","embeddable":true,"href":"https:\/\/amicamiashop.com\/hu\/wp-json\/wp\/v2\/product_cat?post=6047"},{"taxonomy":"product_tag","embeddable":true,"href":"https:\/\/amicamiashop.com\/hu\/wp-json\/wp\/v2\/product_tag?post=6047"}],"curies":[{"name":"wp","href":"https:\/\/api.w.org\/{rel}","templated":true}]}}