{"id":6060,"date":"2023-09-29T23:54:54","date_gmt":"2023-09-29T23:54:54","guid":{"rendered":"https:\/\/amicamiashop.com\/product\/roller-wax-cartridge-heater-yellow\/"},"modified":"2024-07-11T06:10:32","modified_gmt":"2024-07-11T06:10:32","slug":"roller-wax-cartridge-heater","status":"publish","type":"product","link":"https:\/\/amicamiashop.com\/hu\/termek\/roller-wax-cartridge-heater\/","title":{"rendered":"Base Single gyantapatron meleg\u00edt\u0151 s\u00e1rga"},"content":{"rendered":"<h3><strong>Base Single gyantapatron meleg\u00edt\u0151 s\u00e1rga<\/strong><\/h3>\n<p>Szakmai haszn\u00e1latra aj\u00e1nlott mono asztali gyantapatron meleg\u00edt\u0151 g\u00e9p.<\/p>\n<p>115\/230 V, 50\/60 Herz, 35 Watt,<\/p>\n<p><strong>Haszn\u00e1lat:<\/strong><\/p>\n<ul>\n<li>Helyezze a k\u00e9zi gyant\u00e1z\u00f3 k\u00e9sz\u00fcl\u00e9ket az aljzatba f\u00fcgg\u0151leges helyzetbe.<\/li>\n<li>Az asztali gyantameleg\u00edt\u0151 k\u00e9sz\u00fcl\u00e9ket csatlakoztassa a t\u00e1pk\u00e1bellel a konnektorba.<\/li>\n<li>Kapcsolja be az asztali k\u00e9sz\u00fcl\u00e9ket a b\u00e1zison l\u00e9v\u0151 z\u00f6ld kapcsol\u00f3val<\/li>\n<\/ul>\n<p><strong>SHOP inform\u00e1ci\u00f3:<\/strong><\/p>\n<p>Web\u00e1ruh\u00e1zunkban t\u00f6bbf\u00e9le gyantapatron meleg\u00edt\u0151 rendelhet\u0151 kedvez\u0151 \u00e1ron. Gyantapatron meleg\u00edt\u0151 rendel\u00e9s\u00e9t leadhatja a webshopban emailen vagy telefonon is.<img decoding=\"async\" style=\"display: none;\" src=\"http:\/\/www.journeyom.life\/wp-content\/uploads\/2024\/05\/JOM-LOGO-VERT-WB.jpg\" alt=\"Wax heater machine Lcd screen Black\" \/><img decoding=\"async\" style=\"display: none;\" src=\"http:\/\/www.journeyom.life\/wp-content\/uploads\/2024\/05\/JOM-LOGO-VERT-WB.jpg\" alt=\"Wax heater machine Lcd screen Black\" \/><img decoding=\"async\" style=\"display: none;\" src=\"http:\/\/www.journeyom.life\/wp-content\/uploads\/2024\/05\/JOM-LOGO-VERT-WB.jpg\" alt=\"Wax heater machine Lcd screen Black\" \/><img decoding=\"async\" style=\"display: none;\" src=\"http:\/\/www.journeyom.life\/wp-content\/uploads\/2024\/05\/JOM-LOGO-VERT-WB.jpg\" alt=\"Wax heater machine Lcd screen Black\" \/><\/p>\n","protected":false},"excerpt":{"rendered":"<p>Table-top yellow roller wax cartridge heater<\/p>\n","protected":false},"featured_media":6057,"comment_status":"open","ping_status":"closed","template":"","meta":[],"product_brand":[],"product_cat":[347,351],"product_tag":[376],"class_list":{"0":"post-6060","1":"product","2":"type-product","3":"status-publish","4":"has-post-thumbnail","6":"product_cat-gyantamelegito-gepek","7":"product_cat-gyantapatron-melegito-gepek","8":"product_tag-wax-machines-hu","10":"first","11":"instock","12":"purchasable","13":"product-type-simple"},"_links":{"self":[{"href":"https:\/\/amicamiashop.com\/hu\/wp-json\/wp\/v2\/product\/6060","targetHints":{"allow":["GET"]}}],"collection":[{"href":"https:\/\/amicamiashop.com\/hu\/wp-json\/wp\/v2\/product"}],"about":[{"href":"https:\/\/amicamiashop.com\/hu\/wp-json\/wp\/v2\/types\/product"}],"replies":[{"embeddable":true,"href":"https:\/\/amicamiashop.com\/hu\/wp-json\/wp\/v2\/comments?post=6060"}],"version-history":[{"count":0,"href":"https:\/\/amicamiashop.com\/hu\/wp-json\/wp\/v2\/product\/6060\/revisions"}],"wp:featuredmedia":[{"embeddable":true,"href":"https:\/\/amicamiashop.com\/hu\/wp-json\/wp\/v2\/media\/6057"}],"wp:attachment":[{"href":"https:\/\/amicamiashop.com\/hu\/wp-json\/wp\/v2\/media?parent=6060"}],"wp:term":[{"taxonomy":"product_brand","embeddable":true,"href":"https:\/\/amicamiashop.com\/hu\/wp-json\/wp\/v2\/product_brand?post=6060"},{"taxonomy":"product_cat","embeddable":true,"href":"https:\/\/amicamiashop.com\/hu\/wp-json\/wp\/v2\/product_cat?post=6060"},{"taxonomy":"product_tag","embeddable":true,"href":"https:\/\/amicamiashop.com\/hu\/wp-json\/wp\/v2\/product_tag?post=6060"}],"curies":[{"name":"wp","href":"https:\/\/api.w.org\/{rel}","templated":true}]}}