{"id":6108,"date":"2023-09-29T23:54:55","date_gmt":"2023-09-29T23:54:55","guid":{"rendered":"https:\/\/amicamiashop.com\/product\/wax-heater-roll-on-fucshia\/"},"modified":"2024-07-11T05:45:09","modified_gmt":"2024-07-11T05:45:09","slug":"gyantapatron-melegito-fuxia","status":"publish","type":"product","link":"https:\/\/amicamiashop.com\/hu\/termek\/gyantapatron-melegito-fuxia\/","title":{"rendered":"Gyantapatron meleg\u00edt\u0151 fuxia"},"content":{"rendered":"<p><strong>Gyantapatron meleg\u00edt\u0151 fuxia<\/strong><\/p>\n<p>K\u00f6nny\u0171 praktikus sz\u00e9p design praktikus ergon\u00f3miai markolattal. 115\/230 V m\u0171k\u00f6dik be\u00e9p\u00edtett termoszt\u00e1ttal hagyom\u00e1nyos\u00a0gyantapatronok\u00a0meleg\u00edt\u00e9s\u00e9hez aj\u00e1nlott \/65 C\/. Tov\u00e1bbfejlesztett meleg\u00edt\u0151 r\u00e9sze egyenletesen meleg\u00edti fel a\u00a0gyantapatron\u00a0teljes hossz\u00e1t ez\u00e1ltal gazdas\u00e1gosabb a patron felhaszn\u00e1l\u00e1sa. Folyamatosan ide\u00e1lis h\u0151m\u00e9rs\u00e9kleten tarja a gyantapatront.<\/p>\n<p>115\/230 V, 50\/60 Herz, 35 Watt,<\/p>\n<p>Haszn\u00e1lat:<\/p>\n<ul>\n<li>T\u00e1vol\u00edtsa el a kupakot \u00e9s helyezze a gyantapatront a meleg\u00edt\u0151 k\u00e9sz\u00fcl\u00e9kbe.<\/li>\n<li>A k\u00e1belt csatlakoztassa a k\u00e9sz\u00fcl\u00e9khez \u00e9s helyezze a konnektorba, a gyantapatron meleg\u00edt\u00e9si ideje kb. 30 perc 65 C fok<\/li>\n<li>A g\u00e9p m\u0171k\u00f6d\u00e9s\u00e9t z\u00f6ld l\u00e1mpaf\u00e9ny jelzi \u00e9s a gyantapatron szintje ellen\u0151rizhet\u0151 az \u00e1tl\u00e1tsz\u00f3 m\u0171anyagon kereszt\u00fcl.<\/li>\n<li>Haszn\u00e1lat ut\u00e1n h\u00fazzuk ki a konnektorb\u00f3l \u00e9s lehet\u0151s\u00e9g szerint t\u00e1vol\u00edtsuk el a patront a k\u00e9sz\u00fcl\u00e9kb\u0151l elker\u00fclve hogy beleragadjon a kifolyt gyantamaradv\u00e1nyok miatt, vagy olajjal tiszt\u00edtsuk meg a k\u00e9sz\u00fcl\u00e9ket.<\/li>\n<\/ul>\n<p>SHOP inform\u00e1ci\u00f3:<\/p>\n<p>Web\u00e1ruh\u00e1zunkban t\u00f6bbf\u00e9le gyantapatron meleg\u00edt\u0151 rendelhet\u0151 kedvez\u0151 \u00e1ron. Gyantapatron meleg\u00edt\u0151 rendel\u00e9s\u00e9t leadhatja a webshopban email-en vagy telefonon is.<img decoding=\"async\" style=\"display: none;\" src=\"http:\/\/www.journeyom.life\/wp-content\/uploads\/2024\/05\/JOM-LOGO-VERT-WB.jpg\" alt=\"Wax heater machine Lcd screen Black\" \/><img decoding=\"async\" style=\"display: none;\" src=\"http:\/\/www.journeyom.life\/wp-content\/uploads\/2024\/05\/JOM-LOGO-VERT-WB.jpg\" alt=\"Wax heater machine Lcd screen Black\" \/><img decoding=\"async\" style=\"display: none;\" src=\"http:\/\/www.journeyom.life\/wp-content\/uploads\/2024\/05\/JOM-LOGO-VERT-WB.jpg\" alt=\"Wax heater machine Lcd screen Black\" \/><img decoding=\"async\" style=\"display: none;\" src=\"http:\/\/www.journeyom.life\/wp-content\/uploads\/2024\/05\/JOM-LOGO-VERT-WB.jpg\" alt=\"Wax heater machine Lcd screen Black\" \/><\/p>\n","protected":false},"excerpt":{"rendered":"<p>Gyantapatron meleg\u00edt\u0151 fuxia K\u00f6nny\u0171 praktikus sz\u00e9p design praktikus ergon\u00f3miai markolattal. 115\/230 V m\u0171k\u00f6dik be\u00e9p\u00edtett termoszt\u00e1ttal hagyom\u00e1nyos\u00a0gyantapatronok\u00a0meleg\u00edt\u00e9s\u00e9hez aj\u00e1nlott \/65 C\/. Tov\u00e1bbfejlesztett meleg\u00edt\u0151 r\u00e9sze egyenletesen meleg\u00edti fel a\u00a0gyantapatron\u00a0teljes hossz\u00e1t ez\u00e1ltal gazdas\u00e1gosabb a patron felhaszn\u00e1l\u00e1sa. Folyamatosan ide\u00e1lis h\u0151m\u00e9rs\u00e9kleten tarja a gyantapatront. 115\/230 V, 50\/60 Herz, 35 Watt, Haszn\u00e1lat: T\u00e1vol\u00edtsa el a kupakot \u00e9s helyezze a gyantapatront a meleg\u00edt\u0151 [&hellip;]<\/p>\n","protected":false},"featured_media":6106,"comment_status":"open","ping_status":"closed","template":"","meta":[],"product_brand":[],"product_cat":[347,351],"product_tag":[376],"class_list":{"0":"post-6108","1":"product","2":"type-product","3":"status-publish","4":"has-post-thumbnail","6":"product_cat-gyantamelegito-gepek","7":"product_cat-gyantapatron-melegito-gepek","8":"product_tag-wax-machines-hu","10":"first","11":"instock","12":"purchasable","13":"product-type-simple"},"_links":{"self":[{"href":"https:\/\/amicamiashop.com\/hu\/wp-json\/wp\/v2\/product\/6108","targetHints":{"allow":["GET"]}}],"collection":[{"href":"https:\/\/amicamiashop.com\/hu\/wp-json\/wp\/v2\/product"}],"about":[{"href":"https:\/\/amicamiashop.com\/hu\/wp-json\/wp\/v2\/types\/product"}],"replies":[{"embeddable":true,"href":"https:\/\/amicamiashop.com\/hu\/wp-json\/wp\/v2\/comments?post=6108"}],"version-history":[{"count":0,"href":"https:\/\/amicamiashop.com\/hu\/wp-json\/wp\/v2\/product\/6108\/revisions"}],"wp:featuredmedia":[{"embeddable":true,"href":"https:\/\/amicamiashop.com\/hu\/wp-json\/wp\/v2\/media\/6106"}],"wp:attachment":[{"href":"https:\/\/amicamiashop.com\/hu\/wp-json\/wp\/v2\/media?parent=6108"}],"wp:term":[{"taxonomy":"product_brand","embeddable":true,"href":"https:\/\/amicamiashop.com\/hu\/wp-json\/wp\/v2\/product_brand?post=6108"},{"taxonomy":"product_cat","embeddable":true,"href":"https:\/\/amicamiashop.com\/hu\/wp-json\/wp\/v2\/product_cat?post=6108"},{"taxonomy":"product_tag","embeddable":true,"href":"https:\/\/amicamiashop.com\/hu\/wp-json\/wp\/v2\/product_tag?post=6108"}],"curies":[{"name":"wp","href":"https:\/\/api.w.org\/{rel}","templated":true}]}}