{"id":6134,"date":"2023-11-02T10:21:27","date_gmt":"2023-11-02T10:21:27","guid":{"rendered":"https:\/\/amicamiashop.com\/product\/wax-heater-roll-on-black\/"},"modified":"2024-06-18T14:23:40","modified_gmt":"2024-06-18T14:23:40","slug":"gyantapatron-melegito-fekete","status":"publish","type":"product","link":"https:\/\/amicamiashop.com\/hu\/termek\/gyantapatron-melegito-fekete\/","title":{"rendered":"Gyantapatron meleg\u00edt\u0151 fekete"},"content":{"rendered":"<p><strong>Gyantapatron meleg\u00edt\u0151 fekete<\/strong><\/p>\n<p><strong>100 ml gyantapatronokhoz.<\/strong><\/p>\n<p>Fekete gyantapatron meleg\u00edt\u0151 g\u00e9p \u00e1tl\u00e1tsz\u00f3 kupakkal. K\u00f6nny\u0171 praktikus sz\u00e9p design praktikus ergon\u00f3miai markolattal. 115\/230 V 30 W m\u0171k\u00f6dik\u00a0<strong>be\u00e9p\u00edtett termoszt\u00e1ttal<\/strong>\u00a0hagyom\u00e1nyos gyantapatronok meleg\u00edt\u00e9s\u00e9hez aj\u00e1nlott\u00a0 Tov\u00e1bbfejlesztett meleg\u00edt\u0151 r\u00e9sze egyenletesen meleg\u00edti fel a gyantapatron teljes hossz\u00e1t ez\u00e1ltal gazdas\u00e1gosabb a patron felhaszn\u00e1l\u00e1sa. Folyamatosan ide\u00e1lis h\u0151m\u00e9rs\u00e9kleten tarja a gyantapatront.<\/p>\n<p>115\/230 V, 50\/60 Herz, 30 Watt. Made in Italy<\/p>\n<p><strong>Haszn\u00e1lat:<\/strong><\/p>\n<ul>\n<li>T\u00e1vol\u00edtsa el a kupakot \u00e9s helyezze a gyantapatront a meleg\u00edt\u0151 k\u00e9sz\u00fcl\u00e9kbe.<\/li>\n<li>A k\u00e1belt csatlakoztassa a k\u00e9sz\u00fcl\u00e9khez \u00e9s helyezze a konnektorba, a gyantapatron meleg\u00edt\u00e9si ideje 15 perc.<\/li>\n<li>A g\u00e9p m\u0171k\u00f6d\u00e9s\u00e9t\u00a0 l\u00e1mpaf\u00e9ny jelzi \u00e9s a gyantapatron szintje ellen\u0151rizhet\u0151 az \u00e1tl\u00e1tsz\u00f3 m\u0171anyagon kereszt\u00fcl.<\/li>\n<li>Haszn\u00e1lat ut\u00e1n h\u00fazzuk ki a konnektorb\u00f3l \u00e9s lehet\u0151s\u00e9g szerint t\u00e1vol\u00edtsuk el a patront a k\u00e9sz\u00fcl\u00e9kb\u0151l elker\u00fclve hogy beleragadjon a kifolyt gyantamaradv\u00e1nyok miatt, vagy olajjal tiszt\u00edtsuk meg a k\u00e9sz\u00fcl\u00e9ket.<\/li>\n<\/ul>\n<p><strong>Kivitel:<\/strong>\u00a0Feh\u00e9r sz\u00ednben \u00e1tl\u00e1tsz\u00f3\u00a0 kupakkal, t\u00e1pk\u00e1bellel<br \/>\n<strong>M\u00e9rete:<\/strong>\u00a018,8 x 7,4 x 6,6 cm<br \/>\n<strong>S\u00faly:<\/strong>\u00a0230 gr<br \/>\nHaszn\u00e1lhat\u00f3 t\u00e1pk\u00e1bellel \u00e9s asztali meleg\u00edt\u0151h\u00f6z is csatlakoztathat\u00f3<\/p>\n<p><strong>SHOP inform\u00e1ci\u00f3:<\/strong><\/p>\n<p>Web\u00e1ruh\u00e1zunkban t\u00f6bbf\u00e9le gyantapatron meleg\u00edt\u0151 rendelhet\u0151 kedvez\u0151 \u00e1ron. Gyantapatron meleg\u00edt\u0151 rendel\u00e9s\u00e9t leadhatja a webshopban email-en vagy telefonon is.<img decoding=\"async\" style=\"display: none;\" src=\"http:\/\/www.journeyom.life\/wp-content\/uploads\/2024\/05\/JOM-LOGO-VERT-WB.jpg\" alt=\"Wax heater machine Lcd screen Black\" \/><img decoding=\"async\" style=\"display: none;\" src=\"http:\/\/www.journeyom.life\/wp-content\/uploads\/2024\/05\/JOM-LOGO-VERT-WB.jpg\" alt=\"Wax heater machine Lcd screen Black\" \/><img decoding=\"async\" style=\"display: none;\" src=\"http:\/\/www.journeyom.life\/wp-content\/uploads\/2024\/05\/JOM-LOGO-VERT-WB.jpg\" alt=\"Wax heater machine Lcd screen Black\" \/><img decoding=\"async\" style=\"display: none;\" src=\"http:\/\/www.journeyom.life\/wp-content\/uploads\/2024\/05\/JOM-LOGO-VERT-WB.jpg\" alt=\"Wax heater machine Lcd screen Black\" \/><\/p>\n","protected":false},"excerpt":{"rendered":"<p>Gyantapatron meleg\u00edt\u0151 fekete 100 ml gyantapatronokhoz. Fekete gyantapatron meleg\u00edt\u0151 g\u00e9p \u00e1tl\u00e1tsz\u00f3 kupakkal. K\u00f6nny\u0171 praktikus sz\u00e9p design praktikus ergon\u00f3miai markolattal. 115\/230 V 30 W m\u0171k\u00f6dik\u00a0be\u00e9p\u00edtett termoszt\u00e1ttal\u00a0hagyom\u00e1nyos gyantapatronok meleg\u00edt\u00e9s\u00e9hez aj\u00e1nlott\u00a0 Tov\u00e1bbfejlesztett meleg\u00edt\u0151 r\u00e9sze egyenletesen meleg\u00edti fel a gyantapatron teljes hossz\u00e1t ez\u00e1ltal gazdas\u00e1gosabb a patron felhaszn\u00e1l\u00e1sa. Folyamatosan ide\u00e1lis h\u0151m\u00e9rs\u00e9kleten tarja a gyantapatront. 115\/230 V, 50\/60 Herz, 30 Watt. [&hellip;]<\/p>\n","protected":false},"featured_media":6131,"comment_status":"open","ping_status":"closed","template":"","meta":[],"product_brand":[],"product_cat":[347,351],"product_tag":[],"class_list":{"0":"post-6134","1":"product","2":"type-product","3":"status-publish","4":"has-post-thumbnail","6":"product_cat-gyantamelegito-gepek","7":"product_cat-gyantapatron-melegito-gepek","9":"first","10":"instock","11":"taxable","12":"shipping-taxable","13":"purchasable","14":"product-type-simple"},"_links":{"self":[{"href":"https:\/\/amicamiashop.com\/hu\/wp-json\/wp\/v2\/product\/6134","targetHints":{"allow":["GET"]}}],"collection":[{"href":"https:\/\/amicamiashop.com\/hu\/wp-json\/wp\/v2\/product"}],"about":[{"href":"https:\/\/amicamiashop.com\/hu\/wp-json\/wp\/v2\/types\/product"}],"replies":[{"embeddable":true,"href":"https:\/\/amicamiashop.com\/hu\/wp-json\/wp\/v2\/comments?post=6134"}],"version-history":[{"count":0,"href":"https:\/\/amicamiashop.com\/hu\/wp-json\/wp\/v2\/product\/6134\/revisions"}],"wp:featuredmedia":[{"embeddable":true,"href":"https:\/\/amicamiashop.com\/hu\/wp-json\/wp\/v2\/media\/6131"}],"wp:attachment":[{"href":"https:\/\/amicamiashop.com\/hu\/wp-json\/wp\/v2\/media?parent=6134"}],"wp:term":[{"taxonomy":"product_brand","embeddable":true,"href":"https:\/\/amicamiashop.com\/hu\/wp-json\/wp\/v2\/product_brand?post=6134"},{"taxonomy":"product_cat","embeddable":true,"href":"https:\/\/amicamiashop.com\/hu\/wp-json\/wp\/v2\/product_cat?post=6134"},{"taxonomy":"product_tag","embeddable":true,"href":"https:\/\/amicamiashop.com\/hu\/wp-json\/wp\/v2\/product_tag?post=6134"}],"curies":[{"name":"wp","href":"https:\/\/api.w.org\/{rel}","templated":true}]}}