{"id":6146,"date":"2023-11-02T10:39:35","date_gmt":"2023-11-02T10:39:35","guid":{"rendered":"https:\/\/amicamiashop.com\/product\/double-base-wax-heater-roll-on-black\/"},"modified":"2024-06-18T14:09:58","modified_gmt":"2024-06-18T14:09:58","slug":"base-duo-gyantapatron-melegito-fekete","status":"publish","type":"product","link":"https:\/\/amicamiashop.com\/hu\/termek\/base-duo-gyantapatron-melegito-fekete\/","title":{"rendered":"Base Duo gyantapatron meleg\u00edt\u0151 fekete"},"content":{"rendered":"<p><strong>Base Duo gyantapatron meleg\u00edt\u0151 fekete<\/strong><\/p>\n<p><strong>100 ml gyantapatronokhoz<\/strong><\/p>\n<p>Szakmai haszn\u00e1latra aj\u00e1nlott Duo asztali gyantapatron meleg\u00edt\u0151 g\u00e9p a k\u00e9zi gyantapatron meleg\u00edt\u0151k egyidej\u0171 haszn\u00e1lat\u00e1hoz. K\u00e9zi meleg\u00edt\u0151 r\u00e9szek egyenk\u00e9nt 30Watt \u00f6sszesen 60 Watt meleg\u00edt\u00e9st tesznek lehet\u0151v\u00e9.<\/p>\n<p><strong>Rendelhet\u0151 :<\/strong><\/p>\n<ul>\n<li>Egys\u00e9ges talp r\u00e9sszel ami minden k\u00e9zi meleg\u00edt\u0151 r\u00e9szt egyszerre kapcsol be vagy ki.<\/li>\n<li>2 k\u00fcl\u00f6n\u00e1ll\u00f3 talpal amelyek egyenk\u00e9nt be kapcsolhat\u00f3k illetve ig\u00e9ny szerint \u00f6ssze illeszthet\u0151k.<\/li>\n<\/ul>\n<p><strong>Haszn\u00e1lat:<\/strong><\/p>\n<ul>\n<li>Helyezze a k\u00e9zi gyant\u00e1z\u00f3 k\u00e9sz\u00fcl\u00e9keket az aljzatba f\u00fcgg\u0151leges helyzetbe.<\/li>\n<li>Az asztali gyantameleg\u00edt\u0151 k\u00e9sz\u00fcl\u00e9ket csatlakoztassa a t\u00e1pk\u00e1bellel a konnektorba.<\/li>\n<li>Kapcsolja be a Talp r\u00e9sz fels\u0151 r\u00e9sz\u00e9n l\u00e9v\u0151 a z\u00f6ld kapcsol\u00f3t.<\/li>\n<\/ul>\n<p>115\/230 V, 50\/60 Herz, 60 Watt,<\/p>\n<p><strong>Haszn\u00e1lat:<\/strong><\/p>\n<ul>\n<li>Helyezze a k\u00e9zi gyant\u00e1z\u00f3 k\u00e9sz\u00fcl\u00e9keket az aljzatba f\u00fcgg\u0151leges helyzetbe.<\/li>\n<li>Az asztali gyantameleg\u00edt\u0151 k\u00e9sz\u00fcl\u00e9ket csatlakoztassa a t\u00e1pk\u00e1bellel a konnektorba.<\/li>\n<\/ul>\n<p><strong>SHOP inform\u00e1ci\u00f3:<\/strong><\/p>\n<p>Web\u00e1ruh\u00e1zunkban t\u00f6bbf\u00e9le gyantapatron meleg\u00edt\u0151 rendelhet\u0151 kedvez\u0151 \u00e1ron. Gyantapatron meleg\u00edt\u0151 rendel\u00e9s\u00e9t leadhatja a webshopban emailen vagy telefonon is.<img decoding=\"async\" style=\"display: none;\" src=\"http:\/\/www.journeyom.life\/wp-content\/uploads\/2024\/05\/JOM-LOGO-VERT-WB.jpg\" alt=\"Wax heater machine Lcd screen Black\" \/><img decoding=\"async\" style=\"display: none;\" src=\"http:\/\/www.journeyom.life\/wp-content\/uploads\/2024\/05\/JOM-LOGO-VERT-WB.jpg\" alt=\"Wax heater machine Lcd screen Black\" \/><img decoding=\"async\" style=\"display: none;\" src=\"http:\/\/www.journeyom.life\/wp-content\/uploads\/2024\/05\/JOM-LOGO-VERT-WB.jpg\" alt=\"Wax heater machine Lcd screen Black\" \/><img decoding=\"async\" style=\"display: none;\" src=\"http:\/\/www.journeyom.life\/wp-content\/uploads\/2024\/05\/JOM-LOGO-VERT-WB.jpg\" alt=\"Wax heater machine Lcd screen Black\" \/><\/p>\n","protected":false},"excerpt":{"rendered":"<p>Base Duo gyantapatron meleg\u00edt\u0151 fekete 100 ml gyantapatronokhoz Szakmai haszn\u00e1latra aj\u00e1nlott Duo asztali gyantapatron meleg\u00edt\u0151 g\u00e9p a k\u00e9zi gyantapatron meleg\u00edt\u0151k egyidej\u0171 haszn\u00e1lat\u00e1hoz. K\u00e9zi meleg\u00edt\u0151 r\u00e9szek egyenk\u00e9nt 30Watt \u00f6sszesen 60 Watt meleg\u00edt\u00e9st tesznek lehet\u0151v\u00e9. Rendelhet\u0151 : Egys\u00e9ges talp r\u00e9sszel ami minden k\u00e9zi meleg\u00edt\u0151 r\u00e9szt egyszerre kapcsol be vagy ki. 2 k\u00fcl\u00f6n\u00e1ll\u00f3 talpal amelyek egyenk\u00e9nt be kapcsolhat\u00f3k [&hellip;]<\/p>\n","protected":false},"featured_media":6144,"comment_status":"open","ping_status":"closed","template":"","meta":[],"product_brand":[],"product_cat":[347,351],"product_tag":[],"class_list":{"0":"post-6146","1":"product","2":"type-product","3":"status-publish","4":"has-post-thumbnail","6":"product_cat-gyantamelegito-gepek","7":"product_cat-gyantapatron-melegito-gepek","9":"first","10":"instock","11":"purchasable","12":"product-type-simple"},"_links":{"self":[{"href":"https:\/\/amicamiashop.com\/hu\/wp-json\/wp\/v2\/product\/6146","targetHints":{"allow":["GET"]}}],"collection":[{"href":"https:\/\/amicamiashop.com\/hu\/wp-json\/wp\/v2\/product"}],"about":[{"href":"https:\/\/amicamiashop.com\/hu\/wp-json\/wp\/v2\/types\/product"}],"replies":[{"embeddable":true,"href":"https:\/\/amicamiashop.com\/hu\/wp-json\/wp\/v2\/comments?post=6146"}],"version-history":[{"count":0,"href":"https:\/\/amicamiashop.com\/hu\/wp-json\/wp\/v2\/product\/6146\/revisions"}],"wp:featuredmedia":[{"embeddable":true,"href":"https:\/\/amicamiashop.com\/hu\/wp-json\/wp\/v2\/media\/6144"}],"wp:attachment":[{"href":"https:\/\/amicamiashop.com\/hu\/wp-json\/wp\/v2\/media?parent=6146"}],"wp:term":[{"taxonomy":"product_brand","embeddable":true,"href":"https:\/\/amicamiashop.com\/hu\/wp-json\/wp\/v2\/product_brand?post=6146"},{"taxonomy":"product_cat","embeddable":true,"href":"https:\/\/amicamiashop.com\/hu\/wp-json\/wp\/v2\/product_cat?post=6146"},{"taxonomy":"product_tag","embeddable":true,"href":"https:\/\/amicamiashop.com\/hu\/wp-json\/wp\/v2\/product_tag?post=6146"}],"curies":[{"name":"wp","href":"https:\/\/api.w.org\/{rel}","templated":true}]}}