{"id":6173,"date":"2023-09-29T23:55:55","date_gmt":"2023-09-29T23:55:55","guid":{"rendered":"https:\/\/amicamiashop.com\/product\/digital-double-heater-roll-on-wax\/"},"modified":"2024-07-05T16:18:28","modified_gmt":"2024-07-05T16:18:28","slug":"digital-double-heater-roll-on-wax","status":"publish","type":"product","link":"https:\/\/amicamiashop.com\/hu\/termek\/digital-double-heater-roll-on-wax\/","title":{"rendered":"Digit\u00e1lis gyantapatron meleg\u00edt\u0151 Duo"},"content":{"rendered":"<p><strong>Digit\u00e1lis gyantapatron meleg\u00edt\u0151 g\u00e9p Duo<\/strong><\/p>\n<p>100ml gyantapatronokhoz<\/p>\n<p>Digital double heater roll on wax<\/p>\n<p>Manu\u00e1lisan h\u0151fok szab\u00e1lyz\u00f3val \u00e9s digit\u00e1lis \u00e9s \u00e1llithat\u00f3 h\u0151fok kijelz\u0151vel ell\u00e1tott k\u00e9zi gyantapatron meleg\u00edt\u0151 g\u00e9p.<\/p>\n<p>Be\u00e9p\u00edtett termoszt\u00e1ttal ell\u00e1tott \u00a0g\u00e9p. Maxim\u00e1lis h\u0151fokra \u00e1ll\u00edtva sokkal gyorsabban felmeleg\u00edti a patront mint az \u00e1tlagos g\u00e9pek, de be\u00e9p\u00edtett termoszt\u00e1tnak k\u00f6sz\u00f6nhet\u0151en mindig ide\u00e1lis \u00e9s a be\u00e1llitott kiv\u00e1nt\u00a0 h\u0151fokon tarja a gyantapatront.<\/p>\n<p><strong>Haszn\u00e1lata:<\/strong><\/p>\n<ul>\n<li>Talpakat csatlakoztassa egym\u00e1shoz \/ vagyis illessze \u00f6ssze a talpakat egym\u00e1ssal \/<\/li>\n<li>majd dugja be a k\u00e9sz\u00fcl\u00e9keket a konnektorba<\/li>\n<li>a gyantapatron meleg\u00edt\u0151k oldal\u00e1n tal\u00e1lhat\u00f3 a bekapcsol\u00f3 gombbal tekerje a k\u00edv\u00e1nt h\u0151fokra ,amit a digit\u00e1lis kijelz\u0151n ellen\u0151rizhet.<\/li>\n<\/ul>\n<p><strong>Minden gyantapatron meleg\u00edt\u0151 k\u00fcl\u00f6n szab\u00e1lyozhat\u00f3 \u00edgy be \u00e9s kikapcsolhat\u00f3 egym\u00e1st\u00f3l f\u00fcggetlen\u00fcl.<\/strong><\/p>\n<p>El\u0151nye:<\/p>\n<ul>\n<li>gyorsan meleg\u00edti fel a gyantapatront<\/li>\n<li>k\u00fcl\u00f6nb\u00f6z\u0151 t\u00edpus\u00fa gyantapatronokhoz ide\u00e1lisan haszn\u00e1lhat\u00f3, hiszen \u00d6n \u00e1ll\u00edthatja be az ide\u00e1lis h\u0151fokot ugyanakkor nem kell tartani a t\u00falmeleg\u00edt\u00e9st\u0151l, mert a be\u00e9p\u00edtett termoszt\u00e1t ide\u00e1lis h\u0151m\u00e9rs\u00e9kletre szab\u00e1lyozza a gyantapatront.<\/li>\n<li>Csatlakoztat\u00e1s a talphoz k\u00f6nny\u0171 \u00e9s egyszer\u0171bb mint az oldalt csatlakoz\u00f3 g\u00e9pekn\u00e9l \u00e9s ez\u00e1ltal sokkal hosszabb \u00e9lettartamot garant\u00e1l<\/li>\n<li>minden t\u00edpus\u00fa gyantapatront \/ g\u00e9l \u00e9s kr\u00e9m t\u00edpus\u00faak \/ ide\u00e1lis h\u0151fokra meleg\u00edt \u00edgy nincs alul vagy t\u00fal meleg\u00edtett gyanta \u00e9s nem okoz a b\u0151rnek sem kellemetlens\u00e9get.<\/li>\n<li>k\u00f6nny\u0171 \u00e9s egyszer\u0171 kezelhet\u0151s\u00e9g<\/li>\n<\/ul>\n<p>220V-240V\u00a0 50-60 Hz\u00a0 40 W \/ db<img decoding=\"async\" style=\"display: none;\" src=\"http:\/\/www.journeyom.life\/wp-content\/uploads\/2024\/05\/JOM-LOGO-VERT-WB.jpg\" alt=\"Wax heater machine Lcd screen Black\" \/><img decoding=\"async\" style=\"display: none;\" src=\"http:\/\/www.journeyom.life\/wp-content\/uploads\/2024\/05\/JOM-LOGO-VERT-WB.jpg\" alt=\"Wax heater machine Lcd screen Black\" \/><img decoding=\"async\" style=\"display: none;\" src=\"http:\/\/www.journeyom.life\/wp-content\/uploads\/2024\/05\/JOM-LOGO-VERT-WB.jpg\" alt=\"Wax heater machine Lcd screen Black\" \/><img decoding=\"async\" style=\"display: none;\" src=\"http:\/\/www.journeyom.life\/wp-content\/uploads\/2024\/05\/JOM-LOGO-VERT-WB.jpg\" alt=\"Wax heater machine Lcd screen Black\" \/><\/p>\n","protected":false},"excerpt":{"rendered":"<p>Digit\u00e1lis gyantapatron meleg\u00edt\u0151 g\u00e9p Duo 100ml gyantapatronokhoz Digital double heater roll on wax Manu\u00e1lisan h\u0151fok szab\u00e1lyz\u00f3val \u00e9s digit\u00e1lis \u00e9s \u00e1llithat\u00f3 h\u0151fok kijelz\u0151vel ell\u00e1tott k\u00e9zi gyantapatron meleg\u00edt\u0151 g\u00e9p. Be\u00e9p\u00edtett termoszt\u00e1ttal ell\u00e1tott \u00a0g\u00e9p. Maxim\u00e1lis h\u0151fokra \u00e1ll\u00edtva sokkal gyorsabban felmeleg\u00edti a patront mint az \u00e1tlagos g\u00e9pek, de be\u00e9p\u00edtett termoszt\u00e1tnak k\u00f6sz\u00f6nhet\u0151en mindig ide\u00e1lis \u00e9s a be\u00e1llitott kiv\u00e1nt\u00a0 h\u0151fokon tarja [&hellip;]<\/p>\n","protected":false},"featured_media":15148,"comment_status":"open","ping_status":"closed","template":"","meta":[],"product_brand":[],"product_cat":[347,351],"product_tag":[376],"class_list":{"0":"post-6173","1":"product","2":"type-product","3":"status-publish","4":"has-post-thumbnail","6":"product_cat-gyantamelegito-gepek","7":"product_cat-gyantapatron-melegito-gepek","8":"product_tag-wax-machines-hu","10":"first","11":"outofstock","12":"purchasable","13":"product-type-simple"},"_links":{"self":[{"href":"https:\/\/amicamiashop.com\/hu\/wp-json\/wp\/v2\/product\/6173","targetHints":{"allow":["GET"]}}],"collection":[{"href":"https:\/\/amicamiashop.com\/hu\/wp-json\/wp\/v2\/product"}],"about":[{"href":"https:\/\/amicamiashop.com\/hu\/wp-json\/wp\/v2\/types\/product"}],"replies":[{"embeddable":true,"href":"https:\/\/amicamiashop.com\/hu\/wp-json\/wp\/v2\/comments?post=6173"}],"version-history":[{"count":0,"href":"https:\/\/amicamiashop.com\/hu\/wp-json\/wp\/v2\/product\/6173\/revisions"}],"wp:featuredmedia":[{"embeddable":true,"href":"https:\/\/amicamiashop.com\/hu\/wp-json\/wp\/v2\/media\/15148"}],"wp:attachment":[{"href":"https:\/\/amicamiashop.com\/hu\/wp-json\/wp\/v2\/media?parent=6173"}],"wp:term":[{"taxonomy":"product_brand","embeddable":true,"href":"https:\/\/amicamiashop.com\/hu\/wp-json\/wp\/v2\/product_brand?post=6173"},{"taxonomy":"product_cat","embeddable":true,"href":"https:\/\/amicamiashop.com\/hu\/wp-json\/wp\/v2\/product_cat?post=6173"},{"taxonomy":"product_tag","embeddable":true,"href":"https:\/\/amicamiashop.com\/hu\/wp-json\/wp\/v2\/product_tag?post=6173"}],"curies":[{"name":"wp","href":"https:\/\/api.w.org\/{rel}","templated":true}]}}