{"id":6193,"date":"2023-09-29T23:55:32","date_gmt":"2023-09-29T23:55:32","guid":{"rendered":"https:\/\/amicamiashop.com\/product\/pro-wax-100\/"},"modified":"2026-04-17T13:48:26","modified_gmt":"2026-04-17T13:48:26","slug":"pro-wax-100-gyantamelegito-fekete","status":"publish","type":"product","link":"https:\/\/amicamiashop.com\/hu\/termek\/pro-wax-100-gyantamelegito-fekete\/","title":{"rendered":"Pro Wax 100 Gyantameleg\u00edt\u0151 Fekete"},"content":{"rendered":"<p><strong>Pro wax 100 gyantameleg\u00edt\u0151 fekete<\/strong><\/p>\n<p>Kivehet\u0151 tart\u00e1llyal : 400-500 ml gyanta meleg\u00edt\u00e9s\u00e9hez.<\/p>\n<p>Manu\u00e1lisan \u00e1ll\u00edthat\u00f3 h\u0151fok szab\u00e1lyz\u00f3val \u00e9s be\u00e9p\u00edtett termoszt\u00e1ttal valamint m\u0171anyag levehet\u0151 tet\u0151vel, \u00e9s kivehet\u0151 f\u00e9m ed\u00e9nnyel. Gyors \u00e9s megb\u00edzhat\u00f3 gyanta vagy paraffin meleg\u00edt\u00e9s a k\u00edv\u00e1nt h\u0151fokra 15 perc alatt.<\/p>\n<p><strong>Technikai adatok Pro Wax 100 : 220-240 V\u00a0 50 Herz\u00a0 100 Watt<\/strong><\/p>\n<p><strong>F\u0151bb Jellemz\u0151k:<\/strong><\/p>\n<ul>\n<li><strong>Gyors \u00e9s Egyenletes meleg\u00edt\u00e9s<\/strong>: Be\u00e9p\u00edtett termoszt\u00e1ttal egyenletes meleg\u00edt\u00e9s biztos\u00edtott.<\/li>\n<li><strong>\u00c1ll\u00edthat\u00f3 H\u0151m\u00e9rs\u00e9klet Szab\u00e1lyoz\u00e1s<\/strong>: manu\u00e1lisan \u00e1ll\u00edthat\u00f3 h\u0151m\u00e9rs\u00e9klet szab\u00e1lyoz\u00f3val rendelkezik, ez\u00e1ltal a be\u00e1ll\u00edtott\u00a0 h\u0151m\u00e9ts\u00e9kleten tartja a gyant\u00e1t.<\/li>\n<li><strong>Kivehet\u0151 Bels\u0151 Tart\u00e1ly<\/strong>: A kivehet\u0151 bels\u0151 tart\u00e1ly megk\u00f6nny\u00edti a gyanta bet\u00f6lt\u00e9s\u00e9t \u00e9s g\u00e9p tiszt\u00edt\u00e1s\u00e1t.<\/li>\n<li><strong>Biztons\u00e1gos Haszn\u00e1lat<\/strong>: Biztons\u00e1gi fed\u00e9llel \u00e9s cs\u00fasz\u00e1smentes talppal van ell\u00e1tva a biztons\u00e1gos haszn\u00e1lat \u00e9rdek\u00e9ben.<\/li>\n<\/ul>\n<p><img decoding=\"async\" style=\"display: none;\" src=\"http:\/\/www.journeyom.life\/wp-content\/uploads\/2024\/05\/JOM-LOGO-VERT-WB.jpg\" alt=\"Wax heater machine Lcd screen Black\" \/><img decoding=\"async\" style=\"display: none;\" src=\"http:\/\/www.journeyom.life\/wp-content\/uploads\/2024\/05\/JOM-LOGO-VERT-WB.jpg\" alt=\"Wax heater machine Lcd screen Black\" \/><img decoding=\"async\" style=\"display: none;\" src=\"http:\/\/www.journeyom.life\/wp-content\/uploads\/2024\/05\/JOM-LOGO-VERT-WB.jpg\" alt=\"Wax heater machine Lcd screen Black\" \/><img decoding=\"async\" style=\"display: none;\" src=\"http:\/\/www.journeyom.life\/wp-content\/uploads\/2024\/05\/JOM-LOGO-VERT-WB.jpg\" alt=\"Wax heater machine Lcd screen Black\" \/><\/p>\n","protected":false},"excerpt":{"rendered":"<p>Pro wax 100 gyantameleg\u00edt\u0151 fekete Kivehet\u0151 tart\u00e1llyal : 400-500 ml gyanta meleg\u00edt\u00e9s\u00e9hez. Manu\u00e1lisan \u00e1ll\u00edthat\u00f3 h\u0151fok szab\u00e1lyz\u00f3val \u00e9s be\u00e9p\u00edtett termoszt\u00e1ttal valamint m\u0171anyag levehet\u0151 tet\u0151vel, \u00e9s kivehet\u0151 f\u00e9m ed\u00e9nnyel. Gyors \u00e9s megb\u00edzhat\u00f3 gyanta vagy paraffin meleg\u00edt\u00e9s a k\u00edv\u00e1nt h\u0151fokra 15 perc alatt. Technikai adatok Pro Wax 100 : 220-240 V\u00a0 50 Herz\u00a0 100 Watt F\u0151bb Jellemz\u0151k: Gyors [&hellip;]<\/p>\n","protected":false},"featured_media":6207,"comment_status":"open","ping_status":"closed","template":"","meta":[],"product_brand":[],"product_cat":[347,353],"product_tag":[376],"class_list":{"0":"post-6193","1":"product","2":"type-product","3":"status-publish","4":"has-post-thumbnail","6":"product_cat-gyantamelegito-gepek","7":"product_cat-gyantamelegito-gepek-hu","8":"product_tag-wax-machines-hu","10":"first","11":"outofstock","12":"purchasable","13":"product-type-simple"},"_links":{"self":[{"href":"https:\/\/amicamiashop.com\/hu\/wp-json\/wp\/v2\/product\/6193","targetHints":{"allow":["GET"]}}],"collection":[{"href":"https:\/\/amicamiashop.com\/hu\/wp-json\/wp\/v2\/product"}],"about":[{"href":"https:\/\/amicamiashop.com\/hu\/wp-json\/wp\/v2\/types\/product"}],"replies":[{"embeddable":true,"href":"https:\/\/amicamiashop.com\/hu\/wp-json\/wp\/v2\/comments?post=6193"}],"version-history":[{"count":1,"href":"https:\/\/amicamiashop.com\/hu\/wp-json\/wp\/v2\/product\/6193\/revisions"}],"predecessor-version":[{"id":15538,"href":"https:\/\/amicamiashop.com\/hu\/wp-json\/wp\/v2\/product\/6193\/revisions\/15538"}],"wp:featuredmedia":[{"embeddable":true,"href":"https:\/\/amicamiashop.com\/hu\/wp-json\/wp\/v2\/media\/6207"}],"wp:attachment":[{"href":"https:\/\/amicamiashop.com\/hu\/wp-json\/wp\/v2\/media?parent=6193"}],"wp:term":[{"taxonomy":"product_brand","embeddable":true,"href":"https:\/\/amicamiashop.com\/hu\/wp-json\/wp\/v2\/product_brand?post=6193"},{"taxonomy":"product_cat","embeddable":true,"href":"https:\/\/amicamiashop.com\/hu\/wp-json\/wp\/v2\/product_cat?post=6193"},{"taxonomy":"product_tag","embeddable":true,"href":"https:\/\/amicamiashop.com\/hu\/wp-json\/wp\/v2\/product_tag?post=6193"}],"curies":[{"name":"wp","href":"https:\/\/api.w.org\/{rel}","templated":true}]}}