{"id":6209,"date":"2023-11-02T11:33:50","date_gmt":"2023-11-02T11:33:50","guid":{"rendered":"https:\/\/amicamiashop.com\/product\/lcd-wax-heater-machine-pro-wax\/"},"modified":"2024-06-18T14:01:37","modified_gmt":"2024-06-18T14:01:37","slug":"pro-wax-digitalis-gyantamelegito-gep","status":"publish","type":"product","link":"https:\/\/amicamiashop.com\/hu\/termek\/pro-wax-digitalis-gyantamelegito-gep\/","title":{"rendered":"Pro Wax Digit\u00e1lis gyantameleg\u00edt\u0151 g\u00e9p 500 ml Feh\u00e9r"},"content":{"rendered":"<p><strong>Pro Wax Digit\u00e1lis gyantameleg\u00edt\u0151 g\u00e9p 500 ml Feh\u00e9r<\/strong><\/p>\n<p>Le\u00edr\u00e1s:<\/p>\n<p>Pro Wax Digit\u00e1lis gyantameleg\u00edt\u0151 g\u00e9p 500 ml gyanta meleg\u00edt\u00e9s\u00e9re alkalmas g\u00e9p. Kivehet\u0151 tart\u00e1llyal, be\u00e9p\u00edtett termoszt\u00e1ttal, m\u0171anyag tet\u0151vel \u00e9s digit\u00e1lis kijelz\u0151vel rendelkezik, ami mutatja az aktu\u00e1lis meleg\u00edt\u00e9si h\u0151fokot.<br \/>\nManu\u00e1lisan szab\u00e1lyozhat\u00f3 a k\u00edv\u00e1nt h\u0151fok.<br \/>\nMegb\u00edzhat\u00f3 \u00e9s egyszer\u0171en kezelhet\u0151 gyantameleg\u00edt\u0151 g\u00e9p, amelynek el\u0151nye hogy :<\/p>\n<ul>\n<li>pontosan mutatja a meleg\u00edtett gyanta h\u0151fok\u00e1t a digit\u00e1lis kijelz\u0151n.<\/li>\n<li>gyorsan meleg\u00edti fel a k\u00edv\u00e1nt h\u0151fokra a gyant\u00e1t<\/li>\n<\/ul>\n<p><strong>Technikai adatok: 220-240 V\u00a0 50 Herz\u00a0 100 Watt<\/strong><\/p>\n<p>Szakmai haszn\u00e1latra kiv\u00e1l\u00f3 Wax Digit\u00e1lis Gyantameleg\u00edt\u0151 G\u00e9p g\u00e9pkijelz\u0151vel ami mutatja a gyanta aktu\u00e1lis h\u00f6fok\u00e1t. Be\u00e9p\u00edtett termoszt\u00e1t egyenletes h\u00f6fokon tart.<img decoding=\"async\" style=\"display: none;\" src=\"http:\/\/www.journeyom.life\/wp-content\/uploads\/2024\/05\/JOM-LOGO-VERT-WB.jpg\" alt=\"Wax heater machine Lcd screen Black\" \/><img decoding=\"async\" style=\"display: none;\" src=\"http:\/\/www.journeyom.life\/wp-content\/uploads\/2024\/05\/JOM-LOGO-VERT-WB.jpg\" alt=\"Wax heater machine Lcd screen Black\" \/><img decoding=\"async\" style=\"display: none;\" src=\"http:\/\/www.journeyom.life\/wp-content\/uploads\/2024\/05\/JOM-LOGO-VERT-WB.jpg\" alt=\"Wax heater machine Lcd screen Black\" \/><img decoding=\"async\" style=\"display: none;\" src=\"http:\/\/www.journeyom.life\/wp-content\/uploads\/2024\/05\/JOM-LOGO-VERT-WB.jpg\" alt=\"Wax heater machine Lcd screen Black\" \/><\/p>\n","protected":false},"excerpt":{"rendered":"<p>Pro Wax Digit\u00e1lis gyantameleg\u00edt\u0151 g\u00e9p 500 ml Feh\u00e9r Le\u00edr\u00e1s: Pro Wax Digit\u00e1lis gyantameleg\u00edt\u0151 g\u00e9p 500 ml gyanta meleg\u00edt\u00e9s\u00e9re alkalmas g\u00e9p. Kivehet\u0151 tart\u00e1llyal, be\u00e9p\u00edtett termoszt\u00e1ttal, m\u0171anyag tet\u0151vel \u00e9s digit\u00e1lis kijelz\u0151vel rendelkezik, ami mutatja az aktu\u00e1lis meleg\u00edt\u00e9si h\u0151fokot. Manu\u00e1lisan szab\u00e1lyozhat\u00f3 a k\u00edv\u00e1nt h\u0151fok. Megb\u00edzhat\u00f3 \u00e9s egyszer\u0171en kezelhet\u0151 gyantameleg\u00edt\u0151 g\u00e9p, amelynek el\u0151nye hogy : pontosan mutatja a meleg\u00edtett [&hellip;]<\/p>\n","protected":false},"featured_media":6204,"comment_status":"open","ping_status":"closed","template":"","meta":[],"product_brand":[],"product_cat":[347,353],"product_tag":[],"class_list":{"0":"post-6209","1":"product","2":"type-product","3":"status-publish","4":"has-post-thumbnail","6":"product_cat-gyantamelegito-gepek","7":"product_cat-gyantamelegito-gepek-hu","9":"first","10":"instock","11":"purchasable","12":"product-type-simple"},"_links":{"self":[{"href":"https:\/\/amicamiashop.com\/hu\/wp-json\/wp\/v2\/product\/6209","targetHints":{"allow":["GET"]}}],"collection":[{"href":"https:\/\/amicamiashop.com\/hu\/wp-json\/wp\/v2\/product"}],"about":[{"href":"https:\/\/amicamiashop.com\/hu\/wp-json\/wp\/v2\/types\/product"}],"replies":[{"embeddable":true,"href":"https:\/\/amicamiashop.com\/hu\/wp-json\/wp\/v2\/comments?post=6209"}],"version-history":[{"count":0,"href":"https:\/\/amicamiashop.com\/hu\/wp-json\/wp\/v2\/product\/6209\/revisions"}],"wp:featuredmedia":[{"embeddable":true,"href":"https:\/\/amicamiashop.com\/hu\/wp-json\/wp\/v2\/media\/6204"}],"wp:attachment":[{"href":"https:\/\/amicamiashop.com\/hu\/wp-json\/wp\/v2\/media?parent=6209"}],"wp:term":[{"taxonomy":"product_brand","embeddable":true,"href":"https:\/\/amicamiashop.com\/hu\/wp-json\/wp\/v2\/product_brand?post=6209"},{"taxonomy":"product_cat","embeddable":true,"href":"https:\/\/amicamiashop.com\/hu\/wp-json\/wp\/v2\/product_cat?post=6209"},{"taxonomy":"product_tag","embeddable":true,"href":"https:\/\/amicamiashop.com\/hu\/wp-json\/wp\/v2\/product_tag?post=6209"}],"curies":[{"name":"wp","href":"https:\/\/api.w.org\/{rel}","templated":true}]}}