{"id":6225,"date":"2023-09-29T23:57:50","date_gmt":"2023-09-29T23:57:50","guid":{"rendered":"https:\/\/amicamiashop.com\/product\/wax-heater-machine-pro-wax-200\/"},"modified":"2024-09-15T11:32:25","modified_gmt":"2024-09-15T11:32:25","slug":"pro-wax-200-feher","status":"publish","type":"product","link":"https:\/\/amicamiashop.com\/hu\/termek\/pro-wax-200-feher\/","title":{"rendered":"Pro Wax 200 feh\u00e9r"},"content":{"rendered":"<p><strong>Pro Wax 200 feh\u00e9r\u00a0<\/strong><\/p>\n<p>Kivehet\u0151 tart\u00e1llyal : 400-500 ml gyanta meleg\u00edt\u00e9s\u00e9hez.<\/p>\n<p>Manu\u00e1lisan \u00e1ll\u00edthat\u00f3 h\u0151fok szab\u00e1lyz\u00f3val \u00e9s be\u00e9p\u00edtett termoszt\u00e1ttal valamint m\u0171anyag levehet\u0151 tet\u0151vel, \u00e9s kivehet\u0151 f\u00e9m ed\u00e9nnyel. Gyors \u00e9s megb\u00edzhat\u00f3 gyanta vagy paraffin meleg\u00edt\u00e9s a k\u00edv\u00e1nt h\u0151fokra 15 perc alatt.<\/p>\n<p>A\u00a0<strong>Pro wax 200 gyantameleg\u00edt\u0151<\/strong>\u00a0k\u00fcl\u00f6nb\u00f6z\u0151 gyant\u00e1kat meleg\u00edt:<br \/>\nKorong \u2013 Gyantagy\u00f6ngy \u2013 T\u00e1lc\u00e1s \u2013 Konzerv<\/p>\n<p><strong>Tov\u00e1bbi jellemz\u0151k:<\/strong><\/p>\n<p>M\u00e1rka: Amica Mia T\u00e9gelyes gyantameleg\u00edt\u0151<br \/>\nAnyaga: m\u0171anyag \u00e9s alum\u00ednium<br \/>\nFeh\u00e9r sz\u00edn<br \/>\nM\u00e9retei: 17x15x11,5 cm<br \/>\n\u00c1ll\u00edthat\u00f3 h\u0151m\u00e9rs\u00e9klet<br \/>\nAlum\u00ednium ed\u00e9ny<br \/>\nM\u00e9retei: 17x15x11,5 cm<\/p>\n<p>Technikai adatok : 220-240 V\u00a0 50 Herz\u00a0 100 Watt<img decoding=\"async\" style=\"display: none;\" src=\"http:\/\/www.journeyom.life\/wp-content\/uploads\/2024\/05\/JOM-LOGO-VERT-WB.jpg\" alt=\"Wax heater machine Lcd screen Black\" \/><img decoding=\"async\" style=\"display: none;\" src=\"http:\/\/www.journeyom.life\/wp-content\/uploads\/2024\/05\/JOM-LOGO-VERT-WB.jpg\" alt=\"Wax heater machine Lcd screen Black\" \/><img decoding=\"async\" style=\"display: none;\" src=\"http:\/\/www.journeyom.life\/wp-content\/uploads\/2024\/05\/JOM-LOGO-VERT-WB.jpg\" alt=\"Wax heater machine Lcd screen Black\" \/><img decoding=\"async\" style=\"display: none;\" src=\"http:\/\/www.journeyom.life\/wp-content\/uploads\/2024\/05\/JOM-LOGO-VERT-WB.jpg\" alt=\"Wax heater machine Lcd screen Black\" \/><\/p>\n","protected":false},"excerpt":{"rendered":"<p>Pro Wax 200 feh\u00e9r\u00a0 Kivehet\u0151 tart\u00e1llyal : 400-500 ml gyanta meleg\u00edt\u00e9s\u00e9hez. Manu\u00e1lisan \u00e1ll\u00edthat\u00f3 h\u0151fok szab\u00e1lyz\u00f3val \u00e9s be\u00e9p\u00edtett termoszt\u00e1ttal valamint m\u0171anyag levehet\u0151 tet\u0151vel, \u00e9s kivehet\u0151 f\u00e9m ed\u00e9nnyel. Gyors \u00e9s megb\u00edzhat\u00f3 gyanta vagy paraffin meleg\u00edt\u00e9s a k\u00edv\u00e1nt h\u0151fokra 15 perc alatt. A\u00a0Pro wax 200 gyantameleg\u00edt\u0151\u00a0k\u00fcl\u00f6nb\u00f6z\u0151 gyant\u00e1kat meleg\u00edt: Korong \u2013 Gyantagy\u00f6ngy \u2013 T\u00e1lc\u00e1s \u2013 Konzerv Tov\u00e1bbi jellemz\u0151k: M\u00e1rka: [&hellip;]<\/p>\n","protected":false},"featured_media":6223,"comment_status":"open","ping_status":"closed","template":"","meta":[],"product_brand":[],"product_cat":[347,353],"product_tag":[376],"class_list":{"0":"post-6225","1":"product","2":"type-product","3":"status-publish","4":"has-post-thumbnail","6":"product_cat-gyantamelegito-gepek","7":"product_cat-gyantamelegito-gepek-hu","8":"product_tag-wax-machines-hu","10":"first","11":"instock","12":"purchasable","13":"product-type-simple"},"_links":{"self":[{"href":"https:\/\/amicamiashop.com\/hu\/wp-json\/wp\/v2\/product\/6225","targetHints":{"allow":["GET"]}}],"collection":[{"href":"https:\/\/amicamiashop.com\/hu\/wp-json\/wp\/v2\/product"}],"about":[{"href":"https:\/\/amicamiashop.com\/hu\/wp-json\/wp\/v2\/types\/product"}],"replies":[{"embeddable":true,"href":"https:\/\/amicamiashop.com\/hu\/wp-json\/wp\/v2\/comments?post=6225"}],"version-history":[{"count":0,"href":"https:\/\/amicamiashop.com\/hu\/wp-json\/wp\/v2\/product\/6225\/revisions"}],"wp:featuredmedia":[{"embeddable":true,"href":"https:\/\/amicamiashop.com\/hu\/wp-json\/wp\/v2\/media\/6223"}],"wp:attachment":[{"href":"https:\/\/amicamiashop.com\/hu\/wp-json\/wp\/v2\/media?parent=6225"}],"wp:term":[{"taxonomy":"product_brand","embeddable":true,"href":"https:\/\/amicamiashop.com\/hu\/wp-json\/wp\/v2\/product_brand?post=6225"},{"taxonomy":"product_cat","embeddable":true,"href":"https:\/\/amicamiashop.com\/hu\/wp-json\/wp\/v2\/product_cat?post=6225"},{"taxonomy":"product_tag","embeddable":true,"href":"https:\/\/amicamiashop.com\/hu\/wp-json\/wp\/v2\/product_tag?post=6225"}],"curies":[{"name":"wp","href":"https:\/\/api.w.org\/{rel}","templated":true}]}}