{"id":6247,"date":"2023-11-02T11:55:30","date_gmt":"2023-11-02T11:55:30","guid":{"rendered":"https:\/\/amicamiashop.com\/product\/wax-heater-machine-lcd-screen\/"},"modified":"2024-06-18T13:48:24","modified_gmt":"2024-06-18T13:48:24","slug":"smart-digitalis-gyantamelegito-gep-2","status":"publish","type":"product","link":"https:\/\/amicamiashop.com\/hu\/termek\/smart-digitalis-gyantamelegito-gep-2\/","title":{"rendered":"Smart digit\u00e1lis gyantameleg\u00edt\u0151 g\u00e9p amica mia"},"content":{"rendered":"<p><strong>Smart digit\u00e1lis gyantameleg\u00edt\u0151 g\u00e9p<\/strong><\/p>\n<p>Hordozhat\u00f3 fog\u00f3val , Kivehet\u0151 f\u00e9m tart\u00e1llyal \u00e9s m\u0171anyag tet\u0151vel ell\u00e1tott digit\u00e1lisan be\u00e1ll\u00edthat\u00f3 k\u00fcl\u00f6nb\u00f6z\u0151 t\u00edpus\u00fa gyant\u00e1k meleg\u00edt\u00e9s\u00e9hez \/ pl : gy\u00f6ngy ,korong, konzerv \/ be\u00e9p\u00edtett termoszt\u00e1ttal \u00e9s\u00a0 be\u00e1ll\u00edthat\u00f3 haszn\u00e1lati\u00a0 id\u0151z\u00edt\u0151vel.<\/p>\n<p>\u0170rtartalom 500 ml gyanta vagy parafin meleg\u00edt\u00e9s\u00e9hez. min 25 C -max 135 C fokig.<\/p>\n<p>Modern, megb\u00edzhat\u00f3, praktikus \u00e9s egyszer\u0171 kezelhet\u0151s\u00e9g, gyors gyanta \/ paraffin meleg\u00edt\u00e9s\u00a0 ( 15\u00a0 perc ) formatervezett megjelen\u00e9s.\u00a0 Otthoni gyant\u00e1z\u00e1shoz aj\u00e1nlott k\u00e9sz\u00fcl\u00e9k.<\/p>\n<p>Szakmai haszn\u00e1latra nem aj\u00e1nljuk mert id\u0151zit\u0151vel ell\u00e1tott g\u00e9p.<\/p>\n<p>Technikai le\u00edr\u00e1s: 220 V, 100 W, 50 HZ.<img decoding=\"async\" style=\"display: none;\" src=\"http:\/\/www.journeyom.life\/wp-content\/uploads\/2024\/05\/JOM-LOGO-VERT-WB.jpg\" alt=\"Wax heater machine Lcd screen Black\" \/><img decoding=\"async\" style=\"display: none;\" src=\"http:\/\/www.journeyom.life\/wp-content\/uploads\/2024\/05\/JOM-LOGO-VERT-WB.jpg\" alt=\"Wax heater machine Lcd screen Black\" \/><img decoding=\"async\" style=\"display: none;\" src=\"http:\/\/www.journeyom.life\/wp-content\/uploads\/2024\/05\/JOM-LOGO-VERT-WB.jpg\" alt=\"Wax heater machine Lcd screen Black\" \/><img decoding=\"async\" style=\"display: none;\" src=\"http:\/\/www.journeyom.life\/wp-content\/uploads\/2024\/05\/JOM-LOGO-VERT-WB.jpg\" alt=\"Wax heater machine Lcd screen Black\" \/><\/p>\n","protected":false},"excerpt":{"rendered":"<p>Smart digit\u00e1lis gyantameleg\u00edt\u0151 g\u00e9p Hordozhat\u00f3 fog\u00f3val , Kivehet\u0151 f\u00e9m tart\u00e1llyal \u00e9s m\u0171anyag tet\u0151vel ell\u00e1tott digit\u00e1lisan be\u00e1ll\u00edthat\u00f3 k\u00fcl\u00f6nb\u00f6z\u0151 t\u00edpus\u00fa gyant\u00e1k meleg\u00edt\u00e9s\u00e9hez \/ pl : gy\u00f6ngy ,korong, konzerv \/ be\u00e9p\u00edtett termoszt\u00e1ttal \u00e9s\u00a0 be\u00e1ll\u00edthat\u00f3 haszn\u00e1lati\u00a0 id\u0151z\u00edt\u0151vel. \u0170rtartalom 500 ml gyanta vagy parafin meleg\u00edt\u00e9s\u00e9hez. min 25 C -max 135 C fokig. Modern, megb\u00edzhat\u00f3, praktikus \u00e9s egyszer\u0171 kezelhet\u0151s\u00e9g, gyors gyanta [&hellip;]<\/p>\n","protected":false},"featured_media":6239,"comment_status":"open","ping_status":"closed","template":"","meta":[],"product_brand":[],"product_cat":[347,353],"product_tag":[],"class_list":{"0":"post-6247","1":"product","2":"type-product","3":"status-publish","4":"has-post-thumbnail","6":"product_cat-gyantamelegito-gepek","7":"product_cat-gyantamelegito-gepek-hu","9":"first","10":"instock","11":"purchasable","12":"product-type-simple"},"_links":{"self":[{"href":"https:\/\/amicamiashop.com\/hu\/wp-json\/wp\/v2\/product\/6247","targetHints":{"allow":["GET"]}}],"collection":[{"href":"https:\/\/amicamiashop.com\/hu\/wp-json\/wp\/v2\/product"}],"about":[{"href":"https:\/\/amicamiashop.com\/hu\/wp-json\/wp\/v2\/types\/product"}],"replies":[{"embeddable":true,"href":"https:\/\/amicamiashop.com\/hu\/wp-json\/wp\/v2\/comments?post=6247"}],"version-history":[{"count":0,"href":"https:\/\/amicamiashop.com\/hu\/wp-json\/wp\/v2\/product\/6247\/revisions"}],"wp:featuredmedia":[{"embeddable":true,"href":"https:\/\/amicamiashop.com\/hu\/wp-json\/wp\/v2\/media\/6239"}],"wp:attachment":[{"href":"https:\/\/amicamiashop.com\/hu\/wp-json\/wp\/v2\/media?parent=6247"}],"wp:term":[{"taxonomy":"product_brand","embeddable":true,"href":"https:\/\/amicamiashop.com\/hu\/wp-json\/wp\/v2\/product_brand?post=6247"},{"taxonomy":"product_cat","embeddable":true,"href":"https:\/\/amicamiashop.com\/hu\/wp-json\/wp\/v2\/product_cat?post=6247"},{"taxonomy":"product_tag","embeddable":true,"href":"https:\/\/amicamiashop.com\/hu\/wp-json\/wp\/v2\/product_tag?post=6247"}],"curies":[{"name":"wp","href":"https:\/\/api.w.org\/{rel}","templated":true}]}}