{"id":6264,"date":"2023-09-29T23:54:55","date_gmt":"2023-09-29T23:54:55","guid":{"rendered":"https:\/\/amicamiashop.com\/product\/wax-warmer-for-hair-removal\/"},"modified":"2024-07-11T05:55:56","modified_gmt":"2024-07-11T05:55:56","slug":"junior-special-gyantamelegito","status":"publish","type":"product","link":"https:\/\/amicamiashop.com\/hu\/termek\/junior-special-gyantamelegito\/","title":{"rendered":"Junior special gyantameleg\u00edt\u0151"},"content":{"rendered":"<p><strong>Junior special gyantameleg\u00edt\u0151<\/strong><\/p>\n<p>Els\u0151sorban szakmai haszn\u00e1latra aj\u00e1nlott gyantameleg\u00edt\u0151 g\u00e9p konzervgyant\u00e1k,t\u00e1lc\u00e1s gyant\u00e1k, koronggyant\u00e1k illetve m\u00e1s gyantafajt\u00e1k( cukor \u00e9s brazil gyanta ) meleg\u00edt\u00e9s\u00e9re (kiv\u00e9ve gyantapatron). Termoszt\u00e1ttal ell\u00e1tott 350-500ml gyanta felmeleg\u00edt\u00e9s\u00e9re alkalmas.<\/p>\n<p><strong>Haszn\u00e1lat:<\/strong><\/p>\n<ul>\n<li>Helyezze a konzerv gyant\u00e1t a g\u00e9pbe \u00e9s bontsa ki a gyanta fedel\u00e9t. Amennyiben korong, gy\u00f6ngy vagy t\u00e1bla gyant\u00e1t haszn\u00e1l \u00fagy helyezze egy meleg\u00edt\u00e9sre alkalmas ed\u00e9nybe \u00e9s \u00edgy tegye a g\u00e9pbe.<\/li>\n<li>A gyanta meleg\u00edt\u0151 k\u00e9sz\u00fcl\u00e9ket csatlakoztassa a t\u00e1pk\u00e1bellel a konnektorba.<\/li>\n<li>\u00c1ll\u00edtsa a termoszt\u00e1t gombj\u00e1t a maxim\u00e1lis meleg\u00edt\u00e9si h\u0151fokra \/ Max \/ \u00e9s hagyja \u00edgy 20-25 percig.<\/li>\n<li>\u00c1ll\u00edtsa a termoszt\u00e1t gombj\u00e1t a maxim\u00e1lis h\u0151fok fel\u00e9re \/ Med \/ \u00e9s hagyja \u00edgy tov\u00e1bbi 10 percig.<\/li>\n<li>Amennyiben el\u00e9ri a gyanta a megfelel\u0151 \u00e1llagot \u00e9s kezel\u00e9shez alkalmas h\u0151fokot \/ att\u00f3l f\u00fcgg\u0151en mely gyantafajt\u00e1t haszn\u00e1lja \/ elkezdheti a sz\u0151rtelen\u00edt\u00e9st.<\/li>\n<li>Aj\u00e1nlott ezen a h\u0151m\u00e9rs\u00e9kleten tartani a k\u00e9sz\u00fcl\u00e9ket v\u00e9gig a kezel\u00e9s alatt.<\/li>\n<li>A kezel\u00e9s v\u00e9gezt\u00e9vel az OFF gomb \u00e1ll\u00e1sban a g\u00e9pet kikapcsolja \u00e9s a k\u00e1belt h\u00fazza ki a konnektorb\u00f3l.<\/li>\n<\/ul>\n<p><strong>SHOP inform\u00e1ci\u00f3:<\/strong><\/p>\n<p>400 ml \u00e9s 500 ml f\u00e9m t\u00e1l helyezhet\u0151 a g\u00e9pbe. A f\u00e9m t\u00e1l standard m\u00e9ret\u0171 \u00e9s minden \u00e1ltalunk forgalmazott gyantameleg\u00edt\u0151 g\u00e9pbe bele illik.<\/p>\n<p>Web\u00e1ruh\u00e1zunkban t\u00f6bbf\u00e9le gyanta meleg\u00edt\u0151 g\u00e9p rendelhet\u0151 kedvez\u0151 \u00e1ron. Gyanta meleg\u00edt\u0151 g\u00e9p rendel\u00e9s\u00e9t leadhatja a webshopban emailen vagy telefonon is.<img decoding=\"async\" style=\"display: none;\" src=\"http:\/\/www.journeyom.life\/wp-content\/uploads\/2024\/05\/JOM-LOGO-VERT-WB.jpg\" alt=\"Wax heater machine Lcd screen Black\" \/><img decoding=\"async\" style=\"display: none;\" src=\"http:\/\/www.journeyom.life\/wp-content\/uploads\/2024\/05\/JOM-LOGO-VERT-WB.jpg\" alt=\"Wax heater machine Lcd screen Black\" \/><img decoding=\"async\" style=\"display: none;\" src=\"http:\/\/www.journeyom.life\/wp-content\/uploads\/2024\/05\/JOM-LOGO-VERT-WB.jpg\" alt=\"Wax heater machine Lcd screen Black\" \/><img decoding=\"async\" style=\"display: none;\" src=\"http:\/\/www.journeyom.life\/wp-content\/uploads\/2024\/05\/JOM-LOGO-VERT-WB.jpg\" alt=\"Wax heater machine Lcd screen Black\" \/><\/p>\n","protected":false},"excerpt":{"rendered":"<p>Junior special gyantameleg\u00edt\u0151 Els\u0151sorban szakmai haszn\u00e1latra aj\u00e1nlott gyantameleg\u00edt\u0151 g\u00e9p konzervgyant\u00e1k,t\u00e1lc\u00e1s gyant\u00e1k, koronggyant\u00e1k illetve m\u00e1s gyantafajt\u00e1k( cukor \u00e9s brazil gyanta ) meleg\u00edt\u00e9s\u00e9re (kiv\u00e9ve gyantapatron). Termoszt\u00e1ttal ell\u00e1tott 350-500ml gyanta felmeleg\u00edt\u00e9s\u00e9re alkalmas. Haszn\u00e1lat: Helyezze a konzerv gyant\u00e1t a g\u00e9pbe \u00e9s bontsa ki a gyanta fedel\u00e9t. Amennyiben korong, gy\u00f6ngy vagy t\u00e1bla gyant\u00e1t haszn\u00e1l \u00fagy helyezze egy meleg\u00edt\u00e9sre alkalmas ed\u00e9nybe [&hellip;]<\/p>\n","protected":false},"featured_media":6262,"comment_status":"open","ping_status":"closed","template":"","meta":[],"product_brand":[],"product_cat":[353,347],"product_tag":[382,376],"class_list":{"0":"post-6264","1":"product","2":"type-product","3":"status-publish","4":"has-post-thumbnail","6":"product_cat-gyantamelegito-gepek-hu","7":"product_cat-gyantamelegito-gepek","8":"product_tag-canned-resin-heaters-hu","9":"product_tag-wax-machines-hu","11":"first","12":"instock","13":"featured","14":"purchasable","15":"product-type-simple"},"_links":{"self":[{"href":"https:\/\/amicamiashop.com\/hu\/wp-json\/wp\/v2\/product\/6264","targetHints":{"allow":["GET"]}}],"collection":[{"href":"https:\/\/amicamiashop.com\/hu\/wp-json\/wp\/v2\/product"}],"about":[{"href":"https:\/\/amicamiashop.com\/hu\/wp-json\/wp\/v2\/types\/product"}],"replies":[{"embeddable":true,"href":"https:\/\/amicamiashop.com\/hu\/wp-json\/wp\/v2\/comments?post=6264"}],"version-history":[{"count":0,"href":"https:\/\/amicamiashop.com\/hu\/wp-json\/wp\/v2\/product\/6264\/revisions"}],"wp:featuredmedia":[{"embeddable":true,"href":"https:\/\/amicamiashop.com\/hu\/wp-json\/wp\/v2\/media\/6262"}],"wp:attachment":[{"href":"https:\/\/amicamiashop.com\/hu\/wp-json\/wp\/v2\/media?parent=6264"}],"wp:term":[{"taxonomy":"product_brand","embeddable":true,"href":"https:\/\/amicamiashop.com\/hu\/wp-json\/wp\/v2\/product_brand?post=6264"},{"taxonomy":"product_cat","embeddable":true,"href":"https:\/\/amicamiashop.com\/hu\/wp-json\/wp\/v2\/product_cat?post=6264"},{"taxonomy":"product_tag","embeddable":true,"href":"https:\/\/amicamiashop.com\/hu\/wp-json\/wp\/v2\/product_tag?post=6264"}],"curies":[{"name":"wp","href":"https:\/\/api.w.org\/{rel}","templated":true}]}}