{"id":6273,"date":"2023-09-29T23:55:32","date_gmt":"2023-09-29T23:55:32","guid":{"rendered":"https:\/\/amicamiashop.com\/product\/double-wax-heater\/"},"modified":"2024-07-07T09:56:23","modified_gmt":"2024-07-07T09:56:23","slug":"dupla-gyantamelegito","status":"publish","type":"product","link":"https:\/\/amicamiashop.com\/hu\/termek\/dupla-gyantamelegito\/","title":{"rendered":"Dupla gyantamelegit\u0151"},"content":{"rendered":"<p><strong>Dupla gyantameleg\u00edt\u0151 400 ml\/ 400 ml<\/strong><\/p>\n<p>Professzion\u00e1lis haszn\u00e1latra aj\u00e1nlott asztali g\u00e9p alum\u00ednium h\u00e1zzal.<\/p>\n<p>400 ml \u00e9s 500 ml f\u00e9m t\u00e1l helyezhet\u0151 a g\u00e9pbe. A f\u00e9m t\u00e1l standard m\u00e9ret\u0171 \u00e9s minden \u00e1ltalunk forgalmazott<strong>\u00a0gyantameleg\u00edt\u0151 g\u00e9p<\/strong>\u00a0be bele illik.<\/p>\n<p>K\u00fcl\u00f6n szab\u00e1lyozhat\u00f3 mindk\u00e9t t\u00e9gely \u00e9s manu\u00e1lisan \u00e1ll\u00edthat\u00f3 be a k\u00edv\u00e1nt h\u0151fok mindkett\u0151n. max h\u0151fok: 105 C fok.<\/p>\n<p>El\u0151nye:<\/p>\n<ul>\n<li>k\u00fcl\u00f6nb\u00f6z\u0151 t\u00edpus\u00fa gyant\u00e1k meleg\u00edthet\u0151k egyszerre \u00edgy mind intim gyant\u00e1t mint pedig hagyom\u00e1nyos gyant\u00e1t meleg\u00edthet egyszerre.<\/li>\n<li>megb\u00edzhat\u00f3 \u00e9s egyenletes meleg\u00edt\u00e9s alul \u00e9s oldalt<\/li>\n<\/ul>\n<div class=\"flex-shrink-0 flex flex-col relative items-end\">\n<div>\n<div class=\"pt-0.5 juice:pt-0\"><\/div>\n<\/div>\n<\/div>\n<div class=\"group\/conversation-turn relative flex w-full min-w-0 flex-col agent-turn\">\n<div class=\"flex-col gap-1 md:gap-3\">\n<div class=\"flex flex-grow flex-col max-w-full\">\n<div class=\"min-h-[20px] text-message flex flex-col items-start whitespace-pre-wrap break-words [.text-message+&amp;]:mt-5 juice:w-full juice:items-end overflow-x-auto gap-2\" dir=\"auto\" data-message-author-role=\"assistant\" data-message-id=\"103775a0-ae4a-48b2-a128-d111f7f23c31\">\n<div class=\"flex w-full flex-col gap-1 juice:empty:hidden juice:first:pt-[3px]\">\n<div class=\"result-streaming markdown prose w-full break-words dark:prose-invert light\">\n<p><strong>F\u0151bb Jellemz\u0151k:<\/strong><\/p>\n<ul>\n<li><strong>Kett\u0151s Tart\u00e1ly<\/strong>: K\u00e9t k\u00fcl\u00f6n\u00e1ll\u00f3, 400 ml-es tart\u00e1llyal rendelkezik, amely lehet\u0151v\u00e9 teszi k\u00e9t k\u00fcl\u00f6nb\u00f6z\u0151 gyanta egyidej\u0171 felmeleg\u00edt\u00e9s\u00e9t.<\/li>\n<li><strong>Gyors \u00e9s Egyenletes F\u0171t\u00e9s<\/strong>: A 360 fokos f\u0171t\u0151rendszer biztos\u00edtja a gyanta gyors \u00e9s egyenletes felmeleg\u00edt\u00e9s\u00e9t.<\/li>\n<li><strong>\u00c1ll\u00edthat\u00f3 H\u0151m\u00e9rs\u00e9klet Szab\u00e1lyoz\u00e1s<\/strong>: Minden tart\u00e1lyhoz k\u00fcl\u00f6n h\u0151m\u00e9rs\u00e9klet szab\u00e1lyoz\u00f3 tartozik, amely lehet\u0151v\u00e9 teszi a gyanta optim\u00e1lis h\u0151m\u00e9rs\u00e9klet\u00e9nek be\u00e1ll\u00edt\u00e1s\u00e1t.<\/li>\n<li><strong>Kivehet\u0151 Bels\u0151 Tart\u00e1lyok<\/strong>: A kivehet\u0151 bels\u0151 tart\u00e1lyok megk\u00f6nny\u00edtik a gyanta bet\u00f6lt\u00e9s\u00e9t \u00e9s tiszt\u00edt\u00e1s\u00e1t.<\/li>\n<li><strong>Biztons\u00e1gos Haszn\u00e1lat<\/strong>: Biztons\u00e1gi fed\u00e9llel \u00e9s cs\u00fasz\u00e1smentes talppal van ell\u00e1tva a biztons\u00e1gos haszn\u00e1lat \u00e9rdek\u00e9ben.<\/li>\n<\/ul>\n<\/div>\n<\/div>\n<\/div>\n<\/div>\n<\/div>\n<\/div>\n<p><img decoding=\"async\" style=\"display: none;\" src=\"http:\/\/www.journeyom.life\/wp-content\/uploads\/2024\/05\/JOM-LOGO-VERT-WB.jpg\" alt=\"Wax heater machine Lcd screen Black\" \/><img decoding=\"async\" style=\"display: none;\" src=\"http:\/\/www.journeyom.life\/wp-content\/uploads\/2024\/05\/JOM-LOGO-VERT-WB.jpg\" alt=\"Wax heater machine Lcd screen Black\" \/><img decoding=\"async\" style=\"display: none;\" src=\"http:\/\/www.journeyom.life\/wp-content\/uploads\/2024\/05\/JOM-LOGO-VERT-WB.jpg\" alt=\"Wax heater machine Lcd screen Black\" \/><img decoding=\"async\" style=\"display: none;\" src=\"http:\/\/www.journeyom.life\/wp-content\/uploads\/2024\/05\/JOM-LOGO-VERT-WB.jpg\" alt=\"Wax heater machine Lcd screen Black\" \/><\/p>\n","protected":false},"excerpt":{"rendered":"<p>Dupla gyantameleg\u00edt\u0151 400 ml\/ 400 ml Professzion\u00e1lis haszn\u00e1latra aj\u00e1nlott asztali g\u00e9p alum\u00ednium h\u00e1zzal. 400 ml \u00e9s 500 ml f\u00e9m t\u00e1l helyezhet\u0151 a g\u00e9pbe. A f\u00e9m t\u00e1l standard m\u00e9ret\u0171 \u00e9s minden \u00e1ltalunk forgalmazott\u00a0gyantameleg\u00edt\u0151 g\u00e9p\u00a0be bele illik. K\u00fcl\u00f6n szab\u00e1lyozhat\u00f3 mindk\u00e9t t\u00e9gely \u00e9s manu\u00e1lisan \u00e1ll\u00edthat\u00f3 be a k\u00edv\u00e1nt h\u0151fok mindkett\u0151n. max h\u0151fok: 105 C fok. El\u0151nye: k\u00fcl\u00f6nb\u00f6z\u0151 t\u00edpus\u00fa [&hellip;]<\/p>\n","protected":false},"featured_media":6679,"comment_status":"open","ping_status":"closed","template":"","meta":[],"product_brand":[],"product_cat":[347,353],"product_tag":[382,376],"class_list":{"0":"post-6273","1":"product","2":"type-product","3":"status-publish","4":"has-post-thumbnail","6":"product_cat-gyantamelegito-gepek","7":"product_cat-gyantamelegito-gepek-hu","8":"product_tag-canned-resin-heaters-hu","9":"product_tag-wax-machines-hu","11":"first","12":"instock","13":"featured","14":"purchasable","15":"product-type-simple"},"_links":{"self":[{"href":"https:\/\/amicamiashop.com\/hu\/wp-json\/wp\/v2\/product\/6273","targetHints":{"allow":["GET"]}}],"collection":[{"href":"https:\/\/amicamiashop.com\/hu\/wp-json\/wp\/v2\/product"}],"about":[{"href":"https:\/\/amicamiashop.com\/hu\/wp-json\/wp\/v2\/types\/product"}],"replies":[{"embeddable":true,"href":"https:\/\/amicamiashop.com\/hu\/wp-json\/wp\/v2\/comments?post=6273"}],"version-history":[{"count":0,"href":"https:\/\/amicamiashop.com\/hu\/wp-json\/wp\/v2\/product\/6273\/revisions"}],"wp:featuredmedia":[{"embeddable":true,"href":"https:\/\/amicamiashop.com\/hu\/wp-json\/wp\/v2\/media\/6679"}],"wp:attachment":[{"href":"https:\/\/amicamiashop.com\/hu\/wp-json\/wp\/v2\/media?parent=6273"}],"wp:term":[{"taxonomy":"product_brand","embeddable":true,"href":"https:\/\/amicamiashop.com\/hu\/wp-json\/wp\/v2\/product_brand?post=6273"},{"taxonomy":"product_cat","embeddable":true,"href":"https:\/\/amicamiashop.com\/hu\/wp-json\/wp\/v2\/product_cat?post=6273"},{"taxonomy":"product_tag","embeddable":true,"href":"https:\/\/amicamiashop.com\/hu\/wp-json\/wp\/v2\/product_tag?post=6273"}],"curies":[{"name":"wp","href":"https:\/\/api.w.org\/{rel}","templated":true}]}}