{"id":6297,"date":"2023-09-29T23:56:20","date_gmt":"2023-09-29T23:56:20","guid":{"rendered":"https:\/\/amicamiashop.com\/product\/beauty-bed-bianca-8205\/"},"modified":"2026-04-06T17:23:01","modified_gmt":"2026-04-06T17:23:01","slug":"kozmetikai-kezeloagy","status":"publish","type":"product","link":"https:\/\/amicamiashop.com\/hu\/termek\/kozmetikai-kezeloagy\/","title":{"rendered":"Kozmetikai kezel\u0151\u00e1gy"},"content":{"rendered":"<p><strong>Bianca 8205 Kozmetikai kezel\u0151\u00e1gy\u00a0<\/strong><\/p>\n<p>Massz\u00e1zs\u00e1gy, manu\u00e1lisan \u00e1ll\u00edthat\u00f3 h\u00e1tt\u00e1ml\u00e1val \u00e9s kivehet\u0151 fejr\u00e9sszel amely ide\u00e1lis kozmetikai arc \u00e9s testkezel\u00e9sekhez valamint massz\u00edroz\u00e1shoz.\u00a0 Ac\u00e9lszerkezet, Feh\u00e9r m\u0171b\u0151r k\u00e1rpit, pap\u00edrhenger tart\u00f3 r\u00e9sz<\/p>\n<ul>\n<li>Teherb\u00edr\u00e1s: 200 kg<\/li>\n<li>S\u00faly: 35 kg<\/li>\n<li>M\u00e9retek: hossz\u00fas\u00e1g 190 cm sz\u00e9less\u00e9g: 70 cm\u00a0 magass\u00e1g: fekv\u0151fel\u00fclet magass\u00e1ga: 60cm<\/li>\n<li>\u00e1llithat\u00f3 h\u00e1tt\u00e1mla<\/li>\n<li>Sz\u00edn: feh\u00e9r<\/li>\n<\/ul>\n<p><img decoding=\"async\" style=\"display: none;\" src=\"http:\/\/www.journeyom.life\/wp-content\/uploads\/2024\/05\/JOM-LOGO-VERT-WB.jpg\" alt=\"Wax heater machine Lcd screen Black\" \/><img decoding=\"async\" style=\"display: none;\" src=\"http:\/\/www.journeyom.life\/wp-content\/uploads\/2024\/05\/JOM-LOGO-VERT-WB.jpg\" alt=\"Wax heater machine Lcd screen Black\" \/><img decoding=\"async\" style=\"display: none;\" src=\"http:\/\/www.journeyom.life\/wp-content\/uploads\/2024\/05\/JOM-LOGO-VERT-WB.jpg\" alt=\"Wax heater machine Lcd screen Black\" \/><img decoding=\"async\" style=\"display: none;\" src=\"http:\/\/www.journeyom.life\/wp-content\/uploads\/2024\/05\/JOM-LOGO-VERT-WB.jpg\" alt=\"Wax heater machine Lcd screen Black\" \/><\/p>\n","protected":false},"excerpt":{"rendered":"<p>Bianca 8205 Kozmetikai kezel\u0151\u00e1gy\u00a0 Massz\u00e1zs\u00e1gy, manu\u00e1lisan \u00e1ll\u00edthat\u00f3 h\u00e1tt\u00e1ml\u00e1val \u00e9s kivehet\u0151 fejr\u00e9sszel amely ide\u00e1lis kozmetikai arc \u00e9s testkezel\u00e9sekhez valamint massz\u00edroz\u00e1shoz.\u00a0 Ac\u00e9lszerkezet, Feh\u00e9r m\u0171b\u0151r k\u00e1rpit, pap\u00edrhenger tart\u00f3 r\u00e9sz Teherb\u00edr\u00e1s: 200 kg S\u00faly: 35 kg M\u00e9retek: hossz\u00fas\u00e1g 190 cm sz\u00e9less\u00e9g: 70 cm\u00a0 magass\u00e1g: fekv\u0151fel\u00fclet magass\u00e1ga: 60cm \u00e1llithat\u00f3 h\u00e1tt\u00e1mla Sz\u00edn: feh\u00e9r<\/p>\n","protected":false},"featured_media":6295,"comment_status":"open","ping_status":"closed","template":"","meta":[],"product_brand":[],"product_cat":[387],"product_tag":[389],"class_list":{"0":"post-6297","1":"product","2":"type-product","3":"status-publish","4":"has-post-thumbnail","6":"product_cat-szalonberendezesek","7":"product_tag-cosmetic-supplies-hu","9":"first","10":"outofstock","11":"purchasable","12":"product-type-simple"},"_links":{"self":[{"href":"https:\/\/amicamiashop.com\/hu\/wp-json\/wp\/v2\/product\/6297","targetHints":{"allow":["GET"]}}],"collection":[{"href":"https:\/\/amicamiashop.com\/hu\/wp-json\/wp\/v2\/product"}],"about":[{"href":"https:\/\/amicamiashop.com\/hu\/wp-json\/wp\/v2\/types\/product"}],"replies":[{"embeddable":true,"href":"https:\/\/amicamiashop.com\/hu\/wp-json\/wp\/v2\/comments?post=6297"}],"version-history":[{"count":0,"href":"https:\/\/amicamiashop.com\/hu\/wp-json\/wp\/v2\/product\/6297\/revisions"}],"wp:featuredmedia":[{"embeddable":true,"href":"https:\/\/amicamiashop.com\/hu\/wp-json\/wp\/v2\/media\/6295"}],"wp:attachment":[{"href":"https:\/\/amicamiashop.com\/hu\/wp-json\/wp\/v2\/media?parent=6297"}],"wp:term":[{"taxonomy":"product_brand","embeddable":true,"href":"https:\/\/amicamiashop.com\/hu\/wp-json\/wp\/v2\/product_brand?post=6297"},{"taxonomy":"product_cat","embeddable":true,"href":"https:\/\/amicamiashop.com\/hu\/wp-json\/wp\/v2\/product_cat?post=6297"},{"taxonomy":"product_tag","embeddable":true,"href":"https:\/\/amicamiashop.com\/hu\/wp-json\/wp\/v2\/product_tag?post=6297"}],"curies":[{"name":"wp","href":"https:\/\/api.w.org\/{rel}","templated":true}]}}