{"id":6303,"date":"2023-09-29T23:56:42","date_gmt":"2023-09-29T23:56:42","guid":{"rendered":"https:\/\/amicamiashop.com\/product\/electric-beauty-bed\/"},"modified":"2024-07-01T11:06:06","modified_gmt":"2024-07-01T11:06:06","slug":"electric-beauty-bed","status":"publish","type":"product","link":"https:\/\/amicamiashop.com\/hu\/termek\/electric-beauty-bed\/","title":{"rendered":"Daria kozmetikai kezeloagy 3 motoros"},"content":{"rendered":"<p><strong>D\u00e1ria 3 motoros kozmetikai kezel\u0151\u00e1gy<\/strong><\/p>\n<p>Electric beauty bed<\/p>\n<p>Az exkluz\u00edv kozmetika szalonok egyik kedvence a\u00a0<strong>3 motoros kozmetikai kezel\u0151 \u00e1gy,<\/strong>\u00a0mely a egyszer\u0171bb\u00e9 \u00e9s k\u00e9nyelmesebb\u00e9 teszi mind a szakember mind vend\u00e9ge k\u00e9nyelm\u00e9t. Aj\u00e1nlott testkezel\u00e9sek v\u00e9gz\u00e9s\u00e9re. A mindennapos haszn\u00e1lathoz \u00e9s kezel\u00e9si poz\u00edci\u00f3hoz ide\u00e1lis 3 elektromos motorral rendelkezik, melyekkel a magass\u00e1g, h\u00e1tt\u00e1mla \u00e9s l\u00e1br\u00e9sz \u00e1ll\u00edthat\u00f3ak. A vez\u00e9rl\u00e9sr\u0151l vezet\u00e9kes t\u00e1vir\u00e1ny\u00edt\u00f3 gondoskodik, mellyel\u00a0 t\u00f6bb mozgat\u00e1si funkci\u00f3 is elv\u00e9gezhet\u0151. H\u00e1tt\u00e1mla max. emelked\u00e9se 90 fokban valamint a l\u00e1br\u00e9sz emel\u00e9se \u00e9s d\u00f6nt\u00e9se.<\/p>\n<p><em>Szalonok r\u00e9sz\u00e9re: min 3 db \u00e1gy rendel\u00e9se eset\u00e9n ig\u00e9ny szerint v\u00e1laszthat\u00f3 a sz\u00edn a sz\u00edn palett\u00e1t k\u00fcl\u00f6n elk\u00fcldj\u00fck r\u00e9sz\u00fckre.<\/em><\/p>\n<ul>\n<li>Elektromosan az \u00fcl\u0151fel\u00fclet magass\u00e1g\u00e1t, h\u00e1tt\u00e1ml\u00e1t\u00a0 \u00e9s a l\u00e1b r\u00e9szt lehet \u00e1llitani<\/li>\n<li>H\u00e1tra billenthet\u0151 \u00e9s kivehet\u0151 karfa, feh\u00e9r m\u0171b\u0151r k\u00e1rpittal.<\/li>\n<li>M\u00e9retek: Magass\u00e1g: 60-80 cm \u00dcl\u00e9s sz\u00e9less\u00e9g: 60 cm Hossz\u00fas\u00e1g: 184 cm + l\u00e1br\u00e9szn\u00e9l \u00e1ll\u00edthat\u00f3 \u00e9s meghosszabb\u00edthat\u00f3 r\u00e9sz<\/li>\n<li>A h\u00e1tt\u00e1ml\u00e1ban arckiv\u00e1g\u00e1s tal\u00e1lhat\u00f3 \u00e9s kivehet\u0151 fejp\u00e1rna.<\/li>\n<li>az \u00e1gy \u00f6ns\u00falya: 90kg<\/li>\n<\/ul>\n<p><strong>M\u00e9retek:<\/strong><\/p>\n<p>Magass\u00e1g: 80 cm<br \/>\nSz\u00e9less\u00e9g: 60\u00a0 cm<br \/>\nHossz\u00fas\u00e1g: 184 cm<\/p>\n<ul>\n<li>Elektromos magass\u00e1g, h\u00e1tt\u00e1mla, l\u00e1br\u00e9sz \u00e1ll\u00edt\u00e1si lehet\u0151s\u00e9g<\/li>\n<li>T\u00e1vir\u00e1ny\u00edt\u00f3s vez\u00e9rl\u00e9s hangtalan motor<\/li>\n<li>Kivehet\u0151 fejp\u00e1rna<\/li>\n<li>M\u0171b\u0151r huzat<\/li>\n<li>Sz\u00edn: feh\u00e9r<\/li>\n<li>Teherb\u00edr\u00e1s: 180 kg<\/li>\n<\/ul>\n<p>\u00c1PRILISBAN \u00c9RKEZIK RAKT\u00c1RUNKBA A TERM\u00c9K AMELYRE EL\u0150RENDEL\u00c9ST FELVESZ\u00dcNK:<img decoding=\"async\" style=\"display: none;\" src=\"http:\/\/www.journeyom.life\/wp-content\/uploads\/2024\/05\/JOM-LOGO-VERT-WB.jpg\" alt=\"Wax heater machine Lcd screen Black\" \/><img decoding=\"async\" style=\"display: none;\" src=\"http:\/\/www.journeyom.life\/wp-content\/uploads\/2024\/05\/JOM-LOGO-VERT-WB.jpg\" alt=\"Wax heater machine Lcd screen Black\" \/><img decoding=\"async\" style=\"display: none;\" src=\"http:\/\/www.journeyom.life\/wp-content\/uploads\/2024\/05\/JOM-LOGO-VERT-WB.jpg\" alt=\"Wax heater machine Lcd screen Black\" \/><img decoding=\"async\" style=\"display: none;\" src=\"http:\/\/www.journeyom.life\/wp-content\/uploads\/2024\/05\/JOM-LOGO-VERT-WB.jpg\" alt=\"Wax heater machine Lcd screen Black\" \/><\/p>\n","protected":false},"excerpt":{"rendered":"<p>D\u00e1ria 3 motoros kozmetikai kezel\u0151\u00e1gy Electric beauty bed Az exkluz\u00edv kozmetika szalonok egyik kedvence a\u00a03 motoros kozmetikai kezel\u0151 \u00e1gy,\u00a0mely a egyszer\u0171bb\u00e9 \u00e9s k\u00e9nyelmesebb\u00e9 teszi mind a szakember mind vend\u00e9ge k\u00e9nyelm\u00e9t. Aj\u00e1nlott testkezel\u00e9sek v\u00e9gz\u00e9s\u00e9re. A mindennapos haszn\u00e1lathoz \u00e9s kezel\u00e9si poz\u00edci\u00f3hoz ide\u00e1lis 3 elektromos motorral rendelkezik, melyekkel a magass\u00e1g, h\u00e1tt\u00e1mla \u00e9s l\u00e1br\u00e9sz \u00e1ll\u00edthat\u00f3ak. A vez\u00e9rl\u00e9sr\u0151l vezet\u00e9kes t\u00e1vir\u00e1ny\u00edt\u00f3 [&hellip;]<\/p>\n","protected":false},"featured_media":6301,"comment_status":"open","ping_status":"closed","template":"","meta":[],"product_brand":[],"product_cat":[387],"product_tag":[652],"class_list":{"0":"post-6303","1":"product","2":"type-product","3":"status-publish","4":"has-post-thumbnail","6":"product_cat-szalonberendezesek","7":"product_tag-electric-beauty-bed-hu","9":"first","10":"instock","11":"taxable","12":"shipping-taxable","13":"purchasable","14":"product-type-simple"},"_links":{"self":[{"href":"https:\/\/amicamiashop.com\/hu\/wp-json\/wp\/v2\/product\/6303","targetHints":{"allow":["GET"]}}],"collection":[{"href":"https:\/\/amicamiashop.com\/hu\/wp-json\/wp\/v2\/product"}],"about":[{"href":"https:\/\/amicamiashop.com\/hu\/wp-json\/wp\/v2\/types\/product"}],"replies":[{"embeddable":true,"href":"https:\/\/amicamiashop.com\/hu\/wp-json\/wp\/v2\/comments?post=6303"}],"version-history":[{"count":0,"href":"https:\/\/amicamiashop.com\/hu\/wp-json\/wp\/v2\/product\/6303\/revisions"}],"wp:featuredmedia":[{"embeddable":true,"href":"https:\/\/amicamiashop.com\/hu\/wp-json\/wp\/v2\/media\/6301"}],"wp:attachment":[{"href":"https:\/\/amicamiashop.com\/hu\/wp-json\/wp\/v2\/media?parent=6303"}],"wp:term":[{"taxonomy":"product_brand","embeddable":true,"href":"https:\/\/amicamiashop.com\/hu\/wp-json\/wp\/v2\/product_brand?post=6303"},{"taxonomy":"product_cat","embeddable":true,"href":"https:\/\/amicamiashop.com\/hu\/wp-json\/wp\/v2\/product_cat?post=6303"},{"taxonomy":"product_tag","embeddable":true,"href":"https:\/\/amicamiashop.com\/hu\/wp-json\/wp\/v2\/product_tag?post=6303"}],"curies":[{"name":"wp","href":"https:\/\/api.w.org\/{rel}","templated":true}]}}