{"id":6308,"date":"2023-09-29T23:55:57","date_gmt":"2023-09-29T23:55:57","guid":{"rendered":"https:\/\/amicamiashop.com\/product\/cosmetic-5d-magnifier-led-lamp\/"},"modified":"2026-03-16T07:33:09","modified_gmt":"2026-03-16T07:33:09","slug":"kozmetikai-nagyitos-lampa","status":"publish","type":"product","link":"https:\/\/amicamiashop.com\/hu\/termek\/kozmetikai-nagyitos-lampa\/","title":{"rendered":"kozmetikai l\u00e1mpa"},"content":{"rendered":"<div class=\"TnITTtw-tpart TnITTtw-t\">\n<p><strong>Ledes kozmetikai nagy\u00edt\u00f3s l\u00e1mpa<\/strong><\/p>\n<p>\u00c1ll\u00f3 LED-es kozmetikai \u00e1ll\u00f3l\u00e1mpa,\u00a0 68W, dimmelhet\u0151 f\u00e9nyer\u0151vel, 5x nagy\u00edt\u00e1ssal, d\u00f6nthet\u0151 nyakkal. Nagy f\u00e9nyer\u0151vel. Kerekeken gurul, az als\u00f3 tart\u00e1lyba vizet \u00f6ntve \u00e9rhetj\u00fck el a maxim\u00e1lis stabilit\u00e1st. Magass\u00e1g\u00e1t tetsz\u0151legesen \u00e1ll\u00edthatjuk. A k\u00f6r led elhelyez\u00e9s\u00e9nek k\u00f6sz\u00f6nhet\u0151en 360 fokban \u00e1rny\u00e9kmentes a nagy\u00edtott fel\u00fclet.<\/p>\n<p>M\u00e9retek:<br \/>\nMunkamagass\u00e1g: 60cm -172cm k\u00f6z\u00f6tt \u00e1ll\u00edthat\u00f3<br \/>\nS\u00falya: 2,5kg<br \/>\nBemeneti fesz\u00fclts\u00e9g: 110V \/ 220-240V 60 Hz<br \/>\nNagy\u00edt\u00e1s: 8x<br \/>\nSz\u00ednh\u0151m\u00e9rs\u00e9klet: 5500K<br \/>\nLED-ek sz\u00e1ma: 120db SDM<br \/>\nTeljes\u00edtm\u00e9nye: 68W<br \/>\nAnyaga: f\u00e9m, m\u0171anyag<br \/>\nTalp \u00e1tm\u00e9r\u0151je: 30 cm ( fix nehez\u00e9kkel vagy k\u00f6nny\u00edtett m\u0171anyag talppal )<\/p>\n<\/div>\n<p><img decoding=\"async\" style=\"display: none;\" src=\"http:\/\/www.journeyom.life\/wp-content\/uploads\/2024\/05\/JOM-LOGO-VERT-WB.jpg\" alt=\"Wax heater machine Lcd screen Black\" \/><img decoding=\"async\" style=\"display: none;\" src=\"http:\/\/www.journeyom.life\/wp-content\/uploads\/2024\/05\/JOM-LOGO-VERT-WB.jpg\" alt=\"Wax heater machine Lcd screen Black\" \/><img decoding=\"async\" style=\"display: none;\" src=\"http:\/\/www.journeyom.life\/wp-content\/uploads\/2024\/05\/JOM-LOGO-VERT-WB.jpg\" alt=\"Wax heater machine Lcd screen Black\" \/><img decoding=\"async\" style=\"display: none;\" src=\"http:\/\/www.journeyom.life\/wp-content\/uploads\/2024\/05\/JOM-LOGO-VERT-WB.jpg\" alt=\"Wax heater machine Lcd screen Black\" \/><\/p>\n","protected":false},"excerpt":{"rendered":"<p>Ledes kozmetikai nagy\u00edt\u00f3s l\u00e1mpa \u00c1ll\u00f3 LED-es kozmetikai \u00e1ll\u00f3l\u00e1mpa,\u00a0 68W, dimmelhet\u0151 f\u00e9nyer\u0151vel, 5x nagy\u00edt\u00e1ssal, d\u00f6nthet\u0151 nyakkal. Nagy f\u00e9nyer\u0151vel. Kerekeken gurul, az als\u00f3 tart\u00e1lyba vizet \u00f6ntve \u00e9rhetj\u00fck el a maxim\u00e1lis stabilit\u00e1st. Magass\u00e1g\u00e1t tetsz\u0151legesen \u00e1ll\u00edthatjuk. A k\u00f6r led elhelyez\u00e9s\u00e9nek k\u00f6sz\u00f6nhet\u0151en 360 fokban \u00e1rny\u00e9kmentes a nagy\u00edtott fel\u00fclet. M\u00e9retek: Munkamagass\u00e1g: 60cm -172cm k\u00f6z\u00f6tt \u00e1ll\u00edthat\u00f3 S\u00falya: 2,5kg Bemeneti fesz\u00fclts\u00e9g: 110V \/ [&hellip;]<\/p>\n","protected":false},"featured_media":14564,"comment_status":"open","ping_status":"closed","template":"","meta":[],"product_brand":[],"product_cat":[387],"product_tag":[389],"class_list":{"0":"post-6308","1":"product","2":"type-product","3":"status-publish","4":"has-post-thumbnail","6":"product_cat-szalonberendezesek","7":"product_tag-cosmetic-supplies-hu","9":"first","10":"outofstock","11":"taxable","12":"shipping-taxable","13":"purchasable","14":"product-type-simple"},"_links":{"self":[{"href":"https:\/\/amicamiashop.com\/hu\/wp-json\/wp\/v2\/product\/6308","targetHints":{"allow":["GET"]}}],"collection":[{"href":"https:\/\/amicamiashop.com\/hu\/wp-json\/wp\/v2\/product"}],"about":[{"href":"https:\/\/amicamiashop.com\/hu\/wp-json\/wp\/v2\/types\/product"}],"replies":[{"embeddable":true,"href":"https:\/\/amicamiashop.com\/hu\/wp-json\/wp\/v2\/comments?post=6308"}],"version-history":[{"count":0,"href":"https:\/\/amicamiashop.com\/hu\/wp-json\/wp\/v2\/product\/6308\/revisions"}],"wp:featuredmedia":[{"embeddable":true,"href":"https:\/\/amicamiashop.com\/hu\/wp-json\/wp\/v2\/media\/14564"}],"wp:attachment":[{"href":"https:\/\/amicamiashop.com\/hu\/wp-json\/wp\/v2\/media?parent=6308"}],"wp:term":[{"taxonomy":"product_brand","embeddable":true,"href":"https:\/\/amicamiashop.com\/hu\/wp-json\/wp\/v2\/product_brand?post=6308"},{"taxonomy":"product_cat","embeddable":true,"href":"https:\/\/amicamiashop.com\/hu\/wp-json\/wp\/v2\/product_cat?post=6308"},{"taxonomy":"product_tag","embeddable":true,"href":"https:\/\/amicamiashop.com\/hu\/wp-json\/wp\/v2\/product_tag?post=6308"}],"curies":[{"name":"wp","href":"https:\/\/api.w.org\/{rel}","templated":true}]}}