{"id":6314,"date":"2023-09-29T23:57:31","date_gmt":"2023-09-29T23:57:31","guid":{"rendered":"https:\/\/amicamiashop.com\/product\/beauty-trolley\/"},"modified":"2024-06-26T12:28:32","modified_gmt":"2024-06-26T12:28:32","slug":"kozmetikai-eszkozkocsi","status":"publish","type":"product","link":"https:\/\/amicamiashop.com\/hu\/termek\/kozmetikai-eszkozkocsi\/","title":{"rendered":"Kozmetikai eszk\u00f6zkocsi"},"content":{"rendered":"<p><strong>Kozmetikai eszk\u00f6zkocsi<\/strong><\/p>\n<p>F\u00e9m l\u00e1bazattal m\u0171anyag polcokkal 3 db<\/p>\n<p>V\u00e1laszthat\u00f3 k\u00fcl\u00f6n 1 db fi\u00f3kos r\u00e9sszel a fels\u0151 polc alatt.<\/p>\n<p>M\u00e9retek: 49 x 30 x 71cm<\/p>\n<p>Szin: Feh\u00e9r<\/p>\n<p>Tegye hat\u00e9konyabb\u00e1 \u00e9s szervezettebb\u00e9 sz\u00e9ps\u00e9g\u00e1pol\u00e1si rutinj\u00e1t a Kozmetikai Eszk\u00f6zkocsival. Ez a praktikus \u00e9s st\u00edlusos kocsi ide\u00e1lis mind professzion\u00e1lis szalonok, mind otthoni haszn\u00e1latra, lehet\u0151v\u00e9 t\u00e9ve a k\u00fcl\u00f6nf\u00e9le kozmetikai eszk\u00f6z\u00f6k \u00e9s term\u00e9kek rendezett t\u00e1rol\u00e1s\u00e1t \u00e9s k\u00f6nny\u0171 hozz\u00e1f\u00e9r\u00e9s\u00e9t.<\/p>\n<p><strong>F\u0151bb Jellemz\u0151k:<\/strong><\/p>\n<ul>\n<li><strong>Tart\u00f3s Kialak\u00edt\u00e1s<\/strong>: Kiv\u00e1l\u00f3 min\u0151s\u00e9g\u0171 anyagokb\u00f3l k\u00e9sz\u00fclt, amely biztos\u00edtja a hossz\u00fa t\u00e1v\u00fa haszn\u00e1latot \u00e9s a megb\u00edzhat\u00f3s\u00e1got.<\/li>\n<li><strong>T\u00f6bbszintes T\u00e1rol\u00f3helyek<\/strong>: T\u00f6bb polccal rendelkezik, amelyek elegend\u0151 helyet biztos\u00edtanak a k\u00fcl\u00f6nb\u00f6z\u0151 kozmetikai eszk\u00f6z\u00f6k, term\u00e9kek \u00e9s kieg\u00e9sz\u00edt\u0151k t\u00e1rol\u00e1s\u00e1ra.<\/li>\n<li><strong>K\u00f6nny\u0171 Mozgat\u00e1s<\/strong>: N\u00e9gy g\u00f6rg\u0151vel van felszerelve, amelyek megk\u00f6nny\u00edtik a kocsi mozgat\u00e1s\u00e1t, \u00edgy k\u00f6nnyen \u00e1thelyezhet\u0151 b\u00e1rmilyen helyis\u00e9gben.<\/li>\n<li><strong>Modern Diz\u00e1jn<\/strong>: St\u00edlusos \u00e9s modern megjelen\u00e9s, amely b\u00e1rmilyen k\u00f6rnyezetben j\u00f3l mutat.<\/li>\n<li><strong>Sokoldal\u00fa Felhaszn\u00e1l\u00e1s<\/strong>: Ide\u00e1lis k\u00fcl\u00f6nf\u00e9le sz\u00e9ps\u00e9g\u00e1pol\u00e1si eszk\u00f6z\u00f6k \u00e9s term\u00e9kek t\u00e1rol\u00e1s\u00e1ra, bele\u00e9rtve a hajsz\u00e1r\u00edt\u00f3kat, gyantameleg\u00edt\u0151ket, kr\u00e9meket, ecseteket \u00e9s egy\u00e9b kieg\u00e9sz\u00edt\u0151ket.<\/li>\n<\/ul>\n<p><img decoding=\"async\" style=\"display: none;\" src=\"http:\/\/www.journeyom.life\/wp-content\/uploads\/2024\/05\/JOM-LOGO-VERT-WB.jpg\" alt=\"Wax heater machine Lcd screen Black\" \/><img decoding=\"async\" style=\"display: none;\" src=\"http:\/\/www.journeyom.life\/wp-content\/uploads\/2024\/05\/JOM-LOGO-VERT-WB.jpg\" alt=\"Wax heater machine Lcd screen Black\" \/><img decoding=\"async\" style=\"display: none;\" src=\"http:\/\/www.journeyom.life\/wp-content\/uploads\/2024\/05\/JOM-LOGO-VERT-WB.jpg\" alt=\"Wax heater machine Lcd screen Black\" \/><img decoding=\"async\" style=\"display: none;\" src=\"http:\/\/www.journeyom.life\/wp-content\/uploads\/2024\/05\/JOM-LOGO-VERT-WB.jpg\" alt=\"Wax heater machine Lcd screen Black\" \/><\/p>\n","protected":false},"excerpt":{"rendered":"<p>Kozmetikai eszk\u00f6zkocsi F\u00e9m l\u00e1bazattal m\u0171anyag polcokkal 3 db V\u00e1laszthat\u00f3 k\u00fcl\u00f6n 1 db fi\u00f3kos r\u00e9sszel a fels\u0151 polc alatt. M\u00e9retek: 49 x 30 x 71cm Szin: Feh\u00e9r Tegye hat\u00e9konyabb\u00e1 \u00e9s szervezettebb\u00e9 sz\u00e9ps\u00e9g\u00e1pol\u00e1si rutinj\u00e1t a Kozmetikai Eszk\u00f6zkocsival. Ez a praktikus \u00e9s st\u00edlusos kocsi ide\u00e1lis mind professzion\u00e1lis szalonok, mind otthoni haszn\u00e1latra, lehet\u0151v\u00e9 t\u00e9ve a k\u00fcl\u00f6nf\u00e9le kozmetikai eszk\u00f6z\u00f6k \u00e9s [&hellip;]<\/p>\n","protected":false},"featured_media":6312,"comment_status":"open","ping_status":"closed","template":"","meta":[],"product_brand":[],"product_cat":[387],"product_tag":[],"class_list":{"0":"post-6314","1":"product","2":"type-product","3":"status-publish","4":"has-post-thumbnail","6":"product_cat-szalonberendezesek","8":"first","9":"instock","10":"purchasable","11":"product-type-simple"},"_links":{"self":[{"href":"https:\/\/amicamiashop.com\/hu\/wp-json\/wp\/v2\/product\/6314","targetHints":{"allow":["GET"]}}],"collection":[{"href":"https:\/\/amicamiashop.com\/hu\/wp-json\/wp\/v2\/product"}],"about":[{"href":"https:\/\/amicamiashop.com\/hu\/wp-json\/wp\/v2\/types\/product"}],"replies":[{"embeddable":true,"href":"https:\/\/amicamiashop.com\/hu\/wp-json\/wp\/v2\/comments?post=6314"}],"version-history":[{"count":0,"href":"https:\/\/amicamiashop.com\/hu\/wp-json\/wp\/v2\/product\/6314\/revisions"}],"wp:featuredmedia":[{"embeddable":true,"href":"https:\/\/amicamiashop.com\/hu\/wp-json\/wp\/v2\/media\/6312"}],"wp:attachment":[{"href":"https:\/\/amicamiashop.com\/hu\/wp-json\/wp\/v2\/media?parent=6314"}],"wp:term":[{"taxonomy":"product_brand","embeddable":true,"href":"https:\/\/amicamiashop.com\/hu\/wp-json\/wp\/v2\/product_brand?post=6314"},{"taxonomy":"product_cat","embeddable":true,"href":"https:\/\/amicamiashop.com\/hu\/wp-json\/wp\/v2\/product_cat?post=6314"},{"taxonomy":"product_tag","embeddable":true,"href":"https:\/\/amicamiashop.com\/hu\/wp-json\/wp\/v2\/product_tag?post=6314"}],"curies":[{"name":"wp","href":"https:\/\/api.w.org\/{rel}","templated":true}]}}