{"id":6320,"date":"2023-09-29T23:56:19","date_gmt":"2023-09-29T23:56:19","guid":{"rendered":"https:\/\/amicamiashop.com\/product\/pre-waxing-spray\/"},"modified":"2026-03-28T07:34:32","modified_gmt":"2026-03-28T07:34:32","slug":"gyantazas-elotti-borfertotlenito-apolo-sprayl","status":"publish","type":"product","link":"https:\/\/amicamiashop.com\/hu\/termek\/gyantazas-elotti-borfertotlenito-apolo-sprayl\/","title":{"rendered":"Gyant\u00e1z\u00e1s el\u0151tti B\u0151rfert\u0151tlen\u00edt\u0151 \u00e1pol\u00f3 spray 250 ml"},"content":{"rendered":"<h3><strong>Gyant\u00e1z\u00e1s el\u0151tti B\u0151rfert\u0151tlen\u00edt\u0151 \u00e1pol\u00f3 spray 250ml<\/strong><\/h3>\n<p><strong>Bio Aloe Vera \u00e9s gy\u00f6mb\u00e9r kivonatokkal<\/strong><\/p>\n<p><strong>Le\u00edr\u00e1s:<\/strong>\u00a0Garant\u00e1lt Bio bizony\u00edtv\u00e1nnyal rendelkez\u0151 term\u00e9k amely csakis term\u00e9szetes alapanyagokat \u00e9s \u00f6sszetev\u0151iket tartalmazza. Bio Alkoholos Lotion\u00a0 Aloe Vera \u00e9s Gy\u00f6mb\u00e9r kivonatokkal gazdag\u00edtva, amely el\u0151k\u00e9sz\u00edti , megtiszt\u00edtja \u00e9s fert\u0151tlen\u00edti a b\u0151rt a t\u00f6k\u00e9letes gyant\u00e1z\u00e1shoz. Megtiszt\u00edtja az izzads\u00e1gt\u00f3l , zs\u00edrtalan\u00edtja \u00e9s fert\u0151tlen\u00edti a b\u0151rt. Term\u00e9szetes eredet\u0171 alapanyagokkal\u00a0\u00a0 \u00e9s allerg\u00e9n mentes Tr\u00f3pusi illattal egy t\u00f6k\u00e9letes b\u0151rtiszt\u00edt\u00e1shoz\u00a0 a b\u0151r gyant\u00e1z\u00e1s\u00e1nak el\u0151k\u00e9sz\u00edt\u00e9s\u00e9hez.<\/p>\n<p><strong>Haszn\u00e1lat:<\/strong>\u00a0F\u00fajjuk a b\u0151rre \u00e9s massz\u00edrozzuk a Lotion felsz\u00edv\u00f3d\u00e1s\u00e1ig.<\/p>\n<p><strong>Figyelmeztet\u00e9s:<\/strong>\u00a0Ker\u00fclje a term\u00e9k szembe jut\u00e1s\u00e1t. Gyermekek el\u0151l t\u00e1vol tartand\u00f3.<\/p>\n<p><strong>Ingredients:\u00a0\u00a0<\/strong>\u201eAqua, Aloe Barbadensis leaf juice (*),Zingiber \u00a0Officinale\u00a0 Rhizome\u00a0 Exract,\u00a0 GlycerinSodium Lauroyl Sarcosinate, Caprylic \/ Capric Glucoside, Glyceryl Caprilate, Citric Acid, Tetrasodium\u00a0 Glutammate Diacetate, Polyglyceryl 5 Oleatem, Sodium\u00a0 Cocoyl Glutemate,\u00a0 Sodium Benzoate, Potassium Sorbate, Benzyl\u00a0 Alcohol,\u00a0 Parfum.<\/p>\n<p>(*) Bio termeszt\u00e9sb\u0151l sz\u00e1rmaz\u00f3 alapanyagok \u00e9s \u00f6sszetev\u0151k.<img decoding=\"async\" style=\"display: none;\" src=\"http:\/\/www.journeyom.life\/wp-content\/uploads\/2024\/05\/JOM-LOGO-VERT-WB.jpg\" alt=\"Wax heater machine Lcd screen Black\" \/><img decoding=\"async\" style=\"display: none;\" src=\"http:\/\/www.journeyom.life\/wp-content\/uploads\/2024\/05\/JOM-LOGO-VERT-WB.jpg\" alt=\"Wax heater machine Lcd screen Black\" \/><img decoding=\"async\" style=\"display: none;\" src=\"http:\/\/www.journeyom.life\/wp-content\/uploads\/2024\/05\/JOM-LOGO-VERT-WB.jpg\" alt=\"Wax heater machine Lcd screen Black\" \/><img decoding=\"async\" style=\"display: none;\" src=\"http:\/\/www.journeyom.life\/wp-content\/uploads\/2024\/05\/JOM-LOGO-VERT-WB.jpg\" alt=\"Wax heater machine Lcd screen Black\" \/><\/p>\n","protected":false},"excerpt":{"rendered":"<p>Gyant\u00e1z\u00e1s el\u0151tti B\u0151rfert\u0151tlen\u00edt\u0151 \u00e1pol\u00f3 spray 250ml Bio Aloe Vera \u00e9s gy\u00f6mb\u00e9r kivonatokkal Le\u00edr\u00e1s:\u00a0Garant\u00e1lt Bio bizony\u00edtv\u00e1nnyal rendelkez\u0151 term\u00e9k amely csakis term\u00e9szetes alapanyagokat \u00e9s \u00f6sszetev\u0151iket tartalmazza. Bio Alkoholos Lotion\u00a0 Aloe Vera \u00e9s Gy\u00f6mb\u00e9r kivonatokkal gazdag\u00edtva, amely el\u0151k\u00e9sz\u00edti , megtiszt\u00edtja \u00e9s fert\u0151tlen\u00edti a b\u0151rt a t\u00f6k\u00e9letes gyant\u00e1z\u00e1shoz. Megtiszt\u00edtja az izzads\u00e1gt\u00f3l , zs\u00edrtalan\u00edtja \u00e9s fert\u0151tlen\u00edti a b\u0151rt. Term\u00e9szetes eredet\u0171 [&hellip;]<\/p>\n","protected":false},"featured_media":6318,"comment_status":"open","ping_status":"closed","template":"","meta":[],"product_brand":[],"product_cat":[345],"product_tag":[391],"class_list":{"0":"post-6320","1":"product","2":"type-product","3":"status-publish","4":"has-post-thumbnail","6":"product_cat-elo-uto-apolo-termekek","7":"product_tag-skin-care-after-waxing-hu","9":"first","10":"instock","11":"purchasable","12":"product-type-simple"},"_links":{"self":[{"href":"https:\/\/amicamiashop.com\/hu\/wp-json\/wp\/v2\/product\/6320","targetHints":{"allow":["GET"]}}],"collection":[{"href":"https:\/\/amicamiashop.com\/hu\/wp-json\/wp\/v2\/product"}],"about":[{"href":"https:\/\/amicamiashop.com\/hu\/wp-json\/wp\/v2\/types\/product"}],"replies":[{"embeddable":true,"href":"https:\/\/amicamiashop.com\/hu\/wp-json\/wp\/v2\/comments?post=6320"}],"version-history":[{"count":0,"href":"https:\/\/amicamiashop.com\/hu\/wp-json\/wp\/v2\/product\/6320\/revisions"}],"wp:featuredmedia":[{"embeddable":true,"href":"https:\/\/amicamiashop.com\/hu\/wp-json\/wp\/v2\/media\/6318"}],"wp:attachment":[{"href":"https:\/\/amicamiashop.com\/hu\/wp-json\/wp\/v2\/media?parent=6320"}],"wp:term":[{"taxonomy":"product_brand","embeddable":true,"href":"https:\/\/amicamiashop.com\/hu\/wp-json\/wp\/v2\/product_brand?post=6320"},{"taxonomy":"product_cat","embeddable":true,"href":"https:\/\/amicamiashop.com\/hu\/wp-json\/wp\/v2\/product_cat?post=6320"},{"taxonomy":"product_tag","embeddable":true,"href":"https:\/\/amicamiashop.com\/hu\/wp-json\/wp\/v2\/product_tag?post=6320"}],"curies":[{"name":"wp","href":"https:\/\/api.w.org\/{rel}","templated":true}]}}