{"id":6326,"date":"2023-09-29T23:55:55","date_gmt":"2023-09-29T23:55:55","guid":{"rendered":"https:\/\/amicamiashop.com\/product\/post-wax-care-bio\/"},"modified":"2026-04-19T21:06:53","modified_gmt":"2026-04-19T21:06:53","slug":"utani-bio-apolo-olaj-kamilla-oliva","status":"publish","type":"product","link":"https:\/\/amicamiashop.com\/hu\/termek\/utani-bio-apolo-olaj-kamilla-oliva\/","title":{"rendered":"Gyant\u00e1z\u00e1s ut\u00e1ni Bio \u00e1pol\u00f3 olaj Kamilla Oliva"},"content":{"rendered":"<h3><strong>Gyant\u00e1z\u00e1s ut\u00e1ni Bio \u00e1pol\u00f3 olaj Kamilla Oliva 500 ml<\/strong><\/h3>\n<p>Gyant\u00e1z\u00e1s ut\u00e1ni ut\u00e1n olaj kamilla \u00e9s ol\u00edvaolajjal.<br \/>\nAz organikus kamilla kivonat, sz\u00f3jababolajjal \u00e9s ol\u00edvaolajjal, seg\u00edt elt\u00e1vol\u00edtani a gyanta maradv\u00e1nyokat, ugyanakkor az E-vitaminnak \u00e9s a kamilla kivonatnak k\u00f6sz\u00f6nhet\u0151en helyre\u00e1ll\u00edtja az \u00fajonnan gyant\u00e1zott\u00a0 b\u0151r regener\u00e1lja \u00e9s puh\u00edtja.<\/p>\n<p><strong>Haszn\u00e1lat:\u00a0<\/strong>\u00a0A z olajat a sz\u0151rtelen\u00edt\u0151 kezel\u00e9s ut\u00e1n vigye fel a b\u0151rre, \u00e9s massz\u00edrozza, am\u00edg teljesen felsz\u00edv\u00f3dik.<\/p>\n<p><strong>Figyelmeztet\u00e9sek:<\/strong>\u00a0Ker\u00fclje a szembe jut\u00e1st, gyermekekt\u0151l elz\u00e1rva.<\/p>\n<p><strong>K\u00e9miai-fizikai jellemz\u0151k:<\/strong>\u00a0Nem tartalmaz sz\u00ednez\u00e9ket, parab\u00e9neket, paraffinokat, petrol\u00e1tumot, szilikonokat, Peg-et, SLES \/ SLS-t, propil\u00e9n-glikolt, BHT \/ BHA \/ din\u00e1trium-EDTA-t, etil-alkoholt.<img decoding=\"async\" style=\"display: none;\" src=\"http:\/\/www.journeyom.life\/wp-content\/uploads\/2024\/05\/JOM-LOGO-VERT-WB.jpg\" alt=\"Wax heater machine Lcd screen Black\" \/><img decoding=\"async\" style=\"display: none;\" src=\"http:\/\/www.journeyom.life\/wp-content\/uploads\/2024\/05\/JOM-LOGO-VERT-WB.jpg\" alt=\"Wax heater machine Lcd screen Black\" \/><img decoding=\"async\" style=\"display: none;\" src=\"http:\/\/www.journeyom.life\/wp-content\/uploads\/2024\/05\/JOM-LOGO-VERT-WB.jpg\" alt=\"Wax heater machine Lcd screen Black\" \/><img decoding=\"async\" style=\"display: none;\" src=\"http:\/\/www.journeyom.life\/wp-content\/uploads\/2024\/05\/JOM-LOGO-VERT-WB.jpg\" alt=\"Wax heater machine Lcd screen Black\" \/><\/p>\n","protected":false},"excerpt":{"rendered":"<p>Gyant\u00e1z\u00e1s ut\u00e1ni Bio \u00e1pol\u00f3 olaj Kamilla Oliva 500 ml Gyant\u00e1z\u00e1s ut\u00e1ni ut\u00e1n olaj kamilla \u00e9s ol\u00edvaolajjal. Az organikus kamilla kivonat, sz\u00f3jababolajjal \u00e9s ol\u00edvaolajjal, seg\u00edt elt\u00e1vol\u00edtani a gyanta maradv\u00e1nyokat, ugyanakkor az E-vitaminnak \u00e9s a kamilla kivonatnak k\u00f6sz\u00f6nhet\u0151en helyre\u00e1ll\u00edtja az \u00fajonnan gyant\u00e1zott\u00a0 b\u0151r regener\u00e1lja \u00e9s puh\u00edtja. Haszn\u00e1lat:\u00a0\u00a0A z olajat a sz\u0151rtelen\u00edt\u0151 kezel\u00e9s ut\u00e1n vigye fel a b\u0151rre, [&hellip;]<\/p>\n","protected":false},"featured_media":6324,"comment_status":"open","ping_status":"closed","template":"","meta":[],"product_brand":[],"product_cat":[345],"product_tag":[391],"class_list":{"0":"post-6326","1":"product","2":"type-product","3":"status-publish","4":"has-post-thumbnail","6":"product_cat-elo-uto-apolo-termekek","7":"product_tag-skin-care-after-waxing-hu","9":"first","10":"instock","11":"taxable","12":"shipping-taxable","13":"purchasable","14":"product-type-simple"},"_links":{"self":[{"href":"https:\/\/amicamiashop.com\/hu\/wp-json\/wp\/v2\/product\/6326","targetHints":{"allow":["GET"]}}],"collection":[{"href":"https:\/\/amicamiashop.com\/hu\/wp-json\/wp\/v2\/product"}],"about":[{"href":"https:\/\/amicamiashop.com\/hu\/wp-json\/wp\/v2\/types\/product"}],"replies":[{"embeddable":true,"href":"https:\/\/amicamiashop.com\/hu\/wp-json\/wp\/v2\/comments?post=6326"}],"version-history":[{"count":0,"href":"https:\/\/amicamiashop.com\/hu\/wp-json\/wp\/v2\/product\/6326\/revisions"}],"wp:featuredmedia":[{"embeddable":true,"href":"https:\/\/amicamiashop.com\/hu\/wp-json\/wp\/v2\/media\/6324"}],"wp:attachment":[{"href":"https:\/\/amicamiashop.com\/hu\/wp-json\/wp\/v2\/media?parent=6326"}],"wp:term":[{"taxonomy":"product_brand","embeddable":true,"href":"https:\/\/amicamiashop.com\/hu\/wp-json\/wp\/v2\/product_brand?post=6326"},{"taxonomy":"product_cat","embeddable":true,"href":"https:\/\/amicamiashop.com\/hu\/wp-json\/wp\/v2\/product_cat?post=6326"},{"taxonomy":"product_tag","embeddable":true,"href":"https:\/\/amicamiashop.com\/hu\/wp-json\/wp\/v2\/product_tag?post=6326"}],"curies":[{"name":"wp","href":"https:\/\/api.w.org\/{rel}","templated":true}]}}