{"id":6337,"date":"2023-09-29T23:55:12","date_gmt":"2023-09-29T23:55:12","guid":{"rendered":"https:\/\/amicamiashop.com\/product\/brazilian-green-nursing-oil-after-waxing\/"},"modified":"2026-02-26T12:33:57","modified_gmt":"2026-02-26T12:33:57","slug":"gyantazas-utani-brazil-green-apolo-olaj","status":"publish","type":"product","link":"https:\/\/amicamiashop.com\/hu\/termek\/gyantazas-utani-brazil-green-apolo-olaj\/","title":{"rendered":"Gyant\u00e1z\u00e1s ut\u00e1ni Brazil Green \u00e1pol\u00f3 olaj"},"content":{"rendered":"<h3><strong>Gyant\u00e1z\u00e1s ut\u00e1ni Brazil Green \u00e1pol\u00f3 olaj<\/strong><\/h3>\n<p>Kiszerel\u00e9sek: 500 ml pump\u00e1s\u00a0 flakonban.<\/p>\n<p>Csakis \u00a0term\u00e9szetes \u00f6sszetev\u0151ket tartalmaz\u00f3 olaj, term\u00e9szetes eredet\u0171 n\u00f6v\u00e9nyi olajok a sz\u00f3ja olaj, az avok\u00e1d\u00f3 olaj \u00e9s a Mango vaj seg\u00edt elt\u00e1vol\u00edtani a marad\u00e9k gyant\u00e1t , \u00e9s ezzel egyidej\u0171leg \u00a0megnyugtatja a b\u0151rt \u00e9s lass\u00edtja a sz\u0151rn\u00f6veked\u00e9st \u00a0az E-vitamin a v\u00e9di t\u00e1pl\u00e1lja a b\u0151rt. A hozz\u00e1adott illat allerg\u00e9nekt\u0151l mentes:\u00a0 <strong>cs\u00e1bit\u00f3 tr\u00f3pusi illattal.<\/strong><\/p>\n<p><u>\u00d6sszetev\u0151k:\u00a0\u00a0<\/u>Az avok\u00e1d\u00f3olaj \u2013 t\u00e1pl\u00e1l\u00f3, emolliens, antioxid\u00e1ns \u00e9s toniz\u00e1l\u00f3 tulajdons\u00e1gokkal rendelkezik. Alkalmas \u00f6reged\u00e9sg\u00e1tl\u00f3 term\u00e9kekhez \u00e9s olyan b\u0151r\u00f6kh\u00f6z, amelyeknek \u00a0rugalmass\u00e1g sz\u00fcks\u00e9ges. Mango vaj \u2013 er\u0151sen t\u00e1pl\u00e1l\u00f3 \u00e9s l\u00e1gy\u00edt\u00f3. E-vitamin \u2013 b\u0151r-vitamin, rendk\u00edv\u00fcl v\u00e9d\u0151 \u00e9s nyugtat\u00f3. Ol\u00edvaolaj \u2013 l\u00e1gy\u00edt\u00f3, t\u00e1pl\u00e1l\u00f3.<\/p>\n<p><strong><em>Ingredients:\u00a0\u00a0<\/em><\/strong>Glycerine Soja Oil, Isoamyl Laurate, Olea Europea Fruit Oil (*)Magifera Indica Seed Butter, Persea Gratissima Oil, Tocopherol, Parfum<\/p>\n<p>(*) Ingredienti\u00a0 Agricultura Biologica<\/p>\n<p><u>Egy\u00e9b inform\u00e1ci\u00f3:<\/u><\/p>\n<p>Nincs sz\u00ednez\u00e9k, sem parab\u00e9n, sem paraffin, nincs benzin, nincs szilikon, nincs PEG, nincs SLES \/ SLS, nincs propil\u00e9nglikol, nincs BHT \/ BHA \/ din\u00e1trium-EDTA, Bio tanus\u00edtv\u00e1nnyal rendelkez\u0151 term\u00e9k.<\/p>\n<p><u>Haszn\u00e1lat:<\/u><\/p>\n<p>Gyant\u00e1z\u00e1s ut\u00e1n vigye fel a gyant\u00e1zott ter\u00fcletre \u00e9s massz\u00edrozza, am\u00edg teljesen fel nem sz\u00edv\u00f3dik.<img decoding=\"async\" style=\"display: none;\" src=\"http:\/\/www.journeyom.life\/wp-content\/uploads\/2024\/05\/JOM-LOGO-VERT-WB.jpg\" alt=\"Wax heater machine Lcd screen Black\" \/><img decoding=\"async\" style=\"display: none;\" src=\"http:\/\/www.journeyom.life\/wp-content\/uploads\/2024\/05\/JOM-LOGO-VERT-WB.jpg\" alt=\"Wax heater machine Lcd screen Black\" \/><img decoding=\"async\" style=\"display: none;\" src=\"http:\/\/www.journeyom.life\/wp-content\/uploads\/2024\/05\/JOM-LOGO-VERT-WB.jpg\" alt=\"Wax heater machine Lcd screen Black\" \/><img decoding=\"async\" style=\"display: none;\" src=\"http:\/\/www.journeyom.life\/wp-content\/uploads\/2024\/05\/JOM-LOGO-VERT-WB.jpg\" alt=\"Wax heater machine Lcd screen Black\" \/><\/p>\n","protected":false},"excerpt":{"rendered":"<p>Gyant\u00e1z\u00e1s ut\u00e1ni Brazil Green \u00e1pol\u00f3 olaj Kiszerel\u00e9sek: 500 ml pump\u00e1s\u00a0 flakonban. Csakis \u00a0term\u00e9szetes \u00f6sszetev\u0151ket tartalmaz\u00f3 olaj, term\u00e9szetes eredet\u0171 n\u00f6v\u00e9nyi olajok a sz\u00f3ja olaj, az avok\u00e1d\u00f3 olaj \u00e9s a Mango vaj seg\u00edt elt\u00e1vol\u00edtani a marad\u00e9k gyant\u00e1t , \u00e9s ezzel egyidej\u0171leg \u00a0megnyugtatja a b\u0151rt \u00e9s lass\u00edtja a sz\u0151rn\u00f6veked\u00e9st \u00a0az E-vitamin a v\u00e9di t\u00e1pl\u00e1lja a b\u0151rt. A hozz\u00e1adott [&hellip;]<\/p>\n","protected":false},"featured_media":6335,"comment_status":"open","ping_status":"closed","template":"","meta":[],"product_brand":[],"product_cat":[345],"product_tag":[391],"class_list":{"0":"post-6337","1":"product","2":"type-product","3":"status-publish","4":"has-post-thumbnail","6":"product_cat-elo-uto-apolo-termekek","7":"product_tag-skin-care-after-waxing-hu","9":"first","10":"instock","11":"featured","12":"purchasable","13":"product-type-simple"},"_links":{"self":[{"href":"https:\/\/amicamiashop.com\/hu\/wp-json\/wp\/v2\/product\/6337","targetHints":{"allow":["GET"]}}],"collection":[{"href":"https:\/\/amicamiashop.com\/hu\/wp-json\/wp\/v2\/product"}],"about":[{"href":"https:\/\/amicamiashop.com\/hu\/wp-json\/wp\/v2\/types\/product"}],"replies":[{"embeddable":true,"href":"https:\/\/amicamiashop.com\/hu\/wp-json\/wp\/v2\/comments?post=6337"}],"version-history":[{"count":0,"href":"https:\/\/amicamiashop.com\/hu\/wp-json\/wp\/v2\/product\/6337\/revisions"}],"wp:featuredmedia":[{"embeddable":true,"href":"https:\/\/amicamiashop.com\/hu\/wp-json\/wp\/v2\/media\/6335"}],"wp:attachment":[{"href":"https:\/\/amicamiashop.com\/hu\/wp-json\/wp\/v2\/media?parent=6337"}],"wp:term":[{"taxonomy":"product_brand","embeddable":true,"href":"https:\/\/amicamiashop.com\/hu\/wp-json\/wp\/v2\/product_brand?post=6337"},{"taxonomy":"product_cat","embeddable":true,"href":"https:\/\/amicamiashop.com\/hu\/wp-json\/wp\/v2\/product_cat?post=6337"},{"taxonomy":"product_tag","embeddable":true,"href":"https:\/\/amicamiashop.com\/hu\/wp-json\/wp\/v2\/product_tag?post=6337"}],"curies":[{"name":"wp","href":"https:\/\/api.w.org\/{rel}","templated":true}]}}