{"id":6349,"date":"2023-09-29T23:55:12","date_gmt":"2023-09-29T23:55:12","guid":{"rendered":"https:\/\/amicamiashop.com\/product\/organic-aloe-vera-lotion-after-waxing\/"},"modified":"2024-07-07T11:00:49","modified_gmt":"2024-07-07T11:00:49","slug":"bio-testapolo-tej-aloe-vera-esszenciava","status":"publish","type":"product","link":"https:\/\/amicamiashop.com\/hu\/termek\/bio-testapolo-tej-aloe-vera-esszenciava\/","title":{"rendered":"Bio test\u00e1pol\u00f3 tej aloe vera esszenci\u00e1val"},"content":{"rendered":"<p><strong>Gyant\u00e1z\u00e1s ut\u00e1ni Bio test\u00e1pol\u00f3 tej Aloe Vera esszenci\u00e1val 500 ml<\/strong><\/p>\n<p>Test\u00e1pol\u00f3 tej gyant\u00e1z\u00e1s ut\u00e1n Aloe Vera esszenci\u00e1val \u00e9s bio arg\u00e1n olaj valamint \u00e9des mandula kivonattal.<\/p>\n<p>K\u00f6nny\u0171 text\u00far\u00e1j\u00fa \u00e9s gyorsan besz\u00edv\u00f3d\u00f3 test\u00e1pol\u00f3 tej ami csakis n\u00f6v\u00e9nyi \u00f6sszetev\u0151ket tartalmaz hidrat\u00e1lja, t\u00e1pl\u00e1lja \u00e9s selymess\u00e9 teszi a f\u00e1radt\u00a0 b\u0151rt. A Centella n\u00f6v\u00e9nyi kivonata rugalmass\u00e1 \u00e9s b\u00e1rsonyoss\u00e1 teszi a megviselt b\u0151rt.<\/p>\n<p>Alkalmas test \u00e9s arc \u00e1pol\u00e1s\u00e1ra \u00e9s garant\u00e1ltan tiszta n\u00f6v\u00e9nyi \u00f6sszetev\u0151ket tartalmaz\u00f3 Bio bizony\u00edtv\u00e1nnyal rendelkez\u0151 term\u00e9k.<\/p>\n<p><em><strong>Ingredients:\u00a0<\/strong><\/em><\/p>\n<p>\u201eAqua, Etilhexil-Stear\u00e1te, Prunus\u00a0 Amygdalus Dulcis oil, Prop\u00e1ndiol, Glycerin, Caprylic \/ Capric Triglicerid, Aloe Barbadensis leaf juice (*), Vitis Vinifera Seed Oil, Argania Spinosa Kernel Oil, Centella Asiatica exract, Hydroxietyl- Acrilat \/ Sodium Acryloyldimetyl Taurate Copolymer,Benzyl Alcohol, Isohexadencane,Parfum,Polysorbate 60, Lecithin, Ethylhexyglycerin Tetrasodium, Glutamate Diacetate,Sorbitan Isosterate,Tocopherol, Ascorbyl Palitate,Citric Acid, Potassium Sorbate, Dodium Bensolate,<\/p>\n<p>(*), Ingredienti\u00a0 Agricultura Biologica<img decoding=\"async\" style=\"display: none;\" src=\"http:\/\/www.journeyom.life\/wp-content\/uploads\/2024\/05\/JOM-LOGO-VERT-WB.jpg\" alt=\"Wax heater machine Lcd screen Black\" \/><img decoding=\"async\" style=\"display: none;\" src=\"http:\/\/www.journeyom.life\/wp-content\/uploads\/2024\/05\/JOM-LOGO-VERT-WB.jpg\" alt=\"Wax heater machine Lcd screen Black\" \/><img decoding=\"async\" style=\"display: none;\" src=\"http:\/\/www.journeyom.life\/wp-content\/uploads\/2024\/05\/JOM-LOGO-VERT-WB.jpg\" alt=\"Wax heater machine Lcd screen Black\" \/><img decoding=\"async\" style=\"display: none;\" src=\"http:\/\/www.journeyom.life\/wp-content\/uploads\/2024\/05\/JOM-LOGO-VERT-WB.jpg\" alt=\"Wax heater machine Lcd screen Black\" \/><\/p>\n","protected":false},"excerpt":{"rendered":"<p>Gyant\u00e1z\u00e1s ut\u00e1ni Bio test\u00e1pol\u00f3 tej Aloe Vera esszenci\u00e1val 500 ml Test\u00e1pol\u00f3 tej gyant\u00e1z\u00e1s ut\u00e1n Aloe Vera esszenci\u00e1val \u00e9s bio arg\u00e1n olaj valamint \u00e9des mandula kivonattal. K\u00f6nny\u0171 text\u00far\u00e1j\u00fa \u00e9s gyorsan besz\u00edv\u00f3d\u00f3 test\u00e1pol\u00f3 tej ami csakis n\u00f6v\u00e9nyi \u00f6sszetev\u0151ket tartalmaz hidrat\u00e1lja, t\u00e1pl\u00e1lja \u00e9s selymess\u00e9 teszi a f\u00e1radt\u00a0 b\u0151rt. A Centella n\u00f6v\u00e9nyi kivonata rugalmass\u00e1 \u00e9s b\u00e1rsonyoss\u00e1 teszi a megviselt [&hellip;]<\/p>\n","protected":false},"featured_media":6347,"comment_status":"open","ping_status":"closed","template":"","meta":[],"product_brand":[],"product_cat":[345],"product_tag":[391],"class_list":{"0":"post-6349","1":"product","2":"type-product","3":"status-publish","4":"has-post-thumbnail","6":"product_cat-elo-uto-apolo-termekek","7":"product_tag-skin-care-after-waxing-hu","9":"first","10":"instock","11":"purchasable","12":"product-type-simple"},"_links":{"self":[{"href":"https:\/\/amicamiashop.com\/hu\/wp-json\/wp\/v2\/product\/6349","targetHints":{"allow":["GET"]}}],"collection":[{"href":"https:\/\/amicamiashop.com\/hu\/wp-json\/wp\/v2\/product"}],"about":[{"href":"https:\/\/amicamiashop.com\/hu\/wp-json\/wp\/v2\/types\/product"}],"replies":[{"embeddable":true,"href":"https:\/\/amicamiashop.com\/hu\/wp-json\/wp\/v2\/comments?post=6349"}],"version-history":[{"count":0,"href":"https:\/\/amicamiashop.com\/hu\/wp-json\/wp\/v2\/product\/6349\/revisions"}],"wp:featuredmedia":[{"embeddable":true,"href":"https:\/\/amicamiashop.com\/hu\/wp-json\/wp\/v2\/media\/6347"}],"wp:attachment":[{"href":"https:\/\/amicamiashop.com\/hu\/wp-json\/wp\/v2\/media?parent=6349"}],"wp:term":[{"taxonomy":"product_brand","embeddable":true,"href":"https:\/\/amicamiashop.com\/hu\/wp-json\/wp\/v2\/product_brand?post=6349"},{"taxonomy":"product_cat","embeddable":true,"href":"https:\/\/amicamiashop.com\/hu\/wp-json\/wp\/v2\/product_cat?post=6349"},{"taxonomy":"product_tag","embeddable":true,"href":"https:\/\/amicamiashop.com\/hu\/wp-json\/wp\/v2\/product_tag?post=6349"}],"curies":[{"name":"wp","href":"https:\/\/api.w.org\/{rel}","templated":true}]}}