{"id":6366,"date":"2023-09-29T23:55:55","date_gmt":"2023-09-29T23:55:55","guid":{"rendered":"https:\/\/amicamiashop.com\/product\/after-wax-cream-biological-treatment-to-delay-hair-growth\/"},"modified":"2024-07-05T16:31:57","modified_gmt":"2024-07-05T16:31:57","slug":"gyantazas-utani-bio-szornovekedes-keslelteto-krem","status":"publish","type":"product","link":"https:\/\/amicamiashop.com\/hu\/termek\/gyantazas-utani-bio-szornovekedes-keslelteto-krem\/","title":{"rendered":"Gyant\u00e1z\u00e1s ut\u00e1ni bio sz\u0151rn\u00f6veked\u00e9s k\u00e9sleltet\u0151 kr\u00e9m papaina karit\u00e9 vaj"},"content":{"rendered":"<p><strong>Gyant\u00e1z\u00e1s ut\u00e1ni Bio sz\u0151rn\u00f6veked\u00e9s k\u00e9sleltet\u0151 Kr\u00e9m papaina, karit\u00e9 vaj 500 ml<\/strong><\/p>\n<p>Organikus, min\u0151s\u00edtett Eu AIAB bio bizony\u00edtv\u00e1nnyal rendelkez\u0151 , sz\u0151r n\u00f6veked\u00e9s k\u00e9sleltet\u0151\u00a0 hat\u00e1s\u00fa papain alap\u00fa gyant\u00e1z\u00e1s\u00a0 ut\u00e1ni foly\u00e9kony emulzi\u00f3, amely lass\u00edtja a sz\u0151r n\u00f6veked\u00e9s\u00e9t.<\/p>\n<p>A Shea vaj hidrat\u00e1l\u00f3, az Aloe Ver\u00e1val egy\u00fctt nyugtat\u00f3 hat\u00e1s\u00fa, puhas\u00e1got \u00e9s megk\u00f6nnyebb\u00fcl\u00e9st k\u00f6lcs\u00f6n\u00f6z a sz\u0151rtelen\u00edtett b\u0151rnek.<\/p>\n<p>Haszn\u00e1lat: Gyant\u00e1z\u00e1s ut\u00e1n ut\u00e1n vigye fel a sz\u0151rtelen\u00edt\u0151 kezel\u00e9s ut\u00e1n, \u00e9s massz\u00edrozza be, am\u00edg teljesen fel nem sz\u00edv\u00f3dik.<\/p>\n<p>Ker\u00fclje a szembe jut\u00e1st.<br \/>\nTartsa t\u00e1vol gyermekekt\u0151l.<\/p>\n<p>Ingredients: Aqua, Aloe Barbadensis Leaf Juice(*), Prunus Amygdalus Dulcis Oil, Ethylhexyl Stearate, Caprylic\/Capric Triglycerides, Methyl Glucose Sesquistearate, Butyrospermum Parkii Butter(*), Glyceryn, Cetearyl Alcohol, Papaina, Tocopherol, Isoamyl Laurate, Benzyl Alcohol, Potassium Sorbate, Sodium Benzoate, Parfum. (*)da Agricoltura Biologica \u2013 Profumo senza Allergeni Prodotto contenente Ingredienti di Origine Naturale &gt; 98%<img decoding=\"async\" style=\"display: none;\" src=\"http:\/\/www.journeyom.life\/wp-content\/uploads\/2024\/05\/JOM-LOGO-VERT-WB.jpg\" alt=\"Wax heater machine Lcd screen Black\" \/><img decoding=\"async\" style=\"display: none;\" src=\"http:\/\/www.journeyom.life\/wp-content\/uploads\/2024\/05\/JOM-LOGO-VERT-WB.jpg\" alt=\"Wax heater machine Lcd screen Black\" \/><img decoding=\"async\" style=\"display: none;\" src=\"http:\/\/www.journeyom.life\/wp-content\/uploads\/2024\/05\/JOM-LOGO-VERT-WB.jpg\" alt=\"Wax heater machine Lcd screen Black\" \/><img decoding=\"async\" style=\"display: none;\" src=\"http:\/\/www.journeyom.life\/wp-content\/uploads\/2024\/05\/JOM-LOGO-VERT-WB.jpg\" alt=\"Wax heater machine Lcd screen Black\" \/><\/p>\n","protected":false},"excerpt":{"rendered":"<p>Gyant\u00e1z\u00e1s ut\u00e1ni Bio sz\u0151rn\u00f6veked\u00e9s k\u00e9sleltet\u0151 Kr\u00e9m papaina, karit\u00e9 vaj 500 ml Organikus, min\u0151s\u00edtett Eu AIAB bio bizony\u00edtv\u00e1nnyal rendelkez\u0151 , sz\u0151r n\u00f6veked\u00e9s k\u00e9sleltet\u0151\u00a0 hat\u00e1s\u00fa papain alap\u00fa gyant\u00e1z\u00e1s\u00a0 ut\u00e1ni foly\u00e9kony emulzi\u00f3, amely lass\u00edtja a sz\u0151r n\u00f6veked\u00e9s\u00e9t. A Shea vaj hidrat\u00e1l\u00f3, az Aloe Ver\u00e1val egy\u00fctt nyugtat\u00f3 hat\u00e1s\u00fa, puhas\u00e1got \u00e9s megk\u00f6nnyebb\u00fcl\u00e9st k\u00f6lcs\u00f6n\u00f6z a sz\u0151rtelen\u00edtett b\u0151rnek. Haszn\u00e1lat: Gyant\u00e1z\u00e1s ut\u00e1n ut\u00e1n [&hellip;]<\/p>\n","protected":false},"featured_media":6361,"comment_status":"open","ping_status":"closed","template":"","meta":[],"product_brand":[],"product_cat":[345],"product_tag":[391],"class_list":{"0":"post-6366","1":"product","2":"type-product","3":"status-publish","4":"has-post-thumbnail","6":"product_cat-elo-uto-apolo-termekek","7":"product_tag-skin-care-after-waxing-hu","9":"first","10":"instock","11":"purchasable","12":"product-type-simple"},"_links":{"self":[{"href":"https:\/\/amicamiashop.com\/hu\/wp-json\/wp\/v2\/product\/6366","targetHints":{"allow":["GET"]}}],"collection":[{"href":"https:\/\/amicamiashop.com\/hu\/wp-json\/wp\/v2\/product"}],"about":[{"href":"https:\/\/amicamiashop.com\/hu\/wp-json\/wp\/v2\/types\/product"}],"replies":[{"embeddable":true,"href":"https:\/\/amicamiashop.com\/hu\/wp-json\/wp\/v2\/comments?post=6366"}],"version-history":[{"count":0,"href":"https:\/\/amicamiashop.com\/hu\/wp-json\/wp\/v2\/product\/6366\/revisions"}],"wp:featuredmedia":[{"embeddable":true,"href":"https:\/\/amicamiashop.com\/hu\/wp-json\/wp\/v2\/media\/6361"}],"wp:attachment":[{"href":"https:\/\/amicamiashop.com\/hu\/wp-json\/wp\/v2\/media?parent=6366"}],"wp:term":[{"taxonomy":"product_brand","embeddable":true,"href":"https:\/\/amicamiashop.com\/hu\/wp-json\/wp\/v2\/product_brand?post=6366"},{"taxonomy":"product_cat","embeddable":true,"href":"https:\/\/amicamiashop.com\/hu\/wp-json\/wp\/v2\/product_cat?post=6366"},{"taxonomy":"product_tag","embeddable":true,"href":"https:\/\/amicamiashop.com\/hu\/wp-json\/wp\/v2\/product_tag?post=6366"}],"curies":[{"name":"wp","href":"https:\/\/api.w.org\/{rel}","templated":true}]}}