{"id":6375,"date":"2023-09-29T23:55:55","date_gmt":"2023-09-29T23:55:55","guid":{"rendered":"https:\/\/amicamiashop.com\/product\/post-wax-hair-growth-delay-bio-lotion-aloha\/"},"modified":"2024-07-05T16:36:33","modified_gmt":"2024-07-05T16:36:33","slug":"wax-hair-growth-delay-bio-lotion-aloha","status":"publish","type":"product","link":"https:\/\/amicamiashop.com\/hu\/termek\/wax-hair-growth-delay-bio-lotion-aloha\/","title":{"rendered":"Gyantazas utani szornovekedes keslelteto bio lotion aloha"},"content":{"rendered":"<p><strong>Gyant\u00e1z\u00e1s ut\u00e1ni sz\u0151rn\u00f6veked\u00e9s k\u00e9sleltet\u0151 Bio Lotion Aloha<\/strong><\/p>\n<p>Post-wax hair growth delay Bio Lotion Aloha 500 ml<\/p>\n<p>Minden b\u0151rt\u00edpusra alkalmas foly\u00e9kony emulzi\u00f3, ide\u00e1lis epil\u00e1l\u00e1s ut\u00e1n a b\u0151r megnyugtat\u00e1s\u00e1ra \u00e9s hidrat\u00e1l\u00e1s\u00e1ra.<\/p>\n<p>K\u00f6sz\u00f6nhet\u0151en a\u00a0<strong>kurkuma \u00e9s a gy\u00f6mb\u00e9r kivonatok<\/strong>\u00a0jelenl\u00e9t\u00e9nek, amelyeket az indiai hagyom\u00e1ny szerint term\u00e9szetes gy\u00f3gym\u00f3dk\u00e9nt haszn\u00e1lnak az arc \u00e9s a test sz\u0151r\u0151k gyeng\u00edt\u00e9s\u00e9re, ez az emulzi\u00f3 seg\u00edthet k\u00e9sleltetni a sz\u0151r \u00fajratermel\u00e9s\u00e9t. A kurkuma \u00e9s a gy\u00f6mb\u00e9r term\u00e9szetesen gazdag antioxid\u00e1nsokban \u00e9s term\u00e9szetes anyagokban is, amelyek el\u0151seg\u00edtik az \u00faj h\u00e1mk\u00e9pz\u0151d\u00e9st. A sz\u0151rtelen\u00edt\u0151 kezel\u00e9s ut\u00e1n alkalmazz\u00e1k, a gyanta maradv\u00e1nyok elt\u00e1vol\u00edt\u00e1s\u00e1n t\u00fal, seg\u00edt a b\u0151r puhas\u00e1g\u00e1ban \u00e9s simas\u00e1g\u00e1nak fenntart\u00e1s\u00e1ban. Argan \u00e9s Camelia alap\u00fa \u00e9des \u00e9s vir\u00e1gos illattal gazdag\u00edtva.<\/p>\n<p><strong>Ingredients:<\/strong> Aqua, Glycine Soja Oil, Propylene Glycol, Cyclopentasiloxane, Curcuma longa Root\u00a0 Extract, ZingiberOfficinale Root Oil, Acylates \/ C10-30 AlkylAcrylate Crospolymer, Sodium Acrylate \/ Sodium Acryloyldimethyl Taurate Copolymer, Parfum , Helianthus Annuus Seed Oil, Polysorbate 20,Isohexadecane, Polysorbate 80,Sorbitan Oleate, Tetrasodium Edta, Triethanolamine, Imidazolidinyl Urea, Pentaerythrityl Tetra Di -T-Butyl, Hydroxyhydrocinnamate, Phenoxyethanol,Ethylhexylglycerin,Linalool, Hexyl Cinnamal,Limone,Citronellol, Genariol CI 19140, CI 16255<img decoding=\"async\" style=\"display: none;\" src=\"http:\/\/www.journeyom.life\/wp-content\/uploads\/2024\/05\/JOM-LOGO-VERT-WB.jpg\" alt=\"Wax heater machine Lcd screen Black\" \/><img decoding=\"async\" style=\"display: none;\" src=\"http:\/\/www.journeyom.life\/wp-content\/uploads\/2024\/05\/JOM-LOGO-VERT-WB.jpg\" alt=\"Wax heater machine Lcd screen Black\" \/><img decoding=\"async\" style=\"display: none;\" src=\"http:\/\/www.journeyom.life\/wp-content\/uploads\/2024\/05\/JOM-LOGO-VERT-WB.jpg\" alt=\"Wax heater machine Lcd screen Black\" \/><img decoding=\"async\" style=\"display: none;\" src=\"http:\/\/www.journeyom.life\/wp-content\/uploads\/2024\/05\/JOM-LOGO-VERT-WB.jpg\" alt=\"Wax heater machine Lcd screen Black\" \/><\/p>\n","protected":false},"excerpt":{"rendered":"<p>Gyant\u00e1z\u00e1s ut\u00e1ni sz\u0151rn\u00f6veked\u00e9s k\u00e9sleltet\u0151 Bio Lotion Aloha Post-wax hair growth delay Bio Lotion Aloha 500 ml Minden b\u0151rt\u00edpusra alkalmas foly\u00e9kony emulzi\u00f3, ide\u00e1lis epil\u00e1l\u00e1s ut\u00e1n a b\u0151r megnyugtat\u00e1s\u00e1ra \u00e9s hidrat\u00e1l\u00e1s\u00e1ra. K\u00f6sz\u00f6nhet\u0151en a\u00a0kurkuma \u00e9s a gy\u00f6mb\u00e9r kivonatok\u00a0jelenl\u00e9t\u00e9nek, amelyeket az indiai hagyom\u00e1ny szerint term\u00e9szetes gy\u00f3gym\u00f3dk\u00e9nt haszn\u00e1lnak az arc \u00e9s a test sz\u0151r\u0151k gyeng\u00edt\u00e9s\u00e9re, ez az emulzi\u00f3 seg\u00edthet k\u00e9sleltetni [&hellip;]<\/p>\n","protected":false},"featured_media":13895,"comment_status":"open","ping_status":"closed","template":"","meta":[],"product_brand":[],"product_cat":[345],"product_tag":[391],"class_list":{"0":"post-6375","1":"product","2":"type-product","3":"status-publish","4":"has-post-thumbnail","6":"product_cat-elo-uto-apolo-termekek","7":"product_tag-skin-care-after-waxing-hu","9":"first","10":"instock","11":"taxable","12":"shipping-taxable","13":"purchasable","14":"product-type-simple"},"_links":{"self":[{"href":"https:\/\/amicamiashop.com\/hu\/wp-json\/wp\/v2\/product\/6375","targetHints":{"allow":["GET"]}}],"collection":[{"href":"https:\/\/amicamiashop.com\/hu\/wp-json\/wp\/v2\/product"}],"about":[{"href":"https:\/\/amicamiashop.com\/hu\/wp-json\/wp\/v2\/types\/product"}],"replies":[{"embeddable":true,"href":"https:\/\/amicamiashop.com\/hu\/wp-json\/wp\/v2\/comments?post=6375"}],"version-history":[{"count":0,"href":"https:\/\/amicamiashop.com\/hu\/wp-json\/wp\/v2\/product\/6375\/revisions"}],"wp:featuredmedia":[{"embeddable":true,"href":"https:\/\/amicamiashop.com\/hu\/wp-json\/wp\/v2\/media\/13895"}],"wp:attachment":[{"href":"https:\/\/amicamiashop.com\/hu\/wp-json\/wp\/v2\/media?parent=6375"}],"wp:term":[{"taxonomy":"product_brand","embeddable":true,"href":"https:\/\/amicamiashop.com\/hu\/wp-json\/wp\/v2\/product_brand?post=6375"},{"taxonomy":"product_cat","embeddable":true,"href":"https:\/\/amicamiashop.com\/hu\/wp-json\/wp\/v2\/product_cat?post=6375"},{"taxonomy":"product_tag","embeddable":true,"href":"https:\/\/amicamiashop.com\/hu\/wp-json\/wp\/v2\/product_tag?post=6375"}],"curies":[{"name":"wp","href":"https:\/\/api.w.org\/{rel}","templated":true}]}}