{"id":6388,"date":"2023-11-03T21:57:39","date_gmt":"2023-11-03T21:57:39","guid":{"rendered":"https:\/\/amicamiashop.com\/product\/organic-emulsion-after-waxing\/"},"modified":"2026-02-10T10:56:26","modified_gmt":"2026-02-10T10:56:26","slug":"utani-bio-bornyugtato-emulzio-azulennel","status":"publish","type":"product","link":"https:\/\/amicamiashop.com\/hu\/termek\/utani-bio-bornyugtato-emulzio-azulennel\/","title":{"rendered":"Gyant\u00e1z\u00e1s ut\u00e1ni bio b\u0151rnyugtat\u00f3 emulzi\u00f3 Azul\u00e9nnel"},"content":{"rendered":"<p><strong>Gyant\u00e1z\u00e1s ut\u00e1ni Bio b\u0151rnyugtat\u00f3 emulzio Azul\u00e9nnel 500 ml<\/strong><\/p>\n<div class=\"property_value_item\"><strong>Funkci\u00f3k:<\/strong>\u00a0 \u00c1pol\u00e1s,\u00a0 B\u0151rnyugtat\u00e1s, B\u0151rp\u00edrcs\u00f6kkent\u00e9s, Gyullad\u00e1scs\u00f6kkent\u00e9s, Hidrat\u00e1l\u00e1s,\u00a0 Nedvess\u00e9gmeg\u0151rz\u00e9s,\u00a0 Nyugtat\u00e1s,<\/div>\n<p>Biogazd\u00e1lkod\u00e1sb\u00f3l sz\u00e1rmaz\u00f3\u00a0<strong>aloe vera \u00e9s azul\u00e9n<\/strong>\u00a0alap\u00fa gyant\u00e1z\u00e1s ut\u00e1ni foly\u00e9kony emulzi\u00f3, nyugtat\u00f3 \u00e9s\u00a0 gy\u00f3gy\u00edt\u00f3, b\u0151rpuh\u00edt\u00f3 \u00e9s t\u00e1pl\u00e1l\u00f3\u00a0<strong>mandulaolaj,<\/strong>\u00a0hidrat\u00e1l\u00f3, t\u00e1pl\u00e1l\u00f3 \u00e9s t\u00e1pl\u00e1l\u00f3\u00a0<strong>bio shea vaj<\/strong><br \/>\nantioxid\u00e1ns. Term\u00e9szetes eredet\u0171 akt\u00edv \u00f6sszetev\u0151kkel gazdag\u00edtva finoman t\u00e1pl\u00e1lja \u00e9s hidrat\u00e1lja \u00e9s regener\u00e1lja a b\u0151rt \u00e9s kellemes selymes hat\u00e1s\u00fav\u00e1 teszi. K\u00f6nnyed aloe vera illattal.<\/p>\n<p>Bio gazd\u00e1lkod\u00e1sb\u00f3l sz\u00e1rmaz\u00f3 \u00f6sszetev\u0151ket tartalmaz\u00f3 EU AIAB Bio bizonyitv\u00e1nnyal rendelkez\u0151\u00a0 term\u00e9k- Illatanyaga allerg\u00e9n mentes.<\/p>\n<p>Ingredienti : Aqua, Aloe Barbadensis Leaf Juice(*), Prunus Amygdalus Dulcis Oil, Ethylhexyl Stearate, Caprylic\/Capric Triglycerides, Methyl Glucose Sesquistearate, Butyrospermum Parkii Butter(*), Glyceryn, Cetearyl Alcohol, Guaiazulene, Tocopherol, Isoamyl Laurate, Benzyl Alcohol, Potassium Sorbate, Sodium Benzoate, Parfum. (*)da Agricoltura Biologica \u2013 Profumo senza Allergeni<img decoding=\"async\" style=\"display: none;\" src=\"http:\/\/www.journeyom.life\/wp-content\/uploads\/2024\/05\/JOM-LOGO-VERT-WB.jpg\" alt=\"Wax heater machine Lcd screen Black\" \/><img decoding=\"async\" style=\"display: none;\" src=\"http:\/\/www.journeyom.life\/wp-content\/uploads\/2024\/05\/JOM-LOGO-VERT-WB.jpg\" alt=\"Wax heater machine Lcd screen Black\" \/><img decoding=\"async\" style=\"display: none;\" src=\"http:\/\/www.journeyom.life\/wp-content\/uploads\/2024\/05\/JOM-LOGO-VERT-WB.jpg\" alt=\"Wax heater machine Lcd screen Black\" \/><img decoding=\"async\" style=\"display: none;\" src=\"http:\/\/www.journeyom.life\/wp-content\/uploads\/2024\/05\/JOM-LOGO-VERT-WB.jpg\" alt=\"Wax heater machine Lcd screen Black\" \/><\/p>\n","protected":false},"excerpt":{"rendered":"<p>Gyant\u00e1z\u00e1s ut\u00e1ni Bio b\u0151rnyugtat\u00f3 emulzio Azul\u00e9nnel 500 ml Funkci\u00f3k:\u00a0 \u00c1pol\u00e1s,\u00a0 B\u0151rnyugtat\u00e1s, B\u0151rp\u00edrcs\u00f6kkent\u00e9s, Gyullad\u00e1scs\u00f6kkent\u00e9s, Hidrat\u00e1l\u00e1s,\u00a0 Nedvess\u00e9gmeg\u0151rz\u00e9s,\u00a0 Nyugtat\u00e1s, Biogazd\u00e1lkod\u00e1sb\u00f3l sz\u00e1rmaz\u00f3\u00a0aloe vera \u00e9s azul\u00e9n\u00a0alap\u00fa gyant\u00e1z\u00e1s ut\u00e1ni foly\u00e9kony emulzi\u00f3, nyugtat\u00f3 \u00e9s\u00a0 gy\u00f3gy\u00edt\u00f3, b\u0151rpuh\u00edt\u00f3 \u00e9s t\u00e1pl\u00e1l\u00f3\u00a0mandulaolaj,\u00a0hidrat\u00e1l\u00f3, t\u00e1pl\u00e1l\u00f3 \u00e9s t\u00e1pl\u00e1l\u00f3\u00a0bio shea vaj antioxid\u00e1ns. Term\u00e9szetes eredet\u0171 akt\u00edv \u00f6sszetev\u0151kkel gazdag\u00edtva finoman t\u00e1pl\u00e1lja \u00e9s hidrat\u00e1lja \u00e9s regener\u00e1lja a b\u0151rt \u00e9s kellemes selymes hat\u00e1s\u00fav\u00e1 teszi. [&hellip;]<\/p>\n","protected":false},"featured_media":7016,"comment_status":"open","ping_status":"closed","template":"","meta":[],"product_brand":[],"product_cat":[345],"product_tag":[],"class_list":{"0":"post-6388","1":"product","2":"type-product","3":"status-publish","4":"has-post-thumbnail","6":"product_cat-elo-uto-apolo-termekek","8":"first","9":"instock","10":"purchasable","11":"product-type-simple"},"_links":{"self":[{"href":"https:\/\/amicamiashop.com\/hu\/wp-json\/wp\/v2\/product\/6388","targetHints":{"allow":["GET"]}}],"collection":[{"href":"https:\/\/amicamiashop.com\/hu\/wp-json\/wp\/v2\/product"}],"about":[{"href":"https:\/\/amicamiashop.com\/hu\/wp-json\/wp\/v2\/types\/product"}],"replies":[{"embeddable":true,"href":"https:\/\/amicamiashop.com\/hu\/wp-json\/wp\/v2\/comments?post=6388"}],"version-history":[{"count":0,"href":"https:\/\/amicamiashop.com\/hu\/wp-json\/wp\/v2\/product\/6388\/revisions"}],"wp:featuredmedia":[{"embeddable":true,"href":"https:\/\/amicamiashop.com\/hu\/wp-json\/wp\/v2\/media\/7016"}],"wp:attachment":[{"href":"https:\/\/amicamiashop.com\/hu\/wp-json\/wp\/v2\/media?parent=6388"}],"wp:term":[{"taxonomy":"product_brand","embeddable":true,"href":"https:\/\/amicamiashop.com\/hu\/wp-json\/wp\/v2\/product_brand?post=6388"},{"taxonomy":"product_cat","embeddable":true,"href":"https:\/\/amicamiashop.com\/hu\/wp-json\/wp\/v2\/product_cat?post=6388"},{"taxonomy":"product_tag","embeddable":true,"href":"https:\/\/amicamiashop.com\/hu\/wp-json\/wp\/v2\/product_tag?post=6388"}],"curies":[{"name":"wp","href":"https:\/\/api.w.org\/{rel}","templated":true}]}}