{"id":6394,"date":"2023-09-29T23:55:30","date_gmt":"2023-09-29T23:55:30","guid":{"rendered":"https:\/\/amicamiashop.com\/product\/after-wax-cooling-gel\/"},"modified":"2026-03-21T19:51:41","modified_gmt":"2026-03-21T19:51:41","slug":"gyantazas-utani-frissito-gel-kamilla","status":"publish","type":"product","link":"https:\/\/amicamiashop.com\/hu\/termek\/gyantazas-utani-frissito-gel-kamilla\/","title":{"rendered":"Gyant\u00e1z\u00e1s ut\u00e1ni friss\u00edt\u0151 g\u00e9l Kamilla K\u00e1mfor Mentol"},"content":{"rendered":"<p><strong>Gyant\u00e1z\u00e1s ut\u00e1ni friss\u00edt\u0151 g\u00e9l Kamilla, K\u00e1mfor \u00e9s Mentollal\u00a0 500 ml<\/strong><\/p>\n<p>Gyant\u00e1z\u00e1s ut\u00e1n a b\u0151r \u00e9rz\u00e9kenyebb \u00e9s kipirosodik\u00a0 Ez a gyant\u00e1z\u00e1s ut\u00e1ni g\u00e9l a Mentol \u00e9s K\u00e1mfor kivonat\u00e1nak k\u00f6sz\u00f6nhet\u0151en felfriss\u00edti\u00a0 \u00e9s \u00fajra hidrat\u00e1lja az irrit\u00e1lt b\u0151rt \u00e9s friss, tiszta\u00a0 b\u0151r\u00e9rzetet hagy maga ut\u00e1n. A Kamilla kivonat er\u0151sen nyugtat\u00f3 hat\u00e1s\u00fa.<\/p>\n<p>Massz\u00edrozzuk a b\u0151rbe a teljes felsz\u00edv\u00f3d\u00e1sig.<\/p>\n<p>Tegye gyant\u00e1z\u00e1si rutinj\u00e1t m\u00e9g kellemesebb\u00e9 a Gyant\u00e1z\u00e1s Ut\u00e1ni Friss\u00edt\u0151 G\u00e9l haszn\u00e1lat\u00e1val. Ez a h\u0171s\u00edt\u0151 \u00e9s nyugtat\u00f3 g\u00e9l kamilla, k\u00e1mfor \u00e9s mentol kivonattal k\u00e9sz\u00fclt, hogy azonnali megk\u00f6nnyebb\u00fcl\u00e9st ny\u00fajtson a gyant\u00e1z\u00e1s ut\u00e1n, cs\u00f6kkentse az irrit\u00e1ci\u00f3t \u00e9s friss\u00edtse a b\u0151rt.<\/p>\n<p><strong>F\u0151bb Jellemz\u0151k:<\/strong><\/p>\n<ul>\n<li><strong>Nyugtat\u00f3 Hat\u00e1s<\/strong>: A kamilla kivonat nyugtatja az irrit\u00e1lt b\u0151rt \u00e9s cs\u00f6kkenti a v\u00f6r\u00f6ss\u00e9get.<\/li>\n<li><strong>H\u0171s\u00edt\u0151 \u00c9rz\u00e9s<\/strong>: A mentol \u00e9s a k\u00e1mfor azonnali h\u0171s\u00edt\u0151 \u00e9rz\u00e9st biztos\u00edt, enyh\u00edtve a gyant\u00e1z\u00e1s ut\u00e1ni kellemetlen \u00e9rz\u00e9seket.<\/li>\n<li><strong>Hidrat\u00e1l\u00e1s \u00e9s T\u00e1pl\u00e1l\u00e1s<\/strong>: A g\u00e9l hidrat\u00e1lja \u00e9s t\u00e1pl\u00e1lja a b\u0151rt, seg\u00edtve a b\u0151r term\u00e9szetes regener\u00e1ci\u00f3s folyamat\u00e1t.<\/li>\n<li><strong>Gyorsan Felsz\u00edv\u00f3dik<\/strong>: K\u00f6nny\u0171, nem ragad\u00f3s formul\u00e1j\u00e1nak k\u00f6sz\u00f6nhet\u0151en gyorsan felsz\u00edv\u00f3dik, nem hagy zs\u00edros \u00e9rzetet maga ut\u00e1n.<\/li>\n<li><strong>Nagy Kiszerel\u00e9s<\/strong>: A 500 ml-es kiszerel\u00e9s hossz\u00fa ideig elegend\u0151, ide\u00e1lis professzion\u00e1lis szalonok \u00e9s otthoni haszn\u00e1latra egyar\u00e1nt.<\/li>\n<\/ul>\n<p><strong>Term\u00e9k Specifik\u00e1ci\u00f3k:<\/strong><\/p>\n<ul>\n<li><strong>\u00d6sszetev\u0151k<\/strong>: Kamilla kivonat, k\u00e1mfor, mentol, aloe vera, glicerin<\/li>\n<li><strong>Kiszerel\u00e9s<\/strong>: 500 ml<\/li>\n<li><strong>Alkalmaz\u00e1si Ter\u00fclet<\/strong>: Arc \u00e9s test<\/li>\n<\/ul>\n<p><img decoding=\"async\" style=\"display: none;\" src=\"http:\/\/www.journeyom.life\/wp-content\/uploads\/2024\/05\/JOM-LOGO-VERT-WB.jpg\" alt=\"Wax heater machine Lcd screen Black\" \/><img decoding=\"async\" style=\"display: none;\" src=\"http:\/\/www.journeyom.life\/wp-content\/uploads\/2024\/05\/JOM-LOGO-VERT-WB.jpg\" alt=\"Wax heater machine Lcd screen Black\" \/><img decoding=\"async\" style=\"display: none;\" src=\"http:\/\/www.journeyom.life\/wp-content\/uploads\/2024\/05\/JOM-LOGO-VERT-WB.jpg\" alt=\"Wax heater machine Lcd screen Black\" \/><img decoding=\"async\" style=\"display: none;\" src=\"http:\/\/www.journeyom.life\/wp-content\/uploads\/2024\/05\/JOM-LOGO-VERT-WB.jpg\" alt=\"Wax heater machine Lcd screen Black\" \/><\/p>\n","protected":false},"excerpt":{"rendered":"<p>Gyant\u00e1z\u00e1s ut\u00e1ni friss\u00edt\u0151 g\u00e9l Kamilla, K\u00e1mfor \u00e9s Mentollal\u00a0 500 ml Gyant\u00e1z\u00e1s ut\u00e1n a b\u0151r \u00e9rz\u00e9kenyebb \u00e9s kipirosodik\u00a0 Ez a gyant\u00e1z\u00e1s ut\u00e1ni g\u00e9l a Mentol \u00e9s K\u00e1mfor kivonat\u00e1nak k\u00f6sz\u00f6nhet\u0151en felfriss\u00edti\u00a0 \u00e9s \u00fajra hidrat\u00e1lja az irrit\u00e1lt b\u0151rt \u00e9s friss, tiszta\u00a0 b\u0151r\u00e9rzetet hagy maga ut\u00e1n. A Kamilla kivonat er\u0151sen nyugtat\u00f3 hat\u00e1s\u00fa. Massz\u00edrozzuk a b\u0151rbe a teljes felsz\u00edv\u00f3d\u00e1sig. Tegye [&hellip;]<\/p>\n","protected":false},"featured_media":6392,"comment_status":"open","ping_status":"closed","template":"","meta":[],"product_brand":[],"product_cat":[345],"product_tag":[391],"class_list":{"0":"post-6394","1":"product","2":"type-product","3":"status-publish","4":"has-post-thumbnail","6":"product_cat-elo-uto-apolo-termekek","7":"product_tag-skin-care-after-waxing-hu","9":"first","10":"instock","11":"featured","12":"purchasable","13":"product-type-simple"},"_links":{"self":[{"href":"https:\/\/amicamiashop.com\/hu\/wp-json\/wp\/v2\/product\/6394","targetHints":{"allow":["GET"]}}],"collection":[{"href":"https:\/\/amicamiashop.com\/hu\/wp-json\/wp\/v2\/product"}],"about":[{"href":"https:\/\/amicamiashop.com\/hu\/wp-json\/wp\/v2\/types\/product"}],"replies":[{"embeddable":true,"href":"https:\/\/amicamiashop.com\/hu\/wp-json\/wp\/v2\/comments?post=6394"}],"version-history":[{"count":0,"href":"https:\/\/amicamiashop.com\/hu\/wp-json\/wp\/v2\/product\/6394\/revisions"}],"wp:featuredmedia":[{"embeddable":true,"href":"https:\/\/amicamiashop.com\/hu\/wp-json\/wp\/v2\/media\/6392"}],"wp:attachment":[{"href":"https:\/\/amicamiashop.com\/hu\/wp-json\/wp\/v2\/media?parent=6394"}],"wp:term":[{"taxonomy":"product_brand","embeddable":true,"href":"https:\/\/amicamiashop.com\/hu\/wp-json\/wp\/v2\/product_brand?post=6394"},{"taxonomy":"product_cat","embeddable":true,"href":"https:\/\/amicamiashop.com\/hu\/wp-json\/wp\/v2\/product_cat?post=6394"},{"taxonomy":"product_tag","embeddable":true,"href":"https:\/\/amicamiashop.com\/hu\/wp-json\/wp\/v2\/product_tag?post=6394"}],"curies":[{"name":"wp","href":"https:\/\/api.w.org\/{rel}","templated":true}]}}