{"id":6413,"date":"2023-11-03T22:43:38","date_gmt":"2023-11-03T22:43:38","guid":{"rendered":"https:\/\/amicamiashop.com\/product\/pot-saucepan-for-pro-wax\/"},"modified":"2024-06-17T14:24:59","modified_gmt":"2024-06-17T14:24:59","slug":"pro-wax-femedeny","status":"publish","type":"product","link":"https:\/\/amicamiashop.com\/hu\/termek\/pro-wax-femedeny\/","title":{"rendered":"Pro Wax f\u00e9med\u00e9ny"},"content":{"rendered":"<p><strong>Pro Wax f\u00e9med\u00e9ny<\/strong><\/p>\n<p>K\u00fcl\u00f6n is rendelhet\u0151 csere ed\u00e9ny Pro Wax t\u00edpus\u00fa gyantameleg\u00edt\u0151 g\u00e9pekhez ,400 ml \u0171rtartalm\u00fa f\u00e9m ed\u00e9ny m\u0171anyag f\u00fcllel.<\/p>\n<p>Kompatibilis minden Pro Wax 100, 200, Pro Wax digit\u00e1lis \u00e9s Smart Digit\u00e1lis gyantameleg\u00edt\u0151 g\u00e9phez.<\/p>\n<p>M\u00e9ret: 10 cm \u00e1tm\u00e9r\u0151 7 cm magass\u00e1g<\/p>\n<p>Maximaliz\u00e1lja gyant\u00e1z\u00e1si rutinj\u00e1t a Pro Wax F\u00e9med\u00e9ny seg\u00edts\u00e9g\u00e9vel. Ez a kiv\u00e1l\u00f3 min\u0151s\u00e9g\u0171 f\u00e9med\u00e9ny ide\u00e1lis mind professzion\u00e1lis szalonok, mind otthoni haszn\u00e1latra, biztos\u00edtva a gyanta egyenletes meleg\u00edt\u00e9s\u00e9t \u00e9s felhaszn\u00e1l\u00e1s\u00e1t. Kialak\u00edt\u00e1sa \u00e9s tart\u00f3ss\u00e1ga r\u00e9v\u00e9n ez az ed\u00e9ny n\u00e9lk\u00fcl\u00f6zhetetlen eszk\u00f6ze lesz minden gyant\u00e1z\u00e1si folyamatnak.<\/p>\n<p><strong>F\u0151bb Jellemz\u0151k:<\/strong><\/p>\n<ul>\n<li><strong>Kiv\u00e1l\u00f3 Min\u0151s\u00e9g\u0171 Anyag<\/strong>: Pr\u00e9mium min\u0151s\u00e9g\u0171 rozsdamentes ac\u00e9lb\u00f3l k\u00e9sz\u00fclt, amely ellen\u00e1ll a rozsd\u00e1nak \u00e9s a korr\u00f3zi\u00f3nak, biztos\u00edtva a hossz\u00fa t\u00e1v\u00fa haszn\u00e1latot.<\/li>\n<li><strong>Egyenletes Meleg\u00edt\u00e9s<\/strong>: Kialak\u00edt\u00e1s\u00e1nak k\u00f6sz\u00f6nhet\u0151en a gyanta gyorsan \u00e9s egyenletesen melegszik fel, megk\u00f6nny\u00edtve a haszn\u00e1latot.<\/li>\n<li><strong>K\u00f6nnyen Tiszt\u00edthat\u00f3<\/strong>: Sim\u00e1ra pol\u00edrozott fel\u00fclete miatt k\u00f6nnyen tiszt\u00edthat\u00f3, fenntartva a higi\u00e9nikus k\u00f6rnyezetet.<\/li>\n<li><strong>K\u00e9nyelmes Foganty\u00fa<\/strong>: Az ed\u00e9ny k\u00e9nyelmes foganty\u00faval rendelkezik, amely megk\u00f6nny\u00edti a mozgat\u00e1st \u00e9s a haszn\u00e1latot.<\/li>\n<li><strong>Sokoldal\u00fa Haszn\u00e1lat<\/strong>: Alkalmas minden t\u00edpus\u00fa gyanta meleg\u00edt\u00e9s\u00e9re, bele\u00e9rtve a kem\u00e9ny \u00e9s l\u00e1gy gyant\u00e1t is.<\/li>\n<\/ul>\n<p><img decoding=\"async\" style=\"display: none;\" src=\"http:\/\/www.journeyom.life\/wp-content\/uploads\/2024\/05\/JOM-LOGO-VERT-WB.jpg\" alt=\"Wax heater machine Lcd screen Black\" \/><img decoding=\"async\" style=\"display: none;\" src=\"http:\/\/www.journeyom.life\/wp-content\/uploads\/2024\/05\/JOM-LOGO-VERT-WB.jpg\" alt=\"Wax heater machine Lcd screen Black\" \/><img decoding=\"async\" style=\"display: none;\" src=\"http:\/\/www.journeyom.life\/wp-content\/uploads\/2024\/05\/JOM-LOGO-VERT-WB.jpg\" alt=\"Wax heater machine Lcd screen Black\" \/><img decoding=\"async\" style=\"display: none;\" src=\"http:\/\/www.journeyom.life\/wp-content\/uploads\/2024\/05\/JOM-LOGO-VERT-WB.jpg\" alt=\"Wax heater machine Lcd screen Black\" \/><\/p>\n","protected":false},"excerpt":{"rendered":"<p>Pro Wax f\u00e9med\u00e9ny K\u00fcl\u00f6n is rendelhet\u0151 csere ed\u00e9ny Pro Wax t\u00edpus\u00fa gyantameleg\u00edt\u0151 g\u00e9pekhez ,400 ml \u0171rtartalm\u00fa f\u00e9m ed\u00e9ny m\u0171anyag f\u00fcllel. Kompatibilis minden Pro Wax 100, 200, Pro Wax digit\u00e1lis \u00e9s Smart Digit\u00e1lis gyantameleg\u00edt\u0151 g\u00e9phez. M\u00e9ret: 10 cm \u00e1tm\u00e9r\u0151 7 cm magass\u00e1g Maximaliz\u00e1lja gyant\u00e1z\u00e1si rutinj\u00e1t a Pro Wax F\u00e9med\u00e9ny seg\u00edts\u00e9g\u00e9vel. Ez a kiv\u00e1l\u00f3 min\u0151s\u00e9g\u0171 f\u00e9med\u00e9ny ide\u00e1lis [&hellip;]<\/p>\n","protected":false},"featured_media":6411,"comment_status":"open","ping_status":"closed","template":"","meta":[],"product_brand":[],"product_cat":[355],"product_tag":[],"class_list":{"0":"post-6413","1":"product","2":"type-product","3":"status-publish","4":"has-post-thumbnail","6":"product_cat-kiegeszitok-gyantazashoz","8":"first","9":"instock","10":"purchasable","11":"product-type-simple"},"_links":{"self":[{"href":"https:\/\/amicamiashop.com\/hu\/wp-json\/wp\/v2\/product\/6413","targetHints":{"allow":["GET"]}}],"collection":[{"href":"https:\/\/amicamiashop.com\/hu\/wp-json\/wp\/v2\/product"}],"about":[{"href":"https:\/\/amicamiashop.com\/hu\/wp-json\/wp\/v2\/types\/product"}],"replies":[{"embeddable":true,"href":"https:\/\/amicamiashop.com\/hu\/wp-json\/wp\/v2\/comments?post=6413"}],"version-history":[{"count":0,"href":"https:\/\/amicamiashop.com\/hu\/wp-json\/wp\/v2\/product\/6413\/revisions"}],"wp:featuredmedia":[{"embeddable":true,"href":"https:\/\/amicamiashop.com\/hu\/wp-json\/wp\/v2\/media\/6411"}],"wp:attachment":[{"href":"https:\/\/amicamiashop.com\/hu\/wp-json\/wp\/v2\/media?parent=6413"}],"wp:term":[{"taxonomy":"product_brand","embeddable":true,"href":"https:\/\/amicamiashop.com\/hu\/wp-json\/wp\/v2\/product_brand?post=6413"},{"taxonomy":"product_cat","embeddable":true,"href":"https:\/\/amicamiashop.com\/hu\/wp-json\/wp\/v2\/product_cat?post=6413"},{"taxonomy":"product_tag","embeddable":true,"href":"https:\/\/amicamiashop.com\/hu\/wp-json\/wp\/v2\/product_tag?post=6413"}],"curies":[{"name":"wp","href":"https:\/\/api.w.org\/{rel}","templated":true}]}}