{"id":6432,"date":"2023-09-29T23:55:30","date_gmt":"2023-09-29T23:55:30","guid":{"rendered":"https:\/\/amicamiashop.com\/product\/wax-cleaner-oil-with-lemon-500ml\/"},"modified":"2024-09-07T06:26:07","modified_gmt":"2024-09-07T06:26:07","slug":"gyantagep-tisztito-olaj","status":"publish","type":"product","link":"https:\/\/amicamiashop.com\/hu\/termek\/gyantagep-tisztito-olaj\/","title":{"rendered":"Gyantag\u00e9p tiszt\u00edt\u00f3 olaj"},"content":{"rendered":"<p><strong>Gyantag\u00e9p tiszt\u00edt\u00f3 olaj citrussal 500ml<\/strong><\/p>\n<p>Kozmetikai eszk\u00f6z\u00f6k tiszt\u00edt\u00e1s\u00e1ra tervezett term\u00e9szetes v\u00e1logatott olajokat \u00e9s term\u00e9szetes <strong>citrom olajat<\/strong> tartalmaz\u00f3 term\u00e9k, amely elt\u00e1vol\u00edtja a gyant\u00e1t k\u00f6nnyen \u00e9s gyorsan a gyant\u00e1z\u00f3 g\u00e9pekr\u0151l \u00e9s friss citrus illat\u00fa valamint b\u0151r k\u00edm\u00e9l\u0151 term\u00e9k, mely kemik\u00e1li\u00e1kt\u00f3l mentes.<br \/>\nAj\u00e1nlott gyant\u00e1z\u00f3 g\u00e9pek, \u00e9s egy\u00e9b eszk\u00f6z\u00f6k tiszt\u00edt\u00e1s\u00e1hoz .<img decoding=\"async\" style=\"display: none;\" src=\"http:\/\/www.journeyom.life\/wp-content\/uploads\/2024\/05\/JOM-LOGO-VERT-WB.jpg\" alt=\"Wax heater machine Lcd screen Black\" \/><img decoding=\"async\" style=\"display: none;\" src=\"http:\/\/www.journeyom.life\/wp-content\/uploads\/2024\/05\/JOM-LOGO-VERT-WB.jpg\" alt=\"Wax heater machine Lcd screen Black\" \/><img decoding=\"async\" style=\"display: none;\" src=\"http:\/\/www.journeyom.life\/wp-content\/uploads\/2024\/05\/JOM-LOGO-VERT-WB.jpg\" alt=\"Wax heater machine Lcd screen Black\" \/><img decoding=\"async\" style=\"display: none;\" src=\"http:\/\/www.journeyom.life\/wp-content\/uploads\/2024\/05\/JOM-LOGO-VERT-WB.jpg\" alt=\"Wax heater machine Lcd screen Black\" \/><\/p>\n","protected":false},"excerpt":{"rendered":"<p>Gyantag\u00e9p tiszt\u00edt\u00f3 olaj citrussal 500ml Kozmetikai eszk\u00f6z\u00f6k tiszt\u00edt\u00e1s\u00e1ra tervezett term\u00e9szetes v\u00e1logatott olajokat \u00e9s term\u00e9szetes citrom olajat tartalmaz\u00f3 term\u00e9k, amely elt\u00e1vol\u00edtja a gyant\u00e1t k\u00f6nnyen \u00e9s gyorsan a gyant\u00e1z\u00f3 g\u00e9pekr\u0151l \u00e9s friss citrus illat\u00fa valamint b\u0151r k\u00edm\u00e9l\u0151 term\u00e9k, mely kemik\u00e1li\u00e1kt\u00f3l mentes. Aj\u00e1nlott gyant\u00e1z\u00f3 g\u00e9pek, \u00e9s egy\u00e9b eszk\u00f6z\u00f6k tiszt\u00edt\u00e1s\u00e1hoz .<\/p>\n","protected":false},"featured_media":6430,"comment_status":"open","ping_status":"closed","template":"","meta":[],"product_brand":[],"product_cat":[355],"product_tag":[],"class_list":{"0":"post-6432","1":"product","2":"type-product","3":"status-publish","4":"has-post-thumbnail","6":"product_cat-kiegeszitok-gyantazashoz","8":"first","9":"instock","10":"purchasable","11":"product-type-simple"},"_links":{"self":[{"href":"https:\/\/amicamiashop.com\/hu\/wp-json\/wp\/v2\/product\/6432","targetHints":{"allow":["GET"]}}],"collection":[{"href":"https:\/\/amicamiashop.com\/hu\/wp-json\/wp\/v2\/product"}],"about":[{"href":"https:\/\/amicamiashop.com\/hu\/wp-json\/wp\/v2\/types\/product"}],"replies":[{"embeddable":true,"href":"https:\/\/amicamiashop.com\/hu\/wp-json\/wp\/v2\/comments?post=6432"}],"version-history":[{"count":0,"href":"https:\/\/amicamiashop.com\/hu\/wp-json\/wp\/v2\/product\/6432\/revisions"}],"wp:featuredmedia":[{"embeddable":true,"href":"https:\/\/amicamiashop.com\/hu\/wp-json\/wp\/v2\/media\/6430"}],"wp:attachment":[{"href":"https:\/\/amicamiashop.com\/hu\/wp-json\/wp\/v2\/media?parent=6432"}],"wp:term":[{"taxonomy":"product_brand","embeddable":true,"href":"https:\/\/amicamiashop.com\/hu\/wp-json\/wp\/v2\/product_brand?post=6432"},{"taxonomy":"product_cat","embeddable":true,"href":"https:\/\/amicamiashop.com\/hu\/wp-json\/wp\/v2\/product_cat?post=6432"},{"taxonomy":"product_tag","embeddable":true,"href":"https:\/\/amicamiashop.com\/hu\/wp-json\/wp\/v2\/product_tag?post=6432"}],"curies":[{"name":"wp","href":"https:\/\/api.w.org\/{rel}","templated":true}]}}