{"id":6456,"date":"2023-11-03T23:52:34","date_gmt":"2023-11-03T23:52:34","guid":{"rendered":"https:\/\/amicamiashop.com\/product\/depilatory-paper\/"},"modified":"2024-06-17T14:09:57","modified_gmt":"2024-06-17T14:09:57","slug":"gyantapapir-tekercs-normal-70m","status":"publish","type":"product","link":"https:\/\/amicamiashop.com\/hu\/termek\/gyantapapir-tekercs-normal-70m\/","title":{"rendered":"Gyantapap\u00edr tekercs Norm\u00e1l 70m"},"content":{"rendered":"<h3>Gyantapap\u00edr tekercs Norm\u00e1l 70m<\/h3>\n<p>Gyantapap\u00edr tekercs Norm\u00e1l 70 m\u00e9ter perfor\u00e1ci\u00f3 n\u00e9lk\u00fcl. Made in Italy term\u00e9k garant\u00e1lt min\u0151s\u00e9g.<\/p>\n<p>80 gr \/ m2<\/p>\n<p>Konfekci\u00f3 : 12 db \/ doboz<\/p>\n<p>\u00c9lvezze a professzion\u00e1lis szint\u0171 sz\u0151rtelen\u00edt\u00e9st otthon\u00e1ban a Gyantapap\u00edr tekercs Norm\u00e1l 70m seg\u00edts\u00e9g\u00e9vel. Ez a kiv\u00e1l\u00f3 min\u0151s\u00e9g\u0171 gyantapap\u00edr ide\u00e1lis mind szalonok, mind otthoni haszn\u00e1latra, biztos\u00edtva a hat\u00e9kony \u00e9s k\u00e9nyelmes sz\u0151rtelen\u00edt\u00e9st. A 70 m\u00e9teres tekercs lehet\u0151v\u00e9 teszi a k\u00edv\u00e1nt hossz\u00fas\u00e1g k\u00f6nny\u0171 adagol\u00e1s\u00e1t \u00e9s haszn\u00e1lat\u00e1t.<\/p>\n<p><strong>F\u0151bb Jellemz\u0151k:<\/strong><\/p>\n<ul>\n<li><strong>Kiv\u00e1l\u00f3 Min\u0151s\u00e9g<\/strong>: Er\u0151s \u00e9s tart\u00f3s pap\u00edrb\u00f3l k\u00e9sz\u00fclt, amely nem szakad el haszn\u00e1lat k\u00f6zben \u00e9s biztos\u00edtja a hat\u00e9kony sz\u0151rtelen\u00edt\u00e9st.<\/li>\n<li><strong>Hat\u00e9kony Sz\u0151rtelen\u00edt\u00e9s<\/strong>: Er\u0151s tapad\u00e1s\u00e1nak k\u00f6sz\u00f6nhet\u0151en hat\u00e9konyan elt\u00e1vol\u00edtja m\u00e9g a legfinomabb \u00e9s legmakacsabb sz\u0151rsz\u00e1lakat is, sima \u00e9s sz\u0151rmentes b\u0151rt hagyva maga ut\u00e1n.<\/li>\n<li><strong>K\u00e9nyelmes M\u00e9ret<\/strong>: A tekercses kiszerel\u00e9s lehet\u0151v\u00e9 teszi a k\u00edv\u00e1nt hossz\u00fas\u00e1g k\u00f6nny\u0171 adagol\u00e1s\u00e1t, \u00edgy k\u00fcl\u00f6nb\u00f6z\u0151 testr\u00e9szekre is alkalmazhat\u00f3.<\/li>\n<li><strong>Univerz\u00e1lis Haszn\u00e1lat<\/strong>: Minden t\u00edpus\u00fa gyant\u00e1hoz haszn\u00e1lhat\u00f3, bele\u00e9rtve a meleg- \u00e9s hideggyant\u00e1t is.<\/li>\n<li><strong>Nagy Kiszerel\u00e9s<\/strong>: 70 m\u00e9teres tekercs, amely elegend\u0151 mennyis\u00e9get biztos\u00edt t\u00f6bb sz\u0151rtelen\u00edt\u00e9si alkalomra.<\/li>\n<\/ul>\n<p><strong>Haszn\u00e1lati \u00datmutat\u00f3:<\/strong><\/p>\n<ol>\n<li><strong>El\u0151k\u00e9sz\u00edt\u00e9s<\/strong>: Tiszt\u00edtsa meg \u00e9s sz\u00e1r\u00edtsa meg alaposan a sz\u0151rtelen\u00edtend\u0151 ter\u00fcletet.<\/li>\n<li><strong>Gyanta Felvitele<\/strong>: Meleg\u00edtse fel a gyant\u00e1t, majd spatul\u00e1val vigye fel egy v\u00e9kony r\u00e9tegben a k\u00edv\u00e1nt ter\u00fcletre a sz\u0151r n\u00f6veked\u00e9s\u00e9nek ir\u00e1ny\u00e1ban.<\/li>\n<li><strong>Gyantapap\u00edr Felhelyez\u00e9se<\/strong>: V\u00e1gja le a k\u00edv\u00e1nt hossz\u00fas\u00e1g\u00fa gyantapap\u00edrt a tekercsr\u0151l, helyezze a gyant\u00e1zott ter\u00fcletre, \u00e9s nyomja le hat\u00e1rozottan.<\/li>\n<li><strong>Gyanta Elt\u00e1vol\u00edt\u00e1sa<\/strong>: Tartsa feszesen a b\u0151rt, majd gyors mozdulattal h\u00fazza le a pap\u00edrt a sz\u0151r n\u00f6veked\u00e9s\u00e9vel ellent\u00e9tes ir\u00e1nyban.<\/li>\n<li><strong>Ut\u00f3kezel\u00e9s<\/strong>: Nyugtassa meg a b\u0151rt gyanta ut\u00e1ni \u00e1pol\u00f3 kr\u00e9mmel vagy aloe ver\u00e1val, hogy hidrat\u00e1lja \u00e9s megnyugtassa.<\/li>\n<\/ol>\n<p><strong>Term\u00e9k Specifik\u00e1ci\u00f3k:<\/strong><\/p>\n<ul>\n<li><strong>Anyag<\/strong>: Kiv\u00e1l\u00f3 min\u0151s\u00e9g\u0171, er\u0151s \u00e9s tart\u00f3s pap\u00edr<\/li>\n<li><strong>Sz\u00edn<\/strong>: Feh\u00e9r<\/li>\n<li><strong>M\u00e9ret<\/strong>: 70 m\u00e9ter hossz\u00fa \u00e9s 7 cm sz\u00e9les tekercs<\/li>\n<li><strong>Kiszerel\u00e9s<\/strong>: Tekercs form\u00e1ban, k\u00f6nny\u0171 adagol\u00e1s \u00e9rdek\u00e9ben<\/li>\n<li><strong>Alkalmas<\/strong>: Minden testr\u00e9szre, bele\u00e9rtve az arcot, karokat, l\u00e1bakat \u00e9s a bikinivonalat<\/li>\n<\/ul>\n<p><img decoding=\"async\" style=\"display: none;\" src=\"http:\/\/www.journeyom.life\/wp-content\/uploads\/2024\/05\/JOM-LOGO-VERT-WB.jpg\" alt=\"Wax heater machine Lcd screen Black\" \/><img decoding=\"async\" style=\"display: none;\" src=\"http:\/\/www.journeyom.life\/wp-content\/uploads\/2024\/05\/JOM-LOGO-VERT-WB.jpg\" alt=\"Wax heater machine Lcd screen Black\" \/><img decoding=\"async\" style=\"display: none;\" src=\"http:\/\/www.journeyom.life\/wp-content\/uploads\/2024\/05\/JOM-LOGO-VERT-WB.jpg\" alt=\"Wax heater machine Lcd screen Black\" \/><img decoding=\"async\" style=\"display: none;\" src=\"http:\/\/www.journeyom.life\/wp-content\/uploads\/2024\/05\/JOM-LOGO-VERT-WB.jpg\" alt=\"Wax heater machine Lcd screen Black\" \/><\/p>\n","protected":false},"excerpt":{"rendered":"<p>Gyantapap\u00edr tekercs Norm\u00e1l 70m Gyantapap\u00edr tekercs Norm\u00e1l 70 m\u00e9ter perfor\u00e1ci\u00f3 n\u00e9lk\u00fcl. Made in Italy term\u00e9k garant\u00e1lt min\u0151s\u00e9g. 80 gr \/ m2 Konfekci\u00f3 : 12 db \/ doboz \u00c9lvezze a professzion\u00e1lis szint\u0171 sz\u0151rtelen\u00edt\u00e9st otthon\u00e1ban a Gyantapap\u00edr tekercs Norm\u00e1l 70m seg\u00edts\u00e9g\u00e9vel. Ez a kiv\u00e1l\u00f3 min\u0151s\u00e9g\u0171 gyantapap\u00edr ide\u00e1lis mind szalonok, mind otthoni haszn\u00e1latra, biztos\u00edtva a hat\u00e9kony \u00e9s k\u00e9nyelmes [&hellip;]<\/p>\n","protected":false},"featured_media":6454,"comment_status":"open","ping_status":"closed","template":"","meta":[],"product_brand":[],"product_cat":[355],"product_tag":[],"class_list":{"0":"post-6456","1":"product","2":"type-product","3":"status-publish","4":"has-post-thumbnail","6":"product_cat-kiegeszitok-gyantazashoz","8":"first","9":"instock","10":"taxable","11":"shipping-taxable","12":"purchasable","13":"product-type-simple"},"_links":{"self":[{"href":"https:\/\/amicamiashop.com\/hu\/wp-json\/wp\/v2\/product\/6456","targetHints":{"allow":["GET"]}}],"collection":[{"href":"https:\/\/amicamiashop.com\/hu\/wp-json\/wp\/v2\/product"}],"about":[{"href":"https:\/\/amicamiashop.com\/hu\/wp-json\/wp\/v2\/types\/product"}],"replies":[{"embeddable":true,"href":"https:\/\/amicamiashop.com\/hu\/wp-json\/wp\/v2\/comments?post=6456"}],"version-history":[{"count":0,"href":"https:\/\/amicamiashop.com\/hu\/wp-json\/wp\/v2\/product\/6456\/revisions"}],"wp:featuredmedia":[{"embeddable":true,"href":"https:\/\/amicamiashop.com\/hu\/wp-json\/wp\/v2\/media\/6454"}],"wp:attachment":[{"href":"https:\/\/amicamiashop.com\/hu\/wp-json\/wp\/v2\/media?parent=6456"}],"wp:term":[{"taxonomy":"product_brand","embeddable":true,"href":"https:\/\/amicamiashop.com\/hu\/wp-json\/wp\/v2\/product_brand?post=6456"},{"taxonomy":"product_cat","embeddable":true,"href":"https:\/\/amicamiashop.com\/hu\/wp-json\/wp\/v2\/product_cat?post=6456"},{"taxonomy":"product_tag","embeddable":true,"href":"https:\/\/amicamiashop.com\/hu\/wp-json\/wp\/v2\/product_tag?post=6456"}],"curies":[{"name":"wp","href":"https:\/\/api.w.org\/{rel}","templated":true}]}}