{"id":6469,"date":"2023-11-04T00:08:51","date_gmt":"2023-11-04T00:08:51","guid":{"rendered":"https:\/\/amicamiashop.com\/product\/hair-removal-waxing-shett-roll\/"},"modified":"2026-03-28T07:34:32","modified_gmt":"2026-03-28T07:34:32","slug":"gyantapapir-tekercs-extra-eros","status":"publish","type":"product","link":"https:\/\/amicamiashop.com\/hu\/termek\/gyantapapir-tekercs-extra-eros\/","title":{"rendered":"Gyantapap\u00edr tekercs extra er\u0151s"},"content":{"rendered":"<p><strong>Gyantapap\u00edr tekercs extra er\u0151s.<\/strong><\/p>\n<p>S\u0171r\u0171 sz\u00f6v\u00e9s\u0171 85 grammos gyantapap\u00edr extra min\u0151s\u00e9gben. 80m Nem perfor\u00e1lt.<\/p>\n<p>Gazdas\u00e1gos haszn\u00e1latu pr\u00e9mium min\u0151s\u00e9g\u00fc kieg\u00e9sz\u00edt\u0151 term\u00e9k gyant\u00e1z\u00e1shoz.<\/p>\n<p>Er\u0151s sz\u00f6v\u00e9s\u00e9nek k\u00f6sz\u00f6nhet\u0151en nem szakad \u00e9s t\u00f6bbsz\u00f6ri gyanta leh\u00faz\u00e1sra alkalmas .<\/p>\n<p>Tapasztalja meg a professzion\u00e1lis szint\u0171 sz\u0151rtelen\u00edt\u00e9st az Gyantapap\u00edr tekercs extra er\u0151s haszn\u00e1lat\u00e1val. Ez a kiv\u00e1l\u00f3 min\u0151s\u00e9g\u0171, extra er\u0151s tapad\u00e1ssal rendelkez\u0151 gyantapap\u00edr ide\u00e1lis mind szalonok, mind otthoni haszn\u00e1latra, biztos\u00edtva a hat\u00e9kony \u00e9s k\u00e9nyelmes sz\u0151rtelen\u00edt\u00e9st. A praktikus tekercses kiszerel\u00e9s lehet\u0151v\u00e9 teszi a k\u00edv\u00e1nt hossz\u00fas\u00e1g k\u00f6nny\u0171 adagol\u00e1s\u00e1t \u00e9s haszn\u00e1lat\u00e1t.<\/p>\n<p><strong>F\u0151bb Jellemz\u0151k:<\/strong><\/p>\n<ul>\n<li><strong>Extra Er\u0151s Tapad\u00e1s<\/strong>: Kiv\u00e1l\u00f3 min\u0151s\u00e9g\u0171, er\u0151s \u00e9s tart\u00f3s pap\u00edrb\u00f3l k\u00e9sz\u00fclt, amely nem szakad el haszn\u00e1lat k\u00f6zben \u00e9s biztos\u00edtja a hat\u00e9kony sz\u0151rtelen\u00edt\u00e9st.<\/li>\n<li><strong>Hat\u00e9kony Sz\u0151rtelen\u00edt\u00e9s<\/strong>: Er\u0151s tapad\u00e1s\u00e1nak k\u00f6sz\u00f6nhet\u0151en hat\u00e9konyan elt\u00e1vol\u00edtja m\u00e9g a legfinomabb \u00e9s legmakacsabb sz\u0151rsz\u00e1lakat is, sima \u00e9s sz\u0151rmentes b\u0151rt hagyva maga ut\u00e1n.<\/li>\n<li><strong>K\u00e9nyelmes M\u00e9ret<\/strong>: A tekercses kiszerel\u00e9s lehet\u0151v\u00e9 teszi a k\u00edv\u00e1nt hossz\u00fas\u00e1g k\u00f6nny\u0171 adagol\u00e1s\u00e1t, \u00edgy k\u00fcl\u00f6nb\u00f6z\u0151 testr\u00e9szekre is alkalmazhat\u00f3.<\/li>\n<li><strong>Univerz\u00e1lis Haszn\u00e1lat<\/strong>: Minden t\u00edpus\u00fa gyant\u00e1hoz haszn\u00e1lhat\u00f3, bele\u00e9rtve a meleg- \u00e9s hideggyant\u00e1t is.<\/li>\n<li><strong>Nagy Kiszerel\u00e9s<\/strong>: Hossz\u00fa tekercs, amely elegend\u0151 mennyis\u00e9get biztos\u00edt t\u00f6bb sz\u0151rtelen\u00edt\u00e9si alkalomra.<\/li>\n<\/ul>\n<p><strong>Haszn\u00e1lati \u00datmutat\u00f3:<\/strong><\/p>\n<ol>\n<li><strong>El\u0151k\u00e9sz\u00edt\u00e9s<\/strong>: Tiszt\u00edtsa meg \u00e9s sz\u00e1r\u00edtsa meg alaposan a sz\u0151rtelen\u00edtend\u0151 ter\u00fcletet.<\/li>\n<li><strong>Gyanta Felvitele<\/strong>: Meleg\u00edtse fel a gyant\u00e1t, majd spatul\u00e1val vigye fel egy v\u00e9kony r\u00e9tegben a k\u00edv\u00e1nt ter\u00fcletre a sz\u0151r n\u00f6veked\u00e9s\u00e9nek ir\u00e1ny\u00e1ban.<\/li>\n<li><strong>Gyantapap\u00edr Felhelyez\u00e9se<\/strong>: V\u00e1gja le a k\u00edv\u00e1nt hossz\u00fas\u00e1g\u00fa gyantapap\u00edrt a tekercsr\u0151l, helyezze a gyant\u00e1zott ter\u00fcletre, \u00e9s nyomja le hat\u00e1rozottan.<\/li>\n<li><strong>Gyanta Elt\u00e1vol\u00edt\u00e1sa<\/strong>: Tartsa feszesen a b\u0151rt, majd gyors mozdulattal h\u00fazza le a pap\u00edrt a sz\u0151r n\u00f6veked\u00e9s\u00e9vel ellent\u00e9tes ir\u00e1nyban.<\/li>\n<li><strong>Ut\u00f3kezel\u00e9s<\/strong>: Nyugtassa meg a b\u0151rt gyanta ut\u00e1ni \u00e1pol\u00f3 kr\u00e9mmel vagy aloe ver\u00e1val, hogy hidrat\u00e1lja \u00e9s megnyugtassa.<\/li>\n<\/ol>\n<p><strong>Term\u00e9k Specifik\u00e1ci\u00f3k:<\/strong><\/p>\n<ul>\n<li><strong>Anyag<\/strong>: Pr\u00e9mium min\u0151s\u00e9g\u0171, extra er\u0151s \u00e9s tart\u00f3s pap\u00edr<\/li>\n<li><strong>Sz\u00edn<\/strong>: Feh\u00e9r<\/li>\n<li><strong>M\u00e9ret<\/strong>: Hossz\u00fa tekercs (kb. 100 m\u00e9ter hossz\u00fa \u00e9s 7 cm sz\u00e9les)<\/li>\n<li><strong>Kiszerel\u00e9s<\/strong>: Tekercs form\u00e1ban, k\u00f6nny\u0171 adagol\u00e1s \u00e9rdek\u00e9ben<\/li>\n<li><strong>Alkalmas<\/strong>: Minden testr\u00e9szre, bele\u00e9rtve az arcot, karokat, l\u00e1bakat \u00e9s a bikinivonalat<\/li>\n<\/ul>\n<h5 style=\"display: none;\">Gyantapap\u00edr Tekercs Extra Er\u0151s<\/h5>\n<p><img decoding=\"async\" style=\"display: none;\" src=\"http:\/\/www.journeyom.life\/wp-content\/uploads\/2024\/05\/JOM-LOGO-VERT-WB.jpg\" alt=\"Wax heater machine Lcd screen Black\" \/><img decoding=\"async\" style=\"display: none;\" src=\"http:\/\/www.journeyom.life\/wp-content\/uploads\/2024\/05\/JOM-LOGO-VERT-WB.jpg\" alt=\"Wax heater machine Lcd screen Black\" \/><img decoding=\"async\" style=\"display: none;\" src=\"http:\/\/www.journeyom.life\/wp-content\/uploads\/2024\/05\/JOM-LOGO-VERT-WB.jpg\" alt=\"Wax heater machine Lcd screen Black\" \/><img decoding=\"async\" style=\"display: none;\" src=\"http:\/\/www.journeyom.life\/wp-content\/uploads\/2024\/05\/JOM-LOGO-VERT-WB.jpg\" alt=\"Wax heater machine Lcd screen Black\" \/><\/p>\n","protected":false},"excerpt":{"rendered":"<p>Gyantapap\u00edr tekercs extra er\u0151s. S\u0171r\u0171 sz\u00f6v\u00e9s\u0171 85 grammos gyantapap\u00edr extra min\u0151s\u00e9gben. 80m Nem perfor\u00e1lt. Gazdas\u00e1gos haszn\u00e1latu pr\u00e9mium min\u0151s\u00e9g\u00fc kieg\u00e9sz\u00edt\u0151 term\u00e9k gyant\u00e1z\u00e1shoz. Er\u0151s sz\u00f6v\u00e9s\u00e9nek k\u00f6sz\u00f6nhet\u0151en nem szakad \u00e9s t\u00f6bbsz\u00f6ri gyanta leh\u00faz\u00e1sra alkalmas . Tapasztalja meg a professzion\u00e1lis szint\u0171 sz\u0151rtelen\u00edt\u00e9st az Gyantapap\u00edr tekercs extra er\u0151s haszn\u00e1lat\u00e1val. Ez a kiv\u00e1l\u00f3 min\u0151s\u00e9g\u0171, extra er\u0151s tapad\u00e1ssal rendelkez\u0151 gyantapap\u00edr ide\u00e1lis mind [&hellip;]<\/p>\n","protected":false},"featured_media":6467,"comment_status":"open","ping_status":"closed","template":"","meta":[],"product_brand":[],"product_cat":[355],"product_tag":[],"class_list":{"0":"post-6469","1":"product","2":"type-product","3":"status-publish","4":"has-post-thumbnail","6":"product_cat-kiegeszitok-gyantazashoz","8":"first","9":"instock","10":"purchasable","11":"product-type-simple"},"_links":{"self":[{"href":"https:\/\/amicamiashop.com\/hu\/wp-json\/wp\/v2\/product\/6469","targetHints":{"allow":["GET"]}}],"collection":[{"href":"https:\/\/amicamiashop.com\/hu\/wp-json\/wp\/v2\/product"}],"about":[{"href":"https:\/\/amicamiashop.com\/hu\/wp-json\/wp\/v2\/types\/product"}],"replies":[{"embeddable":true,"href":"https:\/\/amicamiashop.com\/hu\/wp-json\/wp\/v2\/comments?post=6469"}],"version-history":[{"count":0,"href":"https:\/\/amicamiashop.com\/hu\/wp-json\/wp\/v2\/product\/6469\/revisions"}],"wp:featuredmedia":[{"embeddable":true,"href":"https:\/\/amicamiashop.com\/hu\/wp-json\/wp\/v2\/media\/6467"}],"wp:attachment":[{"href":"https:\/\/amicamiashop.com\/hu\/wp-json\/wp\/v2\/media?parent=6469"}],"wp:term":[{"taxonomy":"product_brand","embeddable":true,"href":"https:\/\/amicamiashop.com\/hu\/wp-json\/wp\/v2\/product_brand?post=6469"},{"taxonomy":"product_cat","embeddable":true,"href":"https:\/\/amicamiashop.com\/hu\/wp-json\/wp\/v2\/product_cat?post=6469"},{"taxonomy":"product_tag","embeddable":true,"href":"https:\/\/amicamiashop.com\/hu\/wp-json\/wp\/v2\/product_tag?post=6469"}],"curies":[{"name":"wp","href":"https:\/\/api.w.org\/{rel}","templated":true}]}}