{"id":6563,"date":"2023-11-04T16:17:28","date_gmt":"2023-11-04T16:17:28","guid":{"rendered":"https:\/\/amicamiashop.com\/product\/waxing-kit-at-home\/"},"modified":"2026-04-07T07:51:21","modified_gmt":"2026-04-07T07:51:21","slug":"gyanta-szett-intim-gyantaval","status":"publish","type":"product","link":"https:\/\/amicamiashop.com\/hu\/termek\/gyanta-szett-intim-gyantaval\/","title":{"rendered":"BASIC otthoni gyanta szett Filmwax"},"content":{"rendered":"<h3>Pro Wax feh\u00e9r szett intim gyant\u00e1val<\/h3>\n<p><em>Tartalma:gyanta szett intim gyant\u00e1val<\/em><\/p>\n<p>1 db Pro Wax 100 gyantameleg\u00edt\u0151 g\u00e9p 500 ml , 400 gramm intim gyantagy\u00f6ngy filmwax Ametiszt.<\/p>\n<p><i>Le\u00edr\u00e1s:\u00a0<\/i><\/p>\n<ul>\n<li>Pro Wax 100 gyantameleg\u00edt\u0151 g\u00e9p 500 ml gyanta meleg\u00edt\u00e9s\u00e9re alkalmas g\u00e9p. Kivehet\u0151 tart\u00e1llyal, be\u00e9p\u00edtett termoszt\u00e1ttal, m\u0171anyag tet\u0151vel rendelkezik. Manu\u00e1lisan szab\u00e1lyozhat\u00f3 a h\u0151fokszab\u00e1lyz\u00f3. Megb\u00edzhat\u00f3 \u00e9s egyszer\u0171en kezelhet\u0151\u00a0gyantameleg\u00edt\u0151\u00a0g\u00e9p.<\/li>\n<li>Az intim gyanta\u00a0\u00a0Filmwax Ametiszt a elasztikus b\u0151r k\u00edm\u00e9l\u0151 \u00e9s vastag s\u00f6t\u00e9t sz\u0151r\u00f6k elt\u00e1vol\u00edt\u00e1s\u00e1ra alkalmas. Alkalmazhat\u00f3:\u00a0 arc, kar, l\u00e1b, h\u00f3nalj \u00e9s intim ter\u00fcletek gyant\u00e1z\u00e1s\u00e1ra.<\/li>\n<\/ul>\n<p><em>Haszn\u00e1lat:<\/em><\/p>\n<p>Tegye a kivehet\u0151 tart\u00e1lyba a gyanta gy\u00f6ngy\u00f6t \u00e9s \u00e1ll\u00edtsa max C fok meleg\u00edt\u00e9si h\u0151m\u00e9rs\u00e9kletre a g\u00e9pet. Amikor a gyanta gy\u00f6ngy felolvadt\u00a0 \u00e1ll\u00edtsa a g\u00e9pet med C fokra \u00e9s amikor s\u0171r\u0171 kr\u00e9mes \u00e1llag\u00fa a gyanta, akkor kezdhet\u0151 a gyant\u00e1z\u00e1s.<br \/>\nIngredients : Glyceryl Rosinate, Colophonium , Paraffin, Ethylene\/ VA, Copolymer, Hydrogenated Microcrystalline Wax, Triethylene Glicol rosinate, Mica, Titanium Dioxid, Ricinus Communis seed oil,CI 60726 Ametiszt<\/p>\n<p>&nbsp;<\/p>\n","protected":false},"excerpt":{"rendered":"<p>Pro Wax feh\u00e9r szett intim gyant\u00e1val Tartalma:gyanta szett intim gyant\u00e1val 1 db Pro Wax 100 gyantameleg\u00edt\u0151 g\u00e9p 500 ml , 400 gramm intim gyantagy\u00f6ngy filmwax Ametiszt. Le\u00edr\u00e1s:\u00a0 Pro Wax 100 gyantameleg\u00edt\u0151 g\u00e9p 500 ml gyanta meleg\u00edt\u00e9s\u00e9re alkalmas g\u00e9p. Kivehet\u0151 tart\u00e1llyal, be\u00e9p\u00edtett termoszt\u00e1ttal, m\u0171anyag tet\u0151vel rendelkezik. Manu\u00e1lisan szab\u00e1lyozhat\u00f3 a h\u0151fokszab\u00e1lyz\u00f3. Megb\u00edzhat\u00f3 \u00e9s egyszer\u0171en kezelhet\u0151\u00a0gyantameleg\u00edt\u0151\u00a0g\u00e9p. Az intim [&hellip;]<\/p>\n","protected":false},"featured_media":6723,"comment_status":"open","ping_status":"closed","template":"","meta":[],"product_brand":[],"product_cat":[359,357],"product_tag":[],"class_list":{"0":"post-6563","1":"product","2":"type-product","3":"status-publish","4":"has-post-thumbnail","6":"product_cat-otthoni-gyanta-szettek","7":"product_cat-szortelenites-otthon","9":"first","10":"instock","11":"purchasable","12":"product-type-simple"},"_links":{"self":[{"href":"https:\/\/amicamiashop.com\/hu\/wp-json\/wp\/v2\/product\/6563","targetHints":{"allow":["GET"]}}],"collection":[{"href":"https:\/\/amicamiashop.com\/hu\/wp-json\/wp\/v2\/product"}],"about":[{"href":"https:\/\/amicamiashop.com\/hu\/wp-json\/wp\/v2\/types\/product"}],"replies":[{"embeddable":true,"href":"https:\/\/amicamiashop.com\/hu\/wp-json\/wp\/v2\/comments?post=6563"}],"version-history":[{"count":0,"href":"https:\/\/amicamiashop.com\/hu\/wp-json\/wp\/v2\/product\/6563\/revisions"}],"wp:featuredmedia":[{"embeddable":true,"href":"https:\/\/amicamiashop.com\/hu\/wp-json\/wp\/v2\/media\/6723"}],"wp:attachment":[{"href":"https:\/\/amicamiashop.com\/hu\/wp-json\/wp\/v2\/media?parent=6563"}],"wp:term":[{"taxonomy":"product_brand","embeddable":true,"href":"https:\/\/amicamiashop.com\/hu\/wp-json\/wp\/v2\/product_brand?post=6563"},{"taxonomy":"product_cat","embeddable":true,"href":"https:\/\/amicamiashop.com\/hu\/wp-json\/wp\/v2\/product_cat?post=6563"},{"taxonomy":"product_tag","embeddable":true,"href":"https:\/\/amicamiashop.com\/hu\/wp-json\/wp\/v2\/product_tag?post=6563"}],"curies":[{"name":"wp","href":"https:\/\/api.w.org\/{rel}","templated":true}]}}