{"id":6578,"date":"2023-11-04T17:09:47","date_gmt":"2023-11-04T17:09:47","guid":{"rendered":"https:\/\/amicamiashop.com\/product\/brazilian-waxing-kit-at-home\/"},"modified":"2026-04-11T13:31:39","modified_gmt":"2026-04-11T13:31:39","slug":"intim-gyanta-szett-otthon","status":"publish","type":"product","link":"https:\/\/amicamiashop.com\/hu\/termek\/intim-gyanta-szett-otthon\/","title":{"rendered":"Intim gyanta otthon"},"content":{"rendered":"<h3><strong>Intim gyanta szett otthonra Brazil gyant\u00e1val<\/strong><\/h3>\n<p>Tartalma: <a href=\"https:\/\/amicamiashop.com\/hu\/termek\/pro-wax-100-gyantamelegito-feher\/\">Pro Wax 100<\/a>\u00a0 gyantameleg\u00edt\u0151 g\u00e9p 500 ml + Brazil elasztikus\u00a0 elasztikus intim gyanta konzerv 400 ml kiszerel\u00e9sben Le\u00edr\u00e1s: Pro Wax 100 gyantameleg\u00edt\u0151 g\u00e9p 500 ml gyanta meleg\u00edt\u00e9s\u00e9re alkalmas g\u00e9p. Kivehet\u0151 tart\u00e1llyal, be\u00e9p\u00edtett termoszt\u00e1ttal, m\u0171anyag tet\u0151vel rendelkezik. Manu\u00e1lisan szab\u00e1lyozhat\u00f3 a h\u0151fokszab\u00e1lyz\u00f3. Megb\u00edzhat\u00f3 \u00e9s egyszer\u0171en kezelhet\u0151\u00a0gyantameleg\u00edt\u0151\u00a0g\u00e9p.<\/p>\n<p>Haszn\u00e1lat: Vegye ki a gyantameleg\u00edt\u0151 g\u00e9pb\u0151l az ed\u00e9nyt \u00e9s tegye bele a\u00a0 gyantakonzervet, amelynek tetej\u00e9r\u0151l t\u00e1vol\u00edtsa el az aluf\u00f3lia z\u00e1r\u00f3 r\u00e9teget majd \u00e1ll\u00edtsa a gyanta meleg\u00edt\u0151 g\u00e9pet max C fok meleg\u00edt\u00e9si h\u0151m\u00e9rs\u00e9kletre.<\/p>\n<p>Amikor a t\u00e9gelyben a gyanta felolvadt\u00a0 \u00e1ll\u00edtsa a g\u00e9pet med C fokra \u00e9s amikor s\u0171r\u0171 m\u00e9zes \u00e1llag\u00fa a gyanta, akkor kezdhet\u0151 a gyant\u00e1z\u00e1s.<\/p>\n","protected":false},"excerpt":{"rendered":"<p>Intim gyanta szett otthonra Brazil gyant\u00e1val Tartalma: Pro Wax 100\u00a0 gyantameleg\u00edt\u0151 g\u00e9p 500 ml + Brazil elasztikus\u00a0 elasztikus intim gyanta konzerv 400 ml kiszerel\u00e9sben Le\u00edr\u00e1s: Pro Wax 100 gyantameleg\u00edt\u0151 g\u00e9p 500 ml gyanta meleg\u00edt\u00e9s\u00e9re alkalmas g\u00e9p. Kivehet\u0151 tart\u00e1llyal, be\u00e9p\u00edtett termoszt\u00e1ttal, m\u0171anyag tet\u0151vel rendelkezik. Manu\u00e1lisan szab\u00e1lyozhat\u00f3 a h\u0151fokszab\u00e1lyz\u00f3. Megb\u00edzhat\u00f3 \u00e9s egyszer\u0171en kezelhet\u0151\u00a0gyantameleg\u00edt\u0151\u00a0g\u00e9p. Haszn\u00e1lat: Vegye ki a [&hellip;]<\/p>\n","protected":false},"featured_media":6573,"comment_status":"open","ping_status":"closed","template":"","meta":[],"product_brand":[],"product_cat":[359,357],"product_tag":[],"class_list":{"0":"post-6578","1":"product","2":"type-product","3":"status-publish","4":"has-post-thumbnail","6":"product_cat-otthoni-gyanta-szettek","7":"product_cat-szortelenites-otthon","9":"first","10":"instock","11":"purchasable","12":"product-type-simple"},"_links":{"self":[{"href":"https:\/\/amicamiashop.com\/hu\/wp-json\/wp\/v2\/product\/6578","targetHints":{"allow":["GET"]}}],"collection":[{"href":"https:\/\/amicamiashop.com\/hu\/wp-json\/wp\/v2\/product"}],"about":[{"href":"https:\/\/amicamiashop.com\/hu\/wp-json\/wp\/v2\/types\/product"}],"replies":[{"embeddable":true,"href":"https:\/\/amicamiashop.com\/hu\/wp-json\/wp\/v2\/comments?post=6578"}],"version-history":[{"count":0,"href":"https:\/\/amicamiashop.com\/hu\/wp-json\/wp\/v2\/product\/6578\/revisions"}],"wp:featuredmedia":[{"embeddable":true,"href":"https:\/\/amicamiashop.com\/hu\/wp-json\/wp\/v2\/media\/6573"}],"wp:attachment":[{"href":"https:\/\/amicamiashop.com\/hu\/wp-json\/wp\/v2\/media?parent=6578"}],"wp:term":[{"taxonomy":"product_brand","embeddable":true,"href":"https:\/\/amicamiashop.com\/hu\/wp-json\/wp\/v2\/product_brand?post=6578"},{"taxonomy":"product_cat","embeddable":true,"href":"https:\/\/amicamiashop.com\/hu\/wp-json\/wp\/v2\/product_cat?post=6578"},{"taxonomy":"product_tag","embeddable":true,"href":"https:\/\/amicamiashop.com\/hu\/wp-json\/wp\/v2\/product_tag?post=6578"}],"curies":[{"name":"wp","href":"https:\/\/api.w.org\/{rel}","templated":true}]}}