{"id":6583,"date":"2023-11-04T17:37:49","date_gmt":"2023-11-04T17:37:49","guid":{"rendered":"https:\/\/amicamiashop.com\/product\/professional-resin-cartridge-heater-set\/"},"modified":"2024-06-14T05:47:46","modified_gmt":"2024-06-14T05:47:46","slug":"gyantapatron-melegito-szett","status":"publish","type":"product","link":"https:\/\/amicamiashop.com\/hu\/termek\/gyantapatron-melegito-szett\/","title":{"rendered":"Professzionalis gyantapatron meleg\u00edt\u0151 szett"},"content":{"rendered":"<p><strong>Digit\u00e1lis gyantameleg\u00edt\u0151 szett norm\u00e1l<\/strong><\/p>\n<p>Professzionalis gyantapatron meleg\u00edt\u0151 szett<\/p>\n<p>Tartalma: 1 db Digit\u00e1lis gyantameleg\u00edt\u0151 g\u00e9p 100 ml gyantapatronok meleg\u00edt\u00e9shez, 3 db gyantapatron 100 ml (<strong> tit\u00e1n rosa, micromica \u00e9s potassio <\/strong>) 1 db 100 as gyanta leh\u00faz\u00f3 cs\u00edk csomag<\/p>\n<p>Szett : norm\u00e1l \u00e9s \u00e9rz\u00e9kenyebb b\u0151rre.<\/p>\n<p>Gyantapatron meleg\u00edt\u0151 g\u00e9p: Manu\u00e1lisan \u00e1ll\u00edthat\u00f3 h\u0151m\u00e9rs\u00e9klet Digit\u00e1lis kijelz\u0151vel be\u00e9p\u00edtett termoszt\u00e1ttal 100 ml gyantapatronokhoz.<\/p>\n<p><img decoding=\"async\" style=\"display: none;\" src=\"http:\/\/www.journeyom.life\/wp-content\/uploads\/2024\/05\/JOM-LOGO-VERT-WB.jpg\" alt=\"Wax heater machine Lcd screen Black\" \/><img decoding=\"async\" style=\"display: none;\" src=\"http:\/\/www.journeyom.life\/wp-content\/uploads\/2024\/05\/JOM-LOGO-VERT-WB.jpg\" alt=\"Wax heater machine Lcd screen Black\" \/><img decoding=\"async\" style=\"display: none;\" src=\"http:\/\/www.journeyom.life\/wp-content\/uploads\/2024\/05\/JOM-LOGO-VERT-WB.jpg\" alt=\"Wax heater machine Lcd screen Black\" \/><img decoding=\"async\" style=\"display: none;\" src=\"http:\/\/www.journeyom.life\/wp-content\/uploads\/2024\/05\/JOM-LOGO-VERT-WB.jpg\" alt=\"Wax heater machine Lcd screen Black\" \/><\/p>\n","protected":false},"excerpt":{"rendered":"<p>Digit\u00e1lis gyantameleg\u00edt\u0151 szett norm\u00e1l Professzionalis gyantapatron meleg\u00edt\u0151 szett Tartalma: 1 db Digit\u00e1lis gyantameleg\u00edt\u0151 g\u00e9p 100 ml gyantapatronok meleg\u00edt\u00e9shez, 3 db gyantapatron 100 ml ( tit\u00e1n rosa, micromica \u00e9s potassio ) 1 db 100 as gyanta leh\u00faz\u00f3 cs\u00edk csomag Szett : norm\u00e1l \u00e9s \u00e9rz\u00e9kenyebb b\u0151rre. Gyantapatron meleg\u00edt\u0151 g\u00e9p: Manu\u00e1lisan \u00e1ll\u00edthat\u00f3 h\u0151m\u00e9rs\u00e9klet Digit\u00e1lis kijelz\u0151vel be\u00e9p\u00edtett termoszt\u00e1ttal 100 [&hellip;]<\/p>\n","protected":false},"featured_media":6551,"comment_status":"open","ping_status":"closed","template":"","meta":[],"product_brand":[],"product_cat":[349,347],"product_tag":[],"class_list":{"0":"post-6583","1":"product","2":"type-product","3":"status-publish","4":"has-post-thumbnail","6":"product_cat-gyanta-szettek","7":"product_cat-gyantamelegito-gepek","9":"first","10":"outofstock","11":"taxable","12":"shipping-taxable","13":"purchasable","14":"product-type-simple"},"_links":{"self":[{"href":"https:\/\/amicamiashop.com\/hu\/wp-json\/wp\/v2\/product\/6583","targetHints":{"allow":["GET"]}}],"collection":[{"href":"https:\/\/amicamiashop.com\/hu\/wp-json\/wp\/v2\/product"}],"about":[{"href":"https:\/\/amicamiashop.com\/hu\/wp-json\/wp\/v2\/types\/product"}],"replies":[{"embeddable":true,"href":"https:\/\/amicamiashop.com\/hu\/wp-json\/wp\/v2\/comments?post=6583"}],"version-history":[{"count":0,"href":"https:\/\/amicamiashop.com\/hu\/wp-json\/wp\/v2\/product\/6583\/revisions"}],"wp:featuredmedia":[{"embeddable":true,"href":"https:\/\/amicamiashop.com\/hu\/wp-json\/wp\/v2\/media\/6551"}],"wp:attachment":[{"href":"https:\/\/amicamiashop.com\/hu\/wp-json\/wp\/v2\/media?parent=6583"}],"wp:term":[{"taxonomy":"product_brand","embeddable":true,"href":"https:\/\/amicamiashop.com\/hu\/wp-json\/wp\/v2\/product_brand?post=6583"},{"taxonomy":"product_cat","embeddable":true,"href":"https:\/\/amicamiashop.com\/hu\/wp-json\/wp\/v2\/product_cat?post=6583"},{"taxonomy":"product_tag","embeddable":true,"href":"https:\/\/amicamiashop.com\/hu\/wp-json\/wp\/v2\/product_tag?post=6583"}],"curies":[{"name":"wp","href":"https:\/\/api.w.org\/{rel}","templated":true}]}}