{"id":6638,"date":"2023-11-04T20:32:51","date_gmt":"2023-11-04T20:32:51","guid":{"rendered":"https:\/\/amicamiashop.com\/product\/bikini-hair-removal-kit\/"},"modified":"2026-02-22T01:14:29","modified_gmt":"2026-02-22T01:14:29","slug":"advance-otthoni-gyanta-szett","status":"publish","type":"product","link":"https:\/\/amicamiashop.com\/hu\/termek\/advance-otthoni-gyanta-szett\/","title":{"rendered":"ADVANCE otthoni gyanta szett"},"content":{"rendered":"<p><strong>ADVANCE otthoni gyanta szett<\/strong><\/p>\n<p>Tartalma:\u00a0Pro Wax 200\u00a0 gyantameleg\u00edt\u0151\u00a0g\u00e9p 500 ml ( feh\u00e9r + Brazil Canapa gyantagy\u00f6ngy\u00a0400 gramm<\/p>\n<p>Le\u00edr\u00e1s: Pro Wax 200 gyantameleg\u00edt\u0151 g\u00e9p 500 ml gyanta meleg\u00edt\u00e9s\u00e9re alkalmas g\u00e9p. Kivehet\u0151 tart\u00e1llyal, be\u00e9p\u00edtett termoszt\u00e1ttal, m\u0171anyag tet\u0151vel rendelkezik. Manu\u00e1lisan szab\u00e1lyozhat\u00f3 a h\u0151fokszab\u00e1lyz\u00f3. Megb\u00edzhat\u00f3 \u00e9s egyszer\u0171en kezelhet\u0151 gyantameleg\u00edt\u0151 g\u00e9p.<br \/>\nHaszn\u00e1lat:<\/p>\n<ul>\n<li>Vegye ki a gyantameleg\u00edt\u0151 g\u00e9pb\u0151l az ed\u00e9nyt \u00e9s tegye a g\u00e9pbe a\u00a0 gyantakonzervet, amelynek<br \/>\ntetej\u00e9r\u0151l t\u00e1vol\u00edtsa el az aluf\u00f3lia z\u00e1r\u00f3 r\u00e9teget \/ avagy gyanta gy\u00f6ngy\u00f6k eset\u00e9n a gyantameleg\u00edt\u0151<br \/>\ned\u00e9nybe \u00f6ntse a gy\u00f6ngy\u00f6ket amit bennehagy a g\u00e9pbe.<\/li>\n<li>ezut\u00e1n\u00a0 \u00e1ll\u00edtsa a gyanta meleg\u00edt\u0151 g\u00e9pet max C fok meleg\u00edt\u00e9si h\u0151m\u00e9rs\u00e9kletre.<\/li>\n<li>Amikor a t\u00e9gelyben a gyanta felolvadt\u00a0 \u00e1ll\u00edtsa a g\u00e9pet med C fokra \u00e9s amikor s\u0171r\u0171 kr\u00e9mes \u00e1llag\u00fa a<br \/>\ngyanta, akkor kezdhet\u0151 a gyant\u00e1z\u00e1s.<\/li>\n<li>Fa spatul\u00e1val vigye fel a b\u0151rfel\u00fcletre sz\u0151rn\u00f6veked\u00e9snek megfelel\u0151 ir\u00e1nyba a gyant\u00e1t \u00e9s ter\u00edtse sz\u00e9t a spatul\u00e1val ( figyeljen ne legyen t\u00fal v\u00e9kony a gyantar\u00e9teg.<\/li>\n<li>Majd amikor megdermedt a felvitt gyanta sz\u0151rn\u00f6veked\u00e9ssel ellent\u00e9tes ir\u00e1nyba hat\u00e1rozott mozdulattal t\u00e9pje le.<\/li>\n<li>Gyant\u00e1z\u00e1s ut\u00e1n haszn\u00e1ljon b\u0151rnyugtat\u00f3 hidrat\u00e1l\u00f3 lotion vagy kr\u00e9met a kezelt b\u0151rfel\u00fcletre.<\/li>\n<\/ul>\n","protected":false},"excerpt":{"rendered":"<p>ADVANCE otthoni gyanta szett Tartalma:\u00a0Pro Wax 200\u00a0 gyantameleg\u00edt\u0151\u00a0g\u00e9p 500 ml ( feh\u00e9r + Brazil Canapa gyantagy\u00f6ngy\u00a0400 gramm Le\u00edr\u00e1s: Pro Wax 200 gyantameleg\u00edt\u0151 g\u00e9p 500 ml gyanta meleg\u00edt\u00e9s\u00e9re alkalmas g\u00e9p. Kivehet\u0151 tart\u00e1llyal, be\u00e9p\u00edtett termoszt\u00e1ttal, m\u0171anyag tet\u0151vel rendelkezik. Manu\u00e1lisan szab\u00e1lyozhat\u00f3 a h\u0151fokszab\u00e1lyz\u00f3. Megb\u00edzhat\u00f3 \u00e9s egyszer\u0171en kezelhet\u0151 gyantameleg\u00edt\u0151 g\u00e9p. Haszn\u00e1lat: Vegye ki a gyantameleg\u00edt\u0151 g\u00e9pb\u0151l az ed\u00e9nyt \u00e9s [&hellip;]<\/p>\n","protected":false},"featured_media":6636,"comment_status":"open","ping_status":"closed","template":"","meta":[],"product_brand":[],"product_cat":[359,357],"product_tag":[],"class_list":{"0":"post-6638","1":"product","2":"type-product","3":"status-publish","4":"has-post-thumbnail","6":"product_cat-otthoni-gyanta-szettek","7":"product_cat-szortelenites-otthon","9":"first","10":"instock","11":"purchasable","12":"product-type-simple"},"_links":{"self":[{"href":"https:\/\/amicamiashop.com\/hu\/wp-json\/wp\/v2\/product\/6638","targetHints":{"allow":["GET"]}}],"collection":[{"href":"https:\/\/amicamiashop.com\/hu\/wp-json\/wp\/v2\/product"}],"about":[{"href":"https:\/\/amicamiashop.com\/hu\/wp-json\/wp\/v2\/types\/product"}],"replies":[{"embeddable":true,"href":"https:\/\/amicamiashop.com\/hu\/wp-json\/wp\/v2\/comments?post=6638"}],"version-history":[{"count":0,"href":"https:\/\/amicamiashop.com\/hu\/wp-json\/wp\/v2\/product\/6638\/revisions"}],"wp:featuredmedia":[{"embeddable":true,"href":"https:\/\/amicamiashop.com\/hu\/wp-json\/wp\/v2\/media\/6636"}],"wp:attachment":[{"href":"https:\/\/amicamiashop.com\/hu\/wp-json\/wp\/v2\/media?parent=6638"}],"wp:term":[{"taxonomy":"product_brand","embeddable":true,"href":"https:\/\/amicamiashop.com\/hu\/wp-json\/wp\/v2\/product_brand?post=6638"},{"taxonomy":"product_cat","embeddable":true,"href":"https:\/\/amicamiashop.com\/hu\/wp-json\/wp\/v2\/product_cat?post=6638"},{"taxonomy":"product_tag","embeddable":true,"href":"https:\/\/amicamiashop.com\/hu\/wp-json\/wp\/v2\/product_tag?post=6638"}],"curies":[{"name":"wp","href":"https:\/\/api.w.org\/{rel}","templated":true}]}}