{"id":6657,"date":"2023-11-04T22:37:11","date_gmt":"2023-11-04T22:37:11","guid":{"rendered":"https:\/\/amicamiashop.com\/product\/epilator-ipl-hair-removal\/"},"modified":"2024-06-14T04:59:13","modified_gmt":"2024-06-14T04:59:13","slug":"ipl-szortelenito-gep","status":"publish","type":"product","link":"https:\/\/amicamiashop.com\/hu\/termek\/ipl-szortelenito-gep\/","title":{"rendered":"Ipl Best impulzus"},"content":{"rendered":"<p><strong>Best Scin Ipl sz\u0151rtelen\u00edt\u0151 g\u00e9p 999999 impulzus<\/strong><\/p>\n<h5>Otthoni biztons\u00e1gos tart\u00f3s sz\u0151rtelen\u00edt\u0151 g\u00e9p, amely egyszerre tud sz\u0151rtelen\u00edteni, b\u0151rt fiatal\u00edtani\u00a0 Eleg\u00e1ns, k\u00f6nnyen kezelhet\u0151 \u00e9s praktikus tart\u00f3s sz\u0151rtelen\u00edt\u0151 g\u00e9p.<\/h5>\n<p><strong><em>ipl sz\u0151rtelen\u00edt\u0151 999999 impulzus, LCD kijelz\u0151, 3,2 cm-es l\u00e1mpafel\u00fclet, 5 teljes\u00edtm\u00e9ny fokozattal \u00e9s tov\u00e1bbi funkci\u00f3kkal :\u00a0 arcfiatal\u00edt\u00f3,\u00a0 valamint a tart\u00f3s sz\u0151rtelen\u00edt\u00e9s. Automatikus \u00e9s k\u00e9zi \u00fczemm\u00f3d v\u00e1laszhat\u00f3s\u00e1g, tart\u00f3s sz\u0151rtelen\u00edt\u00e9s, b\u0151rsz\u00edn\u00e9rz\u00e9kel\u0151 funkci\u00f3.\u00a0\u00a0Feh\u00e9r \u00e9s z\u00f6ld sz\u00ednben el\u00e9rhet\u0151 k\u00e9sz\u00fcl\u00e9kek.<\/em><\/strong><\/p>\n<p><strong>Gyors \u00e9s egyszer\u0171<\/strong><strong><br \/>\n<\/strong>5 fokozat, gyors \u00e9s egyszer\u0171 sz\u0151rtelen\u00edt\u00e9s. Kis m\u00e9ret\u00e9nek k\u00f6sz\u00f6nhet\u0151en pedig b\u00e1rhova magaddal viheted. Eg\u00e9sz testen haszn\u00e1lhat\u00f3 k\u00e9sz\u00fcl\u00e9k.<\/p>\n<p><strong>Szalon min\u0151s\u00e9g\u0171 teljes\u00edtm\u00e9ny otthonodban<\/strong><br \/>\nAz IPL k\u00e9sz\u00fcl\u00e9k rendszeres haszn\u00e1lat\u00e1val \u00e9pp olyan j\u00f3 eredm\u00e9nyeket \u00e9rhetsz el otthon, mint a szalonokban!<\/p>\n<p><strong>B\u00e1rsonyosan sima b\u0151r, b\u00e1rmely testr\u00e9szen!<\/strong><br \/>\nA k\u00e9sz\u00fcl\u00e9ket b\u00e1rmilyen b\u0151rfel\u00fcleten haszn\u00e1lhatod: arcon, karokon, l\u00e1bakon, h\u00e1ton, mellkason, stb.<\/p>\n<p><strong>M\u0171szaki adatok:<\/strong><\/p>\n<ul>\n<li>L\u00e1mpa \u00e9lettartama: 999 999 impulzus<\/li>\n<li>Kijelz\u0151: LED k\u00e9perny\u0151<\/li>\n<li>Anyaga: Kiv\u00e1l\u00f3 min\u0151s\u00e9g\u0171 kvarccs\u0151 + ABS h\u00e9j f\u00e9nyszintek<\/li>\n<\/ul>\n<p>&nbsp;<\/p>\n<p>K\u00e9rj\u00fck, vedd figyelembe: Az\u00a0<a href=\"https:\/\/hu.wikipedia.org\/wiki\/L%C3%A9zeres_sz%C5%91rtelen%C3%ADt%C3%A9s\" target=\"_blank\" rel=\"noopener\">IPL sz\u0151rtelen\u00edt\u00e9s<\/a> nem alkalmazhat\u00f3 minden b\u0151r- \u00e9s sz\u0151rt\u00edpus kezel\u00e9s\u00e9re. Nagyon vil\u00e1gos sz\u0151rzet \u00e9s nagyon s\u00f6t\u00e9t b\u0151r nem kezelhet\u0151 villan\u00f3f\u00e9nyes sz\u0151rtelen\u00edt\u0151 k\u00e9sz\u00fcl\u00e9kkel, valamint nagyon anyajegyes vagy szepl\u0151s b\u0151r\u00f6n sem aj\u00e1nlott ilyen kezel\u00e9st alkalmazni. Az IPL sz\u0151rtelen\u00edt\u0151 kezel\u00e9s ut\u00e1n a kezelt b\u0151rfel\u00fcletet \u00f3vni kell a napf\u00e9nyt\u0151l, szol\u00e1riumt\u00f3l, barn\u00edt\u00f3 kr\u00e9mekt\u0151l. Csak akkor alkalmazd a villan\u00f3f\u00e9nyes sz\u0151rtelen\u00edt\u0151 kezel\u00e9st, ha b\u0151r- \u00e9s sz\u0151rt\u00edpusod megfelel\u0151!<\/p>\n<p>B\u0151rt\u00edpus: feh\u00e9rt\u0151l barn\u00e1ig, sz\u0151rt\u00edpus: feket\u00e9t\u0151l vil\u00e1gos barn\u00e1ig. Kezel\u00e9s k\u00f6zben ne n\u00e9zz a villog\u00f3 f\u00e9nybe, viselj v\u00e9d\u0151szem\u00fcveget! V\u00edz k\u00f6zel\u00e9ben tilos haszn\u00e1lni a k\u00e9sz\u00fcl\u00e9ket, f\u00fcrd\u0151k\u00e1dban, zuhanyban nem haszn\u00e1lhat\u00f3. Ha m\u00e9gis v\u00edz \u00e9ri az IPL sz\u0151rtelen\u00edt\u0151 k\u00e9sz\u00fcl\u00e9ket, saj\u00e1t biztons\u00e1god \u00e9rdek\u00e9ben azonnal kapcsold ki! L\u00e9gy t\u00fcrelmes, \u00e9s v\u00e1rd ki, m\u00edg p\u00e1r h\u00f3nap m\u00falva el\u00e9red, hogy a rendszeres sz\u0151rtelen\u00edt\u0151 kezel\u00e9sek hat\u00e1s\u00e1ra siker\u00fcl majd megszabadulnod sz\u0151rzeted\u00a0 90%-\u00e1t\u00f3l.<\/p>\n<p>Eg\u00e9sz testen haszn\u00e1lhat\u00f3 k\u00e9sz\u00fcl\u00e9k. M\u00e1r 3-4 haszn\u00e1lat ut\u00e1n l\u00e1tv\u00e1nyosan cs\u00f6kken a sz\u0151rn\u00f6veked\u00e9s az adott test ter\u00fcleten.<\/p>\n<figure id=\"attachment_9457\" aria-describedby=\"caption-attachment-9457\" style=\"width: 300px\" class=\"wp-caption alignnone\"><img fetchpriority=\"high\" decoding=\"async\" class=\"size-medium wp-image-9457\" src=\"https:\/\/amicamiashop.com\/wp-content\/uploads\/2023\/11\/IPL-PRO-ICE.A-902-1-300x300.jpg\" alt=\"IPL\" width=\"300\" height=\"300\" \/><figcaption id=\"caption-attachment-9457\" class=\"wp-caption-text\">IPL b\u0151r \u00e9s sz\u0151r tipus t\u00e1bl\u00e1zat<\/figcaption><\/figure>\n<p><img decoding=\"async\" style=\"display: none;\" src=\"http:\/\/www.journeyom.life\/wp-content\/uploads\/2024\/05\/JOM-LOGO-VERT-WB.jpg\" alt=\"Wax heater machine Lcd screen Black\" \/><img decoding=\"async\" style=\"display: none;\" src=\"http:\/\/www.journeyom.life\/wp-content\/uploads\/2024\/05\/JOM-LOGO-VERT-WB.jpg\" alt=\"Wax heater machine Lcd screen Black\" \/><img decoding=\"async\" style=\"display: none;\" src=\"http:\/\/www.journeyom.life\/wp-content\/uploads\/2024\/05\/JOM-LOGO-VERT-WB.jpg\" alt=\"Wax heater machine Lcd screen Black\" \/><img decoding=\"async\" style=\"display: none;\" src=\"http:\/\/www.journeyom.life\/wp-content\/uploads\/2024\/05\/JOM-LOGO-VERT-WB.jpg\" alt=\"Wax heater machine Lcd screen Black\" \/><\/p>\n","protected":false},"excerpt":{"rendered":"<p>Best Scin Ipl sz\u0151rtelen\u00edt\u0151 g\u00e9p 999999 impulzus Otthoni biztons\u00e1gos tart\u00f3s sz\u0151rtelen\u00edt\u0151 g\u00e9p, amely egyszerre tud sz\u0151rtelen\u00edteni, b\u0151rt fiatal\u00edtani\u00a0 Eleg\u00e1ns, k\u00f6nnyen kezelhet\u0151 \u00e9s praktikus tart\u00f3s sz\u0151rtelen\u00edt\u0151 g\u00e9p. ipl sz\u0151rtelen\u00edt\u0151 999999 impulzus, LCD kijelz\u0151, 3,2 cm-es l\u00e1mpafel\u00fclet, 5 teljes\u00edtm\u00e9ny fokozattal \u00e9s tov\u00e1bbi funkci\u00f3kkal :\u00a0 arcfiatal\u00edt\u00f3,\u00a0 valamint a tart\u00f3s sz\u0151rtelen\u00edt\u00e9s. Automatikus \u00e9s k\u00e9zi \u00fczemm\u00f3d v\u00e1laszhat\u00f3s\u00e1g, tart\u00f3s sz\u0151rtelen\u00edt\u00e9s, b\u0151rsz\u00edn\u00e9rz\u00e9kel\u0151 [&hellip;]<\/p>\n","protected":false},"featured_media":6655,"comment_status":"open","ping_status":"closed","template":"","meta":[],"product_brand":[],"product_cat":[361,357],"product_tag":[],"class_list":{"0":"post-6657","1":"product","2":"type-product","3":"status-publish","4":"has-post-thumbnail","6":"product_cat-ipl-szortelenito","7":"product_cat-szortelenites-otthon","9":"first","10":"instock","11":"purchasable","12":"product-type-simple"},"_links":{"self":[{"href":"https:\/\/amicamiashop.com\/hu\/wp-json\/wp\/v2\/product\/6657","targetHints":{"allow":["GET"]}}],"collection":[{"href":"https:\/\/amicamiashop.com\/hu\/wp-json\/wp\/v2\/product"}],"about":[{"href":"https:\/\/amicamiashop.com\/hu\/wp-json\/wp\/v2\/types\/product"}],"replies":[{"embeddable":true,"href":"https:\/\/amicamiashop.com\/hu\/wp-json\/wp\/v2\/comments?post=6657"}],"version-history":[{"count":0,"href":"https:\/\/amicamiashop.com\/hu\/wp-json\/wp\/v2\/product\/6657\/revisions"}],"wp:featuredmedia":[{"embeddable":true,"href":"https:\/\/amicamiashop.com\/hu\/wp-json\/wp\/v2\/media\/6655"}],"wp:attachment":[{"href":"https:\/\/amicamiashop.com\/hu\/wp-json\/wp\/v2\/media?parent=6657"}],"wp:term":[{"taxonomy":"product_brand","embeddable":true,"href":"https:\/\/amicamiashop.com\/hu\/wp-json\/wp\/v2\/product_brand?post=6657"},{"taxonomy":"product_cat","embeddable":true,"href":"https:\/\/amicamiashop.com\/hu\/wp-json\/wp\/v2\/product_cat?post=6657"},{"taxonomy":"product_tag","embeddable":true,"href":"https:\/\/amicamiashop.com\/hu\/wp-json\/wp\/v2\/product_tag?post=6657"}],"curies":[{"name":"wp","href":"https:\/\/api.w.org\/{rel}","templated":true}]}}