{"id":6666,"date":"2023-11-04T22:56:09","date_gmt":"2023-11-04T22:56:09","guid":{"rendered":"https:\/\/amicamiashop.com\/product\/ipl-professional-at-home\/"},"modified":"2024-06-14T04:53:17","modified_gmt":"2024-06-14T04:53:17","slug":"lezeres-szortelenito-gep","status":"publish","type":"product","link":"https:\/\/amicamiashop.com\/hu\/termek\/lezeres-szortelenito-gep\/","title":{"rendered":"IPL SMART 999 999 IMPULZUS"},"content":{"rendered":"<p><strong>L\u00e9zeres sz\u0151rtelen\u00edt\u0151 g\u00e9p 999 999 impulzus<\/strong><\/p>\n<p><em>LCD kijelz\u0151, 3,2 cm-es l\u00e1mpafel\u00fclet, 5 teljes\u00edtm\u00e9ny fokozattal \u00e9s tov\u00e1bbi funkci\u00f3kkal :\u00a0 arcfiatal\u00edt\u00f3,\u00a0 valamint a tart\u00f3s sz\u0151rtelen\u00edt\u00e9s. Automatikus \u00e9s k\u00e9zi \u00fczemm\u00f3d v\u00e1laszhat\u00f3s\u00e1g, tart\u00f3s sz\u0151rtelen\u00edt\u00e9s, b\u0151rsz\u00edn\u00e9rz\u00e9kel\u0151 funkci\u00f3.\u00a0\u00a0Feh\u00e9r \u00e9s z\u00f6ld sz\u00ednben el\u00e9rhet\u0151 k\u00e9sz\u00fcl\u00e9kek.<\/em><\/p>\n<p>5 fokozat, gyors \u00e9s egyszer\u0171 sz\u0151rtelen\u00edt\u00e9s. Kis m\u00e9ret\u00e9nek k\u00f6sz\u00f6nhet\u0151en pedig b\u00e1rhova magaddal viheted. Eg\u00e9sz testen haszn\u00e1lhat\u00f3 k\u00e9sz\u00fcl\u00e9k.<\/p>\n<p>Az IPL k\u00e9sz\u00fcl\u00e9k rendszeres haszn\u00e1lat\u00e1val \u00e9pp olyan j\u00f3 eredm\u00e9nyeket \u00e9rhetsz el otthon, mint a szalonokban csak t\u00f6bb kezel\u00e9st \u00e9s hosszabb id\u0151t vesz ig\u00e9nybe. A k\u00e9sz\u00fcl\u00e9ket b\u00e1rmilyen testr\u00e9szen haszn\u00e1lhatod kiv\u00e9ve v\u00e9gb\u00e9lny\u00edl\u00e1s \u00e9s nemiszervek.<\/p>\n<p><strong>K\u00e9rj\u00fck, vedd figyelembe: <\/strong><\/p>\n<p>Az\u00a0<a href=\"https:\/\/hu.wikipedia.org\/wiki\/L%C3%A9zeres_sz%C5%91rtelen%C3%ADt%C3%A9s\" target=\"_blank\" rel=\"noopener\">IPL sz\u0151rtelen\u00edt\u00e9s<\/a> nem alkalmazhat\u00f3 minden b\u0151r- \u00e9s sz\u0151rt\u00edpus kezel\u00e9s\u00e9re.\u00a0 Nagyon vil\u00e1gos sz\u0151rzet \u00e9s nagyon s\u00f6t\u00e9t b\u0151r nem kezelhet\u0151 villan\u00f3f\u00e9nyes sz\u0151rtelen\u00edt\u0151 k\u00e9sz\u00fcl\u00e9kkel, valamint nagyon anyajegyes vagy szepl\u0151s b\u0151r\u00f6n sem aj\u00e1nlott ilyen kezel\u00e9st alkalmazni. A kezel\u00e9s ut\u00e1n a kezelt b\u0151rfel\u00fcletet \u00f3vni kell a napf\u00e9nyt\u0151l, szol\u00e1riumt\u00f3l, barn\u00edt\u00f3 kr\u00e9mekt\u0151l. Csak akkor alkalmazd a villan\u00f3f\u00e9nyes sz\u0151rtelen\u00edt\u0151 kezel\u00e9st, ha b\u0151r- \u00e9s sz\u0151rt\u00edpusod megfelel\u0151!<\/p>\n<p>B\u0151rt\u00edpus: feh\u00e9rt\u0151l barn\u00e1ig, sz\u0151rt\u00edpus: feket\u00e9t\u0151l vil\u00e1gos barn\u00e1ig. Kezel\u00e9s k\u00f6zben ne n\u00e9zz a villog\u00f3 f\u00e9nybe,viselj v\u00e9d\u0151szem\u00fcveget! V\u00edz k\u00f6zel\u00e9ben tilos haszn\u00e1lni a k\u00e9sz\u00fcl\u00e9ket, f\u00fcrd\u0151k\u00e1dban, zuhanyban nem haszn\u00e1lhat\u00f3. Ha m\u00e9gis v\u00edz \u00e9ri a\u00a0 k\u00e9sz\u00fcl\u00e9ket, saj\u00e1t biztons\u00e1god \u00e9rdek\u00e9ben azonnal kapcsold ki! L\u00e9gy t\u00fcrelmes, \u00e9s v\u00e1rd ki, m\u00edg p\u00e1r h\u00f3nap m\u00falva el\u00e9red, hogy a rendszeres sz\u0151rtelen\u00edt\u0151 kezel\u00e9sek hat\u00e1s\u00e1ra siker\u00fcl majd megszabadulnod sz\u0151rzeted 80-90%-\u00e1t\u00f3l.<\/p>\n<p><strong>Mely ter\u00fcleteken haszn\u00e1lhat\u00f3 a k\u00e9sz\u00fcl\u00e9k :<\/strong><\/p>\n<p>Teljes testen valamint arcon<\/p>\n<p><strong>Mely ter\u00fcleten NE haszn\u00e1ld :<\/strong><\/p>\n<ul>\n<li>Szem k\u00f6rny\u00e9ken NE haszn\u00e1lja a k\u00e9sz\u00fcl\u00e9ket<\/li>\n<li>a v\u00e9gb\u00e9lny\u00edl\u00e1son \u00e9s a nemi szerveken NE haszn\u00e1lja a k\u00e9sz\u00fcl\u00e9ket<\/li>\n<\/ul>\n<p><strong>Kik nem tudj\u00e1k haszn\u00e1lni a k\u00e9sz\u00fcl\u00e9ket :<\/strong><\/p>\n<ul>\n<li>\u0150sz, v\u00f6r\u00f6s \u00e9s vil\u00e1gos sz\u0151ke sz\u0151r eset\u00e9n nem hat\u00e9kony a k\u00e9sz\u00fcl\u00e9k<\/li>\n<li>S\u00f6t\u00e9t barna vagy fekete b\u0151rsz\u00edn eset\u00e9n sem hat\u00e9kony\u00a0 a k\u00e9sz\u00fcl\u00e9k.<\/li>\n<\/ul>\n<p><strong>M\u00fcszakai adatok: model: W1095<\/strong><\/p>\n<ul>\n<li>m\u00e9ret: 163 X 60 X 37 mm<\/li>\n<li>AC 220 V\u00a0 50 Herz<\/li>\n<li>villant\u00e1s er\u0151ss\u00e9g ek: 5 fokozat<\/li>\n<li>12 V = 3 A<\/li>\n<li>Ablakm\u00e9ret: 2,7 cm 2<\/li>\n<li>Teljes\u00edtm\u00e9ny: 36 W<\/li>\n<li>s\u00faly: 300 gramm<\/li>\n<li>F\u00e9nyspektrum: 480-1100 nm<\/li>\n<\/ul>\n<p>Az otthoni haszn\u00e1lat\u00fa\u00a0 sz\u0151rtelen\u00edt\u0151 g\u00e9peink CE tanus\u00edtv\u00e1nnyal rendelkeznek. Az eredm\u00e9nyek nagyban f\u00fcggnek az egy\u00e9nt\u0151l, hogy mennyire er\u0151s \u00e9s s\u0171r\u0171 a sz\u0151rzet illetve az milyen sz\u00edn\u0171 , igy a kezel\u00e9s ideje egy\u00e9nenk\u00e9nt elt\u00e9rhet, de \u00e9szrevehet\u0151en lassabban \u00e9s ritk\u00e1sabban lesz visszan\u0151v\u0151 sz\u0151rzet a kezelt ter\u00fcleteken.<\/p>\n<p>A g\u00e9p haszn\u00e1lata alapvet\u0151en f\u00e1jdalommentes csak akkor kellemetlen ha nagyobb er\u0151ss\u00e9gi fokozaton haszn\u00e1lja a k\u00e9sz\u00fcl\u00e9ket, ilyenkor vegye alacsonyabbra az intenzit\u00e1st.<\/p>\n<p>Minden kezel\u00e9s el\u0151tt borotv\u00e1lja meg a kezelend\u0151 ter\u00fcletet ez\u00e1ltal elker\u00fclve az \u00e9g\u00e9si s\u00e9r\u00fcl\u00e9seket igy a f\u00e9ny csak a b\u0151r alatti sz\u0151r gy\u00f6ker\u00e9t c\u00e9lozza meg.<\/p>\n<p>M\u00e1r 3-4 haszn\u00e1lat ut\u00e1n l\u00e1tv\u00e1nyosan cs\u00f6kken a sz\u0151rn\u00f6veked\u00e9s az adott test ter\u00fcleten.<\/p>\n<p>El\u0151nyei:<\/p>\n<ul>\n<li>F\u00e1jdalommentes \u00e9s biztons\u00e1gos haszn\u00e1lat<\/li>\n<li>l\u00e1tv\u00e1nyosan kevesebb sz\u0151r m\u00e1r n\u00e9h\u00e1ny haszn\u00e1lat ut\u00e1n<\/li>\n<li>Elt\u00e1vol\u00edtja a ben\u0151tt sz\u0151rsz\u00e1lakat is<\/li>\n<li>5 er\u0151ss\u00e9gi fokozat ,\u00e9s manu\u00e1lis \u00e9s automata haszn\u00e1lat<\/li>\n<li>999000 villant\u00e1s<\/li>\n<li>szalon min\u0151s\u00e9g\u00fc v\u00e9gleges sz\u0151rtelen\u00edt\u00e9s otthon, amely hossz\u00fa t\u00e1v\u00fa sima b\u0151rt garant\u00e1l<\/li>\n<li>f\u00e1jdalom \u00e9s irrit\u00e1ci\u00f3 mentes sz\u0151rtelen\u00edt\u00e9s<\/li>\n<li>egyszeri befektet\u00e9s,\u00a0 gazdas\u00e1gos sz\u0151rtelen\u00edt\u00e9si elj\u00e1r\u00e1s otthonunk k\u00e9nyelm\u00e9ben<\/li>\n<\/ul>\n<p><strong>B\u0151r \u00e9s Sz\u0151r t\u00edpusok t\u00e1bl\u00e1zata: Fel\u00fcl a f\u00e9ny intenzit\u00e1s er\u0151ss\u00e9ge a b\u0151rszinhez 1-5 fokozatig\u00a0<\/strong><\/p>\n<p>bal oldali oszlop: B\u0151r sz\u00edn (ahol z\u00f6ld pipa jel\u00f6li amely b\u0151rsz\u00edn eset\u00e9ben haszn\u00e1lhat\u00f3 a g\u00e9p piros x amely b\u0151rsz\u00edn eset\u00e9n nem haszn\u00e1lhat\u00f3 a g\u00e9p )<\/p>\n<p>jobb oldali oszlop: Sz\u0151r sz\u00edn (ahol z\u00f6ld pipa jel\u00f6li amely b\u0151rsz\u00edn eset\u00e9ben haszn\u00e1lhat\u00f3 a g\u00e9p piros x amely b\u0151rsz\u00edn eset\u00e9n nem haszn\u00e1lhat\u00f3 a g\u00e9p )<\/p>\n<p><img fetchpriority=\"high\" decoding=\"async\" class=\"alignnone size-medium wp-image-9439\" src=\"https:\/\/amicamiashop.com\/wp-content\/uploads\/2023\/11\/IPL-PRO-ICE.A-902-300x300.jpg\" alt=\"\" width=\"300\" height=\"300\" \/><img decoding=\"async\" style=\"display: none;\" src=\"http:\/\/www.journeyom.life\/wp-content\/uploads\/2024\/05\/JOM-LOGO-VERT-WB.jpg\" alt=\"Wax heater machine Lcd screen Black\" \/><img decoding=\"async\" style=\"display: none;\" src=\"http:\/\/www.journeyom.life\/wp-content\/uploads\/2024\/05\/JOM-LOGO-VERT-WB.jpg\" alt=\"Wax heater machine Lcd screen Black\" \/><img decoding=\"async\" style=\"display: none;\" src=\"http:\/\/www.journeyom.life\/wp-content\/uploads\/2024\/05\/JOM-LOGO-VERT-WB.jpg\" alt=\"Wax heater machine Lcd screen Black\" \/><img decoding=\"async\" style=\"display: none;\" src=\"http:\/\/www.journeyom.life\/wp-content\/uploads\/2024\/05\/JOM-LOGO-VERT-WB.jpg\" alt=\"Wax heater machine Lcd screen Black\" \/><\/p>\n<h5 style=\"display: none;\">L\u00e9zeres sz\u0151rtelen\u00edt\u0151 g\u00e9p<\/h5>\n<h5 style=\"display: none;\">L\u00e9zeres sz\u0151rtelen\u00edt\u0151 g\u00e9p<\/h5>\n","protected":false},"excerpt":{"rendered":"<p>L\u00e9zeres sz\u0151rtelen\u00edt\u0151 g\u00e9p 999 999 impulzus LCD kijelz\u0151, 3,2 cm-es l\u00e1mpafel\u00fclet, 5 teljes\u00edtm\u00e9ny fokozattal \u00e9s tov\u00e1bbi funkci\u00f3kkal :\u00a0 arcfiatal\u00edt\u00f3,\u00a0 valamint a tart\u00f3s sz\u0151rtelen\u00edt\u00e9s. Automatikus \u00e9s k\u00e9zi \u00fczemm\u00f3d v\u00e1laszhat\u00f3s\u00e1g, tart\u00f3s sz\u0151rtelen\u00edt\u00e9s, b\u0151rsz\u00edn\u00e9rz\u00e9kel\u0151 funkci\u00f3.\u00a0\u00a0Feh\u00e9r \u00e9s z\u00f6ld sz\u00ednben el\u00e9rhet\u0151 k\u00e9sz\u00fcl\u00e9kek. 5 fokozat, gyors \u00e9s egyszer\u0171 sz\u0151rtelen\u00edt\u00e9s. Kis m\u00e9ret\u00e9nek k\u00f6sz\u00f6nhet\u0151en pedig b\u00e1rhova magaddal viheted. Eg\u00e9sz testen haszn\u00e1lhat\u00f3 k\u00e9sz\u00fcl\u00e9k. Az [&hellip;]<\/p>\n","protected":false},"featured_media":6670,"comment_status":"open","ping_status":"closed","template":"","meta":[],"product_brand":[],"product_cat":[361,357],"product_tag":[],"class_list":{"0":"post-6666","1":"product","2":"type-product","3":"status-publish","4":"has-post-thumbnail","6":"product_cat-ipl-szortelenito","7":"product_cat-szortelenites-otthon","9":"first","10":"instock","11":"taxable","12":"shipping-taxable","13":"purchasable","14":"product-type-simple"},"_links":{"self":[{"href":"https:\/\/amicamiashop.com\/hu\/wp-json\/wp\/v2\/product\/6666","targetHints":{"allow":["GET"]}}],"collection":[{"href":"https:\/\/amicamiashop.com\/hu\/wp-json\/wp\/v2\/product"}],"about":[{"href":"https:\/\/amicamiashop.com\/hu\/wp-json\/wp\/v2\/types\/product"}],"replies":[{"embeddable":true,"href":"https:\/\/amicamiashop.com\/hu\/wp-json\/wp\/v2\/comments?post=6666"}],"version-history":[{"count":0,"href":"https:\/\/amicamiashop.com\/hu\/wp-json\/wp\/v2\/product\/6666\/revisions"}],"wp:featuredmedia":[{"embeddable":true,"href":"https:\/\/amicamiashop.com\/hu\/wp-json\/wp\/v2\/media\/6670"}],"wp:attachment":[{"href":"https:\/\/amicamiashop.com\/hu\/wp-json\/wp\/v2\/media?parent=6666"}],"wp:term":[{"taxonomy":"product_brand","embeddable":true,"href":"https:\/\/amicamiashop.com\/hu\/wp-json\/wp\/v2\/product_brand?post=6666"},{"taxonomy":"product_cat","embeddable":true,"href":"https:\/\/amicamiashop.com\/hu\/wp-json\/wp\/v2\/product_cat?post=6666"},{"taxonomy":"product_tag","embeddable":true,"href":"https:\/\/amicamiashop.com\/hu\/wp-json\/wp\/v2\/product_tag?post=6666"}],"curies":[{"name":"wp","href":"https:\/\/api.w.org\/{rel}","templated":true}]}}