{"id":6675,"date":"2023-11-04T23:10:34","date_gmt":"2023-11-04T23:10:34","guid":{"rendered":"https:\/\/amicamiashop.com\/product\/ipl-ice-epilator\/"},"modified":"2024-06-13T16:31:32","modified_gmt":"2024-06-13T16:31:32","slug":"ipl-pro-ice-szortelenito-gep","status":"publish","type":"product","link":"https:\/\/amicamiashop.com\/hu\/termek\/ipl-pro-ice-szortelenito-gep\/","title":{"rendered":"IPL PRO ICE sz\u0151rtelen\u00edt\u0151 g\u00e9p"},"content":{"rendered":"<p><strong>IPL PRO ICE<\/strong>\u00a0<strong>sz\u0151rtelen\u00edt\u0151 g\u00e9p<\/strong><\/p>\n<p>Az IPL (Intense Pulsed Light) az intenz\u00edven pulz\u00e1l\u00f3 f\u00e9ny technol\u00f3gia r\u00f6vid\u00edt\u00e9se. A l\u00e9zeres sz\u0151rtelen\u00edt\u00e9shez hasonl\u00f3an m\u0171k\u00f6dik, azonban sokkal k\u00f6nnyebb \u00e9s biztons\u00e1gosabb otthoni haszn\u00e1latra.<\/p>\n<p>A k\u00e9sz\u00fcl\u00e9k a sz\u0151rsz\u00e1lakat a gy\u00f6ker\u00e9n\u00e9l c\u00e9lozza meg \u00e9s gyeng\u00e9d f\u00e9ny impulzusokkal (IPL) puszt\u00edtja el an\u00e9lk\u00fcl, hogy meg\u00e9getn\u00e9 vagy k\u00e1ros\u00edtan\u00e1 a b\u0151rt. Meg\u00e1ll\u00edtja a sz\u0151r visszan\u00f6v\u00e9s\u00e9t \u00e9s elt\u00e1vol\u00edtja a ben\u0151tt sz\u0151rsz\u00e1lakat.<\/p>\n<p>Az IPL PRO ICE kifejezetten \u00e9rz\u00e9keny b\u0151rre tervezt\u00e9k hiszen sz\u0151rtelen\u00edt\u00e9s k\u00f6zben h\u0171siti a b\u0151rt ez\u00e1ltal nemcsak hat\u00e9kony de\u00a0 kellemes \u00e9lm\u00e9ny lesz a kezel\u00e9s.<\/p>\n<p>V\u00e9ge a hosszadalmas kezel\u00e9seknek mert\u00a0 ezzel a k\u00e9sz\u00fcl\u00e9kkel r\u00f6videbb id\u0151 alatt t\u00f6bb villan\u00f3f\u00e9nyt bocs\u00e1t ki ez\u00e1ltal gyorsabbak a kezel\u00e9sek ak\u00e1r 30- 40 perc alatt a teljes test kezel\u00e9se elv\u00e9gezhet\u0151.<\/p>\n<p><strong>Mely ter\u00fcleteken haszn\u00e1lhat\u00f3 a k\u00e9sz\u00fcl\u00e9k :<\/strong><\/p>\n<ul>\n<li>Teljes testen valamint arcon<\/li>\n<\/ul>\n<p><strong>Mely ter\u00fcleten NE haszn\u00e1ld :<\/strong><\/p>\n<ul>\n<li>Szem k\u00f6rny\u00e9ken NE haszn\u00e1lja a k\u00e9sz\u00fcl\u00e9ket<\/li>\n<li>a v\u00e9gb\u00e9lny\u00edl\u00e1son \u00e9s a nemi szerveken NE haszn\u00e1lja a k\u00e9sz\u00fcl\u00e9ket<\/li>\n<\/ul>\n<p><strong>M\u00fcszakai adatok: BHRL Modell\u00a0<\/strong><\/p>\n<ul>\n<li>AC 220 V\u00a0 50 Herz<\/li>\n<li>villant\u00e1s er\u0151ss\u00e9g ek: 5 fokozat<\/li>\n<li>\u00fczemel\u00e9si h\u0151m\u00e9rs\u00e9klet: 5-40 C fokig<\/li>\n<li>Ablakm\u00e9ret: 3 cm 2<\/li>\n<li>Teljes\u00edtm\u00e9ny: 36 W<\/li>\n<li>s\u00faly: 320 gramm<\/li>\n<li>optim\u00e1lis p\u00e1ratartalom: ((= 80 %<\/li>\n<li>F\u00e9nyspektrum: 1&gt;530nm<\/li>\n<\/ul>\n<p>A Pro Ice egy igen hat\u00e9kony \u00e9s biztons\u00e1gos sz\u0151rtelen\u00edt\u0151 g\u00e9p otthoni haszn\u00e1latra kiv\u00e1l\u00f3 megold\u00e1s. Az otthoni haszn\u00e1lat\u00fa sz\u0151rtelen\u00edt\u0151 g\u00e9peink CE tanus\u00edtv\u00e1nnyal rendelkeznek. Az eredm\u00e9nyek nagyban f\u00fcggnek az egy\u00e9nt\u0151l, hogy mennyire er\u0151s \u00e9s s\u0171r\u0171 a sz\u00f6rzet illetve az milyen sz\u00edn\u0171 , igy a kezel\u00e9s ideje egy\u00e9nenk\u00e9nt elt\u00e9rhet, de \u00e9szrevehet\u0151en lassabban \u00e9s ritk\u00e1sabban lesz visszan\u0151v\u0151 sz\u0151rzet a kezelt ter\u00fcleteken.<\/p>\n<p>A g\u00e9p haszn\u00e1lata alapvet\u0151en f\u00e1jdalommentes csak akkor kellemetlen ha nagyobb er\u0151ss\u00e9gi fokozaton haszn\u00e1lja a k\u00e9sz\u00fcl\u00e9ket, ilyenkor vegye alacsonyabbra az intenzit\u00e1st.<\/p>\n<p>Minden kezel\u00e9s el\u0151tt borotv\u00e1lja meg a kezelend\u0151 ter\u00fcletet ez\u00e1ltal elker\u00fclve az \u00e9g\u00e9si s\u00e9r\u00fcl\u00e9seket igyaz IPL f\u00e9ny csak a b\u0151r alatti sz\u0151r gy\u00f6ker\u00e9t c\u00e9lozza meg.<\/p>\n<p>M\u00e1r 3-4 haszn\u00e1lat ut\u00e1n l\u00e1tv\u00e1nyosan cs\u00f6kken a sz\u0151rn\u00f6veked\u00e9s az adott test ter\u00fcleten.<\/p>\n<p>12 haszn\u00e1lat ut\u00e1n pedig teljes v\u00e9geredm\u00e9nyt \u00e9rhet el .<\/p>\n<p>El\u0151nyei:<\/p>\n<ul>\n<li>F\u00e1jdalommentes \u00e9s biztons\u00e1gos haszn\u00e1lat<\/li>\n<li>Kevesebb sz\u0151r m\u00e1r 1 haszn\u00e1lat ut\u00e1n<\/li>\n<li>Elt\u00e1vol\u00edtja a ben\u0151tt sz\u0151rsz\u00e1lakat is<\/li>\n<li>5 er\u0151ss\u00e9gi fokozat , b\u0151r h\u0171sit\u0151 funkci\u00f3 \u00e9s manu\u00e1lis \u00e9s automata haszn\u00e1lat<\/li>\n<li>999000 villant\u00e1s<\/li>\n<li>szalon min\u0151s\u00e9g\u00fc v\u00e9gleges sz\u0151rtelen\u00edt\u00e9s otthon, amely hossz\u00fa t\u00e1v\u00fa sima b\u0151rt garant\u00e1l<\/li>\n<li>f\u00e1jdalom \u00e9s irrit\u00e1ci\u00f3 mentes sz\u0151rtelen\u00edt\u00e9s<\/li>\n<li>egyszeri befektet\u00e9s,\u00a0 gazdas\u00e1gos sz\u0151rtelen\u00edt\u00e9si elj\u00e1r\u00e1s otthonunk k\u00e9nyelm\u00e9ben<\/li>\n<\/ul>\n<p><strong>B\u0151r \u00e9s Sz\u0151r t\u00edpusok t\u00e1bl\u00e1zata: Fel\u00fcl a f\u00e9ny intenzit\u00e1s er\u0151ss\u00e9ge 1-5 fokozatig\u00a0<\/strong><\/p>\n<p>bal oldali oszlop: B\u0151r sz\u00edn (ahol z\u00f6ld pipa jel\u00f6li amely b\u0151rsz\u00edn eset\u00e9ben haszn\u00e1lhat\u00f3 a g\u00e9p piros x amely b\u0151rsz\u00edn eset\u00e9n nem haszn\u00e1lhat\u00f3 a g\u00e9p )<\/p>\n<p>jobb oldali oszlop: Sz\u0151r sz\u00edn (ahol z\u00f6ld pipa jel\u00f6li amely b\u0151rsz\u00edn eset\u00e9ben haszn\u00e1lhat\u00f3 a g\u00e9p piros x amely b\u0151rsz\u00edn eset\u00e9n nem haszn\u00e1lhat\u00f3 a g\u00e9p )<\/p>\n<p><strong>Kik nem tudj\u00e1k haszn\u00e1lni a k\u00e9sz\u00fcl\u00e9ket :<\/strong><\/p>\n<ul>\n<li>\u0150sz, v\u00f6r\u00f6s \u00e9s vil\u00e1gos sz\u0151ke sz\u0151r eset\u00e9n nem hat\u00e9kony a k\u00e9sz\u00fcl\u00e9k<\/li>\n<li>S\u00f6t\u00e9t barna vagy fekete b\u0151rsz\u00edn eset\u00e9n sem hat\u00e9kony\u00a0 a k\u00e9sz\u00fcl\u00e9k.<\/li>\n<\/ul>\n<p><img decoding=\"async\" style=\"display: none;\" src=\"http:\/\/www.journeyom.life\/wp-content\/uploads\/2024\/05\/JOM-LOGO-VERT-WB.jpg\" alt=\"Wax heater machine Lcd screen Black\" \/><img decoding=\"async\" style=\"display: none;\" src=\"http:\/\/www.journeyom.life\/wp-content\/uploads\/2024\/05\/JOM-LOGO-VERT-WB.jpg\" alt=\"Wax heater machine Lcd screen Black\" \/><img decoding=\"async\" style=\"display: none;\" src=\"http:\/\/www.journeyom.life\/wp-content\/uploads\/2024\/05\/JOM-LOGO-VERT-WB.jpg\" alt=\"Wax heater machine Lcd screen Black\" \/><img decoding=\"async\" style=\"display: none;\" src=\"http:\/\/www.journeyom.life\/wp-content\/uploads\/2024\/05\/JOM-LOGO-VERT-WB.jpg\" alt=\"Wax heater machine Lcd screen Black\" \/><\/p>\n","protected":false},"excerpt":{"rendered":"<p>IPL PRO ICE\u00a0sz\u0151rtelen\u00edt\u0151 g\u00e9p Az IPL (Intense Pulsed Light) az intenz\u00edven pulz\u00e1l\u00f3 f\u00e9ny technol\u00f3gia r\u00f6vid\u00edt\u00e9se. A l\u00e9zeres sz\u0151rtelen\u00edt\u00e9shez hasonl\u00f3an m\u0171k\u00f6dik, azonban sokkal k\u00f6nnyebb \u00e9s biztons\u00e1gosabb otthoni haszn\u00e1latra. A k\u00e9sz\u00fcl\u00e9k a sz\u0151rsz\u00e1lakat a gy\u00f6ker\u00e9n\u00e9l c\u00e9lozza meg \u00e9s gyeng\u00e9d f\u00e9ny impulzusokkal (IPL) puszt\u00edtja el an\u00e9lk\u00fcl, hogy meg\u00e9getn\u00e9 vagy k\u00e1ros\u00edtan\u00e1 a b\u0151rt. Meg\u00e1ll\u00edtja a sz\u0151r visszan\u00f6v\u00e9s\u00e9t \u00e9s elt\u00e1vol\u00edtja [&hellip;]<\/p>\n","protected":false},"featured_media":6661,"comment_status":"open","ping_status":"closed","template":"","meta":[],"product_brand":[],"product_cat":[361,357],"product_tag":[],"class_list":{"0":"post-6675","1":"product","2":"type-product","3":"status-publish","4":"has-post-thumbnail","6":"product_cat-ipl-szortelenito","7":"product_cat-szortelenites-otthon","9":"first","10":"instock","11":"taxable","12":"shipping-taxable","13":"purchasable","14":"product-type-simple"},"_links":{"self":[{"href":"https:\/\/amicamiashop.com\/hu\/wp-json\/wp\/v2\/product\/6675","targetHints":{"allow":["GET"]}}],"collection":[{"href":"https:\/\/amicamiashop.com\/hu\/wp-json\/wp\/v2\/product"}],"about":[{"href":"https:\/\/amicamiashop.com\/hu\/wp-json\/wp\/v2\/types\/product"}],"replies":[{"embeddable":true,"href":"https:\/\/amicamiashop.com\/hu\/wp-json\/wp\/v2\/comments?post=6675"}],"version-history":[{"count":0,"href":"https:\/\/amicamiashop.com\/hu\/wp-json\/wp\/v2\/product\/6675\/revisions"}],"wp:featuredmedia":[{"embeddable":true,"href":"https:\/\/amicamiashop.com\/hu\/wp-json\/wp\/v2\/media\/6661"}],"wp:attachment":[{"href":"https:\/\/amicamiashop.com\/hu\/wp-json\/wp\/v2\/media?parent=6675"}],"wp:term":[{"taxonomy":"product_brand","embeddable":true,"href":"https:\/\/amicamiashop.com\/hu\/wp-json\/wp\/v2\/product_brand?post=6675"},{"taxonomy":"product_cat","embeddable":true,"href":"https:\/\/amicamiashop.com\/hu\/wp-json\/wp\/v2\/product_cat?post=6675"},{"taxonomy":"product_tag","embeddable":true,"href":"https:\/\/amicamiashop.com\/hu\/wp-json\/wp\/v2\/product_tag?post=6675"}],"curies":[{"name":"wp","href":"https:\/\/api.w.org\/{rel}","templated":true}]}}