{"id":6720,"date":"2023-11-05T00:26:45","date_gmt":"2023-11-05T00:26:45","guid":{"rendered":"https:\/\/amicamiashop.com\/product\/hypoallergenic-wax-california-turquoise\/"},"modified":"2024-09-15T11:32:25","modified_gmt":"2024-09-15T11:32:25","slug":"special-blue-szintetikus-wax-400-gr","status":"publish","type":"product","link":"https:\/\/amicamiashop.com\/hu\/termek\/special-blue-szintetikus-wax-400-gr\/","title":{"rendered":"Special Blue szintetikus Wax 400 gr"},"content":{"rendered":"<p><strong>Special Blue szintetikus Wax 400 gr<\/strong><\/p>\n<p><strong><em>Special Wax Blue\u00a0<\/em><\/strong><em>egy<\/em><strong><em>\u00a0<\/em><\/strong>szintetikus hipoallerg\u00e9n multiflex gyanta k\u00fcl\u00f6nlegess\u00e9g<\/p>\n<ul>\n<li><strong>Colofoniumot nem tartalmaz<\/strong><\/li>\n<li><strong>Alacsony h\u0151m\u00e9rs\u00e9kleten<\/strong>\u00a0haszn\u00e1lhat\u00f3 szuper elasztikus gyanta k\u00fcl\u00f6nlegess\u00e9g<\/li>\n<li><strong>Multiflex<\/strong>\u00a0teh\u00e1t b\u00e1rmilyen ir\u00e1nyba felkenhet\u0151 \u00e9s let\u00e9phet\u0151<\/li>\n<li>Hipoallerg\u00e9n gyanta formula<\/li>\n<li>Garant\u00e1ltan finom gyant\u00e1z\u00e1s,\u00a0<strong>f\u00e1jdalom n\u00e9lk\u00fcl<\/strong>\u00a0\u00e9s kipirosod\u00e1s n\u00e9lk\u00fcl<\/li>\n<li>Gyors haszn\u00e1lat l<strong>eh\u00faz\u00f3cs\u00edk n\u00e9lk\u00fcl alkalmazhat\u00f3,<\/strong>\u00a0mint spatul\u00e1s gyanta<\/li>\n<li>Soha sem a b\u0151rh\u00f6z,\u00a0<strong>csakis a sz\u0151rh\u00f6z tapad<\/strong>\u00a0ez\u00e1ltal a gyant\u00e1z\u00e1snak nincs nyoma.<\/li>\n<li><strong>L\u00e9zeres sz\u0151rtelen\u00edt\u00e9ssel egy\u00fctt is alkalmazhat\u00f3<\/strong>\u00a0sz\u0151rtelen\u00edt\u0151 elj\u00e1r\u00e1s<\/li>\n<\/ul>\n<p><strong>Haszn\u00e1lata:<\/strong><\/p>\n<ul>\n<li>T\u00e9gelyes gyantameleg\u00edt\u0151 g\u00e9pben olvasszuk fel a gyanta gy\u00f6ngy\u00f6ket max h\u0151fokon<\/li>\n<li>A gy\u00f6ngy\u00f6k felolvad\u00e1sa ut\u00e1n \u00e1ll\u00edtsuk med ( k\u00f6zepes ) meleg\u00edt\u00e9sre a g\u00e9pet \u00e9s v\u00e1rjunk amig visszah\u0171l kicsit<\/li>\n<li><strong>Amikor neh\u00e9z s\u0171r\u0171 kr\u00e9mes \u00e1llag\u00fa a gyanta akkor lehet dolgozni<\/strong>\u00a0<strong>vele<\/strong>\u00a0a b\u0151rnek kellemes meleg de sohasem forr\u00f3 \u00e9s foly\u00e9kony \u00e1llagot kell el\u00e9rni.<\/li>\n<li>Ide\u00e1lis h\u0151m\u00e9rs\u00e9klet digit\u00e1lis kijelz\u0151s g\u00e9pekn\u00e9l: 75-85 fokon tartani a gyant\u00e1t igy dolgozni vele.<\/li>\n<li>Multiflex gyanta, ez\u00e9rt nincsenek szab\u00e1lyok b\u00e1rmerre felkenhet\u0151 \u00e9s leh\u00fazhat\u00f3 igy is marad\u00e9ktalanul t\u00e1vol\u00edtja el a leger\u0151sebb sz\u0151rsz\u00e1lakat.<\/li>\n<li>A gyant\u00e1z\u00e1s ut\u00e1n nincs ragacsos \u00e9rz\u00e9s \u00e9s ha van gyantamaradv\u00e1ny azt mag\u00e1val a gyant\u00e1val t\u00e1vol\u00edtsuk el a b\u0151rr\u0151l.<\/li>\n<li>Gyant\u00e1z\u00e1s v\u00e9gezt\u00e9vel nincs kipirosod\u00e1s vagy megviselt esetleg kipattogzott b\u0151r.<\/li>\n<li>Colofomiumot nem tartalmaz ez\u00e9rt a gyant\u00e1z\u00e1sra \u00e9rz\u00e9keny b\u0151r\u0171ek is haszn\u00e1lhatj\u00e1k.<\/li>\n<\/ul>\n<p><em>Ingredients: Hidrogrenated Poly C 6-20 Olefin, Hidrogrenated, Microcrystalline Wax Ethylen \/ VA Colpolymer , Paraffin, Titanium Dioxid<\/em><img decoding=\"async\" style=\"display: none;\" src=\"http:\/\/www.journeyom.life\/wp-content\/uploads\/2024\/05\/JOM-LOGO-VERT-WB.jpg\" alt=\"Wax heater machine Lcd screen Black\" \/><img decoding=\"async\" style=\"display: none;\" src=\"http:\/\/www.journeyom.life\/wp-content\/uploads\/2024\/05\/JOM-LOGO-VERT-WB.jpg\" alt=\"Wax heater machine Lcd screen Black\" \/><img decoding=\"async\" style=\"display: none;\" src=\"http:\/\/www.journeyom.life\/wp-content\/uploads\/2024\/05\/JOM-LOGO-VERT-WB.jpg\" alt=\"Wax heater machine Lcd screen Black\" \/><img decoding=\"async\" style=\"display: none;\" src=\"http:\/\/www.journeyom.life\/wp-content\/uploads\/2024\/05\/JOM-LOGO-VERT-WB.jpg\" alt=\"Wax heater machine Lcd screen Black\" \/><\/p>\n","protected":false},"excerpt":{"rendered":"<p>Special Blue szintetikus Wax 400 gr Special Wax Blue\u00a0egy\u00a0szintetikus hipoallerg\u00e9n multiflex gyanta k\u00fcl\u00f6nlegess\u00e9g Colofoniumot nem tartalmaz Alacsony h\u0151m\u00e9rs\u00e9kleten\u00a0haszn\u00e1lhat\u00f3 szuper elasztikus gyanta k\u00fcl\u00f6nlegess\u00e9g Multiflex\u00a0teh\u00e1t b\u00e1rmilyen ir\u00e1nyba felkenhet\u0151 \u00e9s let\u00e9phet\u0151 Hipoallerg\u00e9n gyanta formula Garant\u00e1ltan finom gyant\u00e1z\u00e1s,\u00a0f\u00e1jdalom n\u00e9lk\u00fcl\u00a0\u00e9s kipirosod\u00e1s n\u00e9lk\u00fcl Gyors haszn\u00e1lat leh\u00faz\u00f3cs\u00edk n\u00e9lk\u00fcl alkalmazhat\u00f3,\u00a0mint spatul\u00e1s gyanta Soha sem a b\u0151rh\u00f6z,\u00a0csakis a sz\u0151rh\u00f6z tapad\u00a0ez\u00e1ltal a gyant\u00e1z\u00e1snak nincs nyoma. [&hellip;]<\/p>\n","protected":false},"featured_media":6718,"comment_status":"open","ping_status":"closed","template":"","meta":[],"product_brand":[],"product_cat":[363,357],"product_tag":[],"class_list":{"0":"post-6720","1":"product","2":"type-product","3":"status-publish","4":"has-post-thumbnail","6":"product_cat-otthoni-gyantak","7":"product_cat-szortelenites-otthon","9":"first","10":"instock","11":"taxable","12":"shipping-taxable","13":"purchasable","14":"product-type-simple"},"_links":{"self":[{"href":"https:\/\/amicamiashop.com\/hu\/wp-json\/wp\/v2\/product\/6720","targetHints":{"allow":["GET"]}}],"collection":[{"href":"https:\/\/amicamiashop.com\/hu\/wp-json\/wp\/v2\/product"}],"about":[{"href":"https:\/\/amicamiashop.com\/hu\/wp-json\/wp\/v2\/types\/product"}],"replies":[{"embeddable":true,"href":"https:\/\/amicamiashop.com\/hu\/wp-json\/wp\/v2\/comments?post=6720"}],"version-history":[{"count":0,"href":"https:\/\/amicamiashop.com\/hu\/wp-json\/wp\/v2\/product\/6720\/revisions"}],"wp:featuredmedia":[{"embeddable":true,"href":"https:\/\/amicamiashop.com\/hu\/wp-json\/wp\/v2\/media\/6718"}],"wp:attachment":[{"href":"https:\/\/amicamiashop.com\/hu\/wp-json\/wp\/v2\/media?parent=6720"}],"wp:term":[{"taxonomy":"product_brand","embeddable":true,"href":"https:\/\/amicamiashop.com\/hu\/wp-json\/wp\/v2\/product_brand?post=6720"},{"taxonomy":"product_cat","embeddable":true,"href":"https:\/\/amicamiashop.com\/hu\/wp-json\/wp\/v2\/product_cat?post=6720"},{"taxonomy":"product_tag","embeddable":true,"href":"https:\/\/amicamiashop.com\/hu\/wp-json\/wp\/v2\/product_tag?post=6720"}],"curies":[{"name":"wp","href":"https:\/\/api.w.org\/{rel}","templated":true}]}}