{"id":6992,"date":"2023-11-19T21:23:30","date_gmt":"2023-11-19T21:23:30","guid":{"rendered":"https:\/\/amicamiashop.com\/?post_type=product&#038;p=6992"},"modified":"2026-04-08T13:39:11","modified_gmt":"2026-04-08T13:39:11","slug":"digitalis-otthoni-gyanta-szett-brazil","status":"publish","type":"product","link":"https:\/\/amicamiashop.com\/hu\/termek\/digitalis-otthoni-gyanta-szett-brazil\/","title":{"rendered":"SMART digit\u00e1lis otthoni gyanta szett Brazil \/ Special Wax"},"content":{"rendered":"<p><strong>Smart digit\u00e1lis otthoni gyanta szett Brazil \/ Special Wax<\/strong><\/p>\n<p><strong>Gyanta szett tartalma:<\/strong><\/p>\n<p>Smart digit\u00e1lis t\u00e9gelyes gyantameleg\u00edt\u0151 g\u00e9p \/ feh\u00e9r \/ 400-500 ml gyanta meleg\u00edt\u00e9s\u00e9re +\u00a0\u00a0Special Wax Rosa hipoallerg\u00e9n gyanta Smart gyantameleg\u00edt\u0151 g\u00e9p\u00a0 1 db kivehet\u0151 ed\u00e9nnyel \u00e9s 1 db m\u0171anyag tet\u0151vel ell\u00e1tott.<br \/>\nEl\u0151nyei:<\/p>\n<ul>\n<li>digit\u00e1lis kijelz\u0151 amely mutatja az aktu\u00e1lis meleg\u00edt\u00e9si h\u0151fokot<\/li>\n<li>\u00e9rint\u00e9ssel be\u00e1ll\u00edthat\u00f3 a k\u00edv\u00e1nt h\u0151fokra a g\u00e9p<\/li>\n<li>be\u00e1ll\u00edthat\u00f3 meleg\u00edt\u00e9si id\u0151 ameddig a g\u00e9pet haszn\u00e1lni szeretn\u00e9nk \u00e9s ezut\u00e1n automatikusan kikapcsol a g\u00e9p<\/li>\n<\/ul>\n<p>Haszn\u00e1lati utas\u00edt\u00e1st minden v\u00e1s\u00e1rolt g\u00e9p mell\u00e9 adunk a term\u00e9k doboz\u00e1ban.<\/p>\n","protected":false},"excerpt":{"rendered":"<p>Smart digit\u00e1lis otthoni gyanta szett Brazil \/ Special Wax Gyanta szett tartalma: Smart digit\u00e1lis t\u00e9gelyes gyantameleg\u00edt\u0151 g\u00e9p \/ feh\u00e9r \/ 400-500 ml gyanta meleg\u00edt\u00e9s\u00e9re +\u00a0\u00a0Special Wax Rosa hipoallerg\u00e9n gyanta Smart gyantameleg\u00edt\u0151 g\u00e9p\u00a0 1 db kivehet\u0151 ed\u00e9nnyel \u00e9s 1 db m\u0171anyag tet\u0151vel ell\u00e1tott. El\u0151nyei: digit\u00e1lis kijelz\u0151 amely mutatja az aktu\u00e1lis meleg\u00edt\u00e9si h\u0151fokot \u00e9rint\u00e9ssel be\u00e1ll\u00edthat\u00f3 a k\u00edv\u00e1nt [&hellip;]<\/p>\n","protected":false},"featured_media":6993,"comment_status":"open","ping_status":"closed","template":"","meta":[],"product_brand":[],"product_cat":[359,357],"product_tag":[572],"class_list":{"0":"post-6992","1":"product","2":"type-product","3":"status-publish","4":"has-post-thumbnail","6":"product_cat-otthoni-gyanta-szettek","7":"product_cat-szortelenites-otthon","8":"product_tag-digitalis-otthoni-gyanta-szett-brazil","10":"first","11":"instock","12":"taxable","13":"shipping-taxable","14":"purchasable","15":"product-type-simple"},"_links":{"self":[{"href":"https:\/\/amicamiashop.com\/hu\/wp-json\/wp\/v2\/product\/6992","targetHints":{"allow":["GET"]}}],"collection":[{"href":"https:\/\/amicamiashop.com\/hu\/wp-json\/wp\/v2\/product"}],"about":[{"href":"https:\/\/amicamiashop.com\/hu\/wp-json\/wp\/v2\/types\/product"}],"replies":[{"embeddable":true,"href":"https:\/\/amicamiashop.com\/hu\/wp-json\/wp\/v2\/comments?post=6992"}],"version-history":[{"count":0,"href":"https:\/\/amicamiashop.com\/hu\/wp-json\/wp\/v2\/product\/6992\/revisions"}],"wp:featuredmedia":[{"embeddable":true,"href":"https:\/\/amicamiashop.com\/hu\/wp-json\/wp\/v2\/media\/6993"}],"wp:attachment":[{"href":"https:\/\/amicamiashop.com\/hu\/wp-json\/wp\/v2\/media?parent=6992"}],"wp:term":[{"taxonomy":"product_brand","embeddable":true,"href":"https:\/\/amicamiashop.com\/hu\/wp-json\/wp\/v2\/product_brand?post=6992"},{"taxonomy":"product_cat","embeddable":true,"href":"https:\/\/amicamiashop.com\/hu\/wp-json\/wp\/v2\/product_cat?post=6992"},{"taxonomy":"product_tag","embeddable":true,"href":"https:\/\/amicamiashop.com\/hu\/wp-json\/wp\/v2\/product_tag?post=6992"}],"curies":[{"name":"wp","href":"https:\/\/api.w.org\/{rel}","templated":true}]}}