{"id":7096,"date":"2023-11-28T11:44:38","date_gmt":"2023-11-28T11:44:38","guid":{"rendered":"https:\/\/amicamiashop.com\/product\/pro-wax-100-white\/"},"modified":"2026-04-29T12:56:53","modified_gmt":"2026-04-29T12:56:53","slug":"pro-wax-100-gyantamelegito-feher","status":"publish","type":"product","link":"https:\/\/amicamiashop.com\/hu\/termek\/pro-wax-100-gyantamelegito-feher\/","title":{"rendered":"Pro Wax 100 Gyantameleg\u00edt\u0151 Feh\u00e9r"},"content":{"rendered":"<p><strong>Pro wax 100 gyantameleg\u00edt\u0151 Feh\u00e9r<\/strong><\/p>\n<p>Kivehet\u0151 tart\u00e1llyal : 400-500 ml gyanta meleg\u00edt\u00e9s\u00e9hez.<\/p>\n<p>Manu\u00e1lisan \u00e1ll\u00edthat\u00f3 h\u0151fok szab\u00e1lyz\u00f3val \u00e9s be\u00e9p\u00edtett termoszt\u00e1ttal valamint m\u0171anyag levehet\u0151 tet\u0151vel, \u00e9s kivehet\u0151 f\u00e9m ed\u00e9nnyel. Gyors \u00e9s megb\u00edzhat\u00f3 gyanta vagy paraffin meleg\u00edt\u00e9s a k\u00edv\u00e1nt h\u0151fokra 15 perc alatt.<\/p>\n<p><strong>Technikai adatok Pro Wax 100 : 220-240 V\u00a0 50 Herz\u00a0 100 Watt<\/strong><\/p>\n<p><a href=\"https:\/\/amicamiashop.com\/hu\/regisztracio-kozmetikusoknak\/\">Kozmetikus vagy? Regisztr\u00e1lj \u00e9s v\u00e1s\u00e1rolj szakmai kedvezm\u00e9nnyel<\/a><img decoding=\"async\" style=\"display: none;\" src=\"http:\/\/www.journeyom.life\/wp-content\/uploads\/2024\/05\/JOM-LOGO-VERT-WB.jpg\" alt=\"Wax heater machine Lcd screen Black\" \/><img decoding=\"async\" style=\"display: none;\" src=\"http:\/\/www.journeyom.life\/wp-content\/uploads\/2024\/05\/JOM-LOGO-VERT-WB.jpg\" alt=\"Wax heater machine Lcd screen Black\" \/><img decoding=\"async\" style=\"display: none;\" src=\"http:\/\/www.journeyom.life\/wp-content\/uploads\/2024\/05\/JOM-LOGO-VERT-WB.jpg\" alt=\"Wax heater machine Lcd screen Black\" \/><img decoding=\"async\" style=\"display: none;\" src=\"http:\/\/www.journeyom.life\/wp-content\/uploads\/2024\/05\/JOM-LOGO-VERT-WB.jpg\" alt=\"Wax heater machine Lcd screen Black\" \/><\/p>\n","protected":false},"excerpt":{"rendered":"<p>Pro wax 100 gyantameleg\u00edt\u0151 Feh\u00e9r Kivehet\u0151 tart\u00e1llyal : 400-500 ml gyanta meleg\u00edt\u00e9s\u00e9hez. Manu\u00e1lisan \u00e1ll\u00edthat\u00f3 h\u0151fok szab\u00e1lyz\u00f3val \u00e9s be\u00e9p\u00edtett termoszt\u00e1ttal valamint m\u0171anyag levehet\u0151 tet\u0151vel, \u00e9s kivehet\u0151 f\u00e9m ed\u00e9nnyel. Gyors \u00e9s megb\u00edzhat\u00f3 gyanta vagy paraffin meleg\u00edt\u00e9s a k\u00edv\u00e1nt h\u0151fokra 15 perc alatt. Technikai adatok Pro Wax 100 : 220-240 V\u00a0 50 Herz\u00a0 100 Watt Kozmetikus vagy? Regisztr\u00e1lj [&hellip;]<\/p>\n","protected":false},"featured_media":6188,"comment_status":"open","ping_status":"closed","template":"","meta":[],"product_brand":[],"product_cat":[347,353],"product_tag":[],"class_list":{"0":"post-7096","1":"product","2":"type-product","3":"status-publish","4":"has-post-thumbnail","6":"product_cat-gyantamelegito-gepek","7":"product_cat-gyantamelegitok","9":"first","10":"instock","11":"taxable","12":"shipping-taxable","13":"purchasable","14":"product-type-simple"},"_links":{"self":[{"href":"https:\/\/amicamiashop.com\/hu\/wp-json\/wp\/v2\/product\/7096","targetHints":{"allow":["GET"]}}],"collection":[{"href":"https:\/\/amicamiashop.com\/hu\/wp-json\/wp\/v2\/product"}],"about":[{"href":"https:\/\/amicamiashop.com\/hu\/wp-json\/wp\/v2\/types\/product"}],"replies":[{"embeddable":true,"href":"https:\/\/amicamiashop.com\/hu\/wp-json\/wp\/v2\/comments?post=7096"}],"version-history":[{"count":2,"href":"https:\/\/amicamiashop.com\/hu\/wp-json\/wp\/v2\/product\/7096\/revisions"}],"predecessor-version":[{"id":15806,"href":"https:\/\/amicamiashop.com\/hu\/wp-json\/wp\/v2\/product\/7096\/revisions\/15806"}],"wp:featuredmedia":[{"embeddable":true,"href":"https:\/\/amicamiashop.com\/hu\/wp-json\/wp\/v2\/media\/6188"}],"wp:attachment":[{"href":"https:\/\/amicamiashop.com\/hu\/wp-json\/wp\/v2\/media?parent=7096"}],"wp:term":[{"taxonomy":"product_brand","embeddable":true,"href":"https:\/\/amicamiashop.com\/hu\/wp-json\/wp\/v2\/product_brand?post=7096"},{"taxonomy":"product_cat","embeddable":true,"href":"https:\/\/amicamiashop.com\/hu\/wp-json\/wp\/v2\/product_cat?post=7096"},{"taxonomy":"product_tag","embeddable":true,"href":"https:\/\/amicamiashop.com\/hu\/wp-json\/wp\/v2\/product_tag?post=7096"}],"curies":[{"name":"wp","href":"https:\/\/api.w.org\/{rel}","templated":true}]}}