{"id":7152,"date":"2023-11-04T15:02:33","date_gmt":"2023-11-04T15:02:33","guid":{"rendered":"https:\/\/amicamiashop.com\/product\/home-wax-heater-fuchsia-kit\/"},"modified":"2026-04-03T10:30:34","modified_gmt":"2026-04-03T10:30:34","slug":"otthoni-gyantazo-szett-fukszia","status":"publish","type":"product","link":"https:\/\/amicamiashop.com\/hu\/termek\/otthoni-gyantazo-szett-fukszia\/","title":{"rendered":"Otthoni gyant\u00e1z\u00f3 szett fukszia"},"content":{"rendered":"<p><strong>Otthoni gyant\u00e1z\u00f3 szett fukszia<\/strong><\/p>\n<p><strong>Tartalma:<\/strong>\u00a01 db Prince Gyantapatron meleg\u00edt\u0151 g\u00e9p h\u00e1l\u00f3zati k\u00e1bellel, 2 db v\u00e1laszthat\u00f3 gyantapatron,\u00a0 1 csomag gyantapap\u00edr\u00a0 100 db-os.<\/p>\n<p>M\u0171szaki adatok: Prince gyantapatron meleg\u00edt\u0151 g\u00e9p 35 Watt 50-60 Herz 115-230 V<\/p>\n<p><strong>Haszn\u00e1lat:<\/strong>\u00a0Gyantapatron meleg\u00edt\u0151 g\u00e9pbe helyezz\u00fck be a gyantapatront, majd a h\u00e1l\u00f3zati k\u00e1bel egyik v\u00e9g\u00e9t csatlakoztassuk a gyantapatron meleg\u00edt\u0151 g\u00e9phez a m\u00e1sik v\u00e9g\u00e9t csatlakoztassuk a konnektorba.<\/p>\n<p>A gyantapatron meleg\u00edt\u00e9si ideje 10-15 perc ezut\u00e1n megkezdheti a gyant\u00e1z\u00e1st. H\u00fazza ki a t\u00e1pk\u00e1belt a g\u00e9pb\u0151l \u00e9s kezd\u0151dhet a gyant\u00e1z\u00e1s, mindig a g\u00e9ppel vigye fel b\u0151r\u00e9re a gyant\u00e1t. Ha \u00fagy \u00e9rzi, h\u0171l a gyantapatron, csatlakoztassa a t\u00e1pk\u00e1belt a g\u00e9phez \u00e9s meleg\u00edtse.<\/p>\n<p>Vigye fel a gyant\u00e1zand\u00f3 ter\u00fcletre a gyant\u00e1t el\u00e9g csak egyszer \u00e9s sz\u0151rn\u00f6veked\u00e9s ir\u00e1ny\u00e1val megegyez\u0151en, majd helyezze r\u00e1 a leh\u00faz\u00f3 cs\u00edkot \u00e9s sim\u00edtsa \u00fagy, hogy beletapadjon a gyant\u00e1ba majd hat\u00e1rozott mozdulattal t\u00e9pje le ellent\u00e9tes ir\u00e1nyba a pap\u00edrcs\u00edkot.<\/p>\n<p>Amikor v\u00e9gzett gyant\u00e1z\u00e1s ut\u00e1ni \u00e1pol\u00f3 olajjal , tiszt\u00edtsa meg b\u0151r\u00e9t, \u00edgy elt\u00e1vol\u00edthat\u00f3 a gyantamaradv\u00e1ny \u00e9s nincs ragad\u00f3s b\u0151r\u00e9rzet sem.<\/p>\n<p><iframe title=\"Otthoni gyant\u00e1z\u00f3 szett haszn\u00e1lata\" width=\"1140\" height=\"641\" src=\"https:\/\/www.youtube.com\/embed\/-ysllvUS8D8?feature=oembed&#038;enablejsapi=1&#038;origin=https:\/\/amicamiashop.com\" frameborder=\"0\" allow=\"accelerometer; autoplay; clipboard-write; encrypted-media; gyroscope; picture-in-picture; web-share\" referrerpolicy=\"strict-origin-when-cross-origin\" allowfullscreen><\/iframe><\/p>\n","protected":false},"excerpt":{"rendered":"<p>Otthoni gyant\u00e1z\u00f3 szett fukszia Tartalma:\u00a01 db Prince Gyantapatron meleg\u00edt\u0151 g\u00e9p h\u00e1l\u00f3zati k\u00e1bellel, 2 db v\u00e1laszthat\u00f3 gyantapatron,\u00a0 1 csomag gyantapap\u00edr\u00a0 100 db-os. M\u0171szaki adatok: Prince gyantapatron meleg\u00edt\u0151 g\u00e9p 35 Watt 50-60 Herz 115-230 V Haszn\u00e1lat:\u00a0Gyantapatron meleg\u00edt\u0151 g\u00e9pbe helyezz\u00fck be a gyantapatront, majd a h\u00e1l\u00f3zati k\u00e1bel egyik v\u00e9g\u00e9t csatlakoztassuk a gyantapatron meleg\u00edt\u0151 g\u00e9phez a m\u00e1sik v\u00e9g\u00e9t csatlakoztassuk [&hellip;]<\/p>\n","protected":false},"featured_media":6537,"comment_status":"open","ping_status":"closed","template":"","meta":[],"product_brand":[],"product_cat":[359,357],"product_tag":[],"class_list":{"0":"post-7152","1":"product","2":"type-product","3":"status-publish","4":"has-post-thumbnail","6":"product_cat-otthoni-gyanta-szettek","7":"product_cat-szortelenites-otthon","9":"first","10":"instock","11":"taxable","12":"shipping-taxable","13":"purchasable","14":"product-type-simple"},"_links":{"self":[{"href":"https:\/\/amicamiashop.com\/hu\/wp-json\/wp\/v2\/product\/7152","targetHints":{"allow":["GET"]}}],"collection":[{"href":"https:\/\/amicamiashop.com\/hu\/wp-json\/wp\/v2\/product"}],"about":[{"href":"https:\/\/amicamiashop.com\/hu\/wp-json\/wp\/v2\/types\/product"}],"replies":[{"embeddable":true,"href":"https:\/\/amicamiashop.com\/hu\/wp-json\/wp\/v2\/comments?post=7152"}],"version-history":[{"count":0,"href":"https:\/\/amicamiashop.com\/hu\/wp-json\/wp\/v2\/product\/7152\/revisions"}],"wp:featuredmedia":[{"embeddable":true,"href":"https:\/\/amicamiashop.com\/hu\/wp-json\/wp\/v2\/media\/6537"}],"wp:attachment":[{"href":"https:\/\/amicamiashop.com\/hu\/wp-json\/wp\/v2\/media?parent=7152"}],"wp:term":[{"taxonomy":"product_brand","embeddable":true,"href":"https:\/\/amicamiashop.com\/hu\/wp-json\/wp\/v2\/product_brand?post=7152"},{"taxonomy":"product_cat","embeddable":true,"href":"https:\/\/amicamiashop.com\/hu\/wp-json\/wp\/v2\/product_cat?post=7152"},{"taxonomy":"product_tag","embeddable":true,"href":"https:\/\/amicamiashop.com\/hu\/wp-json\/wp\/v2\/product_tag?post=7152"}],"curies":[{"name":"wp","href":"https:\/\/api.w.org\/{rel}","templated":true}]}}