{"id":9485,"date":"2024-02-27T16:38:07","date_gmt":"2024-02-27T16:38:07","guid":{"rendered":"https:\/\/amicamiashop.com\/?post_type=product&#038;p=9485"},"modified":"2026-03-06T13:27:43","modified_gmt":"2026-03-06T13:27:43","slug":"bio-arckrem-bornormalizalo-150-ml","status":"publish","type":"product","link":"https:\/\/amicamiashop.com\/hu\/termek\/bio-arckrem-bornormalizalo-150-ml\/","title":{"rendered":"Bio Arckr\u00e9m b\u0151rnormaliz\u00e1l\u00f3 150 ml"},"content":{"rendered":"<p><strong>Bio Arckr\u00e9m b\u0151rnormaliz\u00e1l\u00f3 150 ml<\/strong><\/p>\n<p>Bio tiszt\u00edt\u00f3 arckr\u00e9m ide\u00e1lis a vegyes vagy szennyezett b\u0151rre. A Bardana kivonat, a biol\u00f3giai uborka kivonat rendk\u00edv\u00fcli \u00f6sszeh\u00faz\u00f3 \u00e9s megnyugtat\u00f3 tulajdons\u00e1gokkal rendelkezik, m\u00edg az \u00e9desgy\u00f6k\u00e9r -kivonat toniz\u00e1l\u00f3 tulajdons\u00e1gokkal rendelkezik. A biol\u00f3giai aloe vera juice, amely el\u0151seg\u00edti a hidrat\u00e1ci\u00f3t; szerves r\u00f3zsa kivonat\u00a0 kiv\u00e1l\u00f3 hidrat\u00e1l\u00f3, \u00f6sszeh\u00faz\u00f3 \u00e9s elasztikus hat\u00e1s\u00fav\u00e1 teszi a b\u0151rt. ; a szil\u00edcium -dioxid ismert\u00a0 homogeniz\u00e1l\u00f3 tulajdons\u00e1gair\u00f3l ismert; H -vitamin vagy biotin Seboe -kiegyens\u00falyoz\u00f3 hat\u00e1s\u00fa a b\u0151rre. Ez a term\u00e9k, ha minden nap rendszeresen haszn\u00e1lj\u00e1k, el\u0151seg\u00edti a zs\u00edrosb\u0151r kezel\u00e9s\u00e9t, \u00e9s eg\u00e9szs\u00e9gesebb \u00e9s homog\u00e9nebb \u00e9s sim\u00e1bb\u00e1 teszi az arcb\u0151rt. Bio tiszt\u00edt\u00f3 arckr\u00e9m\u00a0 Burdana kivonat, biol\u00f3giai uborka kivonat, licorices kivonat<\/p>\n<p><strong>F\u0151 hat\u00f3anyagok:<\/strong><\/p>\n<p>Bardana kivonat &#8211; Normaliz\u00e1lja a faggy\u00fat, tiszt\u00edt\u00e1s<\/p>\n<p>Ingredients:<\/p>\n<div class=\"content\">\n<div class=\"attribute-cnt\">Aqua, Aloe Barbadensis Leaf Juice (*), Coco-Caprylate, Propanediol, Polyglyceryl-2 Stearate, Glycerin, Glyceryl Stearate, Oryza Sativa Starch, Silica, Stearyl Alcohol, Biotin, Glycyrrhiza Glabra Extract, Caffeine, Salvia Officinalis Leaf Extract, Cucumis Sativus Fruit Extract (*), Rosa Damascena Flower Extract (*), Arctium Lappa Root Extract, Tocopherol, Ascorbyl Palmitate, Tocopheryl Acetate, Benzyl Alcohol, Benzyl Salicylate, Xanthan Gum, Parfum, Ethylhexylglycerin, Tetrasodium Glutamate Diacetate, Lecithin, Citric Acid, Geraniol, Citronellol, Alpha-Isomethyl Ionone, Coumarin, Linalool, Hydroxycitronellal, Limonene, Sodium Benzoate, Potassium Sorbate.<\/div>\n<\/div>\n<p><img decoding=\"async\" style=\"display: none;\" src=\"http:\/\/www.journeyom.life\/wp-content\/uploads\/2024\/05\/JOM-LOGO-VERT-WB.jpg\" alt=\"Wax heater machine Lcd screen Black\" \/><img decoding=\"async\" style=\"display: none;\" src=\"http:\/\/www.journeyom.life\/wp-content\/uploads\/2024\/05\/JOM-LOGO-VERT-WB.jpg\" alt=\"Wax heater machine Lcd screen Black\" \/><img decoding=\"async\" style=\"display: none;\" src=\"http:\/\/www.journeyom.life\/wp-content\/uploads\/2024\/05\/JOM-LOGO-VERT-WB.jpg\" alt=\"Wax heater machine Lcd screen Black\" \/><img decoding=\"async\" style=\"display: none;\" src=\"http:\/\/www.journeyom.life\/wp-content\/uploads\/2024\/05\/JOM-LOGO-VERT-WB.jpg\" alt=\"Wax heater machine Lcd screen Black\" \/><\/p>\n","protected":false},"excerpt":{"rendered":"<p>Bio Arckr\u00e9m b\u0151rnormaliz\u00e1l\u00f3 150 ml Bio tiszt\u00edt\u00f3 arckr\u00e9m ide\u00e1lis a vegyes vagy szennyezett b\u0151rre. A Bardana kivonat, a biol\u00f3giai uborka kivonat rendk\u00edv\u00fcli \u00f6sszeh\u00faz\u00f3 \u00e9s megnyugtat\u00f3 tulajdons\u00e1gokkal rendelkezik, m\u00edg az \u00e9desgy\u00f6k\u00e9r -kivonat toniz\u00e1l\u00f3 tulajdons\u00e1gokkal rendelkezik. A biol\u00f3giai aloe vera juice, amely el\u0151seg\u00edti a hidrat\u00e1ci\u00f3t; szerves r\u00f3zsa kivonat\u00a0 kiv\u00e1l\u00f3 hidrat\u00e1l\u00f3, \u00f6sszeh\u00faz\u00f3 \u00e9s elasztikus hat\u00e1s\u00fav\u00e1 teszi a b\u0151rt. [&hellip;]<\/p>\n","protected":false},"featured_media":13929,"comment_status":"open","ping_status":"closed","template":"","meta":[],"product_brand":[],"product_cat":[418,419],"product_tag":[564],"class_list":{"0":"post-9485","1":"product","2":"type-product","3":"status-publish","4":"has-post-thumbnail","6":"product_cat-arcapolas","7":"product_cat-arckremek","8":"product_tag-bio-arckrem-bornormalizalo","10":"first","11":"instock","12":"purchasable","13":"product-type-simple"},"_links":{"self":[{"href":"https:\/\/amicamiashop.com\/hu\/wp-json\/wp\/v2\/product\/9485","targetHints":{"allow":["GET"]}}],"collection":[{"href":"https:\/\/amicamiashop.com\/hu\/wp-json\/wp\/v2\/product"}],"about":[{"href":"https:\/\/amicamiashop.com\/hu\/wp-json\/wp\/v2\/types\/product"}],"replies":[{"embeddable":true,"href":"https:\/\/amicamiashop.com\/hu\/wp-json\/wp\/v2\/comments?post=9485"}],"version-history":[{"count":0,"href":"https:\/\/amicamiashop.com\/hu\/wp-json\/wp\/v2\/product\/9485\/revisions"}],"wp:featuredmedia":[{"embeddable":true,"href":"https:\/\/amicamiashop.com\/hu\/wp-json\/wp\/v2\/media\/13929"}],"wp:attachment":[{"href":"https:\/\/amicamiashop.com\/hu\/wp-json\/wp\/v2\/media?parent=9485"}],"wp:term":[{"taxonomy":"product_brand","embeddable":true,"href":"https:\/\/amicamiashop.com\/hu\/wp-json\/wp\/v2\/product_brand?post=9485"},{"taxonomy":"product_cat","embeddable":true,"href":"https:\/\/amicamiashop.com\/hu\/wp-json\/wp\/v2\/product_cat?post=9485"},{"taxonomy":"product_tag","embeddable":true,"href":"https:\/\/amicamiashop.com\/hu\/wp-json\/wp\/v2\/product_tag?post=9485"}],"curies":[{"name":"wp","href":"https:\/\/api.w.org\/{rel}","templated":true}]}}