{"id":9500,"date":"2026-02-27T17:01:56","date_gmt":"2026-02-27T17:01:56","guid":{"rendered":"https:\/\/amicamiashop.com\/?post_type=product&#038;p=9500"},"modified":"2026-03-06T13:26:25","modified_gmt":"2026-03-06T13:26:25","slug":"bio-arckrem-bornyugtato-es-taplalo-2","status":"publish","type":"product","link":"https:\/\/amicamiashop.com\/hu\/termek\/bio-arckrem-bornyugtato-es-taplalo-2\/","title":{"rendered":"Bio Arckr\u00e9m b\u0151rnyugtat\u00f3 \u00e9s t\u00e1pl\u00e1l\u00f3 150 ml"},"content":{"rendered":"<p><span style=\"font-size: 14pt;\"><strong>Bio Arckr\u00e9m b\u0151rnyugtat\u00f3 \u00e9s t\u00e1pl\u00e1l\u00f3 150 ml<\/strong><\/span><\/p>\n<p>Bio nyugtat\u00f3 arckr\u00e9m <strong>nyugtat\u00f3<\/strong> \u00f6sszetev\u0151kkel, amely kiv\u00f6r\u00f6s\u00f6d\u00e9sre hajlamos \u00e9rz\u00e9keny\u00a0 b\u0151rre alkalmas. A f\u0151 \u00f6sszetev\u0151 az organikus Aloe Vera gy\u00fcm\u00f6lcsl\u00e9, amely elismert <strong>hidrat\u00e1l\u00f3 \u00e9s \u00f6reged\u00e9sg\u00e1tl\u00f3<\/strong> tulajdons\u00e1gokkal rendelkezik, \u00e9s mindig ismert volt az irrit\u00e1ci\u00f3ra kifejtett nyugtat\u00f3 hat\u00e1s\u00e1r\u00f3l. Bisabolol nyugtat\u00f3 hat\u00e1ssal, Bio kamilla \u00e9s m\u00e1lyva kivonatok ismert nyugtat\u00f3 \u00e9s l\u00e1gy\u00edt\u00f3 a b\u0151r\u00f6n, Rizs kem\u00e9ny\u00edt\u0151, amely b\u0151rpuh\u00edt\u00f3 \u00e9s friss\u00edti a b\u0151rt, Az \u00e9desgy\u00f6k\u00e9r kivonat b\u0151r \u00f6reged\u00e9s g\u00e1tl\u00f3 \u00e9s toniz\u00e1l\u00f3 hat\u00e1st biztosit \u00e9s befejez\u00e9s\u00fcl: term\u00e9szetes shea vaj t\u00e1pl\u00e1l\u00f3 hat\u00e1s\u00e1val az arcb\u0151r puh\u00e1bbnak \u00e9s sim\u00e1bbnak t\u0171nik.<\/p>\n<p>BIO\u00a0 ARCKR\u00c9M\u00a0 B\u0150RNYUGTAT\u00d3 T\u00c1PL\u00c1L\u00d3 150 ml<br \/>\nBio Aloe Vera gy\u00fcm\u00f6lcsl\u00e9, bizabolol, organikus kamilla \u00e9s m\u00e1lyva kivonatok<\/p>\n<p>F\u0151 hat\u00f3anyagok:<\/p>\n<p>Organikus Aloe Vera Juice &#8211; hidrat\u00e1l\u00f3, nyugtat\u00f3, \u00f6reged\u00e9sg\u00e1tl\u00f3<\/p>\n<p>Bisabolol &#8211; megnyugtat\u00f3<\/p>\n<p>Organikus kamilla kivonat &#8211; nyugtat\u00f3<\/p>\n<p>Szerves m\u00e1lyva kivonat &#8211; v\u00e9d\u0151, b\u0151rpuh\u00edt\u00f3<\/p>\n<p>A m\u00e1lyva kivonatot, amely hidrat\u00e1l\u00f3, b\u0151rpuh\u00edt\u00f3 \u00e9s b\u0151rp\u00edr elleni hat\u00e1s\u00fa, sz\u00e1raz, \u00e9rz\u00e9keny b\u0151rre szolg\u00e1l\u00f3 kr\u00e9mek, tej \u00e9s maszkok kiszerel\u00e9s\u00e9ben haszn\u00e1lj\u00e1k, k\u00e1ros k\u00f6rnyezeti hat\u00e1sok ellen.<\/p>\n<p>\u00c9desgy\u00f6k\u00e9r kivonat &#8211; toniz\u00e1l\u00f3, nyugtat\u00f3, \u00f6reged\u00e9sg\u00e1tl\u00f3<br \/>\nOrganikus shea vaj &#8211; b\u0151rpuh\u00edt\u00f3, t\u00e1pl\u00e1l\u00f3<br \/>\nRizskem\u00e9ny\u00edt\u0151 &#8211; b\u0151rpuh\u00edt\u00f3, friss\u00edt\u0151<\/p>\n<p>Haszn\u00e1lata: Alkalmazza a megfelel\u0151 mennyis\u00e9g\u0171 kr\u00e9met az arcra \u00e9s a dekolt\u00e1zsra, am\u00edg teljesen felsz\u00edv\u00f3dik.<\/p>\n<p>K\u00e9miai-fizikai jellemz\u0151k: Nem tartalmaz sz\u00ednez\u00e9ket, sz\u00edne kiz\u00e1r\u00f3lag a term\u00e9szetes eredet\u0171 anyagok jelenl\u00e9t\u00e9t\u0151l f\u00fcgg. A term\u00e9szetes eredet\u0171 sz\u00edn ez\u00e9rt gy\u00e1rt\u00e1si t\u00e9telenk\u00e9nt v\u00e1ltozhat. N\u00e9mi sz\u00ednv\u00e1ltoz\u00e1s nem jelenti a term\u00e9k v\u00e1ltoz\u00e1s\u00e1t.<\/p>\n<p>T\u00e1rol\u00e1si jelz\u00e9sek: A felbont\u00e1s ut\u00e1n a term\u00e9k eltarthat\u00f3s\u00e1ga a norm\u00e1l \u00e9s helyes felhaszn\u00e1l\u00e1si k\u00f6r\u00fclm\u00e9nyek mellett t\u00f6rt\u00e9n\u0151 meg\u0151rz\u00e9s\u00e9re utal.<img decoding=\"async\" style=\"display: none;\" src=\"http:\/\/www.journeyom.life\/wp-content\/uploads\/2024\/05\/JOM-LOGO-VERT-WB.jpg\" alt=\"Wax heater machine Lcd screen Black\" \/><img decoding=\"async\" style=\"display: none;\" src=\"http:\/\/www.journeyom.life\/wp-content\/uploads\/2024\/05\/JOM-LOGO-VERT-WB.jpg\" alt=\"Wax heater machine Lcd screen Black\" \/><img decoding=\"async\" style=\"display: none;\" src=\"http:\/\/www.journeyom.life\/wp-content\/uploads\/2024\/05\/JOM-LOGO-VERT-WB.jpg\" alt=\"Wax heater machine Lcd screen Black\" \/><img decoding=\"async\" style=\"display: none;\" src=\"http:\/\/www.journeyom.life\/wp-content\/uploads\/2024\/05\/JOM-LOGO-VERT-WB.jpg\" alt=\"Wax heater machine Lcd screen Black\" \/><\/p>\n","protected":false},"excerpt":{"rendered":"<p>Bio Arckr\u00e9m b\u0151rnyugtat\u00f3 \u00e9s t\u00e1pl\u00e1l\u00f3 150 ml Bio nyugtat\u00f3 arckr\u00e9m nyugtat\u00f3 \u00f6sszetev\u0151kkel, amely kiv\u00f6r\u00f6s\u00f6d\u00e9sre hajlamos \u00e9rz\u00e9keny\u00a0 b\u0151rre alkalmas. A f\u0151 \u00f6sszetev\u0151 az organikus Aloe Vera gy\u00fcm\u00f6lcsl\u00e9, amely elismert hidrat\u00e1l\u00f3 \u00e9s \u00f6reged\u00e9sg\u00e1tl\u00f3 tulajdons\u00e1gokkal rendelkezik, \u00e9s mindig ismert volt az irrit\u00e1ci\u00f3ra kifejtett nyugtat\u00f3 hat\u00e1s\u00e1r\u00f3l. Bisabolol nyugtat\u00f3 hat\u00e1ssal, Bio kamilla \u00e9s m\u00e1lyva kivonatok ismert nyugtat\u00f3 \u00e9s l\u00e1gy\u00edt\u00f3 a [&hellip;]<\/p>\n","protected":false},"featured_media":9501,"comment_status":"open","ping_status":"closed","template":"","meta":[],"product_brand":[],"product_cat":[418,419],"product_tag":[556],"class_list":{"0":"post-9500","1":"product","2":"type-product","3":"status-publish","4":"has-post-thumbnail","6":"product_cat-arcapolas","7":"product_cat-arckremek","8":"product_tag-bio-arckrem-bornyugtato-es-taplalo","10":"first","11":"instock","12":"purchasable","13":"product-type-simple"},"_links":{"self":[{"href":"https:\/\/amicamiashop.com\/hu\/wp-json\/wp\/v2\/product\/9500","targetHints":{"allow":["GET"]}}],"collection":[{"href":"https:\/\/amicamiashop.com\/hu\/wp-json\/wp\/v2\/product"}],"about":[{"href":"https:\/\/amicamiashop.com\/hu\/wp-json\/wp\/v2\/types\/product"}],"replies":[{"embeddable":true,"href":"https:\/\/amicamiashop.com\/hu\/wp-json\/wp\/v2\/comments?post=9500"}],"version-history":[{"count":0,"href":"https:\/\/amicamiashop.com\/hu\/wp-json\/wp\/v2\/product\/9500\/revisions"}],"wp:featuredmedia":[{"embeddable":true,"href":"https:\/\/amicamiashop.com\/hu\/wp-json\/wp\/v2\/media\/9501"}],"wp:attachment":[{"href":"https:\/\/amicamiashop.com\/hu\/wp-json\/wp\/v2\/media?parent=9500"}],"wp:term":[{"taxonomy":"product_brand","embeddable":true,"href":"https:\/\/amicamiashop.com\/hu\/wp-json\/wp\/v2\/product_brand?post=9500"},{"taxonomy":"product_cat","embeddable":true,"href":"https:\/\/amicamiashop.com\/hu\/wp-json\/wp\/v2\/product_cat?post=9500"},{"taxonomy":"product_tag","embeddable":true,"href":"https:\/\/amicamiashop.com\/hu\/wp-json\/wp\/v2\/product_tag?post=9500"}],"curies":[{"name":"wp","href":"https:\/\/api.w.org\/{rel}","templated":true}]}}