{"id":9505,"date":"2024-02-27T17:05:04","date_gmt":"2024-02-27T17:05:04","guid":{"rendered":"https:\/\/amicamiashop.com\/?post_type=product&#038;p=9505"},"modified":"2026-03-06T13:20:56","modified_gmt":"2026-03-06T13:20:56","slug":"bio-arckrem-a-ragyogo-arcborert-150ml","status":"publish","type":"product","link":"https:\/\/amicamiashop.com\/hu\/termek\/bio-arckrem-a-ragyogo-arcborert-150ml\/","title":{"rendered":"BIO Arckr\u00e9m a ragyog\u00f3 arcb\u0151r\u00e9rt 150ml"},"content":{"rendered":"<p><strong>BIO Arckr\u00e9m a ragyog\u00f3 arcb\u0151r\u00e9rt 150ml<\/strong><\/p>\n<p>Term\u00e9szetes b\u0151rhalv\u00e1nyit\u00f3 arckr\u00e9m n\u00f6v\u00e9nyi \u00f6sszetev\u0151kkel, b\u0151r egys\u00e9ges\u00edt\u0151 hat\u00e1ssal. El\u0151sz\u00f6r is a bors\u00f3 kivonat b\u0151rhalv\u00e1ny\u00edt\u00f3 hat\u00e1st fejthet ki .Mullein kivonat, h\u00e1mlaszt\u00f3 \u00e9s antioxid\u00e1ns hat\u00e1s\u00fa mandulasav \u00e9s alacsony molekulat\u00f6meg\u0171, hidrat\u00e1l\u00f3 \u00e9s t\u00e9rfogatn\u00f6vel\u0151 hialuronsav, vil\u00e1goss\u00e1got k\u00f6lcs\u00f6n\u00f6z a b\u0151rnek. Ez az \u00e9rt\u00e9kes formula egy\u00e9b \u00f6sszetev\u0151kkel is gazdagodik, p\u00e9ld\u00e1ul: Antioxid\u00e1ns hat\u00e1s\u00fa akt\u00edv szerves sz\u0151l\u0151v\u00edz, nyugtat\u00f3 \u00e9s v\u00f6r\u00f6s\u00f6d\u00e9st g\u00e1tl\u00f3 Bisabolol \u00e9s Allontoin, faggy\u00fakiegyenl\u00edt\u0151 hat\u00e1s\u00fa H-vitamin vagy biotin olyan b\u0151r sz\u00e1m\u00e1ra, amely jobban hidrat\u00e1lt \u00e9s f\u00e9nyesebb lesz.<\/p>\n<p><strong>A pigment foltos avagy napk\u00e1rosodott b\u0151rre halv\u00e1nyit\u00f3 hat\u00e1st fejt ki a b\u0151rt egys\u00e9gess\u00e9 teszi.<\/strong><\/p>\n<p>BIO ARCKR\u00c9M RAGYOG\u00d3 ARCB\u0150R 150 ml<br \/>\nKomplex feh\u00e9r, mandulasav, mulcs kivonat<\/p>\n<p>Teljes kompoz\u00edci\u00f3<br \/>\nKomplex mi\u00e9rtte &#8211; bors\u00f3 kivonat \u00e9s laktatott szachar\u00f3z &#8211; halv\u00e1ny\u00edt\u00f3, hat\u00e9konys\u00e1g\u00e1t az \u00f6regs\u00e9gi foltok elrejt\u00e9s\u00e9ben.<br \/>\nMullein kivonat ( \u00f6k\u00f6rfarkkor\u00f3 ) &#8211; ragyog\u00f3, f\u00e9nyes,b\u0151r fiatalabbnak \u00e9s ragyog\u00f3bbnak t\u0171nik.<br \/>\nMandulasav &#8211; h\u00e1mlaszt\u00f3, halv\u00e1ny\u00edt\u00f3, antioxid\u00e1ns<br \/>\nAkt\u00edv szerves sz\u0151l\u0151v\u00edz &#8211; antioxid\u00e1ns, \u00f6reged\u00e9sg\u00e1tl\u00f3, hidrat\u00e1l\u00f3<br \/>\nAlacsony molekulas\u00faly\u00fa hialuronsav &#8211; hidrat\u00e1l\u00f3, t\u00e9rfogatn\u00f6vel\u0151<br \/>\nBisabolol &#8211; megnyugtat\u00f3, b\u0151rp\u00edrmentes<br \/>\nH-vitamin vagy Biotin &#8211; faggy\u00fakiegyens\u00falyoz\u00f3<br \/>\nAllantoin &#8211; v\u00e9d\u0151, nyugtat\u00f3, helyre\u00e1ll\u00edt\u00f3<\/p>\n<p>Technikai inform\u00e1ci\u00f3: \u00f6sszetev\u0151k r\u00e9sz<\/p>\n<p>Hogyan kell haszn\u00e1lni:<\/p>\n<p>Alkalmazza a megfelel\u0151 mennyis\u00e9g\u0171 kr\u00e9met az arcra \u00e9s a dekolt\u00e1zsra, am\u00edg teljesen felsz\u00edv\u00f3dik.<\/p>\n<p>Nem tartalmaz sz\u00ednez\u00e9ket, sz\u00edne kiz\u00e1r\u00f3lag a term\u00e9szetes eredet\u0171 anyagok jelenl\u00e9t\u00e9t\u0151l f\u00fcgg. A term\u00e9szetes eredet\u0171 sz\u00edn ez\u00e9rt gy\u00e1rt\u00e1si t\u00e9telenk\u00e9nt v\u00e1ltozhat. N\u00e9mi sz\u00ednv\u00e1ltoz\u00e1s nem jelenti a term\u00e9k v\u00e1ltoz\u00e1s\u00e1t.<\/p>\n<p>T\u00e1rol\u00e1si jelz\u00e9sek:<\/p>\n<p>A kinyitott term\u00e9k eltarthat\u00f3s\u00e1gi ideje a norm\u00e1l \u00e9s helyes felhaszn\u00e1l\u00e1si k\u00f6r\u00fclm\u00e9nyek mellett t\u00f6rt\u00e9n\u0151 meg\u0151rz\u00e9s\u00e9re utal<\/p>\n<p><img decoding=\"async\" style=\"display: none;\" src=\"http:\/\/www.journeyom.life\/wp-content\/uploads\/2024\/05\/JOM-LOGO-VERT-WB.jpg\" alt=\"Wax heater machine Lcd screen Black\" \/><img decoding=\"async\" style=\"display: none;\" src=\"http:\/\/www.journeyom.life\/wp-content\/uploads\/2024\/05\/JOM-LOGO-VERT-WB.jpg\" alt=\"Wax heater machine Lcd screen Black\" \/><img decoding=\"async\" style=\"display: none;\" src=\"http:\/\/www.journeyom.life\/wp-content\/uploads\/2024\/05\/JOM-LOGO-VERT-WB.jpg\" alt=\"Wax heater machine Lcd screen Black\" \/><img decoding=\"async\" style=\"display: none;\" src=\"http:\/\/www.journeyom.life\/wp-content\/uploads\/2024\/05\/JOM-LOGO-VERT-WB.jpg\" alt=\"Wax heater machine Lcd screen Black\" \/><\/p>\n","protected":false},"excerpt":{"rendered":"<p>BIO Arckr\u00e9m a ragyog\u00f3 arcb\u0151r\u00e9rt 150ml Term\u00e9szetes b\u0151rhalv\u00e1nyit\u00f3 arckr\u00e9m n\u00f6v\u00e9nyi \u00f6sszetev\u0151kkel, b\u0151r egys\u00e9ges\u00edt\u0151 hat\u00e1ssal. El\u0151sz\u00f6r is a bors\u00f3 kivonat b\u0151rhalv\u00e1ny\u00edt\u00f3 hat\u00e1st fejthet ki .Mullein kivonat, h\u00e1mlaszt\u00f3 \u00e9s antioxid\u00e1ns hat\u00e1s\u00fa mandulasav \u00e9s alacsony molekulat\u00f6meg\u0171, hidrat\u00e1l\u00f3 \u00e9s t\u00e9rfogatn\u00f6vel\u0151 hialuronsav, vil\u00e1goss\u00e1got k\u00f6lcs\u00f6n\u00f6z a b\u0151rnek. Ez az \u00e9rt\u00e9kes formula egy\u00e9b \u00f6sszetev\u0151kkel is gazdagodik, p\u00e9ld\u00e1ul: Antioxid\u00e1ns hat\u00e1s\u00fa akt\u00edv szerves sz\u0151l\u0151v\u00edz, [&hellip;]<\/p>\n","protected":false},"featured_media":9506,"comment_status":"open","ping_status":"closed","template":"","meta":[],"product_brand":[],"product_cat":[418,419],"product_tag":[561],"class_list":{"0":"post-9505","1":"product","2":"type-product","3":"status-publish","4":"has-post-thumbnail","6":"product_cat-arcapolas","7":"product_cat-arckremek","8":"product_tag-bio-arckrem","10":"first","11":"instock","12":"purchasable","13":"product-type-simple"},"_links":{"self":[{"href":"https:\/\/amicamiashop.com\/hu\/wp-json\/wp\/v2\/product\/9505","targetHints":{"allow":["GET"]}}],"collection":[{"href":"https:\/\/amicamiashop.com\/hu\/wp-json\/wp\/v2\/product"}],"about":[{"href":"https:\/\/amicamiashop.com\/hu\/wp-json\/wp\/v2\/types\/product"}],"replies":[{"embeddable":true,"href":"https:\/\/amicamiashop.com\/hu\/wp-json\/wp\/v2\/comments?post=9505"}],"version-history":[{"count":0,"href":"https:\/\/amicamiashop.com\/hu\/wp-json\/wp\/v2\/product\/9505\/revisions"}],"wp:featuredmedia":[{"embeddable":true,"href":"https:\/\/amicamiashop.com\/hu\/wp-json\/wp\/v2\/media\/9506"}],"wp:attachment":[{"href":"https:\/\/amicamiashop.com\/hu\/wp-json\/wp\/v2\/media?parent=9505"}],"wp:term":[{"taxonomy":"product_brand","embeddable":true,"href":"https:\/\/amicamiashop.com\/hu\/wp-json\/wp\/v2\/product_brand?post=9505"},{"taxonomy":"product_cat","embeddable":true,"href":"https:\/\/amicamiashop.com\/hu\/wp-json\/wp\/v2\/product_cat?post=9505"},{"taxonomy":"product_tag","embeddable":true,"href":"https:\/\/amicamiashop.com\/hu\/wp-json\/wp\/v2\/product_tag?post=9505"}],"curies":[{"name":"wp","href":"https:\/\/api.w.org\/{rel}","templated":true}]}}