{"id":9510,"date":"2026-02-27T17:08:05","date_gmt":"2026-02-27T17:08:05","guid":{"rendered":"https:\/\/amicamiashop.com\/?post_type=product&#038;p=9510"},"modified":"2026-03-11T10:00:25","modified_gmt":"2026-03-11T10:00:25","slug":"bio-arckrem-anti-age-es-racfeltolto","status":"publish","type":"product","link":"https:\/\/amicamiashop.com\/hu\/termek\/bio-arckrem-anti-age-es-racfeltolto\/","title":{"rendered":"Bio Arckr\u00e9m Anti Age \u00e9s r\u00e1ncfelt\u00f6lt\u0151 150 ml"},"content":{"rendered":"<p><strong>Bio Arckr\u00e9m Anti Age \u00e9s r\u00e1cfelt\u00f6lt\u0151 150 ml<\/strong><\/p>\n<p>Bio \u00f6reged\u00e9sg\u00e1tl\u00f3, d\u00fas arckr\u00e9m \u00f6reged\u00e9sg\u00e1tl\u00f3 \u00f6sszetev\u0151kkel, ide\u00e1lis kozmetikai kezel\u00e9shez a b\u0151r \u00f6reged\u00e9se \u00e1ltal okozott expresszi\u00f3 legk\u00e9zenfekv\u0151bb jeleihez. A hialuronsav gy\u00f6ngyei seg\u00edtenek a b\u0151r feszess\u00e9g\u00e9ben \u00e9s felt\u00f6lt\u00e9s\u00e9ben, m\u00edg az innovat\u00edv Vine liposz\u00f3m\u00e1k t\u00e1pl\u00e1l\u00f3 \u00e9s v\u00e9d\u0151 hat\u00e1ssal az arc sim\u00e1bb\u00e1 \u00e9s gondozottabb\u00e1 v\u00e1lik. A k\u00e9pletet az Alga exopoliszacharid gazdag\u00edtja, emel\u0151 hat\u00e1ssal. Az \u00f6sszetev\u0151k kever\u00e9k\u00e9t kieg\u00e9sz\u00edtik: alacsony molekulat\u00f6meg\u0171, t\u00e9rfogatn\u00f6vel\u0151 hat\u00e1s\u00fa hialuronsav, l\u00e1gy\u00edt\u00f3 \u00e9s t\u00e1pl\u00e1l\u00f3 makad\u00e1miaolaj \u00e9s organikus mandulaolaj, valamint a cukorr\u00e9p\u00e1b\u00f3l nyert aminosav betain, hidrat\u00e1l\u00f3 er\u0151vel. Ez a term\u00e9k, ha folyamatosan haszn\u00e1lj\u00e1k, \u00faj f\u00e9nyt \u00e9s t\u00f6m\u00f6rs\u00e9get k\u00f6lcs\u00f6n\u00f6z a b\u0151rnek.<\/p>\n<p>BIO ANTI AGE \u00c9S R\u00c1NCFELT\u00d6LT\u00d6 ARCKR\u00c9M\u00a0 150 ml<\/p>\n<p>A sz\u0151l\u0151 liposz\u00f3m\u00e1i, a hialuronsav gy\u00f6ngyei, az algai exopoliszacharid<\/p>\n<p>F\u0151 hat\u00f3anyagok:<\/p>\n<p>Sz\u0151l\u0151 liposz\u00f3m\u00e1k &#8211; t\u00e1pl\u00e1l\u00f3, v\u00e9d\u0151, seg\u00edti a sejtek \u00e9letk\u00e9pess\u00e9g\u00e9t<\/p>\n<p>A hialuronsav g\u00f6mb\u00f6k &#8211; d\u00fas, hidrat\u00e1l\u00f3<\/p>\n<p>Alga exopoliszacharid &#8211; emel\u00e9s<\/p>\n<p>Betain &#8211; hidrat\u00e1l\u00f3<br \/>\nAlacsony molekulas\u00faly\u00fa hialuronsav &#8211; hidrat\u00e1l\u00f3, t\u00e9rfogatn\u00f6vel\u0151<br \/>\nMakad\u00e1miaolaj &#8211; b\u0151rpuh\u00edt\u00f3<br \/>\nOrganikus mandulaolaj &#8211; t\u00e1pl\u00e1l\u00f3, b\u0151rpuh\u00edt\u00f3, rugalmas\u00edt\u00f3<\/p>\n<p>Alkalmazza a megfelel\u0151 mennyis\u00e9g\u0171 kr\u00e9met az arcra \u00e9s a dekolt\u00e1zsra, am\u00edg teljesen felsz\u00edv\u00f3dik.<\/p>\n<p>K\u00e9miai-fizikai jellemz\u0151k:<\/p>\n<p>Nem tartalmaz sz\u00ednez\u00e9ket, sz\u00edne kiz\u00e1r\u00f3lag a term\u00e9szetes eredet\u0171 anyagok jelenl\u00e9t\u00e9t\u0151l f\u00fcgg. A term\u00e9szetes eredet\u0171 sz\u00edn ez\u00e9rt gy\u00e1rt\u00e1si t\u00e9telenk\u00e9nt v\u00e1ltozhat. N\u00e9mi sz\u00ednv\u00e1ltoz\u00e1s nem jelenti a term\u00e9k v\u00e1ltoz\u00e1s\u00e1t.<img decoding=\"async\" style=\"display: none;\" src=\"http:\/\/www.journeyom.life\/wp-content\/uploads\/2024\/05\/JOM-LOGO-VERT-WB.jpg\" alt=\"Wax heater machine Lcd screen Black\" \/><img decoding=\"async\" style=\"display: none;\" src=\"http:\/\/www.journeyom.life\/wp-content\/uploads\/2024\/05\/JOM-LOGO-VERT-WB.jpg\" alt=\"Wax heater machine Lcd screen Black\" \/><img decoding=\"async\" style=\"display: none;\" src=\"http:\/\/www.journeyom.life\/wp-content\/uploads\/2024\/05\/JOM-LOGO-VERT-WB.jpg\" alt=\"Wax heater machine Lcd screen Black\" \/><img decoding=\"async\" style=\"display: none;\" src=\"http:\/\/www.journeyom.life\/wp-content\/uploads\/2024\/05\/JOM-LOGO-VERT-WB.jpg\" alt=\"Wax heater machine Lcd screen Black\" \/><\/p>\n","protected":false},"excerpt":{"rendered":"<p>Bio Arckr\u00e9m Anti Age \u00e9s r\u00e1cfelt\u00f6lt\u0151 150 ml Bio \u00f6reged\u00e9sg\u00e1tl\u00f3, d\u00fas arckr\u00e9m \u00f6reged\u00e9sg\u00e1tl\u00f3 \u00f6sszetev\u0151kkel, ide\u00e1lis kozmetikai kezel\u00e9shez a b\u0151r \u00f6reged\u00e9se \u00e1ltal okozott expresszi\u00f3 legk\u00e9zenfekv\u0151bb jeleihez. A hialuronsav gy\u00f6ngyei seg\u00edtenek a b\u0151r feszess\u00e9g\u00e9ben \u00e9s felt\u00f6lt\u00e9s\u00e9ben, m\u00edg az innovat\u00edv Vine liposz\u00f3m\u00e1k t\u00e1pl\u00e1l\u00f3 \u00e9s v\u00e9d\u0151 hat\u00e1ssal az arc sim\u00e1bb\u00e1 \u00e9s gondozottabb\u00e1 v\u00e1lik. A k\u00e9pletet az Alga exopoliszacharid gazdag\u00edtja, [&hellip;]<\/p>\n","protected":false},"featured_media":9511,"comment_status":"open","ping_status":"closed","template":"","meta":[],"product_brand":[],"product_cat":[418,419],"product_tag":[560],"class_list":{"0":"post-9510","1":"product","2":"type-product","3":"status-publish","4":"has-post-thumbnail","6":"product_cat-arcapolas","7":"product_cat-arckremek","8":"product_tag-bio-arckrem-anti-age-es-racfeltolto","10":"first","11":"instock","12":"purchasable","13":"product-type-simple"},"_links":{"self":[{"href":"https:\/\/amicamiashop.com\/hu\/wp-json\/wp\/v2\/product\/9510","targetHints":{"allow":["GET"]}}],"collection":[{"href":"https:\/\/amicamiashop.com\/hu\/wp-json\/wp\/v2\/product"}],"about":[{"href":"https:\/\/amicamiashop.com\/hu\/wp-json\/wp\/v2\/types\/product"}],"replies":[{"embeddable":true,"href":"https:\/\/amicamiashop.com\/hu\/wp-json\/wp\/v2\/comments?post=9510"}],"version-history":[{"count":0,"href":"https:\/\/amicamiashop.com\/hu\/wp-json\/wp\/v2\/product\/9510\/revisions"}],"wp:featuredmedia":[{"embeddable":true,"href":"https:\/\/amicamiashop.com\/hu\/wp-json\/wp\/v2\/media\/9511"}],"wp:attachment":[{"href":"https:\/\/amicamiashop.com\/hu\/wp-json\/wp\/v2\/media?parent=9510"}],"wp:term":[{"taxonomy":"product_brand","embeddable":true,"href":"https:\/\/amicamiashop.com\/hu\/wp-json\/wp\/v2\/product_brand?post=9510"},{"taxonomy":"product_cat","embeddable":true,"href":"https:\/\/amicamiashop.com\/hu\/wp-json\/wp\/v2\/product_cat?post=9510"},{"taxonomy":"product_tag","embeddable":true,"href":"https:\/\/amicamiashop.com\/hu\/wp-json\/wp\/v2\/product_tag?post=9510"}],"curies":[{"name":"wp","href":"https:\/\/api.w.org\/{rel}","templated":true}]}}