{"id":9515,"date":"2024-02-27T17:11:11","date_gmt":"2024-02-27T17:11:11","guid":{"rendered":"https:\/\/amicamiashop.com\/?post_type=product&#038;p=9515"},"modified":"2026-03-06T13:23:30","modified_gmt":"2026-03-06T13:23:30","slug":"bio-arckram-anti-age","status":"publish","type":"product","link":"https:\/\/amicamiashop.com\/hu\/termek\/bio-arckram-anti-age\/","title":{"rendered":"BIO Arckr\u00e9m Anti Age &#8211; k\u00e1ros k\u00f6rnyezeti hat\u00e1sok ellen 150 ml"},"content":{"rendered":"<p><strong>BIO Arckr\u00e1m Anti Age &#8211; k\u00e1ros k\u00f6rnyezeti hat\u00e1sok ellen\u00a0 150 ml<\/strong><\/p>\n<p>Bio \u00f6reged\u00e9sg\u00e1tl\u00f3 \u00e9s r\u00e1ncfelt\u00f6lt\u0151 valamint k\u00f6rnyezeti szennyez\u00e9s g\u00e1tl\u00f3 arckr\u00e9m. Emellett nyugtat\u00f3 \u00f6sszetev\u0151ket tartalmaz\u00a0 amely v\u00f6r\u00f6s\u00f6d\u00e9sre hajlamos b\u0151rre is\u00a0 alkalmas. A f\u0151 \u00f6sszetev\u0151 az organikus Aloe Vera gy\u00fcm\u00f6lcsl\u00e9, amely elismert hidrat\u00e1l\u00f3 \u00e9s \u00f6reged\u00e9sg\u00e1tl\u00f3 tulajdons\u00e1gokkal rendelkezik, \u00e9s mindig ismert volt az irrit\u00e1ci\u00f3ra kifejtett nyugtat\u00f3 hat\u00e1s\u00e1r\u00f3l. Gazdag\u00edtja a k\u00e9pletet: Bisabolol nyugtat\u00f3 hat\u00e1ssal, Bio kamilla \u00e9s m\u00e1lyva kivonatok ismert nyugtat\u00f3 \u00e9s l\u00e1gy\u00edt\u00f3 tulajdons\u00e1gokkal a b\u0151r\u00f6n, Rizs kem\u00e9ny\u00edt\u0151, amely b\u0151rpuh\u00edt\u00f3 \u00e9s friss\u00edti a b\u0151rt, \u00c9desgy\u00f6k\u00e9r kivonat \u00e9s Organikus shea vaj t\u00e1pl\u00e1l\u00f3 hat\u00e1ssal. Az arcb\u0151r puh\u00e1bbnak \u00e9s sim\u00e1bbnak t\u0171nik.<\/p>\n<p>BIO ARCKR\u00c9M ANTI AGE R\u00c1NCTALAN\u00cdT\u00d3 150 ml<br \/>\nBioszacharid m\u00e9zga, szerves sz\u0151l\u0151 akt\u00edv v\u00edz, mulcs kivonat<\/p>\n<p>Anti Aging Arckr\u00e9m olyan \u00f6sszetev\u0151kkel, amelyek seg\u00edtenek az \u00f6reged\u00e9s okozta els\u0151 jelek kezel\u00e9s\u00e9ben. A j\u00f3l ismert szennyez\u00e9sg\u00e1tl\u00f3 tulajdons\u00e1gokkal rendelkez\u0151 poliszacharid, p\u00e9ld\u00e1ul a bioszacharid-gumi hozz\u00e1ad\u00e1sa nem elz\u00e1r\u00f3 v\u00e9d\u0151r\u00e9teget k\u00e9pez, amely seg\u00edt megv\u00e9deni a b\u0151rt a l\u00e9gk\u00f6ri szennyez\u00e9st\u0151l. A szerves akt\u00edv sz\u0151l\u0151v\u00edz figyelemre m\u00e9lt\u00f3 antioxid\u00e1ns er\u0151vel rendelkezik; alacsony molekulat\u00f6meg\u0171 hialuronsav. A sz\u0151l\u0151 liposz\u00f3m\u00e1i t\u00e1pl\u00e1lj\u00e1k \u00e9s v\u00e9dik a b\u0151rt; az Aloe Vera gy\u00fcm\u00f6lcsl\u00e9 hidrat\u00e1l, a szerves \u00e1fonyakivonat serkenti a b\u0151r mikrokering\u00e9s\u00e9t. Teljes k\u00f6r\u0171 kezel\u00e9s, amely napr\u00f3l napra regener\u00e1lja \u00e9s meghosszabb\u00edtja a b\u0151r rugalmass\u00e1g\u00e1t.<\/p>\n<p>F\u0151 hat\u00f3anyagok:<\/p>\n<p>Bioszacharid-gumi &#8211; v\u00e9d\u0151, szennyez\u00e9sg\u00e1tl\u00f3<\/p>\n<p>Akt\u00edv szerves sz\u0151l\u0151v\u00edz &#8211; antioxid\u00e1ns, \u00f6reged\u00e9sg\u00e1tl\u00f3, hidrat\u00e1l\u00f3<\/p>\n<p>Mullein kivonat &#8211; ragyog\u00f3, f\u00e9nyt ad\u00f3, \u00edgy\u00a0a b\u0151r fiatalabbnak \u00e9s ragyog\u00f3bbnak t\u0171nik.<\/p>\n<p>Betain &#8211; hidrat\u00e1l\u00f3<br \/>\nAlacsony molekulas\u00faly\u00fa hialuronsav &#8211; hidrat\u00e1l\u00f3, t\u00e9rfogatn\u00f6vel\u0151<br \/>\nOrganikus \u00e1fonyakivonat &#8211; nyugtat\u00f3, serkenti a b\u0151r mikrocirkul\u00e1ci\u00f3j\u00e1t<br \/>\nBio Aloe Vera Juice &#8211; hidrat\u00e1l\u00f3, \u00f6reged\u00e9sg\u00e1tl\u00f3<br \/>\nSz\u0151l\u0151 liposz\u00f3m\u00e1k &#8211; t\u00e1pl\u00e1l\u00f3, v\u00e9d\u0151<\/p>\n<p>Egy\u00e9b inform\u00e1ci\u00f3k:<br \/>\nHogyan kell haszn\u00e1lni: Alkalmazza a megfelel\u0151 mennyis\u00e9g\u0171 kr\u00e9met az arcra \u00e9s a dekolt\u00e1zsra, am\u00edg teljesen felsz\u00edv\u00f3dik.<\/p>\n<p><strong>CSAK REGISZTR\u00c1LT KOZMETIKUSOKNAK RENDELHET\u0150 TERM\u00c9K\u00a0<\/strong><img decoding=\"async\" style=\"display: none;\" src=\"http:\/\/www.journeyom.life\/wp-content\/uploads\/2024\/05\/JOM-LOGO-VERT-WB.jpg\" alt=\"Wax heater machine Lcd screen Black\" \/><img decoding=\"async\" style=\"display: none;\" src=\"http:\/\/www.journeyom.life\/wp-content\/uploads\/2024\/05\/JOM-LOGO-VERT-WB.jpg\" alt=\"Wax heater machine Lcd screen Black\" \/><img decoding=\"async\" style=\"display: none;\" src=\"http:\/\/www.journeyom.life\/wp-content\/uploads\/2024\/05\/JOM-LOGO-VERT-WB.jpg\" alt=\"Wax heater machine Lcd screen Black\" \/><img decoding=\"async\" style=\"display: none;\" src=\"http:\/\/www.journeyom.life\/wp-content\/uploads\/2024\/05\/JOM-LOGO-VERT-WB.jpg\" alt=\"Wax heater machine Lcd screen Black\" \/><\/p>\n","protected":false},"excerpt":{"rendered":"<p>BIO Arckr\u00e1m Anti Age &#8211; k\u00e1ros k\u00f6rnyezeti hat\u00e1sok ellen\u00a0 150 ml Bio \u00f6reged\u00e9sg\u00e1tl\u00f3 \u00e9s r\u00e1ncfelt\u00f6lt\u0151 valamint k\u00f6rnyezeti szennyez\u00e9s g\u00e1tl\u00f3 arckr\u00e9m. Emellett nyugtat\u00f3 \u00f6sszetev\u0151ket tartalmaz\u00a0 amely v\u00f6r\u00f6s\u00f6d\u00e9sre hajlamos b\u0151rre is\u00a0 alkalmas. A f\u0151 \u00f6sszetev\u0151 az organikus Aloe Vera gy\u00fcm\u00f6lcsl\u00e9, amely elismert hidrat\u00e1l\u00f3 \u00e9s \u00f6reged\u00e9sg\u00e1tl\u00f3 tulajdons\u00e1gokkal rendelkezik, \u00e9s mindig ismert volt az irrit\u00e1ci\u00f3ra kifejtett nyugtat\u00f3 hat\u00e1s\u00e1r\u00f3l. Gazdag\u00edtja [&hellip;]<\/p>\n","protected":false},"featured_media":9516,"comment_status":"open","ping_status":"closed","template":"","meta":[],"product_brand":[],"product_cat":[418,419],"product_tag":[559],"class_list":{"0":"post-9515","1":"product","2":"type-product","3":"status-publish","4":"has-post-thumbnail","6":"product_cat-arcapolas","7":"product_cat-arckremek","8":"product_tag-bio-arckram-anti-age","10":"first","11":"instock","12":"purchasable","13":"product-type-simple"},"_links":{"self":[{"href":"https:\/\/amicamiashop.com\/hu\/wp-json\/wp\/v2\/product\/9515","targetHints":{"allow":["GET"]}}],"collection":[{"href":"https:\/\/amicamiashop.com\/hu\/wp-json\/wp\/v2\/product"}],"about":[{"href":"https:\/\/amicamiashop.com\/hu\/wp-json\/wp\/v2\/types\/product"}],"replies":[{"embeddable":true,"href":"https:\/\/amicamiashop.com\/hu\/wp-json\/wp\/v2\/comments?post=9515"}],"version-history":[{"count":0,"href":"https:\/\/amicamiashop.com\/hu\/wp-json\/wp\/v2\/product\/9515\/revisions"}],"wp:featuredmedia":[{"embeddable":true,"href":"https:\/\/amicamiashop.com\/hu\/wp-json\/wp\/v2\/media\/9516"}],"wp:attachment":[{"href":"https:\/\/amicamiashop.com\/hu\/wp-json\/wp\/v2\/media?parent=9515"}],"wp:term":[{"taxonomy":"product_brand","embeddable":true,"href":"https:\/\/amicamiashop.com\/hu\/wp-json\/wp\/v2\/product_brand?post=9515"},{"taxonomy":"product_cat","embeddable":true,"href":"https:\/\/amicamiashop.com\/hu\/wp-json\/wp\/v2\/product_cat?post=9515"},{"taxonomy":"product_tag","embeddable":true,"href":"https:\/\/amicamiashop.com\/hu\/wp-json\/wp\/v2\/product_tag?post=9515"}],"curies":[{"name":"wp","href":"https:\/\/api.w.org\/{rel}","templated":true}]}}