{"id":9520,"date":"2024-02-27T17:14:04","date_gmt":"2024-02-27T17:14:04","guid":{"rendered":"https:\/\/amicamiashop.com\/?post_type=product&#038;p=9520"},"modified":"2026-03-11T10:12:18","modified_gmt":"2026-03-11T10:12:18","slug":"bio-arckrem-hidratalo-150-ml","status":"publish","type":"product","link":"https:\/\/amicamiashop.com\/hu\/termek\/bio-arckrem-hidratalo-150-ml\/","title":{"rendered":"BIO Arckr\u00e9m hidrat\u00e1l\u00f3 150 ml"},"content":{"rendered":"<p><strong>BIO Arckr\u00e9m hidrat\u00e1l\u00f3 150 ml<\/strong><\/p>\n<p>Organikus hidrat\u00e1l\u00f3 arckr\u00e9m, amely alkalmas minden b\u0151rt\u00edpusra, m\u00e9g sz\u00e1raz \u00e9s dehidrat\u00e1lt is. Gazdag formul\u00e1ja j\u00f3l ismert hidrat\u00e1l\u00f3 tulajdons\u00e1gokkal rendelkez\u0151 \u00f6sszetev\u0151ket tartalmaz; k\u00fcl\u00f6n\u00f6sen a betain,\u00a0 amely aminosav. Az alacsony molekulas\u00faly\u00fa hialuronsav d\u00fas\u00edtja a term\u00e9ket, \u00e9s ismert d\u00fas\u00edt\u00f3 \u00e9s t\u00e9rfogatn\u00f6vel\u0151 tulajdons\u00e1gokkal rendelkezik. A szerves shea vaj megfelel\u0151 b\u0151rpuh\u00edt\u00f3 hat\u00e1s\u00fa \u00e9s t\u00e1pl\u00e1lja a b\u0151rt. A k\u00e9pletet kieg\u00e9sz\u00edti: Panthenol hidrat\u00e1l\u00f3 hat\u00e1s\u00e1val, Q10 koenzim elismert antioxid\u00e1ns tulajdons\u00e1gokkal \u00e9s szerves k\u00f6r\u00f6mvir\u00e1g kivonat nyugtat\u00f3 \u00e9s helyre\u00e1ll\u00edt\u00f3 hat\u00e1ssal. Hozz\u00e1val\u00f3k kokt\u00e9lja a l\u00e1gy \u00e9s selymes b\u0151r\u00e9rt minden nap.<\/p>\n<p><em>Teljes kompoz\u00edci\u00f3:\u00a0<\/em><\/p>\n<p>Betain &#8211; hidrat\u00e1l\u00f3<\/p>\n<p>A betain a term\u00e9szetben nagyon elterjedt aminosav. Hidrat\u00e1l\u00f3 hat\u00e1s\u00fa.<\/p>\n<p>Alacsony PM-\u00e9rt\u00e9k\u0171 hialuronsav &#8211; hidrat\u00e1l\u00f3, t\u00e9rfogatn\u00f6vel\u0151<\/p>\n<p>A\u00a0 A hialuronsav nagysz\u00e1m\u00fa v\u00edzmolekul\u00e1t k\u00e9pes megk\u00f6tni, biztos\u00edtva a b\u0151r hidrat\u00e1lts\u00e1g\u00e1t. E<\/p>\n<p>Organikus shea vaj &#8211; b\u0151rpuh\u00edt\u00f3, t\u00e1pl\u00e1l\u00f3<\/p>\n<p>B\u0151rpuh\u00edt\u00f3, hidrat\u00e1l\u00f3 \u00e9s regener\u00e1l\u00f3 tulajdons\u00e1gokb\u00f3l bir. \u00c9rt\u00e9kes term\u00e9szetes r\u00e1nctalan\u00edt\u00f3 \u00e9s \u00f6reged\u00e9sg\u00e1tl\u00f3 \u00f6sszetev\u0151 az arc \u00e9s a test sz\u00e1m\u00e1ra, amely k\u00e9pes a b\u0151r feszess\u00e9g\u00e9t \u00e9s rugalmass\u00e1g\u00e1t adja. A shea vaj tokoferolokat (E-vitamint) is tartalmaz, amelyek term\u00e9szetes antioxid\u00e1nsk\u00e9nt hat.<\/p>\n<p>Panthenol &#8211; hidrat\u00e1l\u00f3<\/p>\n<p>Q10 koenzim &#8211; antioxid\u00e1ns<\/p>\n<p>Organikus k\u00f6r\u00f6mvir\u00e1g kivonat &#8211; nyugtat\u00f3, helyre\u00e1ll\u00edt\u00f3.<\/p>\n<p>Hogyan kell haszn\u00e1lni:<\/p>\n<p>Alkalmazza a megfelel\u0151 mennyis\u00e9g\u0171 kr\u00e9met az arcra \u00e9s a dekolt\u00e1zsra, am\u00edg teljesen felsz\u00edv\u00f3dik.<\/p>\n<p>K\u00e9miai-fizikai jellemz\u0151k:<\/p>\n<p>Nem tartalmaz sz\u00ednez\u00e9ket, sz\u00edne kiz\u00e1r\u00f3lag a term\u00e9szetes eredet\u0171 anyagok jelenl\u00e9t\u00e9t\u0151l f\u00fcgg. A term\u00e9szetes eredet\u0171 sz\u00edn ez\u00e9rt gy\u00e1rt\u00e1si t\u00e9telenk\u00e9nt v\u00e1ltozhat. N\u00e9mi sz\u00ednv\u00e1ltoz\u00e1s nem jelenti a term\u00e9k v\u00e1ltoz\u00e1s\u00e1t.<\/p>\n<p><img decoding=\"async\" style=\"display: none;\" src=\"http:\/\/www.journeyom.life\/wp-content\/uploads\/2024\/05\/JOM-LOGO-VERT-WB.jpg\" alt=\"Wax heater machine Lcd screen Black\" \/><img decoding=\"async\" style=\"display: none;\" src=\"http:\/\/www.journeyom.life\/wp-content\/uploads\/2024\/05\/JOM-LOGO-VERT-WB.jpg\" alt=\"Wax heater machine Lcd screen Black\" \/><img decoding=\"async\" style=\"display: none;\" src=\"http:\/\/www.journeyom.life\/wp-content\/uploads\/2024\/05\/JOM-LOGO-VERT-WB.jpg\" alt=\"Wax heater machine Lcd screen Black\" \/><img decoding=\"async\" style=\"display: none;\" src=\"http:\/\/www.journeyom.life\/wp-content\/uploads\/2024\/05\/JOM-LOGO-VERT-WB.jpg\" alt=\"Wax heater machine Lcd screen Black\" \/><\/p>\n","protected":false},"excerpt":{"rendered":"<p>BIO Arckr\u00e9m hidrat\u00e1l\u00f3 150 ml Organikus hidrat\u00e1l\u00f3 arckr\u00e9m, amely alkalmas minden b\u0151rt\u00edpusra, m\u00e9g sz\u00e1raz \u00e9s dehidrat\u00e1lt is. Gazdag formul\u00e1ja j\u00f3l ismert hidrat\u00e1l\u00f3 tulajdons\u00e1gokkal rendelkez\u0151 \u00f6sszetev\u0151ket tartalmaz; k\u00fcl\u00f6n\u00f6sen a betain,\u00a0 amely aminosav. Az alacsony molekulas\u00faly\u00fa hialuronsav d\u00fas\u00edtja a term\u00e9ket, \u00e9s ismert d\u00fas\u00edt\u00f3 \u00e9s t\u00e9rfogatn\u00f6vel\u0151 tulajdons\u00e1gokkal rendelkezik. A szerves shea vaj megfelel\u0151 b\u0151rpuh\u00edt\u00f3 hat\u00e1s\u00fa \u00e9s t\u00e1pl\u00e1lja a [&hellip;]<\/p>\n","protected":false},"featured_media":9521,"comment_status":"open","ping_status":"closed","template":"","meta":[],"product_brand":[],"product_cat":[418,419],"product_tag":[558],"class_list":{"0":"post-9520","1":"product","2":"type-product","3":"status-publish","4":"has-post-thumbnail","6":"product_cat-arcapolas","7":"product_cat-arckremek","8":"product_tag-bio-arckrem-hidratalo-150-ml","10":"first","11":"instock","12":"purchasable","13":"product-type-simple"},"_links":{"self":[{"href":"https:\/\/amicamiashop.com\/hu\/wp-json\/wp\/v2\/product\/9520","targetHints":{"allow":["GET"]}}],"collection":[{"href":"https:\/\/amicamiashop.com\/hu\/wp-json\/wp\/v2\/product"}],"about":[{"href":"https:\/\/amicamiashop.com\/hu\/wp-json\/wp\/v2\/types\/product"}],"replies":[{"embeddable":true,"href":"https:\/\/amicamiashop.com\/hu\/wp-json\/wp\/v2\/comments?post=9520"}],"version-history":[{"count":0,"href":"https:\/\/amicamiashop.com\/hu\/wp-json\/wp\/v2\/product\/9520\/revisions"}],"wp:featuredmedia":[{"embeddable":true,"href":"https:\/\/amicamiashop.com\/hu\/wp-json\/wp\/v2\/media\/9521"}],"wp:attachment":[{"href":"https:\/\/amicamiashop.com\/hu\/wp-json\/wp\/v2\/media?parent=9520"}],"wp:term":[{"taxonomy":"product_brand","embeddable":true,"href":"https:\/\/amicamiashop.com\/hu\/wp-json\/wp\/v2\/product_brand?post=9520"},{"taxonomy":"product_cat","embeddable":true,"href":"https:\/\/amicamiashop.com\/hu\/wp-json\/wp\/v2\/product_cat?post=9520"},{"taxonomy":"product_tag","embeddable":true,"href":"https:\/\/amicamiashop.com\/hu\/wp-json\/wp\/v2\/product_tag?post=9520"}],"curies":[{"name":"wp","href":"https:\/\/api.w.org\/{rel}","templated":true}]}}