{"id":9535,"date":"2024-02-27T17:23:31","date_gmt":"2024-02-27T17:23:31","guid":{"rendered":"https:\/\/amicamiashop.com\/?post_type=product&#038;p=9535"},"modified":"2024-06-19T12:14:07","modified_gmt":"2024-06-19T12:14:07","slug":"bio-tisztito-es-bornormalizalo-arctej-2","status":"publish","type":"product","link":"https:\/\/amicamiashop.com\/hu\/termek\/bio-tisztito-es-bornormalizalo-arctej-2\/","title":{"rendered":"Bio tiszt\u00edt\u00f3 \u00e9s b\u0151rnormaliz\u00e1l\u00f3 Arctej 500ml"},"content":{"rendered":"<h3><em>Bio tiszt\u00edt\u00f3 \u00e9s b\u0151rnormaliz\u00e1l\u00f3 Arctej 500ml<\/em><\/h3>\n<p><em><strong>R\u00c9SZLETEK<\/strong><\/em><br \/>\n<em><strong>Arctiszt\u00edt\u00f3 tej bio tan\u00fas\u00edtv\u00e1nnyal rendelkez\u0151 term\u00e9szetes eredet\u0171 \u00f6sszetev\u0151kkel, amelyek seg\u00edtenek a b\u0151r k\u00edm\u00e9letes tiszt\u00edt\u00e1s\u00e1ban. Kombin\u00e1lt \u00e9s szennyezett b\u0151rre tervezett term\u00e9k az ismert tiszt\u00edt\u00f3 \u00e9s faggy\u00fa-normaliz\u00e1l\u00f3 tulajdons\u00e1gokkal rendelkez\u0151 \u00f6sszetev\u0151k jelenl\u00e9t\u00e9nek k\u00f6sz\u00f6nhet\u0151en, p\u00e9ld\u00e1ul bojtorj\u00e1n kivonat \u00e9s organikus z\u00f6ld tea kivonat. Az A, E, F, H vitaminok kever\u00e9ke fokozza a term\u00e9ket. Az \u00e9des mandulaolaj \u00e9s a glicerin megfelel\u0151 l\u00e1gy\u00edt\u00f3 hat\u00e1s\u00fa kozmetikai kezel\u00e9st biztos\u00edt, amely el\u0151seg\u00edti a faggy\u00fa normaliz\u00e1l\u00f3, tiszt\u00edt\u00f3, \u00f6sszeh\u00faz\u00f3 \u00e9s toniz\u00e1l\u00f3 hat\u00e1s\u00e1t.<\/strong><\/em><\/p>\n<p><em><strong>Aj\u00e1nlott : enyh\u00e9n zs\u00edros \u00e9s sz\u00e1raz \u00e9rzet\u0171 b\u0151rre. felpuh\u00edt \u00e9s k\u00edm\u00e9letesen tiszt\u00edtja a szennyez\u0151d\u00e9sekt\u0151l \u00e9s sz\u00e9p \u00fcde tiszta b\u0151rt eredm\u00e9nyez.<\/strong><\/em><\/p>\n<p><strong><em>Bio tiszt\u00edt\u00f3 \u00e9s b\u0151rnormaliz\u00e1l\u00f3 Arctej 500ml<\/em>&#8211;<\/strong>es \u00fcveg<\/p>\n<p>A-, E-, F-, H-vitamin, bojtorj\u00e1n kivonat, organikus z\u00f6ld tea kivonat<\/p>\n<p>F\u0151 hat\u00f3anyagok:<\/p>\n<p>H-vitamin vagy biotin &#8211; faggy\u00fakiegyens\u00falyoz\u00f3<\/p>\n<p>A k\u00fcl\u00f6nb\u00f6z\u0151 karboxil\u00e1zok koenzimje, a CO2 csoportok hordoz\u00f3ja, a sejtek n\u00f6veked\u00e9s\u00e9hez sz\u00fcks\u00e9ges vitamin, \u00e9s funkci\u00f3j\u00e1t a b\u0151r lipidanyagcser\u00e9j\u00e9nek \u00f6sszef\u00fcgg\u00e9s\u00e9ben l\u00e1tja el. Hi\u00e1nya v\u00e1ltoz\u00e1sokat okoz a b\u0151rben (h\u00e1ml\u00e1s) \u00e9s hajhull\u00e1st. Kozmetikai felhaszn\u00e1l\u00e1sra szolg\u00e1l\u00f3 k\u00e9sz\u00edtm\u00e9nyekben haszn\u00e1lj\u00e1k a b\u0151r \u00e9s a haj seborrhea \u00e9s seborrhe\u00e1s dermatitis\u00e9nek kezel\u00e9s\u00e9re. Gyakran kis mennyis\u00e9gben adj\u00e1k a kozmetikai term\u00e9kekhez, mert jav\u00edtja a kezelt haj kutikul\u00e1j\u00e1nak min\u0151s\u00e9g\u00e9t.<\/p>\n<p>F-vitamin &#8211; eudermikus, regener\u00e1l\u00f3<\/p>\n<p>Az F-vitamin t\u00f6bbsz\u00f6r\u00f6sen tel\u00edtetlen zs\u00edrsavakb\u00f3l (omega) \u00e1ll, v\u00e9di a b\u0151rt a dermatitist\u0151l \u00e9s hidrat\u00e1lja. Az esszenci\u00e1lis zs\u00edrsavakat, p\u00e9ld\u00e1ul a linolsavat (omega 6), a linol\u00e9nsavat (omega 3) \u00e9s az arachidonsavat, amelyek a sejtmembr\u00e1n alkot\u00f3elemeit k\u00e9pviselik, F-vitaminnak nevezz\u00fck. Hi\u00e1nyuk destabiliz\u00e1lja az iontranszportot a sejtmembr\u00e1non. Az F-vitamint a kozmetikumokban &#8222;b\u0151r-vitamink\u00e9nt&#8221; ismerik kiv\u00e9teles eudermikus tulajdons\u00e1gai miatt. Val\u00f3j\u00e1ban el\u0151seg\u00edti a b\u0151r \u00e9s a haj integrit\u00e1s\u00e1t.<\/p>\n<p>Hi\u00e1nya a dermat\u00f3zis t\u00fcneteit okozza, mint p\u00e9ld\u00e1ul pattan\u00e1sok, ekc\u00e9ma, hasad\u00e9k, sz\u00e1raz \u00e9s \u00e9rdes b\u0151r, valamint t\u00f6r\u00e9keny k\u00f6rm\u00f6k, korp\u00e1sod\u00e1s, t\u00f6r\u00e9keny \u00e9s fak\u00f3 haj. Az F-vitamin a sejtmembr\u00e1n folyad\u00e9k\u00e1nak megtart\u00e1s\u00e1val t\u00e1pl\u00e1lja a b\u0151rt, puh\u00e1v\u00e1 \u00e9s rugalmass\u00e1 t\u00e9ve azt, \u00e9s serkenti a sejtek gyors regener\u00e1l\u00f3d\u00e1s\u00e1t. A felhaszn\u00e1lt hat\u00f3anyag esszenci\u00e1lis zs\u00edrsavakb\u00f3l (\u03c9-6 zs\u00edrsavakb\u00f3l) \u00e1ll, amelyeket p\u00f3rs\u00e1fr\u00e1nyolajb\u00f3l nyernek term\u00e9szetes, biol\u00f3giailag akt\u00edv form\u00e1j\u00fa linolsav \u00e9s linol\u00e9nsav form\u00e1j\u00e1ban. A linolsav fontos a lipid-g\u00e1t integrit\u00e1s\u00e1nak \u00e9s fiziol\u00f3giai funkcionalit\u00e1s\u00e1nak fenntart\u00e1s\u00e1hoz. Term\u00e9szetes tokoferolokat tartalmaz.<\/p>\n<p>A-vitamin &#8211; antioxid\u00e1ns, toniz\u00e1l\u00f3, \u00f6reged\u00e9sg\u00e1tl\u00f3<\/p>\n<p>Az A-vitamin a b\u0151r szintj\u00e9n k\u00fcl\u00f6nf\u00e9le mechanizmusok r\u00e9v\u00e9n hat, els\u0151sorban a DNS transzkripci\u00f3j\u00e1nak befoly\u00e1sol\u00e1s\u00e1ra, egyes specifikus enzimek expresszi\u00f3j\u00e1nak stimul\u00e1l\u00e1s\u00e1ra, amelyek k\u00f6z\u00fcl n\u00e9h\u00e1ny funkci\u00f3ja jav\u00edtja a b\u0151r vastags\u00e1g\u00e1t, \u00edgy cs\u00f6kkenti a m\u00e9lys\u00e9get a r\u00e1nc. Hat\u00e1sa tulajdonk\u00e9ppen meghat\u00e1rozza a keratinocit\u00e1k (az epidermist alkot\u00f3 sejtek) szaporod\u00e1s\u00e1t \u00e9s differenci\u00e1l\u00f3d\u00e1s\u00e1t, \u00e9s n\u00f6veli a gl\u00fck\u00f3zaminoglik\u00e1nok (GAG), a v\u00edz megk\u00f6t\u00e9s\u00e9re k\u00e9pes molekul\u00e1k termel\u00e9s\u00e9t, jav\u00edtva a b\u0151r hidrat\u00e1lts\u00e1g\u00e1t.<\/p>\n<p>A dermisz szintj\u00e9n viszont az A-vitamin hat, ami megn\u00f6veli a kollag\u00e9n termel\u00e9s\u00e9t, ennek k\u00f6vetkezt\u00e9ben javul az a &#8222;tart\u00f3szerkezet&#8221;, amely el\u0151seg\u00edti a b\u0151r t\u00f3nus\u00e1t \u00e9s rugalmass\u00e1g\u00e1t. A retinsavmolekula az A-vitamin egy bizonyos form\u00e1ja, a korai \u00f6reged\u00e9s kezel\u00e9s\u00e9n\u00e9l sokkal hat\u00e9konyabb, mint a t\u00f6bbi, de er\u0151sen keratolitikus \u00e9s potenci\u00e1lisan irrit\u00e1l\u00f3 hat\u00e1sa miatt csak a dermatol\u00f3giai ter\u00fcleten enged\u00e9lyezett.<\/p>\n<p>E-vitamin &#8211; antioxid\u00e1ns, \u00f6reged\u00e9sg\u00e1tl\u00f3, regener\u00e1l\u00f3<\/p>\n<p>A vitaminok k\u00f6z\u00fcl ez a legfontosabb: antioxid\u00e1ns hat\u00e1ssal, a szabad gy\u00f6k\u00f6k ellen jav\u00edtja a b\u0151r \u00e1llapot\u00e1t, semleges\u00edti a peroxid gy\u00f6k\u00f6ket, lehet\u0151v\u00e9 t\u00e9ve a biol\u00f3giai membr\u00e1nok integrit\u00e1s\u00e1t, v\u00e9di a membr\u00e1n lipidjeit, stabiliz\u00e1lja az A-vitamin hat\u00e1s\u00e1t, v\u00e9di az \u00f6reged\u00e9st\u0151l (UVA, UVB v\u00e9delem) \u00f6reged\u00e9sg\u00e1tl\u00f3 hat\u00e1ssal, a b\u0151r h\u00e1msejtjeinek regener\u00e1l\u00f3d\u00e1s\u00e1t serkentve.<\/p>\n<p>Bojtorj\u00e1n kivonat &#8211; normaliz\u00e1l\u00f3, tiszt\u00edt\u00f3 faggy\u00fa<\/p>\n<p>Ez egy olyan n\u00f6v\u00e9ny, amely a v\u00edzelvezet\u00e9st seg\u00edt\u0151 n\u00f6v\u00e9nyek k\u00f6z\u00e9 tartozik, mark\u00e1ns b\u0151rtiszt\u00edt\u00f3 \u00e9s faggy\u00fa-normaliz\u00e1l\u00f3 hat\u00e1s\u00fa. A zs\u00edros, elfojtott, tiszt\u00e1talan b\u0151r mitesszerekkel \u00e9s komedonokkal t\u00f6rt\u00e9n\u0151 normaliz\u00e1l\u00f3 \u00e9s tiszt\u00edt\u00f3 kezel\u00e9s\u00e9ben alkalmazz\u00e1k, cs\u00f6kkenti a b\u0151r zs\u00edrosod\u00e1s\u00e1t.<\/p>\n<p>Organikus z\u00f6ld tea kivonat &#8211; lipolitikus, antioxid\u00e1ns, \u00fcr\u00edt\u0151, b\u0151rtiszt\u00edt\u00f3, \u00f6sszeh\u00faz\u00f3<\/p>\n<p>Kivonat f\u0151leg polifenolokb\u00f3l \u00e9s xantinb\u00e1zisokb\u00f3l (teofillin) \u00e1ll. A polifenolok, amelyek k\u00f6z\u00f6tt a katechinek domin\u00e1lnak, felel\u0151sek a fitokomplex er\u0151s antioxid\u00e1ns tulajdons\u00e1g\u00e1\u00e9rt, amely mikrocirkul\u00e1ci\u00f3s szinten v\u00e9d\u0151hat\u00e1st eredm\u00e9nyez, \u00e9s az \u00f6reged\u00e9sg\u00e1tl\u00f3 term\u00e9kekben anti-szabad gy\u00f6k\u00f6ket eredm\u00e9nyez. A teofillin viszont aktiv\u00e1lja az alapanyagcser\u00e9t, el\u0151seg\u00edtve a lipol\u00edzist \u00e9s a felesleges folyad\u00e9kok elvezet\u00e9s\u00e9t, megk\u00f6nny\u00edtve a zs\u00edrfelhalmoz\u00f3d\u00e1sok megsz\u00fcntet\u00e9s\u00e9t \u00e9s \u00e1talak\u00edtva a sziluettet. B\u0151rtiszt\u00edt\u00f3 \u00e9s \u00f6sszeh\u00faz\u00f3 tulajdons\u00e1gokkal rendelkezik, hasznos zs\u00edros \u00e9s tiszt\u00e1talan b\u0151r kezel\u00e9s\u00e9ben.<\/p>\n<p>Teljes kompoz\u00edci\u00f3:<br \/>\nH-vitamin vagy biotin &#8211; faggy\u00fakiegyens\u00falyoz\u00f3<br \/>\nF-vitamin &#8211; eudermikus, regener\u00e1l\u00f3<br \/>\nA-vitamin &#8211; antioxid\u00e1ns, toniz\u00e1l\u00f3, \u00f6reged\u00e9sg\u00e1tl\u00f3<br \/>\nE-vitamin &#8211; antioxid\u00e1ns, \u00f6reged\u00e9sg\u00e1tl\u00f3, regener\u00e1l\u00f3<br \/>\nBojtorj\u00e1n kivonat &#8211; normaliz\u00e1l\u00f3, tiszt\u00edt\u00f3 faggy\u00fa<br \/>\nOrganikus z\u00f6ld tea kivonat &#8211; lipolitikus, antioxid\u00e1ns, \u00fcr\u00edt\u0151, b\u0151rtiszt\u00edt\u00f3, \u00f6sszeh\u00faz\u00f3<br \/>\n\u00c9des mandulaolaj &#8211; b\u0151rpuh\u00edt\u00f3, t\u00e1pl\u00e1l\u00f3, rugalmas\u00edt\u00f3<\/p>\n<p>Haszn\u00e1lat: Vigyen fel egy kis mennyis\u00e9g\u0171 term\u00e9ket az ujjhegyekre vagy a pamutp\u00e1rn\u00e1ra, \u00e9s massz\u00edrozza 1-2 percig be a b\u0151rt kis k\u00f6rk\u00f6r\u00f6s mozdulatokkal, elker\u00fclve a szembe jut\u00e1st. \u00d6bl\u00edtse le meleg v\u00edzzel vagy nedves szivaccsal.<\/p>\n<p>K\u00e9miai-fizikai jellemz\u0151k: Nem tartalmaz sz\u00ednez\u00e9ket, sz\u00edne kiz\u00e1r\u00f3lag a term\u00e9szetes eredet\u0171 anyagok jelenl\u00e9t\u00e9t\u0151l f\u00fcgg. A term\u00e9szetes eredet\u0171 sz\u00edn ez\u00e9rt gy\u00e1rt\u00e1si t\u00e9telenk\u00e9nt v\u00e1ltozhat. N\u00e9mi sz\u00ednv\u00e1ltoz\u00e1s nem jelenti a term\u00e9k v\u00e1ltoz\u00e1s\u00e1t.<\/p>\n<p>T\u00e1rol\u00e1si utas\u00edt\u00e1sok: A kinyitott term\u00e9k eltarthat\u00f3s\u00e1gi ideje a norm\u00e1l \u00e9s helyes felhaszn\u00e1l\u00e1si k\u00f6r\u00fclm\u00e9nyek k\u00f6z\u00f6tt fennmarad\u00f3 meg\u0151rz\u00e9sre utal.<img decoding=\"async\" style=\"display: none;\" src=\"http:\/\/www.journeyom.life\/wp-content\/uploads\/2024\/05\/JOM-LOGO-VERT-WB.jpg\" alt=\"Wax heater machine Lcd screen Black\" \/><img decoding=\"async\" style=\"display: none;\" src=\"http:\/\/www.journeyom.life\/wp-content\/uploads\/2024\/05\/JOM-LOGO-VERT-WB.jpg\" alt=\"Wax heater machine Lcd screen Black\" \/><img decoding=\"async\" style=\"display: none;\" src=\"http:\/\/www.journeyom.life\/wp-content\/uploads\/2024\/05\/JOM-LOGO-VERT-WB.jpg\" alt=\"Wax heater machine Lcd screen Black\" \/><img decoding=\"async\" style=\"display: none;\" src=\"http:\/\/www.journeyom.life\/wp-content\/uploads\/2024\/05\/JOM-LOGO-VERT-WB.jpg\" alt=\"Wax heater machine Lcd screen Black\" \/><\/p>\n","protected":false},"excerpt":{"rendered":"<p>Bio tiszt\u00edt\u00f3 \u00e9s b\u0151rnormaliz\u00e1l\u00f3 Arctej 500ml R\u00c9SZLETEK Arctiszt\u00edt\u00f3 tej bio tan\u00fas\u00edtv\u00e1nnyal rendelkez\u0151 term\u00e9szetes eredet\u0171 \u00f6sszetev\u0151kkel, amelyek seg\u00edtenek a b\u0151r k\u00edm\u00e9letes tiszt\u00edt\u00e1s\u00e1ban. Kombin\u00e1lt \u00e9s szennyezett b\u0151rre tervezett term\u00e9k az ismert tiszt\u00edt\u00f3 \u00e9s faggy\u00fa-normaliz\u00e1l\u00f3 tulajdons\u00e1gokkal rendelkez\u0151 \u00f6sszetev\u0151k jelenl\u00e9t\u00e9nek k\u00f6sz\u00f6nhet\u0151en, p\u00e9ld\u00e1ul bojtorj\u00e1n kivonat \u00e9s organikus z\u00f6ld tea kivonat. Az A, E, F, H vitaminok kever\u00e9ke fokozza a term\u00e9ket. [&hellip;]<\/p>\n","protected":false},"featured_media":9536,"comment_status":"open","ping_status":"closed","template":"","meta":[],"product_brand":[],"product_cat":[418,420],"product_tag":[555],"class_list":{"0":"post-9535","1":"product","2":"type-product","3":"status-publish","4":"has-post-thumbnail","6":"product_cat-arcapolas","7":"product_cat-arctej-arctonik","8":"product_tag-bio-tisztito-es-bornormalizalo-arctej-500ml","10":"first","11":"instock","12":"taxable","13":"shipping-taxable","14":"purchasable","15":"product-type-simple"},"_links":{"self":[{"href":"https:\/\/amicamiashop.com\/hu\/wp-json\/wp\/v2\/product\/9535","targetHints":{"allow":["GET"]}}],"collection":[{"href":"https:\/\/amicamiashop.com\/hu\/wp-json\/wp\/v2\/product"}],"about":[{"href":"https:\/\/amicamiashop.com\/hu\/wp-json\/wp\/v2\/types\/product"}],"replies":[{"embeddable":true,"href":"https:\/\/amicamiashop.com\/hu\/wp-json\/wp\/v2\/comments?post=9535"}],"version-history":[{"count":0,"href":"https:\/\/amicamiashop.com\/hu\/wp-json\/wp\/v2\/product\/9535\/revisions"}],"wp:featuredmedia":[{"embeddable":true,"href":"https:\/\/amicamiashop.com\/hu\/wp-json\/wp\/v2\/media\/9536"}],"wp:attachment":[{"href":"https:\/\/amicamiashop.com\/hu\/wp-json\/wp\/v2\/media?parent=9535"}],"wp:term":[{"taxonomy":"product_brand","embeddable":true,"href":"https:\/\/amicamiashop.com\/hu\/wp-json\/wp\/v2\/product_brand?post=9535"},{"taxonomy":"product_cat","embeddable":true,"href":"https:\/\/amicamiashop.com\/hu\/wp-json\/wp\/v2\/product_cat?post=9535"},{"taxonomy":"product_tag","embeddable":true,"href":"https:\/\/amicamiashop.com\/hu\/wp-json\/wp\/v2\/product_tag?post=9535"}],"curies":[{"name":"wp","href":"https:\/\/api.w.org\/{rel}","templated":true}]}}